{"id":899,"date":"2019-03-07T09:42:32","date_gmt":"2019-03-07T08:42:32","guid":{"rendered":"https:\/\/www.nature-conservation-ubfc.com\/emme\/?page_id=899"},"modified":"2019-03-07T09:42:32","modified_gmt":"2019-03-07T08:42:32","slug":"donnees-environnementales-metrologie-sig-2","status":"publish","type":"page","link":"https:\/\/www.nature-conservation-ubfc.com\/emme\/fr\/donnees-environnementales-metrologie-sig-2\/","title":{"rendered":"Donn\u00e9es environnementales, m\u00e9trologie, SIG 2"},"content":{"rendered":"<h3 style=\"text-align: justify\">Description :<\/h3>\n<p style=\"text-align: justify\">Cette unit\u00e9 permet d&rsquo;appr\u00e9hender les notions et outils suivants : Principe et sources de la cartographie \u00e9cologique, g\u00e9or\u00e9f\u00e9rencement, SIG et alg\u00e8bre de cartes, t\u00e9l\u00e9m\u00e9trie et \u00e9quipement de mesure embarqu\u00e9, interpolation spatiale, gestion de bases de donn\u00e9es. Ces outils sont ensuite exploit\u00e9s dans le cadre d\u2019un plan d\u2019\u00e9chantillonnage ou exp\u00e9rimental.<\/p>\n<h3 style=\"text-align: justify\">Objectifs p\u00e9dagogiques :<\/h3>\n<p style=\"text-align: justify\"><strong>Connaissances :<\/strong><\/p>\n<p style=\"text-align: justify\">\u2022 Conna\u00eetre des m\u00e9thodes de cartographie \u00e9cologique, de g\u00e9or\u00e9f\u00e9rencement et de t\u00e9l\u00e9m\u00e9trie.<br \/>\n\u2022 Acqu\u00e9rir des connaissances concernant l&rsquo;analyse spatiale des distributions et la mod\u00e9lisation spatiale (objectifs, principes, domaines d&rsquo;utilisation, mise en \u0153uvre, interpr\u00e9tation des r\u00e9sultats).<br \/>\n\u2022 Acqu\u00e9rir les connaissances relatives aux bases de donn\u00e9es et \u00eatre capable d&rsquo;utiliser de tels syst\u00e8mes.<br \/>\n\u2022 Acqu\u00e9rir des notions de m\u00e9trologie dans le domaine de l&rsquo;\u00e9cologie.<br \/>\n<strong>Savoir-faire :<\/strong><br \/>\n\u2022 Constituer un syst\u00e8me d&rsquo;information g\u00e9ographique (QuantumGIS et interface avec d&rsquo;autres SIG) impliquant des bases de donn\u00e9es spatiales courantes, des images d\u00e9riv\u00e9es de donn\u00e9es satellitales, et des donn\u00e9es prises sur le terrain et g\u00e9or\u00e9f\u00e9renc\u00e9es.<br \/>\n\u2022 Utiliser ce SIG pour planifier une campagne d\u2019\u00e9chantillonnage de terrain.<br \/>\n\u2022 Appliquer des m\u00e9thodes spatiales d&rsquo;analyse des donn\u00e9es (environnement Quantum GIS et R) et interpr\u00e9ter correctement les r\u00e9sultats.<br \/>\n\u2022 R\u00e9diger un rapport succinct et pr\u00e9cis concernant la collecte et l&rsquo;analyse des donn\u00e9es environnementales spatialis\u00e9es.<br \/>\n\u2022 Evaluer la qualit\u00e9 m\u00e9trologique de donn\u00e9es environnementales acquises.<\/p>\n<h3 style=\"text-align: justify\">Ressources bibliographiques :<\/h3>\n<ul style=\"text-align: justify;list-style-type: circle\">\n<li>Bivand, R.S., Pebesma, E.J., Gomez-Rubio, V., 2013. Applied spatial data analysis with R. Second edition. Springer, New York et web tutoriels (QGIS, etc.).<\/li>\n<li>Crawley, M.J. 2007. The R book. John Wiley &amp; Sons, Ltd. 942 pp.<\/li>\n<li>Dalgaard, P. (2002) Introductory statistics with R. Springer 267pp.<\/li>\n<li>Grafen, A. and Hails, R. 2002. Modern statistics for the life sciences. Oxford University Press, Oxford. 351pp.<\/li>\n<li>Legendre, P. and Legendre, L. 2012. Numerical Ecology. Elsevier, Amsterdam.<\/li>\n<li>Pinheiro, J.C. and Bates, D.M. 2000. Mixed effects models in S and Splus. Springer, New York:528 pp.<\/li>\n<li>Siegel, S. and Castellan, N. J. J. 1988. Non parametric statistics for the behavioral sciences. McGraw-Hill International Editions, New York. 399pp.<\/li>\n<li>Venables, W. N. and Ripley, B. D. 2002. Modern applied statistics with S. Springer, New York: 501 pp.<\/li>\n<li>Wood, S. (2006) Generalized Additive Models: An Introduction with R. Chapman &amp; Hall.<\/li>\n<li>Zuur, A., Ieno, EN., Walker, N., Saveliev, AA., and Smith, GM. 2009. Mixed Effects Models and Extensions in Ecology with R. Springer.<\/li>\n<\/ul>\n<h3 style=\"text-align: justify\">Pr\u00e9-requis :<\/h3>\n<p style=\"text-align: justify\">Connaissances de bases en statistique de licence: statistiques descriptives, mod\u00e8les lin\u00e9aires g\u00e9n\u00e9raux, anova, chi2 et statistiques non param\u00e9triques.<\/p>\n<h3 style=\"text-align: justify\">Mode d&rsquo;\u00e9valuation :<\/h3>\n<p style=\"text-align: justify\">Comptes-rendus de s\u00e9quences p\u00e9dagogiques th\u00e9matiques CM\/TD\/TP et examens oraux et \u00e9crits.<\/p>\n<h3 style=\"text-align: justify\">Responsable :<\/h3>\n<p style=\"text-align: justify\">Patrick GRAUDOUX, <a href=\"mailto:patrick.giraudoux@univ-fcomte.fr\">patrick.giraudoux@univ-fcomte.fr<\/a><\/p>\n","protected":false},"excerpt":{"rendered":"<p>Description : Cette unit\u00e9 permet d&rsquo;appr\u00e9hender les notions et outils suivants : Principe et sources de la cartographie \u00e9cologique, g\u00e9or\u00e9f\u00e9rencement, SIG et alg\u00e8bre de cartes, t\u00e9l\u00e9m\u00e9trie et \u00e9quipement de mesure embarqu\u00e9, interpolation spatiale, gestion de bases de donn\u00e9es. Ces outils sont ensuite exploit\u00e9s dans le cadre d\u2019un plan d\u2019\u00e9chantillonnage ou exp\u00e9rimental. Objectifs p\u00e9dagogiques : Connaissances [&hellip;]<\/p>\n","protected":false},"author":6,"featured_media":0,"parent":0,"menu_order":0,"comment_status":"closed","ping_status":"closed","template":"","meta":{"_et_pb_use_builder":"","_et_pb_old_content":"","_et_gb_content_width":"","footnotes":""},"yoast_head":"<!-- This site is optimized with the Yoast SEO plugin v22.8 - https:\/\/yoast.com\/wordpress\/plugins\/seo\/ -->\n<title>Donn\u00e9es environnementales, m\u00e9trologie, SIG 2 - EMME<\/title>\n<meta name=\"robots\" content=\"index, follow, max-snippet:-1, max-image-preview:large, max-video-preview:-1\" \/>\n<link rel=\"canonical\" href=\"https:\/\/www.nature-conservation-ubfc.com\/emme\/fr\/donnees-environnementales-metrologie-sig-2\/\" \/>\n<meta property=\"og:locale\" content=\"fr_FR\" \/>\n<meta property=\"og:type\" content=\"article\" \/>\n<meta property=\"og:title\" content=\"Donn\u00e9es environnementales, m\u00e9trologie, SIG 2 - EMME\" \/>\n<meta property=\"og:description\" content=\"Description : Cette unit\u00e9 permet d&rsquo;appr\u00e9hender les notions et outils suivants : Principe et sources de la cartographie \u00e9cologique, g\u00e9or\u00e9f\u00e9rencement, SIG et alg\u00e8bre de cartes, t\u00e9l\u00e9m\u00e9trie et \u00e9quipement de mesure embarqu\u00e9, interpolation spatiale, gestion de bases de donn\u00e9es. Ces outils sont ensuite exploit\u00e9s dans le cadre d\u2019un plan d\u2019\u00e9chantillonnage ou exp\u00e9rimental. Objectifs p\u00e9dagogiques : Connaissances [&hellip;]\" \/>\n<meta property=\"og:url\" content=\"https:\/\/www.nature-conservation-ubfc.com\/emme\/fr\/donnees-environnementales-metrologie-sig-2\/\" \/>\n<meta property=\"og:site_name\" content=\"EMME\" \/>\n<meta name=\"twitter:card\" content=\"summary_large_image\" \/>\n<meta name=\"twitter:label1\" content=\"Dur\u00e9e de lecture estim\u00e9e\" \/>\n\t<meta name=\"twitter:data1\" content=\"2 minutes\" \/>\n<script type=\"application\/ld+json\" class=\"yoast-schema-graph\">{\"@context\":\"https:\/\/schema.org\",\"@graph\":[{\"@type\":\"WebPage\",\"@id\":\"https:\/\/www.nature-conservation-ubfc.com\/emme\/fr\/donnees-environnementales-metrologie-sig-2\/\",\"url\":\"https:\/\/www.nature-conservation-ubfc.com\/emme\/fr\/donnees-environnementales-metrologie-sig-2\/\",\"name\":\"Donn\u00e9es environnementales, m\u00e9trologie, SIG 2 - EMME\",\"isPartOf\":{\"@id\":\"https:\/\/www.nature-conservation-ubfc.com\/emme\/#website\"},\"datePublished\":\"2019-03-07T08:42:32+00:00\",\"dateModified\":\"2019-03-07T08:42:32+00:00\",\"breadcrumb\":{\"@id\":\"https:\/\/www.nature-conservation-ubfc.com\/emme\/fr\/donnees-environnementales-metrologie-sig-2\/#breadcrumb\"},\"inLanguage\":\"fr-FR\",\"potentialAction\":[{\"@type\":\"ReadAction\",\"target\":[\"https:\/\/www.nature-conservation-ubfc.com\/emme\/fr\/donnees-environnementales-metrologie-sig-2\/\"]}]},{\"@type\":\"BreadcrumbList\",\"@id\":\"https:\/\/www.nature-conservation-ubfc.com\/emme\/fr\/donnees-environnementales-metrologie-sig-2\/#breadcrumb\",\"itemListElement\":[{\"@type\":\"ListItem\",\"position\":1,\"name\":\"Accueil\",\"item\":\"https:\/\/www.nature-conservation-ubfc.com\/emme\/fr\/\"},{\"@type\":\"ListItem\",\"position\":2,\"name\":\"Donn\u00e9es environnementales, m\u00e9trologie, SIG 2\"}]},{\"@type\":\"WebSite\",\"@id\":\"https:\/\/www.nature-conservation-ubfc.com\/emme\/#website\",\"url\":\"https:\/\/www.nature-conservation-ubfc.com\/emme\/\",\"name\":\"EMME\",\"description\":\"\",\"potentialAction\":[{\"@type\":\"SearchAction\",\"target\":{\"@type\":\"EntryPoint\",\"urlTemplate\":\"https:\/\/www.nature-conservation-ubfc.com\/emme\/?s={search_term_string}\"},\"query-input\":\"required name=search_term_string\"}],\"inLanguage\":\"fr-FR\"}]}<\/script>\n<!-- \/ Yoast SEO plugin. -->","yoast_head_json":{"title":"Donn\u00e9es environnementales, m\u00e9trologie, SIG 2 - EMME","robots":{"index":"index","follow":"follow","max-snippet":"max-snippet:-1","max-image-preview":"max-image-preview:large","max-video-preview":"max-video-preview:-1"},"canonical":"https:\/\/www.nature-conservation-ubfc.com\/emme\/fr\/donnees-environnementales-metrologie-sig-2\/","og_locale":"fr_FR","og_type":"article","og_title":"Donn\u00e9es environnementales, m\u00e9trologie, SIG 2 - EMME","og_description":"Description : Cette unit\u00e9 permet d&rsquo;appr\u00e9hender les notions et outils suivants : Principe et sources de la cartographie \u00e9cologique, g\u00e9or\u00e9f\u00e9rencement, SIG et alg\u00e8bre de cartes, t\u00e9l\u00e9m\u00e9trie et \u00e9quipement de mesure embarqu\u00e9, interpolation spatiale, gestion de bases de donn\u00e9es. Ces outils sont ensuite exploit\u00e9s dans le cadre d\u2019un plan d\u2019\u00e9chantillonnage ou exp\u00e9rimental. Objectifs p\u00e9dagogiques : Connaissances [&hellip;]","og_url":"https:\/\/www.nature-conservation-ubfc.com\/emme\/fr\/donnees-environnementales-metrologie-sig-2\/","og_site_name":"EMME","twitter_card":"summary_large_image","twitter_misc":{"Dur\u00e9e de lecture estim\u00e9e":"2 minutes"},"schema":{"@context":"https:\/\/schema.org","@graph":[{"@type":"WebPage","@id":"https:\/\/www.nature-conservation-ubfc.com\/emme\/fr\/donnees-environnementales-metrologie-sig-2\/","url":"https:\/\/www.nature-conservation-ubfc.com\/emme\/fr\/donnees-environnementales-metrologie-sig-2\/","name":"Donn\u00e9es environnementales, m\u00e9trologie, SIG 2 - EMME","isPartOf":{"@id":"https:\/\/www.nature-conservation-ubfc.com\/emme\/#website"},"datePublished":"2019-03-07T08:42:32+00:00","dateModified":"2019-03-07T08:42:32+00:00","breadcrumb":{"@id":"https:\/\/www.nature-conservation-ubfc.com\/emme\/fr\/donnees-environnementales-metrologie-sig-2\/#breadcrumb"},"inLanguage":"fr-FR","potentialAction":[{"@type":"ReadAction","target":["https:\/\/www.nature-conservation-ubfc.com\/emme\/fr\/donnees-environnementales-metrologie-sig-2\/"]}]},{"@type":"BreadcrumbList","@id":"https:\/\/www.nature-conservation-ubfc.com\/emme\/fr\/donnees-environnementales-metrologie-sig-2\/#breadcrumb","itemListElement":[{"@type":"ListItem","position":1,"name":"Accueil","item":"https:\/\/www.nature-conservation-ubfc.com\/emme\/fr\/"},{"@type":"ListItem","position":2,"name":"Donn\u00e9es environnementales, m\u00e9trologie, SIG 2"}]},{"@type":"WebSite","@id":"https:\/\/www.nature-conservation-ubfc.com\/emme\/#website","url":"https:\/\/www.nature-conservation-ubfc.com\/emme\/","name":"EMME","description":"","potentialAction":[{"@type":"SearchAction","target":{"@type":"EntryPoint","urlTemplate":"https:\/\/www.nature-conservation-ubfc.com\/emme\/?s={search_term_string}"},"query-input":"required name=search_term_string"}],"inLanguage":"fr-FR"}]}},"_links":{"self":[{"href":"https:\/\/www.nature-conservation-ubfc.com\/emme\/wp-json\/wp\/v2\/pages\/899"}],"collection":[{"href":"https:\/\/www.nature-conservation-ubfc.com\/emme\/wp-json\/wp\/v2\/pages"}],"about":[{"href":"https:\/\/www.nature-conservation-ubfc.com\/emme\/wp-json\/wp\/v2\/types\/page"}],"author":[{"embeddable":true,"href":"https:\/\/www.nature-conservation-ubfc.com\/emme\/wp-json\/wp\/v2\/users\/6"}],"replies":[{"embeddable":true,"href":"https:\/\/www.nature-conservation-ubfc.com\/emme\/wp-json\/wp\/v2\/comments?post=899"}],"version-history":[{"count":2,"href":"https:\/\/www.nature-conservation-ubfc.com\/emme\/wp-json\/wp\/v2\/pages\/899\/revisions"}],"predecessor-version":[{"id":901,"href":"https:\/\/www.nature-conservation-ubfc.com\/emme\/wp-json\/wp\/v2\/pages\/899\/revisions\/901"}],"wp:attachment":[{"href":"https:\/\/www.nature-conservation-ubfc.com\/emme\/wp-json\/wp\/v2\/media?parent=899"}],"curies":[{"name":"wp","href":"https:\/\/api.w.org\/{rel}","templated":true}]}}