{"id":840,"date":"2019-03-04T11:38:43","date_gmt":"2019-03-04T10:38:43","guid":{"rendered":"https:\/\/www.nature-conservation-ubfc.com\/emme\/?page_id=840"},"modified":"2023-03-02T16:11:58","modified_gmt":"2023-03-02T15:11:58","slug":"840-2","status":"publish","type":"page","link":"https:\/\/www.nature-conservation-ubfc.com\/emme\/fr\/840-2\/","title":{"rendered":"Donn\u00e9es environnementales, m\u00e9trologie, SIG 1"},"content":{"rendered":"<h3 style=\"text-align: justify\">Description :<\/h3>\n<p style=\"text-align: justify\">Cette unit\u00e9 comprend 3 axes p\u00e9dagogiques principaux :<\/p>\n<p style=\"text-align: justify\"><strong>M\u00e9trologie<\/strong> : probl\u00e8mes li\u00e9s \u00e0 la mesure et \u00e0 la comparaison des donn\u00e9es.<br \/>\n<strong>Ecologie num\u00e9rique<\/strong> : analyse statistique et num\u00e9rique des donn\u00e9es ; groupement et ordination.<br \/>\n<strong>Cartographie et SIG<\/strong> : d\u00e9marche et objets cartographiques ; initiation aux syst\u00e8mes d&rsquo;information g\u00e9ographiques.<\/p>\n<h3 style=\"text-align: justify\">Objectifs p\u00e9dagogiques :<\/h3>\n<p style=\"text-align: justify\"><strong>Connaissances :<\/strong><br \/>\n\u2022 Conna\u00eetre les contraintes li\u00e9es aux mesures, les principales m\u00e9thodes d&rsquo;exploration et d&rsquo;analyse des donn\u00e9es \u00e9cologiques et environnementales (objectifs, principes, domaines d&rsquo;utilisation, mise en \u0153uvre, interpr\u00e9tation des r\u00e9sultats) et les principes de cartographie et de gestion des donn\u00e9es spatialis\u00e9es.<br \/>\n<strong>Savoir-faire :<\/strong><br \/>\n\u2022 Evaluer la pr\u00e9cision des donn\u00e9es et la valeur diagnostique d&rsquo;un test.<br \/>\n\u2022 Choisir une m\u00e9thode d&rsquo;analyse multivari\u00e9e en fonction des donn\u00e9es et des objectifs d&rsquo;une \u00e9tude ou d&rsquo;une recherche.<br \/>\n\u2022 Appliquer les principales m\u00e9thodes de classification et d&rsquo;ordination avec R et interpr\u00e9ter correctement les r\u00e9sultats.<br \/>\n\u2022 Constituer un syst\u00e8me d&rsquo;information g\u00e9ographique (QuantumGIS et interface avec d&rsquo;autres SIG) impliquant des bases de donn\u00e9es spatiales courantes, des images d\u00e9riv\u00e9es de donn\u00e9es satellitales, et des donn\u00e9es prises sur le terrain et g\u00e9or\u00e9f\u00e9renc\u00e9es.<br \/>\n\u2022 R\u00e9diger un rapport succinct et pr\u00e9cis concernant la collecte, la qualit\u00e9 et l&rsquo;analyse des donn\u00e9es \u00e9cologiques.<\/p>\n<h3 style=\"text-align: justify\">Ressources bibliographiques :<\/h3>\n<ul style=\"list-style-type: circle\">\n<li>Legendre P &amp; Legendre L, 2012. Numerical ecology. Elsevier.<\/li>\n<li>Borcard D, Gillet F &amp; Legendre P, 2018. Numerical ecology with R, 2nd Edition. Springer.<\/li>\n<\/ul>\n<h3 style=\"text-align: justify\">Sources culturelles associ\u00e9es :<\/h3>\n<ul style=\"list-style-type: circle\">\n<li style=\"text-align: justify\">Le strat\u00e8ge, 2011, de Bennett Miller.<\/li>\n<li style=\"text-align: justify\">Will Hunting, 1997, de Gus van Sant.<\/li>\n<\/ul>\n<h3 style=\"text-align: justify\">Pr\u00e9-requis :<\/h3>\n<p style=\"text-align: justify\">Connaissances de base en biostatistique niveau L3 Biologie-\u00e9cologie.<\/p>\n<h3 style=\"text-align: justify\">Mode d&rsquo;\u00e9valuation :<\/h3>\n<p style=\"text-align: justify\">Rapports de TP par bin\u00f4me et examen \u00e9crit de 2 heures.<\/p>\n<h3 style=\"text-align: justify\">Responsable :<\/h3>\n<p>Julien Azuara, julien.azuara<a>@univ-fcomte.fr<\/a><\/p>\n","protected":false},"excerpt":{"rendered":"<p>Description : Cette unit\u00e9 comprend 3 axes p\u00e9dagogiques principaux : M\u00e9trologie : probl\u00e8mes li\u00e9s \u00e0 la mesure et \u00e0 la comparaison des donn\u00e9es. Ecologie num\u00e9rique : analyse statistique et num\u00e9rique des donn\u00e9es ; groupement et ordination. Cartographie et SIG : d\u00e9marche et objets cartographiques ; initiation aux syst\u00e8mes d&rsquo;information g\u00e9ographiques. Objectifs p\u00e9dagogiques : Connaissances : [&hellip;]<\/p>\n","protected":false},"author":6,"featured_media":0,"parent":0,"menu_order":0,"comment_status":"closed","ping_status":"closed","template":"","meta":{"_et_pb_use_builder":"","_et_pb_old_content":"","_et_gb_content_width":"","footnotes":""},"yoast_head":"<!-- This site is optimized with the Yoast SEO plugin v22.8 - https:\/\/yoast.com\/wordpress\/plugins\/seo\/ -->\n<title>Donn\u00e9es environnementales, m\u00e9trologie, SIG 1 - EMME<\/title>\n<meta name=\"robots\" content=\"index, follow, max-snippet:-1, max-image-preview:large, max-video-preview:-1\" \/>\n<link rel=\"canonical\" href=\"https:\/\/www.nature-conservation-ubfc.com\/emme\/fr\/840-2\/\" \/>\n<meta property=\"og:locale\" content=\"fr_FR\" \/>\n<meta property=\"og:type\" content=\"article\" \/>\n<meta property=\"og:title\" content=\"Donn\u00e9es environnementales, m\u00e9trologie, SIG 1 - EMME\" \/>\n<meta property=\"og:description\" content=\"Description : Cette unit\u00e9 comprend 3 axes p\u00e9dagogiques principaux : M\u00e9trologie : probl\u00e8mes li\u00e9s \u00e0 la mesure et \u00e0 la comparaison des donn\u00e9es. Ecologie num\u00e9rique : analyse statistique et num\u00e9rique des donn\u00e9es ; groupement et ordination. Cartographie et SIG : d\u00e9marche et objets cartographiques ; initiation aux syst\u00e8mes d&rsquo;information g\u00e9ographiques. Objectifs p\u00e9dagogiques : Connaissances : [&hellip;]\" \/>\n<meta property=\"og:url\" content=\"https:\/\/www.nature-conservation-ubfc.com\/emme\/fr\/840-2\/\" \/>\n<meta property=\"og:site_name\" content=\"EMME\" \/>\n<meta property=\"article:modified_time\" content=\"2023-03-02T15:11:58+00:00\" \/>\n<meta name=\"twitter:card\" content=\"summary_large_image\" \/>\n<meta name=\"twitter:label1\" content=\"Dur\u00e9e de lecture estim\u00e9e\" \/>\n\t<meta name=\"twitter:data1\" content=\"2 minutes\" \/>\n<script type=\"application\/ld+json\" class=\"yoast-schema-graph\">{\"@context\":\"https:\/\/schema.org\",\"@graph\":[{\"@type\":\"WebPage\",\"@id\":\"https:\/\/www.nature-conservation-ubfc.com\/emme\/fr\/840-2\/\",\"url\":\"https:\/\/www.nature-conservation-ubfc.com\/emme\/fr\/840-2\/\",\"name\":\"Donn\u00e9es environnementales, m\u00e9trologie, SIG 1 - EMME\",\"isPartOf\":{\"@id\":\"https:\/\/www.nature-conservation-ubfc.com\/emme\/#website\"},\"datePublished\":\"2019-03-04T10:38:43+00:00\",\"dateModified\":\"2023-03-02T15:11:58+00:00\",\"breadcrumb\":{\"@id\":\"https:\/\/www.nature-conservation-ubfc.com\/emme\/fr\/840-2\/#breadcrumb\"},\"inLanguage\":\"fr-FR\",\"potentialAction\":[{\"@type\":\"ReadAction\",\"target\":[\"https:\/\/www.nature-conservation-ubfc.com\/emme\/fr\/840-2\/\"]}]},{\"@type\":\"BreadcrumbList\",\"@id\":\"https:\/\/www.nature-conservation-ubfc.com\/emme\/fr\/840-2\/#breadcrumb\",\"itemListElement\":[{\"@type\":\"ListItem\",\"position\":1,\"name\":\"Accueil\",\"item\":\"https:\/\/www.nature-conservation-ubfc.com\/emme\/fr\/\"},{\"@type\":\"ListItem\",\"position\":2,\"name\":\"Donn\u00e9es environnementales, m\u00e9trologie, SIG 1\"}]},{\"@type\":\"WebSite\",\"@id\":\"https:\/\/www.nature-conservation-ubfc.com\/emme\/#website\",\"url\":\"https:\/\/www.nature-conservation-ubfc.com\/emme\/\",\"name\":\"EMME\",\"description\":\"\",\"potentialAction\":[{\"@type\":\"SearchAction\",\"target\":{\"@type\":\"EntryPoint\",\"urlTemplate\":\"https:\/\/www.nature-conservation-ubfc.com\/emme\/?s={search_term_string}\"},\"query-input\":\"required name=search_term_string\"}],\"inLanguage\":\"fr-FR\"}]}<\/script>\n<!-- \/ Yoast SEO plugin. -->","yoast_head_json":{"title":"Donn\u00e9es environnementales, m\u00e9trologie, SIG 1 - EMME","robots":{"index":"index","follow":"follow","max-snippet":"max-snippet:-1","max-image-preview":"max-image-preview:large","max-video-preview":"max-video-preview:-1"},"canonical":"https:\/\/www.nature-conservation-ubfc.com\/emme\/fr\/840-2\/","og_locale":"fr_FR","og_type":"article","og_title":"Donn\u00e9es environnementales, m\u00e9trologie, SIG 1 - EMME","og_description":"Description : Cette unit\u00e9 comprend 3 axes p\u00e9dagogiques principaux : M\u00e9trologie : probl\u00e8mes li\u00e9s \u00e0 la mesure et \u00e0 la comparaison des donn\u00e9es. Ecologie num\u00e9rique : analyse statistique et num\u00e9rique des donn\u00e9es ; groupement et ordination. Cartographie et SIG : d\u00e9marche et objets cartographiques ; initiation aux syst\u00e8mes d&rsquo;information g\u00e9ographiques. Objectifs p\u00e9dagogiques : Connaissances : [&hellip;]","og_url":"https:\/\/www.nature-conservation-ubfc.com\/emme\/fr\/840-2\/","og_site_name":"EMME","article_modified_time":"2023-03-02T15:11:58+00:00","twitter_card":"summary_large_image","twitter_misc":{"Dur\u00e9e de lecture estim\u00e9e":"2 minutes"},"schema":{"@context":"https:\/\/schema.org","@graph":[{"@type":"WebPage","@id":"https:\/\/www.nature-conservation-ubfc.com\/emme\/fr\/840-2\/","url":"https:\/\/www.nature-conservation-ubfc.com\/emme\/fr\/840-2\/","name":"Donn\u00e9es environnementales, m\u00e9trologie, SIG 1 - EMME","isPartOf":{"@id":"https:\/\/www.nature-conservation-ubfc.com\/emme\/#website"},"datePublished":"2019-03-04T10:38:43+00:00","dateModified":"2023-03-02T15:11:58+00:00","breadcrumb":{"@id":"https:\/\/www.nature-conservation-ubfc.com\/emme\/fr\/840-2\/#breadcrumb"},"inLanguage":"fr-FR","potentialAction":[{"@type":"ReadAction","target":["https:\/\/www.nature-conservation-ubfc.com\/emme\/fr\/840-2\/"]}]},{"@type":"BreadcrumbList","@id":"https:\/\/www.nature-conservation-ubfc.com\/emme\/fr\/840-2\/#breadcrumb","itemListElement":[{"@type":"ListItem","position":1,"name":"Accueil","item":"https:\/\/www.nature-conservation-ubfc.com\/emme\/fr\/"},{"@type":"ListItem","position":2,"name":"Donn\u00e9es environnementales, m\u00e9trologie, SIG 1"}]},{"@type":"WebSite","@id":"https:\/\/www.nature-conservation-ubfc.com\/emme\/#website","url":"https:\/\/www.nature-conservation-ubfc.com\/emme\/","name":"EMME","description":"","potentialAction":[{"@type":"SearchAction","target":{"@type":"EntryPoint","urlTemplate":"https:\/\/www.nature-conservation-ubfc.com\/emme\/?s={search_term_string}"},"query-input":"required name=search_term_string"}],"inLanguage":"fr-FR"}]}},"_links":{"self":[{"href":"https:\/\/www.nature-conservation-ubfc.com\/emme\/wp-json\/wp\/v2\/pages\/840"}],"collection":[{"href":"https:\/\/www.nature-conservation-ubfc.com\/emme\/wp-json\/wp\/v2\/pages"}],"about":[{"href":"https:\/\/www.nature-conservation-ubfc.com\/emme\/wp-json\/wp\/v2\/types\/page"}],"author":[{"embeddable":true,"href":"https:\/\/www.nature-conservation-ubfc.com\/emme\/wp-json\/wp\/v2\/users\/6"}],"replies":[{"embeddable":true,"href":"https:\/\/www.nature-conservation-ubfc.com\/emme\/wp-json\/wp\/v2\/comments?post=840"}],"version-history":[{"count":7,"href":"https:\/\/www.nature-conservation-ubfc.com\/emme\/wp-json\/wp\/v2\/pages\/840\/revisions"}],"predecessor-version":[{"id":2206,"href":"https:\/\/www.nature-conservation-ubfc.com\/emme\/wp-json\/wp\/v2\/pages\/840\/revisions\/2206"}],"wp:attachment":[{"href":"https:\/\/www.nature-conservation-ubfc.com\/emme\/wp-json\/wp\/v2\/media?parent=840"}],"curies":[{"name":"wp","href":"https:\/\/api.w.org\/{rel}","templated":true}]}}