{"id":794,"date":"2019-02-28T15:48:55","date_gmt":"2019-02-28T14:48:55","guid":{"rendered":"https:\/\/www.nature-conservation-ubfc.com\/emme\/?page_id=794"},"modified":"2019-02-28T16:54:14","modified_gmt":"2019-02-28T15:54:14","slug":"anglais-scientifique","status":"publish","type":"page","link":"https:\/\/www.nature-conservation-ubfc.com\/emme\/fr\/anglais-scientifique\/","title":{"rendered":"Anglais scientifique"},"content":{"rendered":"<h3>Description :<\/h3>\n<p style=\"text-align: justify\">Cet \u00e9l\u00e9ment constitutif vise \u00e0 conforter la pratique orale et \u00e9crite de l&rsquo;Anglais \u00ab\u00a0g\u00e9n\u00e9ral\u00a0\u00bb et \u00ab\u00a0scientifique\u00a0\u00bb par les \u00e9tudiants. Un accent particulier est port\u00e9 sur la prise de confiance en soi, mais \u00e9galement la collaboration et la communication entre les membres du groupe. Tout sujet, y compris \u00ab\u00a0non-scientifique\u00a0\u00bb, pourra \u00eatre abord\u00e9 selon les inclinations de chacun. Pratique de l&rsquo;anglais la plus \u00ab\u00a0naturelle\u00a0\u00bb et \u00ab\u00a0d\u00e9sinhib\u00e9e\u00a0\u00bb possible.<\/p>\n<h3 style=\"text-align: justify\">Objectifs p\u00e9dagogiques :<\/h3>\n<p style=\"text-align: justify\"><strong>Connaissances :<\/strong><br \/>\n\u2022 Approfondir ses connaissances de la langue anglaise (grammaire, syntaxe, orthographe, usages).<br \/>\n<strong>Savoir-faire :<\/strong><br \/>\n\u2022 Pr\u00e9senter oralement en Anglais une publication scientifique publi\u00e9e en Anglais.<br \/>\n\u2022 \u00catre capable de r\u00e9pondre aux questions pos\u00e9es en Anglais par le jury et savoir prendre part \u00e0 une discussion scientifique (ex: pendant un s\u00e9minaire ou caf\u00e9 scientifique en anglais).<br \/>\n\u2022 Savoir rep\u00e9rer rapidement des informations cl\u00e9s dans un document \u00e9crit ou oral afin de le r\u00e9sumer avec ses propres mots (\u00e0 l&rsquo;\u00e9crit et \u00e0 l&rsquo;oral).<br \/>\n\u2022 Acqu\u00e9rir les bases de l&rsquo;\u00e9criture d&rsquo;un article scientifique.<\/p>\n<h3 style=\"text-align: justify\">Sources culturelles associ\u00e9es :<\/h3>\n<p style=\"text-align: justify\">Les sources culturelles associ\u00e9es \u00e0 cet \u00e9l\u00e9ment constitutif sont vari\u00e9es : TED Talks, New Scientist, Youtube, films, s\u00e9ries ou tout support \u00ab\u00a0inspirant\u00a0\u00bb amenant la r\u00e9flexion et la communication en anglais. Les \u00e9tudiants sont invit\u00e9s \u00e0 faire preuve de curiosit\u00e9 et de r\u00e9ceptivit\u00e9 face \u00e0 la diversit\u00e9 des supports et sources d&rsquo;informations.<\/p>\n<h3 style=\"text-align: justify\">Pr\u00e9-requis :<\/h3>\n<p style=\"text-align: justify\">Connaissances et comp\u00e9tences d&rsquo;Anglais de niveau Licence scientifique.<\/p>\n<h3>Mode d&rsquo;\u00e9valuation :<\/h3>\n<ul style=\"list-style-type: circle\">\n<li>Pr\u00e9sentations orales individuelles de posters et\/ou de publications<\/li>\n<li>Pr\u00e9sentations sur sujets libres et \u00ab\u00a0probl\u00e9matis\u00e9s\u00a0\u00bb (7 minutes avec PowerPoint ou 3 minutes sans support, sous forme de \u00ab\u00a0Flash Talk\u00a0\u00bb)<\/li>\n<li>R\u00e9sum\u00e9 \u00e9crit de documents oraux et \u00e9crits<\/li>\n<li>R\u00e9dactions sur sujets divers<\/li>\n<\/ul>\n<h3>Responsables :<\/h3>\n<p>Francis RAOUL, <a href=\"mailto:francis.raoul@univ-fcomte.fr\">francis.raoul@univ-fcomte.fr<\/a><\/p>\n<p>Caroline GOSSELIN, <a href=\"mailto:caroline.gosselin@univ-fcomte.fr\">caroline.gosselin@univ-fcomte.fr<\/a><\/p>\n","protected":false},"excerpt":{"rendered":"<p>Description : Cet \u00e9l\u00e9ment constitutif vise \u00e0 conforter la pratique orale et \u00e9crite de l&rsquo;Anglais \u00ab\u00a0g\u00e9n\u00e9ral\u00a0\u00bb et \u00ab\u00a0scientifique\u00a0\u00bb par les \u00e9tudiants. Un accent particulier est port\u00e9 sur la prise de confiance en soi, mais \u00e9galement la collaboration et la communication entre les membres du groupe. Tout sujet, y compris \u00ab\u00a0non-scientifique\u00a0\u00bb, pourra \u00eatre abord\u00e9 selon les [&hellip;]<\/p>\n","protected":false},"author":6,"featured_media":0,"parent":0,"menu_order":0,"comment_status":"closed","ping_status":"closed","template":"","meta":{"_et_pb_use_builder":"","_et_pb_old_content":"","_et_gb_content_width":"","footnotes":""},"yoast_head":"<!-- This site is optimized with the Yoast SEO plugin v22.8 - https:\/\/yoast.com\/wordpress\/plugins\/seo\/ -->\n<title>Anglais scientifique - EMME<\/title>\n<meta name=\"robots\" content=\"index, follow, max-snippet:-1, max-image-preview:large, max-video-preview:-1\" \/>\n<link rel=\"canonical\" href=\"https:\/\/www.nature-conservation-ubfc.com\/emme\/fr\/anglais-scientifique\/\" \/>\n<meta property=\"og:locale\" content=\"fr_FR\" \/>\n<meta property=\"og:type\" content=\"article\" \/>\n<meta property=\"og:title\" content=\"Anglais scientifique - EMME\" \/>\n<meta property=\"og:description\" content=\"Description : Cet \u00e9l\u00e9ment constitutif vise \u00e0 conforter la pratique orale et \u00e9crite de l&rsquo;Anglais \u00ab\u00a0g\u00e9n\u00e9ral\u00a0\u00bb et \u00ab\u00a0scientifique\u00a0\u00bb par les \u00e9tudiants. Un accent particulier est port\u00e9 sur la prise de confiance en soi, mais \u00e9galement la collaboration et la communication entre les membres du groupe. Tout sujet, y compris \u00ab\u00a0non-scientifique\u00a0\u00bb, pourra \u00eatre abord\u00e9 selon les [&hellip;]\" \/>\n<meta property=\"og:url\" content=\"https:\/\/www.nature-conservation-ubfc.com\/emme\/fr\/anglais-scientifique\/\" \/>\n<meta property=\"og:site_name\" content=\"EMME\" \/>\n<meta property=\"article:modified_time\" content=\"2019-02-28T15:54:14+00:00\" \/>\n<meta name=\"twitter:card\" content=\"summary_large_image\" \/>\n<meta name=\"twitter:label1\" content=\"Dur\u00e9e de lecture estim\u00e9e\" \/>\n\t<meta name=\"twitter:data1\" content=\"1 minute\" \/>\n<script type=\"application\/ld+json\" class=\"yoast-schema-graph\">{\"@context\":\"https:\/\/schema.org\",\"@graph\":[{\"@type\":\"WebPage\",\"@id\":\"https:\/\/www.nature-conservation-ubfc.com\/emme\/fr\/anglais-scientifique\/\",\"url\":\"https:\/\/www.nature-conservation-ubfc.com\/emme\/fr\/anglais-scientifique\/\",\"name\":\"Anglais scientifique - EMME\",\"isPartOf\":{\"@id\":\"https:\/\/www.nature-conservation-ubfc.com\/emme\/#website\"},\"datePublished\":\"2019-02-28T14:48:55+00:00\",\"dateModified\":\"2019-02-28T15:54:14+00:00\",\"breadcrumb\":{\"@id\":\"https:\/\/www.nature-conservation-ubfc.com\/emme\/fr\/anglais-scientifique\/#breadcrumb\"},\"inLanguage\":\"fr-FR\",\"potentialAction\":[{\"@type\":\"ReadAction\",\"target\":[\"https:\/\/www.nature-conservation-ubfc.com\/emme\/fr\/anglais-scientifique\/\"]}]},{\"@type\":\"BreadcrumbList\",\"@id\":\"https:\/\/www.nature-conservation-ubfc.com\/emme\/fr\/anglais-scientifique\/#breadcrumb\",\"itemListElement\":[{\"@type\":\"ListItem\",\"position\":1,\"name\":\"Accueil\",\"item\":\"https:\/\/www.nature-conservation-ubfc.com\/emme\/fr\/\"},{\"@type\":\"ListItem\",\"position\":2,\"name\":\"Anglais scientifique\"}]},{\"@type\":\"WebSite\",\"@id\":\"https:\/\/www.nature-conservation-ubfc.com\/emme\/#website\",\"url\":\"https:\/\/www.nature-conservation-ubfc.com\/emme\/\",\"name\":\"EMME\",\"description\":\"\",\"potentialAction\":[{\"@type\":\"SearchAction\",\"target\":{\"@type\":\"EntryPoint\",\"urlTemplate\":\"https:\/\/www.nature-conservation-ubfc.com\/emme\/?s={search_term_string}\"},\"query-input\":\"required name=search_term_string\"}],\"inLanguage\":\"fr-FR\"}]}<\/script>\n<!-- \/ Yoast SEO plugin. -->","yoast_head_json":{"title":"Anglais scientifique - EMME","robots":{"index":"index","follow":"follow","max-snippet":"max-snippet:-1","max-image-preview":"max-image-preview:large","max-video-preview":"max-video-preview:-1"},"canonical":"https:\/\/www.nature-conservation-ubfc.com\/emme\/fr\/anglais-scientifique\/","og_locale":"fr_FR","og_type":"article","og_title":"Anglais scientifique - EMME","og_description":"Description : Cet \u00e9l\u00e9ment constitutif vise \u00e0 conforter la pratique orale et \u00e9crite de l&rsquo;Anglais \u00ab\u00a0g\u00e9n\u00e9ral\u00a0\u00bb et \u00ab\u00a0scientifique\u00a0\u00bb par les \u00e9tudiants. Un accent particulier est port\u00e9 sur la prise de confiance en soi, mais \u00e9galement la collaboration et la communication entre les membres du groupe. Tout sujet, y compris \u00ab\u00a0non-scientifique\u00a0\u00bb, pourra \u00eatre abord\u00e9 selon les [&hellip;]","og_url":"https:\/\/www.nature-conservation-ubfc.com\/emme\/fr\/anglais-scientifique\/","og_site_name":"EMME","article_modified_time":"2019-02-28T15:54:14+00:00","twitter_card":"summary_large_image","twitter_misc":{"Dur\u00e9e de lecture estim\u00e9e":"1 minute"},"schema":{"@context":"https:\/\/schema.org","@graph":[{"@type":"WebPage","@id":"https:\/\/www.nature-conservation-ubfc.com\/emme\/fr\/anglais-scientifique\/","url":"https:\/\/www.nature-conservation-ubfc.com\/emme\/fr\/anglais-scientifique\/","name":"Anglais scientifique - EMME","isPartOf":{"@id":"https:\/\/www.nature-conservation-ubfc.com\/emme\/#website"},"datePublished":"2019-02-28T14:48:55+00:00","dateModified":"2019-02-28T15:54:14+00:00","breadcrumb":{"@id":"https:\/\/www.nature-conservation-ubfc.com\/emme\/fr\/anglais-scientifique\/#breadcrumb"},"inLanguage":"fr-FR","potentialAction":[{"@type":"ReadAction","target":["https:\/\/www.nature-conservation-ubfc.com\/emme\/fr\/anglais-scientifique\/"]}]},{"@type":"BreadcrumbList","@id":"https:\/\/www.nature-conservation-ubfc.com\/emme\/fr\/anglais-scientifique\/#breadcrumb","itemListElement":[{"@type":"ListItem","position":1,"name":"Accueil","item":"https:\/\/www.nature-conservation-ubfc.com\/emme\/fr\/"},{"@type":"ListItem","position":2,"name":"Anglais scientifique"}]},{"@type":"WebSite","@id":"https:\/\/www.nature-conservation-ubfc.com\/emme\/#website","url":"https:\/\/www.nature-conservation-ubfc.com\/emme\/","name":"EMME","description":"","potentialAction":[{"@type":"SearchAction","target":{"@type":"EntryPoint","urlTemplate":"https:\/\/www.nature-conservation-ubfc.com\/emme\/?s={search_term_string}"},"query-input":"required name=search_term_string"}],"inLanguage":"fr-FR"}]}},"_links":{"self":[{"href":"https:\/\/www.nature-conservation-ubfc.com\/emme\/wp-json\/wp\/v2\/pages\/794"}],"collection":[{"href":"https:\/\/www.nature-conservation-ubfc.com\/emme\/wp-json\/wp\/v2\/pages"}],"about":[{"href":"https:\/\/www.nature-conservation-ubfc.com\/emme\/wp-json\/wp\/v2\/types\/page"}],"author":[{"embeddable":true,"href":"https:\/\/www.nature-conservation-ubfc.com\/emme\/wp-json\/wp\/v2\/users\/6"}],"replies":[{"embeddable":true,"href":"https:\/\/www.nature-conservation-ubfc.com\/emme\/wp-json\/wp\/v2\/comments?post=794"}],"version-history":[{"count":4,"href":"https:\/\/www.nature-conservation-ubfc.com\/emme\/wp-json\/wp\/v2\/pages\/794\/revisions"}],"predecessor-version":[{"id":805,"href":"https:\/\/www.nature-conservation-ubfc.com\/emme\/wp-json\/wp\/v2\/pages\/794\/revisions\/805"}],"wp:attachment":[{"href":"https:\/\/www.nature-conservation-ubfc.com\/emme\/wp-json\/wp\/v2\/media?parent=794"}],"curies":[{"name":"wp","href":"https:\/\/api.w.org\/{rel}","templated":true}]}}