{"id":626,"date":"2019-02-19T10:35:39","date_gmt":"2019-02-19T09:35:39","guid":{"rendered":"https:\/\/www.nature-conservation-ubfc.com\/emme\/?page_id=626"},"modified":"2020-10-20T12:56:41","modified_gmt":"2020-10-20T10:56:41","slug":"ecole-de-rentree","status":"publish","type":"page","link":"https:\/\/www.nature-conservation-ubfc.com\/emme\/fr\/ecole-de-rentree\/","title":{"rendered":"Ecole de rentr\u00e9e"},"content":{"rendered":"<p>&nbsp;<\/p>\n\n<hr \/>\n<h3>Description<\/h3>\n<p style=\"text-align: justify\">L&rsquo;Ecole de rentr\u00e9e permet (i) de pr\u00e9senter la coh\u00e9rence globale du Master et les sp\u00e9cificit\u00e9s et compl\u00e9mentarit\u00e9s des diff\u00e9rents parcours du Master et (ii) de donner une culture commune en \u00e9cologie fonctionnelle et \u00e9volutive aux \u00e9tudiants des diff\u00e9rents parcours.<\/p>\n<p style=\"text-align: justify\"><strong>L&rsquo;unit\u00e9 comprend :<\/strong><\/p>\n<ul style=\"list-style-type: disc\">\n<li style=\"text-align: justify\">Des interventions en salle et sur le terrain faites par des intervenants de Besan\u00e7on et de Dijon.<\/li>\n<li style=\"text-align: justify\">Un projet tutor\u00e9 par petits groupes, o\u00f9 les \u00e9tudiants doivent proposer un protocole d&rsquo;\u00e9tude concernant une question donn\u00e9e par les enseignants sur un secteur d\u00e9termin\u00e9.<\/li>\n<li>Pr\u00e9sentation orale du protocole.<\/li>\n<\/ul>\n<p>Cela permet \u00e9galement une int\u00e9gration des \u00e9tudiants et des enseignants dans un contexte convivial et ext\u00e9rieur \u00e0 l&rsquo;Universit\u00e9 (g\u00eete dans le Jura).<\/p>\n<h3>Objectifs p\u00e9dagogiques :<\/h3>\n<p style=\"text-align: justify\"><strong>Connaissances :\u00a0<\/strong><\/p>\n<p style=\"text-align: justify\"><span style=\"float: none;background-color: transparent;color: #666666;cursor: text;font-family: 'Open Sans',Arial,sans-serif;font-size: 14px;font-style: normal;font-variant: normal;font-weight: 500;letter-spacing: normal;text-align: left;text-decoration: none;text-indent: 0px\">\u2022 <\/span>Approfondir, via des approches de terrain, ses connaissances des concepts de base en \u00e9cologie fonctionnelle et \u00e9volutive, et des diff\u00e9rentes \u00e9tapes de la d\u00e9marche scientifique.<\/p>\n<p style=\"text-align: justify\"><strong>Savoir-faire :<\/strong><\/p>\n<p style=\"text-align: justify\">\u2022 Expliciter une ou quelques question(s) de recherche pr\u00e9cise(s) et pertinente(s).<br \/>\n\u2022 Etablir un protocole de recueil de donn\u00e9es adapt\u00e9 \u00e0 un questionnement scientifique.<br \/>\n\u2022 Travailler en groupe et retranscrire oralement (dans sa langue natale ou en anglais), avec un support visuel en anglais, des r\u00e9sultats relatifs \u00e0 une question scientifique et un protocole.<\/p>\n<h3>Ressources bibliographiques :<\/h3>\n<p style=\"text-align: justify\">Guide naturaliste du Jura<\/p>\n<h3>Sources culturelles associ\u00e9es :<\/h3>\n<p style=\"text-align: justify\">Into the Wild. 1996. John Krakauer (livre)<br \/>\nInto the Wild. 2007. Sean Penn (film)<\/p>\n<h3>Pr\u00e9-requis :<\/h3>\n<p style=\"text-align: justify\">Connaissances de base en \u00e9cologie et biodiversit\u00e9, et sur la taxonomie et les m\u00e9thodes d&rsquo;inventaire de la faune et de la flore.<\/p>\n<h3>Mode d&rsquo;\u00e9valuation :<\/h3>\n<p style=\"text-align: justify\">Soutenance orale par groupe en fin de session.<\/p>\n<h3>Responsables :<\/h3>\n<p style=\"text-align: justify\">Francis RAOUL, <a href=\"mailto:francis.raoul@univ-fcomte.fr\">francis.raoul@univ-fcomte.fr<\/a><i><\/i><u><\/u><\/p>\n<p style=\"text-align: justify\">\n","protected":false},"excerpt":{"rendered":"<p>&nbsp; Description L&rsquo;Ecole de rentr\u00e9e permet (i) de pr\u00e9senter la coh\u00e9rence globale du Master et les sp\u00e9cificit\u00e9s et compl\u00e9mentarit\u00e9s des diff\u00e9rents parcours du Master et (ii) de donner une culture commune en \u00e9cologie fonctionnelle et \u00e9volutive aux \u00e9tudiants des diff\u00e9rents parcours. L&rsquo;unit\u00e9 comprend : Des interventions en salle et sur le terrain faites par des [&hellip;]<\/p>\n","protected":false},"author":6,"featured_media":0,"parent":0,"menu_order":0,"comment_status":"closed","ping_status":"closed","template":"","meta":{"_et_pb_use_builder":"","_et_pb_old_content":"","_et_gb_content_width":"","footnotes":""},"yoast_head":"<!-- This site is optimized with the Yoast SEO plugin v22.8 - https:\/\/yoast.com\/wordpress\/plugins\/seo\/ -->\n<title>Ecole de rentr\u00e9e - EMME<\/title>\n<meta name=\"robots\" content=\"index, follow, max-snippet:-1, max-image-preview:large, max-video-preview:-1\" \/>\n<link rel=\"canonical\" href=\"https:\/\/www.nature-conservation-ubfc.com\/emme\/fr\/ecole-de-rentree\/\" \/>\n<meta property=\"og:locale\" content=\"fr_FR\" \/>\n<meta property=\"og:type\" content=\"article\" \/>\n<meta property=\"og:title\" content=\"Ecole de rentr\u00e9e - EMME\" \/>\n<meta property=\"og:description\" content=\"&nbsp; Description L&rsquo;Ecole de rentr\u00e9e permet (i) de pr\u00e9senter la coh\u00e9rence globale du Master et les sp\u00e9cificit\u00e9s et compl\u00e9mentarit\u00e9s des diff\u00e9rents parcours du Master et (ii) de donner une culture commune en \u00e9cologie fonctionnelle et \u00e9volutive aux \u00e9tudiants des diff\u00e9rents parcours. L&rsquo;unit\u00e9 comprend : Des interventions en salle et sur le terrain faites par des [&hellip;]\" \/>\n<meta property=\"og:url\" content=\"https:\/\/www.nature-conservation-ubfc.com\/emme\/fr\/ecole-de-rentree\/\" \/>\n<meta property=\"og:site_name\" content=\"EMME\" \/>\n<meta property=\"article:modified_time\" content=\"2020-10-20T10:56:41+00:00\" \/>\n<meta property=\"og:image\" content=\"https:\/\/www.nature-conservation-ubfc.com\/emme\/wp-content\/uploads\/sites\/4\/2019\/02\/Image6-150x150.jpg\" \/>\n<meta name=\"twitter:card\" content=\"summary_large_image\" \/>\n<meta name=\"twitter:label1\" content=\"Dur\u00e9e de lecture estim\u00e9e\" \/>\n\t<meta name=\"twitter:data1\" content=\"1 minute\" \/>\n<script type=\"application\/ld+json\" class=\"yoast-schema-graph\">{\"@context\":\"https:\/\/schema.org\",\"@graph\":[{\"@type\":\"WebPage\",\"@id\":\"https:\/\/www.nature-conservation-ubfc.com\/emme\/fr\/ecole-de-rentree\/\",\"url\":\"https:\/\/www.nature-conservation-ubfc.com\/emme\/fr\/ecole-de-rentree\/\",\"name\":\"Ecole de rentr\u00e9e - EMME\",\"isPartOf\":{\"@id\":\"https:\/\/www.nature-conservation-ubfc.com\/emme\/#website\"},\"datePublished\":\"2019-02-19T09:35:39+00:00\",\"dateModified\":\"2020-10-20T10:56:41+00:00\",\"breadcrumb\":{\"@id\":\"https:\/\/www.nature-conservation-ubfc.com\/emme\/fr\/ecole-de-rentree\/#breadcrumb\"},\"inLanguage\":\"fr-FR\",\"potentialAction\":[{\"@type\":\"ReadAction\",\"target\":[\"https:\/\/www.nature-conservation-ubfc.com\/emme\/fr\/ecole-de-rentree\/\"]}]},{\"@type\":\"BreadcrumbList\",\"@id\":\"https:\/\/www.nature-conservation-ubfc.com\/emme\/fr\/ecole-de-rentree\/#breadcrumb\",\"itemListElement\":[{\"@type\":\"ListItem\",\"position\":1,\"name\":\"Accueil\",\"item\":\"https:\/\/www.nature-conservation-ubfc.com\/emme\/fr\/\"},{\"@type\":\"ListItem\",\"position\":2,\"name\":\"Ecole de rentr\u00e9e\"}]},{\"@type\":\"WebSite\",\"@id\":\"https:\/\/www.nature-conservation-ubfc.com\/emme\/#website\",\"url\":\"https:\/\/www.nature-conservation-ubfc.com\/emme\/\",\"name\":\"EMME\",\"description\":\"\",\"potentialAction\":[{\"@type\":\"SearchAction\",\"target\":{\"@type\":\"EntryPoint\",\"urlTemplate\":\"https:\/\/www.nature-conservation-ubfc.com\/emme\/?s={search_term_string}\"},\"query-input\":\"required name=search_term_string\"}],\"inLanguage\":\"fr-FR\"}]}<\/script>\n<!-- \/ Yoast SEO plugin. -->","yoast_head_json":{"title":"Ecole de rentr\u00e9e - EMME","robots":{"index":"index","follow":"follow","max-snippet":"max-snippet:-1","max-image-preview":"max-image-preview:large","max-video-preview":"max-video-preview:-1"},"canonical":"https:\/\/www.nature-conservation-ubfc.com\/emme\/fr\/ecole-de-rentree\/","og_locale":"fr_FR","og_type":"article","og_title":"Ecole de rentr\u00e9e - EMME","og_description":"&nbsp; Description L&rsquo;Ecole de rentr\u00e9e permet (i) de pr\u00e9senter la coh\u00e9rence globale du Master et les sp\u00e9cificit\u00e9s et compl\u00e9mentarit\u00e9s des diff\u00e9rents parcours du Master et (ii) de donner une culture commune en \u00e9cologie fonctionnelle et \u00e9volutive aux \u00e9tudiants des diff\u00e9rents parcours. L&rsquo;unit\u00e9 comprend : Des interventions en salle et sur le terrain faites par des [&hellip;]","og_url":"https:\/\/www.nature-conservation-ubfc.com\/emme\/fr\/ecole-de-rentree\/","og_site_name":"EMME","article_modified_time":"2020-10-20T10:56:41+00:00","og_image":[{"url":"https:\/\/www.nature-conservation-ubfc.com\/emme\/wp-content\/uploads\/sites\/4\/2019\/02\/Image6-150x150.jpg"}],"twitter_card":"summary_large_image","twitter_misc":{"Dur\u00e9e de lecture estim\u00e9e":"1 minute"},"schema":{"@context":"https:\/\/schema.org","@graph":[{"@type":"WebPage","@id":"https:\/\/www.nature-conservation-ubfc.com\/emme\/fr\/ecole-de-rentree\/","url":"https:\/\/www.nature-conservation-ubfc.com\/emme\/fr\/ecole-de-rentree\/","name":"Ecole de rentr\u00e9e - EMME","isPartOf":{"@id":"https:\/\/www.nature-conservation-ubfc.com\/emme\/#website"},"datePublished":"2019-02-19T09:35:39+00:00","dateModified":"2020-10-20T10:56:41+00:00","breadcrumb":{"@id":"https:\/\/www.nature-conservation-ubfc.com\/emme\/fr\/ecole-de-rentree\/#breadcrumb"},"inLanguage":"fr-FR","potentialAction":[{"@type":"ReadAction","target":["https:\/\/www.nature-conservation-ubfc.com\/emme\/fr\/ecole-de-rentree\/"]}]},{"@type":"BreadcrumbList","@id":"https:\/\/www.nature-conservation-ubfc.com\/emme\/fr\/ecole-de-rentree\/#breadcrumb","itemListElement":[{"@type":"ListItem","position":1,"name":"Accueil","item":"https:\/\/www.nature-conservation-ubfc.com\/emme\/fr\/"},{"@type":"ListItem","position":2,"name":"Ecole de rentr\u00e9e"}]},{"@type":"WebSite","@id":"https:\/\/www.nature-conservation-ubfc.com\/emme\/#website","url":"https:\/\/www.nature-conservation-ubfc.com\/emme\/","name":"EMME","description":"","potentialAction":[{"@type":"SearchAction","target":{"@type":"EntryPoint","urlTemplate":"https:\/\/www.nature-conservation-ubfc.com\/emme\/?s={search_term_string}"},"query-input":"required name=search_term_string"}],"inLanguage":"fr-FR"}]}},"_links":{"self":[{"href":"https:\/\/www.nature-conservation-ubfc.com\/emme\/wp-json\/wp\/v2\/pages\/626"}],"collection":[{"href":"https:\/\/www.nature-conservation-ubfc.com\/emme\/wp-json\/wp\/v2\/pages"}],"about":[{"href":"https:\/\/www.nature-conservation-ubfc.com\/emme\/wp-json\/wp\/v2\/types\/page"}],"author":[{"embeddable":true,"href":"https:\/\/www.nature-conservation-ubfc.com\/emme\/wp-json\/wp\/v2\/users\/6"}],"replies":[{"embeddable":true,"href":"https:\/\/www.nature-conservation-ubfc.com\/emme\/wp-json\/wp\/v2\/comments?post=626"}],"version-history":[{"count":9,"href":"https:\/\/www.nature-conservation-ubfc.com\/emme\/wp-json\/wp\/v2\/pages\/626\/revisions"}],"predecessor-version":[{"id":1426,"href":"https:\/\/www.nature-conservation-ubfc.com\/emme\/wp-json\/wp\/v2\/pages\/626\/revisions\/1426"}],"wp:attachment":[{"href":"https:\/\/www.nature-conservation-ubfc.com\/emme\/wp-json\/wp\/v2\/media?parent=626"}],"curies":[{"name":"wp","href":"https:\/\/api.w.org\/{rel}","templated":true}]}}