{"id":382,"date":"2017-06-24T09:06:47","date_gmt":"2017-06-24T07:06:47","guid":{"rendered":"https:\/\/www.nature-conservation-ubfc.com\/emme\/?page_id=382"},"modified":"2025-03-27T14:27:20","modified_gmt":"2025-03-27T13:27:20","slug":"about","status":"publish","type":"page","link":"https:\/\/www.nature-conservation-ubfc.com\/emme\/en\/about\/","title":{"rendered":"About"},"content":{"rendered":"<p>[et_pb_section bb_built=\u00a0\u00bb1&Prime; admin_label=\u00a0\u00bbsection\u00a0\u00bb inner_width=\u00a0\u00bb90%\u00a0\u00bb inner_max_width=\u00a0\u00bb1200px\u00a0\u00bb background_color_gradient_stops=\u00a0\u00bb#2b87da 0%|#29c4a9 100%\u00a0\u00bb][et_pb_row admin_label=\u00a0\u00bbrow\u00a0\u00bb background_position=\u00a0\u00bbtop_left\u00a0\u00bb background_repeat=\u00a0\u00bbrepeat\u00a0\u00bb background_size=\u00a0\u00bbinitial\u00a0\u00bb width=\u00a0\u00bb90%\u00a0\u00bb max_width=\u00a0\u00bb1200px\u00a0\u00bb background_color_gradient_stops=\u00a0\u00bb#2b87da 0%|#29c4a9 100%\u00a0\u00bb][et_pb_column type=\u00a0\u00bb4_4&Prime; custom_padding__hover=\u00a0\u00bb|||\u00a0\u00bb custom_padding=\u00a0\u00bb|||\u00a0\u00bb background_color_gradient_stops=\u00a0\u00bb#2b87da 0%|#29c4a9 100%\u00a0\u00bb][et_pb_text _builder_version=\u00a0\u00bb4.25.1&Prime; background_layout=\u00a0\u00bblight\u00a0\u00bb text_orientation=\u00a0\u00bbleft\u00a0\u00bb background_color_gradient_stops=\u00a0\u00bb#2b87da 0%|#29c4a9 100%\u00a0\u00bb]<\/p>\n<h3>Welcome to the <strong>Ecology, Monitoring and Management of Ecosystems (EMME) International Master<\/strong> website!<\/h3>\n<h3><em>Bienvenue sur le site web du <strong>Master International Ecology, Monitoring and Management of Ecosystems (EMME) !<\/strong><\/em><\/h3>\n<p>Supported by the <em>Investissements d&rsquo;Avenir<\/em> programme, this degree has been offering an original range of theoretical and practical courses in ecology, conservation biology and ecosystem management since 2017. It is open to students from France and abroad, and over 80% of the courses are taught in English.<\/p>\n<p>The EMME Master&rsquo;s degree aims to train future scientific leaders in ecology, as well as future managers and project leaders working to conserve and manage biodiversity and ecosystems.<\/p>\n<p>From the start of the academic year in 2024, the Master&rsquo;s programme will structure its teaching and assessments around the validation of the <span style=\"color: #00ccff\"><span style=\"color: #3366ff\"><strong>3<\/strong><\/span><a style=\"color: #00ccff\" href=\"https:\/\/www.nature-conservation-ubfc.com\/emme\/fr\/targeted-competences-and-programme\/\"><strong><span style=\"color: #3366ff\"> key competences<\/span><\/strong><\/a><\/span> below, which correspond to the expectations of the professional world targeted by the course (consultancies, local authorities, the voluntary sector, government agencies, research, etc.).<\/p>\n<ul>\n<li><span style=\"color: #3366ff\">Integrating fundamental knowledge of ecology and conservation<\/span><\/li>\n<li><span style=\"color: #3366ff\">Managing a project in ecology and conservation and communicating results<\/span><\/li>\n<li><span style=\"color: #3366ff\">Acquire and analyse data on biodiversity and ecosystem functioning<\/span><\/li>\n<\/ul>\n<p>The Master&rsquo;s programme lasts two years. The courses are designed on the principle that biodiversity conservation must be based on a systems approach, linking knowledge at different levels of biological organisation and on different spatial and temporal scales, combining the key disciplines of ecology with recent technological developments in the fields of numerical ecology, molecular ecology, monitoring and management of populations and ecosystems.<\/p>\n<p>Course content is based on the scientific expertise of teaching staff in the fields of functional ecology (ecosystem structure and function, population and community ecology), palaeoecology (long-term evolution of ecosystems), ecotoxicology (transfer and effects of pollutants), epidemiology (transmission of zoonotic pathogens), conservation biology (threats to animal and plant species), numerical ecology and the design of research protocols. The Master&rsquo;s programme is also enriched by the contribution of conservation professionals and managers, with the aim of placing the teaching in the wider context of project management and decision-making procedures. Professionals are involved in the continuous improvement of the teaching.<\/p>\n<p>Particular attention is paid to practical work experience throughout the course, through internships (2-3 months in M1 and 4-6 months in M2), tutored projects spread over the first three semesters, and practical and supervised work.<\/p>\n<p>Field sessions enable students to put into practice the methods and ideas presented to them. Each year, they take part in at least one week-long continuous field session, and in several field schools, enabling them to test hypotheses concerning the potential impact of anthropogenic disturbances on animal or plant populations or communities, particularly in the context of the various activities that exist in the Jura Mountains, known for its remarkable landscapes, its typical ecosystems (peat bogs, wooded pastures, etc.) and its species of conservation concern (lynx, etc.).<\/p>\n<h2 style=\"text-align: justify\">Location<\/h2>\n<p style=\"text-align: justify\"><span style=\"font-size: 14px;color: #666666\">The EMME is run by the Universit\u00e9 Marie &amp; Louis Pasteur (UMLP) &#8211; a regional collective of universities that includes the former Universit\u00e9 de Franche-Comt\u00e9 (UFC). Practically, almost all of the lectures and teaching will be provided by UMLP in Besan\u00e7on. Many field trips will also be based away from Besan\u00e7on, with students reimbursed for travel and (in the case of multi-day trips) provided with accommodation. Students may also be based away from Besan\u00e7on for the internships in M1 and M2, depending on the research body they are working with.<\/span><\/p>\n<h2 style=\"text-align: justify\">Steering committee<\/h2>\n<ul>\n<li><a href=\"https:\/\/chrono-environnement.univ-fcomte.fr\/spip.php?page=perso&amp;nom=AZUARA&amp;prenom=Julien\">Julien Azuara<\/a>, <a href=\"mailto:julien.azuara@univ-fcomte.fr\">julien.azuara@univ-fcomte.fr<\/a>, plant ecology, paleoecology<\/li>\n<li>Marie Brocard, <a href=\"mailto:marie.brocard@univ-fcomte.fr\">marie.brocard@univ-fcomte.fr<\/a>, teaching assistant<\/li>\n<li><a href=\"https:\/\/chrono-environnement.univ-fcomte.fr\/spip.php?page=perso&amp;nom=COEURDASSIER&amp;prenom=Micha%C3%ABl\" target=\"_blank\" rel=\"noopener noreferrer\">Micha\u00ebl Coeurdassier<\/a>, <a href=\"mailto:michael.coeurdassier@univ-fcomte.fr\">michael.coeurdassier@univ-fcomte.fr<\/a>, animal ecology, ecotoxicology<\/li>\n<li>Rafael De Camargo, <a href=\"mailto:rafael.de-camargo@ubfc.fr\">rafael.de-camargo@ubfc.fr<\/a>, macroecology, biogeography<\/li>\n<li><a href=\"https:\/\/chrono-environnement.univ-fcomte.fr\/spip.php?page=perso&amp;nom=GIMBERT&amp;prenom=Fr%C3%A9d%C3%A9ric\" target=\"_blank\" rel=\"noopener noreferrer\">Fr\u00e9d\u00e9ric Gimbert<\/a>, <a href=\"mailto:frederic.gimbert@univ-fcomte.fr\">frederic.gimbert@univ-fcomte.fr<\/a>, ecotoxicology<\/li>\n<li><a href=\"https:\/\/chrono-environnement.univ-fcomte.fr\/spip.php?page=perso&amp;nom=MASCLAUX&amp;prenom=H%C3%A9l%C3%A8ne\" target=\"_blank\" rel=\"noopener noreferrer\">H\u00e9l\u00e8ne Masclaux<\/a>, <a href=\"mailto:helene.masclaux@univ-fcomte.fr\">helene.masclaux@univ-fcomte.fr<\/a>, aquatic ecology<\/li>\n<li>Jelena Pantel, <a href=\"mailto:jelena.pantel@univ-fcomte.fr\">jelena.pantel@univ-fcomte.fr<\/a>, community ecology<\/li>\n<li><a href=\"https:\/\/chrono-environnement.univ-fcomte.fr\/spip.php?page=perso&amp;nom=RAOUL&amp;prenom=Francis\" target=\"_blank\" rel=\"noopener noreferrer\">Francis Raoul<\/a>, <a href=\"mailto:francis.raoul@univ-fcomte.fr\">francis.raoul@univ-fcomte.fr<\/a>, eco-epidemiology, food web ecology<\/li>\n<li><a href=\"https:\/\/chrono-environnement.univ-fcomte.fr\/spip.php?page=perso&amp;nom=SCHEIFLER&amp;prenom=Renaud\" target=\"_blank\" rel=\"noopener noreferrer\">Renaud Scheifler<\/a>, <a href=\"mailto:renaud.scheifler@univ-fcomte.fr\">renaud.scheifler@univ-fcomte.fr<\/a>, animal ecology, ecotoxicology, stress ecology<\/li>\n<li><a href=\"http:\/\/cd-eau-environnement.fr\/\">Micka\u00ebl Sage<\/a>, <a href=\"mailto:mickael.sage@univ-fcomte.fr\">mickael.sage@univ-fcomte.fr<\/a>, animal ecology, geoinformatics<\/li>\n<li><a href=\"https:\/\/www.idref.fr\/107955350\">William Apollinari<\/a>, <a href=\"mailto:william.apollinari@educagri.fr\">william.apollinari@educagri.fr<\/a>, environmental law and economy<\/li>\n<\/ul>\n<h2 style=\"text-align: justify\">International Students<\/h2>\n<p style=\"text-align: justify\"><span style=\"font-size: 14px;color: #666666\">The course is open to strong international applicants with the required level of English. The course is almost entirely in English, with all exams and assessments in English, though at least a basic level of French is recommended for daily life. Offers will be made provisionally on the condition that applicants are able to secure a visa from the French government. Any questions specifically pertaining to the process of moving to Besan\u00e7on and registering with the university as an international student should be directed to the International Mobility coordinator : Ma\u00eflys Claudio, mailys.claudio@univ-fcomte.fr <br \/><\/span><\/p>\n<p>Registration fees for international students for the academic year of 2022\/2023 were \u20ac335.<\/p>\n<p>[\/et_pb_text][\/et_pb_column][\/et_pb_row][\/et_pb_section]<\/p>\n","protected":false},"excerpt":{"rendered":"<p>Welcome to the Ecology, Monitoring and Management of Ecosystems (EMME) International Master website!Bienvenue sur le site web du Master International Ecology, Monitoring and Management of Ecosystems (EMME) !Supported by the Investissements d&rsquo;Avenir programme, this degree has been offering an original range of theoretical and practical courses in ecology, conservation biology and ecosystem management since 2017. [&hellip;]<\/p>\n","protected":false},"author":4,"featured_media":0,"parent":0,"menu_order":0,"comment_status":"closed","ping_status":"closed","template":"","meta":{"_et_pb_use_builder":"on","_et_pb_old_content":"","_et_gb_content_width":"","footnotes":""},"yoast_head":"<!-- This site is optimized with the Yoast SEO plugin v22.8 - https:\/\/yoast.com\/wordpress\/plugins\/seo\/ -->\n<title>About - EMME<\/title>\n<meta name=\"robots\" content=\"index, follow, max-snippet:-1, max-image-preview:large, max-video-preview:-1\" \/>\n<link rel=\"canonical\" href=\"https:\/\/www.nature-conservation-ubfc.com\/emme\/en\/about\/\" \/>\n<meta property=\"og:locale\" content=\"fr_FR\" \/>\n<meta property=\"og:type\" content=\"article\" \/>\n<meta property=\"og:title\" content=\"About - EMME\" \/>\n<meta property=\"og:description\" content=\"Welcome to the Ecology, Monitoring and Management of Ecosystems (EMME) International Master website!Bienvenue sur le site web du Master International Ecology, Monitoring and Management of Ecosystems (EMME) !Supported by the Investissements d&#039;Avenir programme, this degree has been offering an original range of theoretical and practical courses in ecology, conservation biology and ecosystem management since 2017. [&hellip;]\" \/>\n<meta property=\"og:url\" content=\"https:\/\/www.nature-conservation-ubfc.com\/emme\/en\/about\/\" \/>\n<meta property=\"og:site_name\" content=\"EMME\" \/>\n<meta property=\"article:modified_time\" content=\"2025-03-27T13:27:20+00:00\" \/>\n<meta name=\"twitter:card\" content=\"summary_large_image\" \/>\n<meta name=\"twitter:label1\" content=\"Dur\u00e9e de lecture estim\u00e9e\" \/>\n\t<meta name=\"twitter:data1\" content=\"4 minutes\" \/>\n<script type=\"application\/ld+json\" class=\"yoast-schema-graph\">{\"@context\":\"https:\/\/schema.org\",\"@graph\":[{\"@type\":\"WebPage\",\"@id\":\"https:\/\/www.nature-conservation-ubfc.com\/emme\/en\/about\/\",\"url\":\"https:\/\/www.nature-conservation-ubfc.com\/emme\/en\/about\/\",\"name\":\"About - EMME\",\"isPartOf\":{\"@id\":\"https:\/\/www.nature-conservation-ubfc.com\/emme\/#website\"},\"datePublished\":\"2017-06-24T07:06:47+00:00\",\"dateModified\":\"2025-03-27T13:27:20+00:00\",\"breadcrumb\":{\"@id\":\"https:\/\/www.nature-conservation-ubfc.com\/emme\/en\/about\/#breadcrumb\"},\"inLanguage\":\"fr-FR\",\"potentialAction\":[{\"@type\":\"ReadAction\",\"target\":[\"https:\/\/www.nature-conservation-ubfc.com\/emme\/en\/about\/\"]}]},{\"@type\":\"BreadcrumbList\",\"@id\":\"https:\/\/www.nature-conservation-ubfc.com\/emme\/en\/about\/#breadcrumb\",\"itemListElement\":[{\"@type\":\"ListItem\",\"position\":1,\"name\":\"Accueil\",\"item\":\"https:\/\/www.nature-conservation-ubfc.com\/emme\/fr\/\"},{\"@type\":\"ListItem\",\"position\":2,\"name\":\"About\"}]},{\"@type\":\"WebSite\",\"@id\":\"https:\/\/www.nature-conservation-ubfc.com\/emme\/#website\",\"url\":\"https:\/\/www.nature-conservation-ubfc.com\/emme\/\",\"name\":\"EMME\",\"description\":\"\",\"potentialAction\":[{\"@type\":\"SearchAction\",\"target\":{\"@type\":\"EntryPoint\",\"urlTemplate\":\"https:\/\/www.nature-conservation-ubfc.com\/emme\/?s={search_term_string}\"},\"query-input\":\"required name=search_term_string\"}],\"inLanguage\":\"fr-FR\"}]}<\/script>\n<!-- \/ Yoast SEO plugin. -->","yoast_head_json":{"title":"About - EMME","robots":{"index":"index","follow":"follow","max-snippet":"max-snippet:-1","max-image-preview":"max-image-preview:large","max-video-preview":"max-video-preview:-1"},"canonical":"https:\/\/www.nature-conservation-ubfc.com\/emme\/en\/about\/","og_locale":"fr_FR","og_type":"article","og_title":"About - EMME","og_description":"Welcome to the Ecology, Monitoring and Management of Ecosystems (EMME) International Master website!Bienvenue sur le site web du Master International Ecology, Monitoring and Management of Ecosystems (EMME) !Supported by the Investissements d'Avenir programme, this degree has been offering an original range of theoretical and practical courses in ecology, conservation biology and ecosystem management since 2017. [&hellip;]","og_url":"https:\/\/www.nature-conservation-ubfc.com\/emme\/en\/about\/","og_site_name":"EMME","article_modified_time":"2025-03-27T13:27:20+00:00","twitter_card":"summary_large_image","twitter_misc":{"Dur\u00e9e de lecture estim\u00e9e":"4 minutes"},"schema":{"@context":"https:\/\/schema.org","@graph":[{"@type":"WebPage","@id":"https:\/\/www.nature-conservation-ubfc.com\/emme\/en\/about\/","url":"https:\/\/www.nature-conservation-ubfc.com\/emme\/en\/about\/","name":"About - EMME","isPartOf":{"@id":"https:\/\/www.nature-conservation-ubfc.com\/emme\/#website"},"datePublished":"2017-06-24T07:06:47+00:00","dateModified":"2025-03-27T13:27:20+00:00","breadcrumb":{"@id":"https:\/\/www.nature-conservation-ubfc.com\/emme\/en\/about\/#breadcrumb"},"inLanguage":"fr-FR","potentialAction":[{"@type":"ReadAction","target":["https:\/\/www.nature-conservation-ubfc.com\/emme\/en\/about\/"]}]},{"@type":"BreadcrumbList","@id":"https:\/\/www.nature-conservation-ubfc.com\/emme\/en\/about\/#breadcrumb","itemListElement":[{"@type":"ListItem","position":1,"name":"Accueil","item":"https:\/\/www.nature-conservation-ubfc.com\/emme\/fr\/"},{"@type":"ListItem","position":2,"name":"About"}]},{"@type":"WebSite","@id":"https:\/\/www.nature-conservation-ubfc.com\/emme\/#website","url":"https:\/\/www.nature-conservation-ubfc.com\/emme\/","name":"EMME","description":"","potentialAction":[{"@type":"SearchAction","target":{"@type":"EntryPoint","urlTemplate":"https:\/\/www.nature-conservation-ubfc.com\/emme\/?s={search_term_string}"},"query-input":"required name=search_term_string"}],"inLanguage":"fr-FR"}]}},"_links":{"self":[{"href":"https:\/\/www.nature-conservation-ubfc.com\/emme\/wp-json\/wp\/v2\/pages\/382"}],"collection":[{"href":"https:\/\/www.nature-conservation-ubfc.com\/emme\/wp-json\/wp\/v2\/pages"}],"about":[{"href":"https:\/\/www.nature-conservation-ubfc.com\/emme\/wp-json\/wp\/v2\/types\/page"}],"author":[{"embeddable":true,"href":"https:\/\/www.nature-conservation-ubfc.com\/emme\/wp-json\/wp\/v2\/users\/4"}],"replies":[{"embeddable":true,"href":"https:\/\/www.nature-conservation-ubfc.com\/emme\/wp-json\/wp\/v2\/comments?post=382"}],"version-history":[{"count":31,"href":"https:\/\/www.nature-conservation-ubfc.com\/emme\/wp-json\/wp\/v2\/pages\/382\/revisions"}],"predecessor-version":[{"id":2281,"href":"https:\/\/www.nature-conservation-ubfc.com\/emme\/wp-json\/wp\/v2\/pages\/382\/revisions\/2281"}],"wp:attachment":[{"href":"https:\/\/www.nature-conservation-ubfc.com\/emme\/wp-json\/wp\/v2\/media?parent=382"}],"curies":[{"name":"wp","href":"https:\/\/api.w.org\/{rel}","templated":true}]}}