{"id":352,"date":"2017-06-24T08:55:16","date_gmt":"2017-06-24T06:55:16","guid":{"rendered":"https:\/\/www.nature-conservation-ubfc.com\/emme\/?page_id=352"},"modified":"2017-09-02T11:38:47","modified_gmt":"2017-09-02T09:38:47","slug":"legal-notices","status":"publish","type":"page","link":"https:\/\/www.nature-conservation-ubfc.com\/emme\/en\/legal-notices\/","title":{"rendered":"Legal notices"},"content":{"rendered":"<p>[et_pb_section bb_built=\u00a0\u00bb1&Prime; admin_label=\u00a0\u00bbsection\u00a0\u00bb][et_pb_row admin_label=\u00a0\u00bbrow\u00a0\u00bb][et_pb_column type=\u00a0\u00bb4_4&Prime;][et_pb_text admin_label=\u00a0\u00bbTexte\u00a0\u00bb _builder_version=\u00a0\u00bb3.0.50&Prime; background_layout=\u00a0\u00bblight\u00a0\u00bb text_orientation=\u00a0\u00bbleft\u00a0\u00bb border_style=\u00a0\u00bbsolid\u00a0\u00bb]<\/p>\n<p><strong>Site owner:<\/strong><\/p>\n<p>Master\u00a0EMME<br \/>\nb\u00e2timent Gabriel, 3e \u00e9tage, aile nord<br \/>\nuniversit\u00e9 de Bourgogne<br \/>\n6 boulevard Gabriel<br \/>\n21000 Dijon<\/p>\n<p>&nbsp;<\/p>\n<p><strong>Website created by:<\/strong><\/p>\n<p>Webdesign : Alxdesign \u2013\u00a0<a href=\"http:\/\/www.alxdesign.com\" target=\"_blank\" rel=\"noopener noreferrer\">www.alxdesign.com<\/a><br \/>\nD\u00e9veloppement : 1dpixel &#8211; <a href=\"http:\/\/www.1dpixel.com\" target=\"_blank\" rel=\"noopener noreferrer\">www.1dpixel.com<\/a><\/p>\n<p>&nbsp;<\/p>\n<p><strong>Website hosted by:<\/strong><\/p>\n<p>1&amp;1 Internet S.A.R.L. au capital de 100.000 euros.<br \/>\nBrauerstr. 48<br \/>\n76135 Karlsruhe<br \/>\nAllemagne<br \/>\nT\u00e9l : 0825 080 020<\/p>\n<p>&nbsp;<\/p>\n<p><strong>Copyright<\/strong><\/p>\n<p>Unless explicitly stated to the contrary, all text, images, design and other content is copyright \u00a9 Universit\u00e9 de Bourgogne-Franche Comt\u00e9 and all rights are reserved, although individuals may download, retain and copy website content for their personal use only. Requests for any other reproduction of website content should be made to the Web Content and Editorial Team.<\/p>\n<p>&nbsp;<\/p>\n<p><strong>Legal rules \u00ab\u00a0Computing and Freedom\u00a0\u00bb<\/strong><\/p>\n<p>In accordance with the law \u201cComputing and Freedom\u201d (n\u00b0 78-17) of 6 January 1978, you have a right to ask for any modification, rectification or deleting of your personal data.<\/p>\n<p>&nbsp;<\/p>\n<p><strong>Hypertext links<\/strong><\/p>\n<p>All websites connected to our own website through a hypertext link (a hypertext link targeting the present site or established at the start of it), are not under the control of the f\u00e9d\u00e9ration r\u00e9gionale that accepts no liability for their content. The user is solely responsible for their use.<\/p>\n<p>&nbsp;<\/p>\n<p><strong>Cookies<\/strong><\/p>\n<p>We use cookies. Cookies help us to obtain statistics about how users interact with our site, to memorize information entered in application forms, and to manage and secure personal accesses.<br \/>\nYou may change your browser settings to delete and block cookies.<\/p>\n<p>[\/et_pb_text][\/et_pb_column][\/et_pb_row][\/et_pb_section]<\/p>\n","protected":false},"excerpt":{"rendered":"<p>Site owner: Master\u00a0EMME b\u00e2timent Gabriel, 3e \u00e9tage, aile nord universit\u00e9 de Bourgogne 6 boulevard Gabriel 21000 Dijon &nbsp; Website created by: Webdesign : Alxdesign \u2013\u00a0www.alxdesign.com D\u00e9veloppement : 1dpixel &#8211; www.1dpixel.com &nbsp; Website hosted by: 1&amp;1 Internet S.A.R.L. au capital de 100.000 euros. Brauerstr. 48 76135 Karlsruhe Allemagne T\u00e9l : 0825 080 020 &nbsp; Copyright Unless [&hellip;]<\/p>\n","protected":false},"author":4,"featured_media":0,"parent":0,"menu_order":0,"comment_status":"closed","ping_status":"closed","template":"","meta":{"_et_pb_use_builder":"on","_et_pb_old_content":"","_et_gb_content_width":"","footnotes":""},"yoast_head":"<!-- This site is optimized with the Yoast SEO plugin v22.8 - https:\/\/yoast.com\/wordpress\/plugins\/seo\/ -->\n<title>Legal notices - EMME<\/title>\n<meta name=\"robots\" content=\"index, follow, max-snippet:-1, max-image-preview:large, max-video-preview:-1\" \/>\n<link rel=\"canonical\" href=\"https:\/\/www.nature-conservation-ubfc.com\/emme\/en\/legal-notices\/\" \/>\n<meta property=\"og:locale\" content=\"fr_FR\" \/>\n<meta property=\"og:type\" content=\"article\" \/>\n<meta property=\"og:title\" content=\"Legal notices - EMME\" \/>\n<meta property=\"og:description\" content=\"Site owner: Master\u00a0EMME b\u00e2timent Gabriel, 3e \u00e9tage, aile nord universit\u00e9 de Bourgogne 6 boulevard Gabriel 21000 Dijon &nbsp; Website created by: Webdesign : Alxdesign \u2013\u00a0www.alxdesign.com D\u00e9veloppement : 1dpixel - www.1dpixel.com &nbsp; Website hosted by: 1&amp;1 Internet S.A.R.L. au capital de 100.000 euros. Brauerstr. 48 76135 Karlsruhe Allemagne T\u00e9l : 0825 080 020 &nbsp; Copyright Unless [&hellip;]\" \/>\n<meta property=\"og:url\" content=\"https:\/\/www.nature-conservation-ubfc.com\/emme\/en\/legal-notices\/\" \/>\n<meta property=\"og:site_name\" content=\"EMME\" \/>\n<meta property=\"article:modified_time\" content=\"2017-09-02T09:38:47+00:00\" \/>\n<meta name=\"twitter:card\" content=\"summary_large_image\" \/>\n<meta name=\"twitter:label1\" content=\"Dur\u00e9e de lecture estim\u00e9e\" \/>\n\t<meta name=\"twitter:data1\" content=\"1 minute\" \/>\n<script type=\"application\/ld+json\" class=\"yoast-schema-graph\">{\"@context\":\"https:\/\/schema.org\",\"@graph\":[{\"@type\":\"WebPage\",\"@id\":\"https:\/\/www.nature-conservation-ubfc.com\/emme\/en\/legal-notices\/\",\"url\":\"https:\/\/www.nature-conservation-ubfc.com\/emme\/en\/legal-notices\/\",\"name\":\"Legal notices - EMME\",\"isPartOf\":{\"@id\":\"https:\/\/www.nature-conservation-ubfc.com\/emme\/#website\"},\"datePublished\":\"2017-06-24T06:55:16+00:00\",\"dateModified\":\"2017-09-02T09:38:47+00:00\",\"breadcrumb\":{\"@id\":\"https:\/\/www.nature-conservation-ubfc.com\/emme\/en\/legal-notices\/#breadcrumb\"},\"inLanguage\":\"fr-FR\",\"potentialAction\":[{\"@type\":\"ReadAction\",\"target\":[\"https:\/\/www.nature-conservation-ubfc.com\/emme\/en\/legal-notices\/\"]}]},{\"@type\":\"BreadcrumbList\",\"@id\":\"https:\/\/www.nature-conservation-ubfc.com\/emme\/en\/legal-notices\/#breadcrumb\",\"itemListElement\":[{\"@type\":\"ListItem\",\"position\":1,\"name\":\"Accueil\",\"item\":\"https:\/\/www.nature-conservation-ubfc.com\/emme\/fr\/\"},{\"@type\":\"ListItem\",\"position\":2,\"name\":\"Legal notices\"}]},{\"@type\":\"WebSite\",\"@id\":\"https:\/\/www.nature-conservation-ubfc.com\/emme\/#website\",\"url\":\"https:\/\/www.nature-conservation-ubfc.com\/emme\/\",\"name\":\"EMME\",\"description\":\"\",\"potentialAction\":[{\"@type\":\"SearchAction\",\"target\":{\"@type\":\"EntryPoint\",\"urlTemplate\":\"https:\/\/www.nature-conservation-ubfc.com\/emme\/?s={search_term_string}\"},\"query-input\":\"required name=search_term_string\"}],\"inLanguage\":\"fr-FR\"}]}<\/script>\n<!-- \/ Yoast SEO plugin. -->","yoast_head_json":{"title":"Legal notices - EMME","robots":{"index":"index","follow":"follow","max-snippet":"max-snippet:-1","max-image-preview":"max-image-preview:large","max-video-preview":"max-video-preview:-1"},"canonical":"https:\/\/www.nature-conservation-ubfc.com\/emme\/en\/legal-notices\/","og_locale":"fr_FR","og_type":"article","og_title":"Legal notices - EMME","og_description":"Site owner: Master\u00a0EMME b\u00e2timent Gabriel, 3e \u00e9tage, aile nord universit\u00e9 de Bourgogne 6 boulevard Gabriel 21000 Dijon &nbsp; Website created by: Webdesign : Alxdesign \u2013\u00a0www.alxdesign.com D\u00e9veloppement : 1dpixel - www.1dpixel.com &nbsp; Website hosted by: 1&amp;1 Internet S.A.R.L. au capital de 100.000 euros. Brauerstr. 48 76135 Karlsruhe Allemagne T\u00e9l : 0825 080 020 &nbsp; Copyright Unless [&hellip;]","og_url":"https:\/\/www.nature-conservation-ubfc.com\/emme\/en\/legal-notices\/","og_site_name":"EMME","article_modified_time":"2017-09-02T09:38:47+00:00","twitter_card":"summary_large_image","twitter_misc":{"Dur\u00e9e de lecture estim\u00e9e":"1 minute"},"schema":{"@context":"https:\/\/schema.org","@graph":[{"@type":"WebPage","@id":"https:\/\/www.nature-conservation-ubfc.com\/emme\/en\/legal-notices\/","url":"https:\/\/www.nature-conservation-ubfc.com\/emme\/en\/legal-notices\/","name":"Legal notices - EMME","isPartOf":{"@id":"https:\/\/www.nature-conservation-ubfc.com\/emme\/#website"},"datePublished":"2017-06-24T06:55:16+00:00","dateModified":"2017-09-02T09:38:47+00:00","breadcrumb":{"@id":"https:\/\/www.nature-conservation-ubfc.com\/emme\/en\/legal-notices\/#breadcrumb"},"inLanguage":"fr-FR","potentialAction":[{"@type":"ReadAction","target":["https:\/\/www.nature-conservation-ubfc.com\/emme\/en\/legal-notices\/"]}]},{"@type":"BreadcrumbList","@id":"https:\/\/www.nature-conservation-ubfc.com\/emme\/en\/legal-notices\/#breadcrumb","itemListElement":[{"@type":"ListItem","position":1,"name":"Accueil","item":"https:\/\/www.nature-conservation-ubfc.com\/emme\/fr\/"},{"@type":"ListItem","position":2,"name":"Legal notices"}]},{"@type":"WebSite","@id":"https:\/\/www.nature-conservation-ubfc.com\/emme\/#website","url":"https:\/\/www.nature-conservation-ubfc.com\/emme\/","name":"EMME","description":"","potentialAction":[{"@type":"SearchAction","target":{"@type":"EntryPoint","urlTemplate":"https:\/\/www.nature-conservation-ubfc.com\/emme\/?s={search_term_string}"},"query-input":"required name=search_term_string"}],"inLanguage":"fr-FR"}]}},"_links":{"self":[{"href":"https:\/\/www.nature-conservation-ubfc.com\/emme\/wp-json\/wp\/v2\/pages\/352"}],"collection":[{"href":"https:\/\/www.nature-conservation-ubfc.com\/emme\/wp-json\/wp\/v2\/pages"}],"about":[{"href":"https:\/\/www.nature-conservation-ubfc.com\/emme\/wp-json\/wp\/v2\/types\/page"}],"author":[{"embeddable":true,"href":"https:\/\/www.nature-conservation-ubfc.com\/emme\/wp-json\/wp\/v2\/users\/4"}],"replies":[{"embeddable":true,"href":"https:\/\/www.nature-conservation-ubfc.com\/emme\/wp-json\/wp\/v2\/comments?post=352"}],"version-history":[{"count":1,"href":"https:\/\/www.nature-conservation-ubfc.com\/emme\/wp-json\/wp\/v2\/pages\/352\/revisions"}],"predecessor-version":[{"id":353,"href":"https:\/\/www.nature-conservation-ubfc.com\/emme\/wp-json\/wp\/v2\/pages\/352\/revisions\/353"}],"wp:attachment":[{"href":"https:\/\/www.nature-conservation-ubfc.com\/emme\/wp-json\/wp\/v2\/media?parent=352"}],"curies":[{"name":"wp","href":"https:\/\/api.w.org\/{rel}","templated":true}]}}