{"id":2212,"date":"2023-03-17T15:26:42","date_gmt":"2023-03-17T14:26:42","guid":{"rendered":"https:\/\/www.nature-conservation-ubfc.com\/emme\/?page_id=2212"},"modified":"2023-03-17T15:38:48","modified_gmt":"2023-03-17T14:38:48","slug":"master-en-alternance","status":"publish","type":"page","link":"https:\/\/www.nature-conservation-ubfc.com\/emme\/fr\/master-en-alternance\/","title":{"rendered":"Master en alternance"},"content":{"rendered":"<p>Il vous est possible de r\u00e9aliser votre Master en alternance en b\u00e9n\u00e9ficiant d&rsquo;un <strong>contrat d&rsquo;apprentissage<\/strong>.<\/p>\n<p>Vous devrez trouver un employeur, qui pourra b\u00e9n\u00e9ficier d&rsquo;aides financi\u00e8res. Vous serez alors un.e salari\u00e9.e de cette structure et b\u00e9n\u00e9ficierez de semaines lib\u00e9r\u00e9es pour suivre votre Master. Un.e tuteur universitaire sera charg\u00e9.e de vous accompagner durant votre Master.<\/p>\n<p>Vous pouvez vous r\u00e9f\u00e9rer aux <a href=\"https:\/\/sefocal.univ-fcomte.fr\/documents-utiles\/#docs-alternance\">Mementos<\/a> \u00e9labor\u00e9s par le <a href=\"https:\/\/sefocal.univ-fcomte.fr\/\">Service Formation Continue et Alternance<\/a> de l&rsquo;Universit\u00e9 de Franche-Comt\u00e9 pour toutes les informations utiles.<\/p>\n","protected":false},"excerpt":{"rendered":"<p>Il vous est possible de r\u00e9aliser votre Master en alternance en b\u00e9n\u00e9ficiant d&rsquo;un contrat d&rsquo;apprentissage. Vous devrez trouver un employeur, qui pourra b\u00e9n\u00e9ficier d&rsquo;aides financi\u00e8res. Vous serez alors un.e salari\u00e9.e de cette structure et b\u00e9n\u00e9ficierez de semaines lib\u00e9r\u00e9es pour suivre votre Master. Un.e tuteur universitaire sera charg\u00e9.e de vous accompagner durant votre Master. Vous pouvez [&hellip;]<\/p>\n","protected":false},"author":6,"featured_media":0,"parent":0,"menu_order":0,"comment_status":"closed","ping_status":"closed","template":"","meta":{"_et_pb_use_builder":"","_et_pb_old_content":"","_et_gb_content_width":"","footnotes":""},"yoast_head":"<!-- This site is optimized with the Yoast SEO plugin v22.8 - https:\/\/yoast.com\/wordpress\/plugins\/seo\/ -->\n<title>Master en alternance - EMME<\/title>\n<meta name=\"robots\" content=\"index, follow, max-snippet:-1, max-image-preview:large, max-video-preview:-1\" \/>\n<link rel=\"canonical\" href=\"https:\/\/www.nature-conservation-ubfc.com\/emme\/fr\/master-en-alternance\/\" \/>\n<meta property=\"og:locale\" content=\"fr_FR\" \/>\n<meta property=\"og:type\" content=\"article\" \/>\n<meta property=\"og:title\" content=\"Master en alternance - EMME\" \/>\n<meta property=\"og:description\" content=\"Il vous est possible de r\u00e9aliser votre Master en alternance en b\u00e9n\u00e9ficiant d&rsquo;un contrat d&rsquo;apprentissage. Vous devrez trouver un employeur, qui pourra b\u00e9n\u00e9ficier d&rsquo;aides financi\u00e8res. Vous serez alors un.e salari\u00e9.e de cette structure et b\u00e9n\u00e9ficierez de semaines lib\u00e9r\u00e9es pour suivre votre Master. Un.e tuteur universitaire sera charg\u00e9.e de vous accompagner durant votre Master. Vous pouvez [&hellip;]\" \/>\n<meta property=\"og:url\" content=\"https:\/\/www.nature-conservation-ubfc.com\/emme\/fr\/master-en-alternance\/\" \/>\n<meta property=\"og:site_name\" content=\"EMME\" \/>\n<meta property=\"article:modified_time\" content=\"2023-03-17T14:38:48+00:00\" \/>\n<meta name=\"twitter:card\" content=\"summary_large_image\" \/>\n<meta name=\"twitter:label1\" content=\"Dur\u00e9e de lecture estim\u00e9e\" \/>\n\t<meta name=\"twitter:data1\" content=\"1 minute\" \/>\n<script type=\"application\/ld+json\" class=\"yoast-schema-graph\">{\"@context\":\"https:\/\/schema.org\",\"@graph\":[{\"@type\":\"WebPage\",\"@id\":\"https:\/\/www.nature-conservation-ubfc.com\/emme\/fr\/master-en-alternance\/\",\"url\":\"https:\/\/www.nature-conservation-ubfc.com\/emme\/fr\/master-en-alternance\/\",\"name\":\"Master en alternance - EMME\",\"isPartOf\":{\"@id\":\"https:\/\/www.nature-conservation-ubfc.com\/emme\/#website\"},\"datePublished\":\"2023-03-17T14:26:42+00:00\",\"dateModified\":\"2023-03-17T14:38:48+00:00\",\"breadcrumb\":{\"@id\":\"https:\/\/www.nature-conservation-ubfc.com\/emme\/fr\/master-en-alternance\/#breadcrumb\"},\"inLanguage\":\"fr-FR\",\"potentialAction\":[{\"@type\":\"ReadAction\",\"target\":[\"https:\/\/www.nature-conservation-ubfc.com\/emme\/fr\/master-en-alternance\/\"]}]},{\"@type\":\"BreadcrumbList\",\"@id\":\"https:\/\/www.nature-conservation-ubfc.com\/emme\/fr\/master-en-alternance\/#breadcrumb\",\"itemListElement\":[{\"@type\":\"ListItem\",\"position\":1,\"name\":\"Accueil\",\"item\":\"https:\/\/www.nature-conservation-ubfc.com\/emme\/fr\/\"},{\"@type\":\"ListItem\",\"position\":2,\"name\":\"Master en alternance\"}]},{\"@type\":\"WebSite\",\"@id\":\"https:\/\/www.nature-conservation-ubfc.com\/emme\/#website\",\"url\":\"https:\/\/www.nature-conservation-ubfc.com\/emme\/\",\"name\":\"EMME\",\"description\":\"\",\"potentialAction\":[{\"@type\":\"SearchAction\",\"target\":{\"@type\":\"EntryPoint\",\"urlTemplate\":\"https:\/\/www.nature-conservation-ubfc.com\/emme\/?s={search_term_string}\"},\"query-input\":\"required name=search_term_string\"}],\"inLanguage\":\"fr-FR\"}]}<\/script>\n<!-- \/ Yoast SEO plugin. -->","yoast_head_json":{"title":"Master en alternance - EMME","robots":{"index":"index","follow":"follow","max-snippet":"max-snippet:-1","max-image-preview":"max-image-preview:large","max-video-preview":"max-video-preview:-1"},"canonical":"https:\/\/www.nature-conservation-ubfc.com\/emme\/fr\/master-en-alternance\/","og_locale":"fr_FR","og_type":"article","og_title":"Master en alternance - EMME","og_description":"Il vous est possible de r\u00e9aliser votre Master en alternance en b\u00e9n\u00e9ficiant d&rsquo;un contrat d&rsquo;apprentissage. Vous devrez trouver un employeur, qui pourra b\u00e9n\u00e9ficier d&rsquo;aides financi\u00e8res. Vous serez alors un.e salari\u00e9.e de cette structure et b\u00e9n\u00e9ficierez de semaines lib\u00e9r\u00e9es pour suivre votre Master. Un.e tuteur universitaire sera charg\u00e9.e de vous accompagner durant votre Master. Vous pouvez [&hellip;]","og_url":"https:\/\/www.nature-conservation-ubfc.com\/emme\/fr\/master-en-alternance\/","og_site_name":"EMME","article_modified_time":"2023-03-17T14:38:48+00:00","twitter_card":"summary_large_image","twitter_misc":{"Dur\u00e9e de lecture estim\u00e9e":"1 minute"},"schema":{"@context":"https:\/\/schema.org","@graph":[{"@type":"WebPage","@id":"https:\/\/www.nature-conservation-ubfc.com\/emme\/fr\/master-en-alternance\/","url":"https:\/\/www.nature-conservation-ubfc.com\/emme\/fr\/master-en-alternance\/","name":"Master en alternance - EMME","isPartOf":{"@id":"https:\/\/www.nature-conservation-ubfc.com\/emme\/#website"},"datePublished":"2023-03-17T14:26:42+00:00","dateModified":"2023-03-17T14:38:48+00:00","breadcrumb":{"@id":"https:\/\/www.nature-conservation-ubfc.com\/emme\/fr\/master-en-alternance\/#breadcrumb"},"inLanguage":"fr-FR","potentialAction":[{"@type":"ReadAction","target":["https:\/\/www.nature-conservation-ubfc.com\/emme\/fr\/master-en-alternance\/"]}]},{"@type":"BreadcrumbList","@id":"https:\/\/www.nature-conservation-ubfc.com\/emme\/fr\/master-en-alternance\/#breadcrumb","itemListElement":[{"@type":"ListItem","position":1,"name":"Accueil","item":"https:\/\/www.nature-conservation-ubfc.com\/emme\/fr\/"},{"@type":"ListItem","position":2,"name":"Master en alternance"}]},{"@type":"WebSite","@id":"https:\/\/www.nature-conservation-ubfc.com\/emme\/#website","url":"https:\/\/www.nature-conservation-ubfc.com\/emme\/","name":"EMME","description":"","potentialAction":[{"@type":"SearchAction","target":{"@type":"EntryPoint","urlTemplate":"https:\/\/www.nature-conservation-ubfc.com\/emme\/?s={search_term_string}"},"query-input":"required name=search_term_string"}],"inLanguage":"fr-FR"}]}},"_links":{"self":[{"href":"https:\/\/www.nature-conservation-ubfc.com\/emme\/wp-json\/wp\/v2\/pages\/2212"}],"collection":[{"href":"https:\/\/www.nature-conservation-ubfc.com\/emme\/wp-json\/wp\/v2\/pages"}],"about":[{"href":"https:\/\/www.nature-conservation-ubfc.com\/emme\/wp-json\/wp\/v2\/types\/page"}],"author":[{"embeddable":true,"href":"https:\/\/www.nature-conservation-ubfc.com\/emme\/wp-json\/wp\/v2\/users\/6"}],"replies":[{"embeddable":true,"href":"https:\/\/www.nature-conservation-ubfc.com\/emme\/wp-json\/wp\/v2\/comments?post=2212"}],"version-history":[{"count":5,"href":"https:\/\/www.nature-conservation-ubfc.com\/emme\/wp-json\/wp\/v2\/pages\/2212\/revisions"}],"predecessor-version":[{"id":2219,"href":"https:\/\/www.nature-conservation-ubfc.com\/emme\/wp-json\/wp\/v2\/pages\/2212\/revisions\/2219"}],"wp:attachment":[{"href":"https:\/\/www.nature-conservation-ubfc.com\/emme\/wp-json\/wp\/v2\/media?parent=2212"}],"curies":[{"name":"wp","href":"https:\/\/api.w.org\/{rel}","templated":true}]}}