{"id":2039,"date":"2023-01-20T10:17:52","date_gmt":"2023-01-20T09:17:52","guid":{"rendered":"https:\/\/www.nature-conservation-ubfc.com\/emme\/?page_id=2039"},"modified":"2023-01-20T10:17:52","modified_gmt":"2023-01-20T09:17:52","slug":"structures-daccueil-de-stages","status":"publish","type":"page","link":"https:\/\/www.nature-conservation-ubfc.com\/emme\/fr\/structures-daccueil-de-stages\/","title":{"rendered":"Structures d&rsquo;Accueil de Stages"},"content":{"rendered":"<p>Les \u00e9tudiants du programme EMME sont tenus d&rsquo;effectuer deux stages au cours de leur Master. En M1, ce stage dure 2-3 mois et compte pour 6 ECTS, alors qu&rsquo;en M2 il dure 4-6 mois (un semestre entier) et compte pour 30 ECTS (la moiti\u00e9 des cr\u00e9dits de l&rsquo;ann\u00e9e M2). Les stages peuvent \u00eatre effectu\u00e9s dans des structures d&rsquo;accueil bas\u00e9es en France ou \u00e0 l&rsquo;\u00e9tranger.<\/p>\n<h3><span style=\"vertical-align: inherit\">Localisations des Structures d&rsquo;Accueil:<\/span><\/h3>\n<p>Une carte interactive des structures d&rsquo;h\u00e9bergement pr\u00e9c\u00e9dentes se trouve ci-dessous. Cliquez sur la carte pour explorer<\/p>\n<p>&nbsp;<\/p>\n<div id=\"attachment_1738\" style=\"width: 1340px\" class=\"wp-caption alignright\"><a href=\"https:\/\/www.google.com\/maps\/d\/u\/0\/edit?mid=1H_MCJRZNT3-Fqwq8lc-_9fo1Qdsw0Gg&amp;usp=sharing\"><img loading=\"lazy\" decoding=\"async\" aria-describedby=\"caption-attachment-1738\" class=\"wp-image-1738 size-full\" src=\"https:\/\/www.nature-conservation-ubfc.com\/emme\/wp-content\/uploads\/sites\/4\/2023\/01\/Map-of-Internship-hosting-structures.jpg\" alt=\"\" width=\"1330\" height=\"742\" srcset=\"https:\/\/www.nature-conservation-ubfc.com\/emme\/wp-content\/uploads\/sites\/4\/2023\/01\/Map-of-Internship-hosting-structures.jpg 1330w, https:\/\/www.nature-conservation-ubfc.com\/emme\/wp-content\/uploads\/sites\/4\/2023\/01\/Map-of-Internship-hosting-structures-1280x714.jpg 1280w, https:\/\/www.nature-conservation-ubfc.com\/emme\/wp-content\/uploads\/sites\/4\/2023\/01\/Map-of-Internship-hosting-structures-980x547.jpg 980w, https:\/\/www.nature-conservation-ubfc.com\/emme\/wp-content\/uploads\/sites\/4\/2023\/01\/Map-of-Internship-hosting-structures-480x268.jpg 480w\" sizes=\"(min-width: 0px) and (max-width: 480px) 480px, (min-width: 481px) and (max-width: 980px) 980px, (min-width: 981px) and (max-width: 1280px) 1280px, (min-width: 1281px) 1330px, 100vw\" \/><\/a><p id=\"caption-attachment-1738\" class=\"wp-caption-text\">Carte interactive des structures d&rsquo;accueil des stages (cr\u00e9\u00e9e avec Google My Maps)<\/p><\/div>\n<p>&nbsp;<\/p>\n","protected":false},"excerpt":{"rendered":"<p>Les \u00e9tudiants du programme EMME sont tenus d&rsquo;effectuer deux stages au cours de leur Master. En M1, ce stage dure 2-3 mois et compte pour 6 ECTS, alors qu&rsquo;en M2 il dure 4-6 mois (un semestre entier) et compte pour 30 ECTS (la moiti\u00e9 des cr\u00e9dits de l&rsquo;ann\u00e9e M2). Les stages peuvent \u00eatre effectu\u00e9s dans [&hellip;]<\/p>\n","protected":false},"author":6,"featured_media":0,"parent":0,"menu_order":1,"comment_status":"closed","ping_status":"closed","template":"","meta":{"_et_pb_use_builder":"","_et_pb_old_content":"","_et_gb_content_width":"","footnotes":""},"yoast_head":"<!-- This site is optimized with the Yoast SEO plugin v22.8 - https:\/\/yoast.com\/wordpress\/plugins\/seo\/ -->\n<title>Structures d&#039;Accueil de Stages - EMME<\/title>\n<meta name=\"robots\" content=\"index, follow, max-snippet:-1, max-image-preview:large, max-video-preview:-1\" \/>\n<link rel=\"canonical\" href=\"https:\/\/www.nature-conservation-ubfc.com\/emme\/fr\/structures-daccueil-de-stages\/\" \/>\n<meta property=\"og:locale\" content=\"fr_FR\" \/>\n<meta property=\"og:type\" content=\"article\" \/>\n<meta property=\"og:title\" content=\"Structures d&#039;Accueil de Stages - EMME\" \/>\n<meta property=\"og:description\" content=\"Les \u00e9tudiants du programme EMME sont tenus d&rsquo;effectuer deux stages au cours de leur Master. En M1, ce stage dure 2-3 mois et compte pour 6 ECTS, alors qu&rsquo;en M2 il dure 4-6 mois (un semestre entier) et compte pour 30 ECTS (la moiti\u00e9 des cr\u00e9dits de l&rsquo;ann\u00e9e M2). Les stages peuvent \u00eatre effectu\u00e9s dans [&hellip;]\" \/>\n<meta property=\"og:url\" content=\"https:\/\/www.nature-conservation-ubfc.com\/emme\/fr\/structures-daccueil-de-stages\/\" \/>\n<meta property=\"og:site_name\" content=\"EMME\" \/>\n<meta property=\"og:image\" content=\"https:\/\/www.nature-conservation-ubfc.com\/emme\/wp-content\/uploads\/sites\/4\/2023\/01\/Map-of-Internship-hosting-structures.jpg\" \/>\n<meta name=\"twitter:card\" content=\"summary_large_image\" \/>\n<meta name=\"twitter:label1\" content=\"Dur\u00e9e de lecture estim\u00e9e\" \/>\n\t<meta name=\"twitter:data1\" content=\"1 minute\" \/>\n<script type=\"application\/ld+json\" class=\"yoast-schema-graph\">{\"@context\":\"https:\/\/schema.org\",\"@graph\":[{\"@type\":\"WebPage\",\"@id\":\"https:\/\/www.nature-conservation-ubfc.com\/emme\/fr\/structures-daccueil-de-stages\/\",\"url\":\"https:\/\/www.nature-conservation-ubfc.com\/emme\/fr\/structures-daccueil-de-stages\/\",\"name\":\"Structures d'Accueil de Stages - EMME\",\"isPartOf\":{\"@id\":\"https:\/\/www.nature-conservation-ubfc.com\/emme\/#website\"},\"primaryImageOfPage\":{\"@id\":\"https:\/\/www.nature-conservation-ubfc.com\/emme\/fr\/structures-daccueil-de-stages\/#primaryimage\"},\"image\":{\"@id\":\"https:\/\/www.nature-conservation-ubfc.com\/emme\/fr\/structures-daccueil-de-stages\/#primaryimage\"},\"thumbnailUrl\":\"https:\/\/www.nature-conservation-ubfc.com\/emme\/wp-content\/uploads\/sites\/4\/2023\/01\/Map-of-Internship-hosting-structures.jpg\",\"datePublished\":\"2023-01-20T09:17:52+00:00\",\"dateModified\":\"2023-01-20T09:17:52+00:00\",\"breadcrumb\":{\"@id\":\"https:\/\/www.nature-conservation-ubfc.com\/emme\/fr\/structures-daccueil-de-stages\/#breadcrumb\"},\"inLanguage\":\"fr-FR\",\"potentialAction\":[{\"@type\":\"ReadAction\",\"target\":[\"https:\/\/www.nature-conservation-ubfc.com\/emme\/fr\/structures-daccueil-de-stages\/\"]}]},{\"@type\":\"ImageObject\",\"inLanguage\":\"fr-FR\",\"@id\":\"https:\/\/www.nature-conservation-ubfc.com\/emme\/fr\/structures-daccueil-de-stages\/#primaryimage\",\"url\":\"https:\/\/www.nature-conservation-ubfc.com\/emme\/wp-content\/uploads\/sites\/4\/2023\/01\/Map-of-Internship-hosting-structures.jpg\",\"contentUrl\":\"https:\/\/www.nature-conservation-ubfc.com\/emme\/wp-content\/uploads\/sites\/4\/2023\/01\/Map-of-Internship-hosting-structures.jpg\",\"width\":1330,\"height\":742},{\"@type\":\"BreadcrumbList\",\"@id\":\"https:\/\/www.nature-conservation-ubfc.com\/emme\/fr\/structures-daccueil-de-stages\/#breadcrumb\",\"itemListElement\":[{\"@type\":\"ListItem\",\"position\":1,\"name\":\"Accueil\",\"item\":\"https:\/\/www.nature-conservation-ubfc.com\/emme\/fr\/\"},{\"@type\":\"ListItem\",\"position\":2,\"name\":\"Structures d&#8217;Accueil de Stages\"}]},{\"@type\":\"WebSite\",\"@id\":\"https:\/\/www.nature-conservation-ubfc.com\/emme\/#website\",\"url\":\"https:\/\/www.nature-conservation-ubfc.com\/emme\/\",\"name\":\"EMME\",\"description\":\"\",\"potentialAction\":[{\"@type\":\"SearchAction\",\"target\":{\"@type\":\"EntryPoint\",\"urlTemplate\":\"https:\/\/www.nature-conservation-ubfc.com\/emme\/?s={search_term_string}\"},\"query-input\":\"required name=search_term_string\"}],\"inLanguage\":\"fr-FR\"}]}<\/script>\n<!-- \/ Yoast SEO plugin. -->","yoast_head_json":{"title":"Structures d'Accueil de Stages - EMME","robots":{"index":"index","follow":"follow","max-snippet":"max-snippet:-1","max-image-preview":"max-image-preview:large","max-video-preview":"max-video-preview:-1"},"canonical":"https:\/\/www.nature-conservation-ubfc.com\/emme\/fr\/structures-daccueil-de-stages\/","og_locale":"fr_FR","og_type":"article","og_title":"Structures d'Accueil de Stages - EMME","og_description":"Les \u00e9tudiants du programme EMME sont tenus d&rsquo;effectuer deux stages au cours de leur Master. En M1, ce stage dure 2-3 mois et compte pour 6 ECTS, alors qu&rsquo;en M2 il dure 4-6 mois (un semestre entier) et compte pour 30 ECTS (la moiti\u00e9 des cr\u00e9dits de l&rsquo;ann\u00e9e M2). Les stages peuvent \u00eatre effectu\u00e9s dans [&hellip;]","og_url":"https:\/\/www.nature-conservation-ubfc.com\/emme\/fr\/structures-daccueil-de-stages\/","og_site_name":"EMME","og_image":[{"url":"https:\/\/www.nature-conservation-ubfc.com\/emme\/wp-content\/uploads\/sites\/4\/2023\/01\/Map-of-Internship-hosting-structures.jpg"}],"twitter_card":"summary_large_image","twitter_misc":{"Dur\u00e9e de lecture estim\u00e9e":"1 minute"},"schema":{"@context":"https:\/\/schema.org","@graph":[{"@type":"WebPage","@id":"https:\/\/www.nature-conservation-ubfc.com\/emme\/fr\/structures-daccueil-de-stages\/","url":"https:\/\/www.nature-conservation-ubfc.com\/emme\/fr\/structures-daccueil-de-stages\/","name":"Structures d'Accueil de Stages - EMME","isPartOf":{"@id":"https:\/\/www.nature-conservation-ubfc.com\/emme\/#website"},"primaryImageOfPage":{"@id":"https:\/\/www.nature-conservation-ubfc.com\/emme\/fr\/structures-daccueil-de-stages\/#primaryimage"},"image":{"@id":"https:\/\/www.nature-conservation-ubfc.com\/emme\/fr\/structures-daccueil-de-stages\/#primaryimage"},"thumbnailUrl":"https:\/\/www.nature-conservation-ubfc.com\/emme\/wp-content\/uploads\/sites\/4\/2023\/01\/Map-of-Internship-hosting-structures.jpg","datePublished":"2023-01-20T09:17:52+00:00","dateModified":"2023-01-20T09:17:52+00:00","breadcrumb":{"@id":"https:\/\/www.nature-conservation-ubfc.com\/emme\/fr\/structures-daccueil-de-stages\/#breadcrumb"},"inLanguage":"fr-FR","potentialAction":[{"@type":"ReadAction","target":["https:\/\/www.nature-conservation-ubfc.com\/emme\/fr\/structures-daccueil-de-stages\/"]}]},{"@type":"ImageObject","inLanguage":"fr-FR","@id":"https:\/\/www.nature-conservation-ubfc.com\/emme\/fr\/structures-daccueil-de-stages\/#primaryimage","url":"https:\/\/www.nature-conservation-ubfc.com\/emme\/wp-content\/uploads\/sites\/4\/2023\/01\/Map-of-Internship-hosting-structures.jpg","contentUrl":"https:\/\/www.nature-conservation-ubfc.com\/emme\/wp-content\/uploads\/sites\/4\/2023\/01\/Map-of-Internship-hosting-structures.jpg","width":1330,"height":742},{"@type":"BreadcrumbList","@id":"https:\/\/www.nature-conservation-ubfc.com\/emme\/fr\/structures-daccueil-de-stages\/#breadcrumb","itemListElement":[{"@type":"ListItem","position":1,"name":"Accueil","item":"https:\/\/www.nature-conservation-ubfc.com\/emme\/fr\/"},{"@type":"ListItem","position":2,"name":"Structures d&#8217;Accueil de Stages"}]},{"@type":"WebSite","@id":"https:\/\/www.nature-conservation-ubfc.com\/emme\/#website","url":"https:\/\/www.nature-conservation-ubfc.com\/emme\/","name":"EMME","description":"","potentialAction":[{"@type":"SearchAction","target":{"@type":"EntryPoint","urlTemplate":"https:\/\/www.nature-conservation-ubfc.com\/emme\/?s={search_term_string}"},"query-input":"required name=search_term_string"}],"inLanguage":"fr-FR"}]}},"_links":{"self":[{"href":"https:\/\/www.nature-conservation-ubfc.com\/emme\/wp-json\/wp\/v2\/pages\/2039"}],"collection":[{"href":"https:\/\/www.nature-conservation-ubfc.com\/emme\/wp-json\/wp\/v2\/pages"}],"about":[{"href":"https:\/\/www.nature-conservation-ubfc.com\/emme\/wp-json\/wp\/v2\/types\/page"}],"author":[{"embeddable":true,"href":"https:\/\/www.nature-conservation-ubfc.com\/emme\/wp-json\/wp\/v2\/users\/6"}],"replies":[{"embeddable":true,"href":"https:\/\/www.nature-conservation-ubfc.com\/emme\/wp-json\/wp\/v2\/comments?post=2039"}],"version-history":[{"count":1,"href":"https:\/\/www.nature-conservation-ubfc.com\/emme\/wp-json\/wp\/v2\/pages\/2039\/revisions"}],"predecessor-version":[{"id":2040,"href":"https:\/\/www.nature-conservation-ubfc.com\/emme\/wp-json\/wp\/v2\/pages\/2039\/revisions\/2040"}],"wp:attachment":[{"href":"https:\/\/www.nature-conservation-ubfc.com\/emme\/wp-json\/wp\/v2\/media?parent=2039"}],"curies":[{"name":"wp","href":"https:\/\/api.w.org\/{rel}","templated":true}]}}