{"id":125,"date":"2017-05-31T20:22:27","date_gmt":"2017-05-31T18:22:27","guid":{"rendered":"https:\/\/www.nature-conservation-ubfc.com\/emme\/?page_id=125"},"modified":"2023-01-18T16:07:10","modified_gmt":"2023-01-18T15:07:10","slug":"offres-de-stage","status":"publish","type":"page","link":"https:\/\/www.nature-conservation-ubfc.com\/emme\/fr\/offres-de-stage\/","title":{"rendered":"Stages"},"content":{"rendered":"<p>[et_pb_section bb_built=\u00a0\u00bb1&Prime; admin_label=\u00a0\u00bbsection\u00a0\u00bb inner_width=\u00a0\u00bb90%\u00a0\u00bb inner_max_width=\u00a0\u00bb1200px\u00a0\u00bb][et_pb_row admin_label=\u00a0\u00bbrow\u00a0\u00bb background_position=\u00a0\u00bbtop_left\u00a0\u00bb background_repeat=\u00a0\u00bbrepeat\u00a0\u00bb background_size=\u00a0\u00bbinitial\u00a0\u00bb width=\u00a0\u00bb90%\u00a0\u00bb max_width=\u00a0\u00bb1200px\u00a0\u00bb][et_pb_column type=\u00a0\u00bb4_4&Prime; custom_padding__hover=\u00a0\u00bb|||\u00a0\u00bb custom_padding=\u00a0\u00bb|||\u00a0\u00bb][et_pb_text admin_label=\u00a0\u00bbTexte\u00a0\u00bb _builder_version=\u00a0\u00bb4.11.4&Prime; background_layout=\u00a0\u00bblight\u00a0\u00bb text_orientation=\u00a0\u00bbleft\u00a0\u00bb]<\/p>\n<p>Les \u00e9tudiants du programme EMME sont tenus d&rsquo;effectuer deux stages au cours de leur Master. En M1, ce stage dure 2-3 mois et compte pour 6 ECTS, alors qu&rsquo;en M2 il dure 4-6 mois (repr\u00e9sentant un semestre entier) et compte pour 30 ECTS (la moiti\u00e9 des cr\u00e9dits du ann\u00e9e M2). Les stages peuvent \u00eatre effectu\u00e9s dans des structures d&rsquo;accueil bas\u00e9es en France ou \u00e0 l&rsquo;\u00e9tranger.<\/p>\n<p>[\/et_pb_text][et_pb_blog _builder_version=\u00a0\u00bb3.0.50&Prime; include_categories=\u00a0\u00bb11&Prime; show_content=\u00a0\u00bboff\u00a0\u00bb offset_number=\u00a0\u00bb0&Prime; show_thumbnail=\u00a0\u00bbon\u00a0\u00bb show_more=\u00a0\u00bbon\u00a0\u00bb show_author=\u00a0\u00bboff\u00a0\u00bb show_date=\u00a0\u00bboff\u00a0\u00bb show_categories=\u00a0\u00bboff\u00a0\u00bb show_comments=\u00a0\u00bboff\u00a0\u00bb show_pagination=\u00a0\u00bbon\u00a0\u00bb fullwidth=\u00a0\u00bboff\u00a0\u00bb use_dropshadow=\u00a0\u00bboff\u00a0\u00bb use_overlay=\u00a0\u00bbon\u00a0\u00bb background_layout=\u00a0\u00bblight\u00a0\u00bb border_style=\u00a0\u00bbsolid\u00a0\u00bb \/][\/et_pb_column][\/et_pb_row][\/et_pb_section]<\/p>\n","protected":false},"excerpt":{"rendered":"<p>Les \u00e9tudiants du programme EMME sont tenus d&rsquo;effectuer deux stages au cours de leur Master. En M1, ce stage dure 2-3 mois et compte pour 6 ECTS, alors qu&rsquo;en M2 il dure 4-6 mois (repr\u00e9sentant un semestre entier) et compte pour 30 ECTS (la moiti\u00e9 des cr\u00e9dits du ann\u00e9e M2). Les stages peuvent \u00eatre effectu\u00e9s [&hellip;]<\/p>\n","protected":false},"author":4,"featured_media":0,"parent":0,"menu_order":0,"comment_status":"closed","ping_status":"closed","template":"","meta":{"_et_pb_use_builder":"on","_et_pb_old_content":"","_et_gb_content_width":"","footnotes":""},"yoast_head":"<!-- This site is optimized with the Yoast SEO plugin v22.8 - https:\/\/yoast.com\/wordpress\/plugins\/seo\/ -->\n<title>Stages - EMME<\/title>\n<meta name=\"robots\" content=\"index, follow, max-snippet:-1, max-image-preview:large, max-video-preview:-1\" \/>\n<link rel=\"canonical\" href=\"https:\/\/www.nature-conservation-ubfc.com\/emme\/fr\/offres-de-stage\/\" \/>\n<meta property=\"og:locale\" content=\"fr_FR\" \/>\n<meta property=\"og:type\" content=\"article\" \/>\n<meta property=\"og:title\" content=\"Stages - EMME\" \/>\n<meta property=\"og:description\" content=\"Les \u00e9tudiants du programme EMME sont tenus d&#039;effectuer deux stages au cours de leur Master. En M1, ce stage dure 2-3 mois et compte pour 6 ECTS, alors qu&#039;en M2 il dure 4-6 mois (repr\u00e9sentant un semestre entier) et compte pour 30 ECTS (la moiti\u00e9 des cr\u00e9dits du ann\u00e9e M2). Les stages peuvent \u00eatre effectu\u00e9s [&hellip;]\" \/>\n<meta property=\"og:url\" content=\"https:\/\/www.nature-conservation-ubfc.com\/emme\/fr\/offres-de-stage\/\" \/>\n<meta property=\"og:site_name\" content=\"EMME\" \/>\n<meta property=\"article:modified_time\" content=\"2023-01-18T15:07:10+00:00\" \/>\n<meta name=\"twitter:card\" content=\"summary_large_image\" \/>\n<meta name=\"twitter:label1\" content=\"Dur\u00e9e de lecture estim\u00e9e\" \/>\n\t<meta name=\"twitter:data1\" content=\"1 minute\" \/>\n<script type=\"application\/ld+json\" class=\"yoast-schema-graph\">{\"@context\":\"https:\/\/schema.org\",\"@graph\":[{\"@type\":\"WebPage\",\"@id\":\"https:\/\/www.nature-conservation-ubfc.com\/emme\/fr\/offres-de-stage\/\",\"url\":\"https:\/\/www.nature-conservation-ubfc.com\/emme\/fr\/offres-de-stage\/\",\"name\":\"Stages - EMME\",\"isPartOf\":{\"@id\":\"https:\/\/www.nature-conservation-ubfc.com\/emme\/#website\"},\"datePublished\":\"2017-05-31T18:22:27+00:00\",\"dateModified\":\"2023-01-18T15:07:10+00:00\",\"breadcrumb\":{\"@id\":\"https:\/\/www.nature-conservation-ubfc.com\/emme\/fr\/offres-de-stage\/#breadcrumb\"},\"inLanguage\":\"fr-FR\",\"potentialAction\":[{\"@type\":\"ReadAction\",\"target\":[\"https:\/\/www.nature-conservation-ubfc.com\/emme\/fr\/offres-de-stage\/\"]}]},{\"@type\":\"BreadcrumbList\",\"@id\":\"https:\/\/www.nature-conservation-ubfc.com\/emme\/fr\/offres-de-stage\/#breadcrumb\",\"itemListElement\":[{\"@type\":\"ListItem\",\"position\":1,\"name\":\"Accueil\",\"item\":\"https:\/\/www.nature-conservation-ubfc.com\/emme\/fr\/\"},{\"@type\":\"ListItem\",\"position\":2,\"name\":\"Stages\"}]},{\"@type\":\"WebSite\",\"@id\":\"https:\/\/www.nature-conservation-ubfc.com\/emme\/#website\",\"url\":\"https:\/\/www.nature-conservation-ubfc.com\/emme\/\",\"name\":\"EMME\",\"description\":\"\",\"potentialAction\":[{\"@type\":\"SearchAction\",\"target\":{\"@type\":\"EntryPoint\",\"urlTemplate\":\"https:\/\/www.nature-conservation-ubfc.com\/emme\/?s={search_term_string}\"},\"query-input\":\"required name=search_term_string\"}],\"inLanguage\":\"fr-FR\"}]}<\/script>\n<!-- \/ Yoast SEO plugin. -->","yoast_head_json":{"title":"Stages - EMME","robots":{"index":"index","follow":"follow","max-snippet":"max-snippet:-1","max-image-preview":"max-image-preview:large","max-video-preview":"max-video-preview:-1"},"canonical":"https:\/\/www.nature-conservation-ubfc.com\/emme\/fr\/offres-de-stage\/","og_locale":"fr_FR","og_type":"article","og_title":"Stages - EMME","og_description":"Les \u00e9tudiants du programme EMME sont tenus d'effectuer deux stages au cours de leur Master. En M1, ce stage dure 2-3 mois et compte pour 6 ECTS, alors qu'en M2 il dure 4-6 mois (repr\u00e9sentant un semestre entier) et compte pour 30 ECTS (la moiti\u00e9 des cr\u00e9dits du ann\u00e9e M2). Les stages peuvent \u00eatre effectu\u00e9s [&hellip;]","og_url":"https:\/\/www.nature-conservation-ubfc.com\/emme\/fr\/offres-de-stage\/","og_site_name":"EMME","article_modified_time":"2023-01-18T15:07:10+00:00","twitter_card":"summary_large_image","twitter_misc":{"Dur\u00e9e de lecture estim\u00e9e":"1 minute"},"schema":{"@context":"https:\/\/schema.org","@graph":[{"@type":"WebPage","@id":"https:\/\/www.nature-conservation-ubfc.com\/emme\/fr\/offres-de-stage\/","url":"https:\/\/www.nature-conservation-ubfc.com\/emme\/fr\/offres-de-stage\/","name":"Stages - EMME","isPartOf":{"@id":"https:\/\/www.nature-conservation-ubfc.com\/emme\/#website"},"datePublished":"2017-05-31T18:22:27+00:00","dateModified":"2023-01-18T15:07:10+00:00","breadcrumb":{"@id":"https:\/\/www.nature-conservation-ubfc.com\/emme\/fr\/offres-de-stage\/#breadcrumb"},"inLanguage":"fr-FR","potentialAction":[{"@type":"ReadAction","target":["https:\/\/www.nature-conservation-ubfc.com\/emme\/fr\/offres-de-stage\/"]}]},{"@type":"BreadcrumbList","@id":"https:\/\/www.nature-conservation-ubfc.com\/emme\/fr\/offres-de-stage\/#breadcrumb","itemListElement":[{"@type":"ListItem","position":1,"name":"Accueil","item":"https:\/\/www.nature-conservation-ubfc.com\/emme\/fr\/"},{"@type":"ListItem","position":2,"name":"Stages"}]},{"@type":"WebSite","@id":"https:\/\/www.nature-conservation-ubfc.com\/emme\/#website","url":"https:\/\/www.nature-conservation-ubfc.com\/emme\/","name":"EMME","description":"","potentialAction":[{"@type":"SearchAction","target":{"@type":"EntryPoint","urlTemplate":"https:\/\/www.nature-conservation-ubfc.com\/emme\/?s={search_term_string}"},"query-input":"required name=search_term_string"}],"inLanguage":"fr-FR"}]}},"_links":{"self":[{"href":"https:\/\/www.nature-conservation-ubfc.com\/emme\/wp-json\/wp\/v2\/pages\/125"}],"collection":[{"href":"https:\/\/www.nature-conservation-ubfc.com\/emme\/wp-json\/wp\/v2\/pages"}],"about":[{"href":"https:\/\/www.nature-conservation-ubfc.com\/emme\/wp-json\/wp\/v2\/types\/page"}],"author":[{"embeddable":true,"href":"https:\/\/www.nature-conservation-ubfc.com\/emme\/wp-json\/wp\/v2\/users\/4"}],"replies":[{"embeddable":true,"href":"https:\/\/www.nature-conservation-ubfc.com\/emme\/wp-json\/wp\/v2\/comments?post=125"}],"version-history":[{"count":8,"href":"https:\/\/www.nature-conservation-ubfc.com\/emme\/wp-json\/wp\/v2\/pages\/125\/revisions"}],"predecessor-version":[{"id":1984,"href":"https:\/\/www.nature-conservation-ubfc.com\/emme\/wp-json\/wp\/v2\/pages\/125\/revisions\/1984"}],"wp:attachment":[{"href":"https:\/\/www.nature-conservation-ubfc.com\/emme\/wp-json\/wp\/v2\/media?parent=125"}],"curies":[{"name":"wp","href":"https:\/\/api.w.org\/{rel}","templated":true}]}}