{"id":1197,"date":"2019-04-02T10:28:25","date_gmt":"2019-04-02T08:28:25","guid":{"rendered":"https:\/\/www.nature-conservation-ubfc.com\/emme\/?page_id=1197"},"modified":"2019-04-02T10:28:25","modified_gmt":"2019-04-02T08:28:25","slug":"comportement-bien-etre-et-maladie-des-mammiferes-urbains-a-brighton","status":"publish","type":"page","link":"https:\/\/www.nature-conservation-ubfc.com\/emme\/fr\/comportement-bien-etre-et-maladie-des-mammiferes-urbains-a-brighton\/","title":{"rendered":"Comportement, bien-\u00eatre et maladie des mammif\u00e8res urbains \u00e0 Brighton"},"content":{"rendered":"<h3 style=\"text-align: justify\">Structure d&rsquo;accueil :<\/h3>\n<p style=\"text-align: justify\">Universit\u00e9 de Brighton, UK.<\/p>\n<h3 style=\"text-align: justify\">Contexte :<\/h3>\n<p style=\"text-align: justify\">Le groupe de recherche concern\u00e9 par ce stage \u00e9tudie les diff\u00e9rents aspects li\u00e9s aux populations de mammif\u00e8res dans les villages et villes du Royaume-Uni, en se concentrant sur Brighton. Cette \u00e9quipe de recherche poss\u00e8de un nombre important de jeux de donn\u00e9es qui requi\u00e8rent une aide dans le traitement (statistique), et qui se pr\u00e9sentent pour la plupart sous forme de i) donn\u00e9es de suivi GPS de renards, blaireaux et h\u00e9rissons, et ii) de photos et vid\u00e9os de renards et mollusques gast\u00e9ropodes acc\u00e9dant aux m\u00eames ressources alimentaires.<\/p>\n<h3 style=\"text-align: justify\">Objectifs scientifiques :<\/h3>\n<ul style=\"text-align: justify;list-style-type: disc\">\n<li>D\u00e9termier s&rsquo;il existe un cloisonnement entre les niches des carnivores (y compris intraguilde) dans les zones urbaines.<\/li>\n<li>D\u00e9terminer quels sont les facteurs de risques spatio-temporels de la transmission de parasites helminthes en quantifiant l&rsquo;activit\u00e9\/le comportement des h\u00f4tes (renards, gast\u00e9ropodes, h\u00e9rissons) et en cartographiant la pr\u00e9sence de contaminants dans l&rsquo;aire urbaine.<\/li>\n<\/ul>\n<h3 style=\"text-align: justify\">Modalit\u00e9s de r\u00e9alisation du stage (techniques mises en place, travail \u00e0 effectuer, workflow etc.)<\/h3>\n<p style=\"text-align: justify\">Aide \u00e0 la collecte et \u00e0 l&rsquo;analyse de jeux de donn\u00e9es (photos, vid\u00e9os), incluant ;l&rsquo;utilisation de logiciels de pi\u00e8ges photographiques Time Lapse 2, Excel et R; et un jeu de donn\u00e9es des localisations des animaux pour lequel une fonction de s\u00e9lection des ressources (Resource Selection Function (RSF)) est envisag\u00e9e (disponible sous R).<\/p>\n<p style=\"text-align: justify\">Cependant, il existe aussi des activit\u00e9s de terrains pour auxquelles un stagiaire pourrait assister telles que :<\/p>\n<ul style=\"text-align: justify;list-style-type: disc\">\n<li>R\u00e9aliser des nourrissages compl\u00e9mentaires des mammif\u00e8res urbains et utiliser des pi\u00e8ges photographiques, dans le cadre d&rsquo;une exp\u00e9rience investiguant l&rsquo;utilisation des ressources dans les jardins par ces mammif\u00e8res.<\/li>\n<li>Mettre en place des moyens de dissuasion ainsi que des pi\u00e8ges photographiques, pour une exp\u00e9rience \u00e9tudiant l&rsquo;efficacit\u00e9 des r\u00e9pulsifs chimiques (naturels VS artificiels) pour la gestion de la faune.<\/li>\n<\/ul>\n<h3 style=\"text-align: justify\">Comp\u00e9tences souhait\u00e9es :<\/h3>\n<p style=\"text-align: justify\">Le candidat retenu doit \u00eatre m\u00e9thodique et motiv\u00e9 pour apporter son aide dans ce projet, et doit pr\u00e9f\u00e9rentiellement poss\u00e9der les comp\u00e9tences suivantes:<\/p>\n<ul style=\"list-style-type: disc\">\n<li style=\"text-align: justify\">Analyses de donn\u00e9es sous R,<\/li>\n<li style=\"text-align: justify\">Cartographie, SIG (ArcGIS, QGIS),<\/li>\n<li style=\"text-align: justify\">Volont\u00e9 de r\u00e9aliser des travaux de terrain de nuit,<\/li>\n<li style=\"text-align: justify\">Permis de conduire,<\/li>\n<li style=\"text-align: justify\">Capacit\u00e9 \u00e0 travailler avec d&rsquo;autres \u00e9tudiants et une \u00e9quipe de recherche.<\/li>\n<\/ul>\n","protected":false},"excerpt":{"rendered":"<p>Structure d&rsquo;accueil : Universit\u00e9 de Brighton, UK. Contexte : Le groupe de recherche concern\u00e9 par ce stage \u00e9tudie les diff\u00e9rents aspects li\u00e9s aux populations de mammif\u00e8res dans les villages et villes du Royaume-Uni, en se concentrant sur Brighton. Cette \u00e9quipe de recherche poss\u00e8de un nombre important de jeux de donn\u00e9es qui requi\u00e8rent une aide dans [&hellip;]<\/p>\n","protected":false},"author":6,"featured_media":0,"parent":0,"menu_order":0,"comment_status":"closed","ping_status":"closed","template":"","meta":{"_et_pb_use_builder":"","_et_pb_old_content":"","_et_gb_content_width":"","footnotes":""},"yoast_head":"<!-- This site is optimized with the Yoast SEO plugin v22.8 - https:\/\/yoast.com\/wordpress\/plugins\/seo\/ -->\n<title>Comportement, bien-\u00eatre et maladie des mammif\u00e8res urbains \u00e0 Brighton - EMME<\/title>\n<meta name=\"robots\" content=\"index, follow, max-snippet:-1, max-image-preview:large, max-video-preview:-1\" \/>\n<link rel=\"canonical\" href=\"https:\/\/www.nature-conservation-ubfc.com\/emme\/fr\/comportement-bien-etre-et-maladie-des-mammiferes-urbains-a-brighton\/\" \/>\n<meta property=\"og:locale\" content=\"fr_FR\" \/>\n<meta property=\"og:type\" content=\"article\" \/>\n<meta property=\"og:title\" content=\"Comportement, bien-\u00eatre et maladie des mammif\u00e8res urbains \u00e0 Brighton - EMME\" \/>\n<meta property=\"og:description\" content=\"Structure d&rsquo;accueil : Universit\u00e9 de Brighton, UK. Contexte : Le groupe de recherche concern\u00e9 par ce stage \u00e9tudie les diff\u00e9rents aspects li\u00e9s aux populations de mammif\u00e8res dans les villages et villes du Royaume-Uni, en se concentrant sur Brighton. Cette \u00e9quipe de recherche poss\u00e8de un nombre important de jeux de donn\u00e9es qui requi\u00e8rent une aide dans [&hellip;]\" \/>\n<meta property=\"og:url\" content=\"https:\/\/www.nature-conservation-ubfc.com\/emme\/fr\/comportement-bien-etre-et-maladie-des-mammiferes-urbains-a-brighton\/\" \/>\n<meta property=\"og:site_name\" content=\"EMME\" \/>\n<meta name=\"twitter:card\" content=\"summary_large_image\" \/>\n<meta name=\"twitter:label1\" content=\"Dur\u00e9e de lecture estim\u00e9e\" \/>\n\t<meta name=\"twitter:data1\" content=\"2 minutes\" \/>\n<script type=\"application\/ld+json\" class=\"yoast-schema-graph\">{\"@context\":\"https:\/\/schema.org\",\"@graph\":[{\"@type\":\"WebPage\",\"@id\":\"https:\/\/www.nature-conservation-ubfc.com\/emme\/fr\/comportement-bien-etre-et-maladie-des-mammiferes-urbains-a-brighton\/\",\"url\":\"https:\/\/www.nature-conservation-ubfc.com\/emme\/fr\/comportement-bien-etre-et-maladie-des-mammiferes-urbains-a-brighton\/\",\"name\":\"Comportement, bien-\u00eatre et maladie des mammif\u00e8res urbains \u00e0 Brighton - EMME\",\"isPartOf\":{\"@id\":\"https:\/\/www.nature-conservation-ubfc.com\/emme\/#website\"},\"datePublished\":\"2019-04-02T08:28:25+00:00\",\"dateModified\":\"2019-04-02T08:28:25+00:00\",\"breadcrumb\":{\"@id\":\"https:\/\/www.nature-conservation-ubfc.com\/emme\/fr\/comportement-bien-etre-et-maladie-des-mammiferes-urbains-a-brighton\/#breadcrumb\"},\"inLanguage\":\"fr-FR\",\"potentialAction\":[{\"@type\":\"ReadAction\",\"target\":[\"https:\/\/www.nature-conservation-ubfc.com\/emme\/fr\/comportement-bien-etre-et-maladie-des-mammiferes-urbains-a-brighton\/\"]}]},{\"@type\":\"BreadcrumbList\",\"@id\":\"https:\/\/www.nature-conservation-ubfc.com\/emme\/fr\/comportement-bien-etre-et-maladie-des-mammiferes-urbains-a-brighton\/#breadcrumb\",\"itemListElement\":[{\"@type\":\"ListItem\",\"position\":1,\"name\":\"Accueil\",\"item\":\"https:\/\/www.nature-conservation-ubfc.com\/emme\/fr\/\"},{\"@type\":\"ListItem\",\"position\":2,\"name\":\"Comportement, bien-\u00eatre et maladie des mammif\u00e8res urbains \u00e0 Brighton\"}]},{\"@type\":\"WebSite\",\"@id\":\"https:\/\/www.nature-conservation-ubfc.com\/emme\/#website\",\"url\":\"https:\/\/www.nature-conservation-ubfc.com\/emme\/\",\"name\":\"EMME\",\"description\":\"\",\"potentialAction\":[{\"@type\":\"SearchAction\",\"target\":{\"@type\":\"EntryPoint\",\"urlTemplate\":\"https:\/\/www.nature-conservation-ubfc.com\/emme\/?s={search_term_string}\"},\"query-input\":\"required name=search_term_string\"}],\"inLanguage\":\"fr-FR\"}]}<\/script>\n<!-- \/ Yoast SEO plugin. -->","yoast_head_json":{"title":"Comportement, bien-\u00eatre et maladie des mammif\u00e8res urbains \u00e0 Brighton - EMME","robots":{"index":"index","follow":"follow","max-snippet":"max-snippet:-1","max-image-preview":"max-image-preview:large","max-video-preview":"max-video-preview:-1"},"canonical":"https:\/\/www.nature-conservation-ubfc.com\/emme\/fr\/comportement-bien-etre-et-maladie-des-mammiferes-urbains-a-brighton\/","og_locale":"fr_FR","og_type":"article","og_title":"Comportement, bien-\u00eatre et maladie des mammif\u00e8res urbains \u00e0 Brighton - EMME","og_description":"Structure d&rsquo;accueil : Universit\u00e9 de Brighton, UK. Contexte : Le groupe de recherche concern\u00e9 par ce stage \u00e9tudie les diff\u00e9rents aspects li\u00e9s aux populations de mammif\u00e8res dans les villages et villes du Royaume-Uni, en se concentrant sur Brighton. Cette \u00e9quipe de recherche poss\u00e8de un nombre important de jeux de donn\u00e9es qui requi\u00e8rent une aide dans [&hellip;]","og_url":"https:\/\/www.nature-conservation-ubfc.com\/emme\/fr\/comportement-bien-etre-et-maladie-des-mammiferes-urbains-a-brighton\/","og_site_name":"EMME","twitter_card":"summary_large_image","twitter_misc":{"Dur\u00e9e de lecture estim\u00e9e":"2 minutes"},"schema":{"@context":"https:\/\/schema.org","@graph":[{"@type":"WebPage","@id":"https:\/\/www.nature-conservation-ubfc.com\/emme\/fr\/comportement-bien-etre-et-maladie-des-mammiferes-urbains-a-brighton\/","url":"https:\/\/www.nature-conservation-ubfc.com\/emme\/fr\/comportement-bien-etre-et-maladie-des-mammiferes-urbains-a-brighton\/","name":"Comportement, bien-\u00eatre et maladie des mammif\u00e8res urbains \u00e0 Brighton - EMME","isPartOf":{"@id":"https:\/\/www.nature-conservation-ubfc.com\/emme\/#website"},"datePublished":"2019-04-02T08:28:25+00:00","dateModified":"2019-04-02T08:28:25+00:00","breadcrumb":{"@id":"https:\/\/www.nature-conservation-ubfc.com\/emme\/fr\/comportement-bien-etre-et-maladie-des-mammiferes-urbains-a-brighton\/#breadcrumb"},"inLanguage":"fr-FR","potentialAction":[{"@type":"ReadAction","target":["https:\/\/www.nature-conservation-ubfc.com\/emme\/fr\/comportement-bien-etre-et-maladie-des-mammiferes-urbains-a-brighton\/"]}]},{"@type":"BreadcrumbList","@id":"https:\/\/www.nature-conservation-ubfc.com\/emme\/fr\/comportement-bien-etre-et-maladie-des-mammiferes-urbains-a-brighton\/#breadcrumb","itemListElement":[{"@type":"ListItem","position":1,"name":"Accueil","item":"https:\/\/www.nature-conservation-ubfc.com\/emme\/fr\/"},{"@type":"ListItem","position":2,"name":"Comportement, bien-\u00eatre et maladie des mammif\u00e8res urbains \u00e0 Brighton"}]},{"@type":"WebSite","@id":"https:\/\/www.nature-conservation-ubfc.com\/emme\/#website","url":"https:\/\/www.nature-conservation-ubfc.com\/emme\/","name":"EMME","description":"","potentialAction":[{"@type":"SearchAction","target":{"@type":"EntryPoint","urlTemplate":"https:\/\/www.nature-conservation-ubfc.com\/emme\/?s={search_term_string}"},"query-input":"required name=search_term_string"}],"inLanguage":"fr-FR"}]}},"_links":{"self":[{"href":"https:\/\/www.nature-conservation-ubfc.com\/emme\/wp-json\/wp\/v2\/pages\/1197"}],"collection":[{"href":"https:\/\/www.nature-conservation-ubfc.com\/emme\/wp-json\/wp\/v2\/pages"}],"about":[{"href":"https:\/\/www.nature-conservation-ubfc.com\/emme\/wp-json\/wp\/v2\/types\/page"}],"author":[{"embeddable":true,"href":"https:\/\/www.nature-conservation-ubfc.com\/emme\/wp-json\/wp\/v2\/users\/6"}],"replies":[{"embeddable":true,"href":"https:\/\/www.nature-conservation-ubfc.com\/emme\/wp-json\/wp\/v2\/comments?post=1197"}],"version-history":[{"count":4,"href":"https:\/\/www.nature-conservation-ubfc.com\/emme\/wp-json\/wp\/v2\/pages\/1197\/revisions"}],"predecessor-version":[{"id":1201,"href":"https:\/\/www.nature-conservation-ubfc.com\/emme\/wp-json\/wp\/v2\/pages\/1197\/revisions\/1201"}],"wp:attachment":[{"href":"https:\/\/www.nature-conservation-ubfc.com\/emme\/wp-json\/wp\/v2\/media?parent=1197"}],"curies":[{"name":"wp","href":"https:\/\/api.w.org\/{rel}","templated":true}]}}