{"id":1171,"date":"2019-04-01T10:47:49","date_gmt":"2019-04-01T08:47:49","guid":{"rendered":"https:\/\/www.nature-conservation-ubfc.com\/emme\/?page_id=1171"},"modified":"2019-05-22T10:15:54","modified_gmt":"2019-05-22T08:15:54","slug":"microplastiques-en-milieu-terrestre-consequences-pour-lescargot-terrestre-cantareus-aspersus","status":"publish","type":"page","link":"https:\/\/www.nature-conservation-ubfc.com\/emme\/fr\/microplastiques-en-milieu-terrestre-consequences-pour-lescargot-terrestre-cantareus-aspersus\/","title":{"rendered":"Microplastiques en milieu terrestre : cons\u00e9quences pour l&rsquo;escargot terrestre (Cantareus aspersus)"},"content":{"rendered":"<h3><\/h3>\n<h3><img loading=\"lazy\" decoding=\"async\" class=\"aligncenter wp-image-1175\" src=\"https:\/\/www.nature-conservation-ubfc.com\/emme\/wp-content\/uploads\/sites\/4\/2019\/04\/M1_Microplastics.png\" alt=\"\" width=\"225\" height=\"142\" \/>Structure d&rsquo;accueil<\/h3>\n<p style=\"text-align: justify\"><span style=\"color: #b00000;font-family: Calibri\"><span style=\"float: none;background-color: transparent;color: #666666;cursor: text;font-family: 'Open Sans',Arial,sans-serif;font-size: 14px;font-style: normal;font-variant: normal;font-weight: 500;letter-spacing: normal;text-align: left;text-decoration: none;text-indent: 0px\">UMR CNRS UBFC Chrono-Environnement, 16 Route de Gray, 25000 Besan\u00e7on.<\/span><\/span><\/p>\n<h3 style=\"text-align: justify\">Contexte<\/h3>\n<p style=\"text-align: justify\">Le plastique est utilis\u00e9 chaque jour pour de nombreuses applications, dans des serres, des paillis, des rev\u00eatements, et dans des c\u00e2blages, films, sacs, b\u00e2ches, et conteneurs en plastique [1]. Des \u00e9tudes r\u00e9alis\u00e9es sur des organismes aquatiques ont r\u00e9v\u00e9l\u00e9es que l&rsquo;ingestion de microplastiques par la faune pouvait endommager physiquement ces m\u00eames organismes par abrasion et obstruction internes. Les microplastiques peuvent \u00e9galement affecter les fonctions biologiques de ces organismes en diminuant leurs r\u00e9serves \u00e9nergiques ou leur biomasse [2].<\/p>\n<p style=\"text-align: justify\">Nous n&rsquo;avons pas connaissance d&rsquo;\u00e9tudes concernant l&rsquo;assimilation et les effets des microplastiques sur les organismes du sol. Les plastiques p\u00e9n\u00e8trent dans le sol principalement par d\u00e9p\u00f4t a\u00e9rien, irrigation par des eaux contamin\u00e9es aux microplastiques, par des r\u00e9sidus de b\u00e2ches en plastiques issus de l&rsquo;agriculture ou de l&rsquo;horticulture, ou par d\u00e9p\u00f4ts de boues de stations d&rsquo;\u00e9puration [3]. Les microplastiques ayant une taille inf\u00e9rieure \u00e0 1mm peuvent facilement \u00eatre ing\u00e9r\u00e9s par des organismes du sol. Cette interaction entre microplastiques et organismes du sol dans les \u00e9cosyst\u00e8mes terrestres a deux cons\u00e9quences potentielles : les microplastiques peuvent alt\u00e9rer la survie et la fitness des organismes, et les microplastiques peuvent \u00eatre fragment\u00e9s dans leur tractus digestif et \u00eatre accumul\u00e9s dans les f\u00e8ces [4]. Ces donn\u00e9es restent rares pour les invert\u00e9br\u00e9s terrestres et les \u00e9tudes r\u00e9centes concernent uniquement les vers de terre &#8230;<\/p>\n<p style=\"text-align: justify\"><em>[1] Al-Salem, S. M.; Lettieri, P.; Baeyens, J. Recycling and recovery routes of plastic solid waste (PSW): A review. Waste Manage. 2009, 29 (10), 2625\u22122643.<\/em><\/p>\n<p style=\"text-align: justify\"><em>[2] Besseling, E.; Wegner, A.; Foekema, E. M.; van den HeuvelGreve, M. J.; Koelmans, A. A. Effects of Microplastic on Fitness and PCB Bioaccumulation by the Lugworm Arenicola marina (L.). Environ. Sci. Technol. 2013, 47 (1), 593\u2212600.<\/em><\/p>\n<p style=\"text-align: justify\"><em>[3] Rillig, M. C. Microplastic in Terrestrial Ecosystems and the Soil? Environ. Sci. Technol. 2012, 46, 6453\u22126454.<\/em><\/p>\n<p style=\"text-align: justify\"><em>[4] Lwanga, E.H.; Gertsen, H.; Gooren, H.; Peters, P.; Salanki, T.; van der Ploeg, M.; Besseling, E.; Koelmans, A.A.; and Geissen, V. Microplastics in the Terrestrial Ecosystem: Implications for Lumbricus terrestris (Oligochaeta, Lumbricidae). Environ. Sci. Technol. 2016, 5 0(5), 2685-2691.<\/em><\/p>\n<h3 style=\"text-align: justify\">Objectifs scientifiques :<\/h3>\n<p style=\"text-align: justify\">Compte tenu des risques potentiels repr\u00e9sent\u00e9s par les microplastiques dans les environnements terrestres, cette \u00e9tude se concentrera sur les cons\u00e9quences des microplastiques dans les sols pour un bioindicateur reconnu de la qualit\u00e9 des sols, l&rsquo;escargot terrestre <em>Cantareus aspersus<\/em>.<\/p>\n<p style=\"text-align: justify\">D&rsquo;un point de vue op\u00e9rationnel, cette \u00e9tude comprendra :<\/p>\n<ul style=\"text-align: justify;list-style-type: disc\">\n<li>L&rsquo;\u00e9valuation des effets sub-chroniques des microplastiques sur la survie et la croissance des juv\u00e9niles d&rsquo;escargots <em>Cantareus aspersus<\/em> expos\u00e9s \u00e0 diff\u00e9rents pourcentages de microplastiques dans les sols durant 28 jours.<\/li>\n<li>L&rsquo;\u00e9valuation de l&rsquo;ingestion de microplastiques par les escargots et leur concentration dans les f\u00e8ces au cours de l&rsquo;exp\u00e9rience.<\/li>\n<\/ul>\n<h3 style=\"text-align: justify\">Modalit\u00e9s de r\u00e9alisation du stage (techniques mises en place, travail \u00e0 effectuer, workflow etc.)<\/h3>\n<p style=\"text-align: justify\">Principales \u00e9tapes :<\/p>\n<ul style=\"text-align: justify;list-style-type: circle\">\n<li>Pr\u00e9paration des sols (artificiels ou r\u00e9colt\u00e9s sur le terrain) et de la poudre de microplastique (PE et\/ou PP)<\/li>\n<li>Extraction et quantification des microplastiques dans les sols<\/li>\n<li>Elevage des escargots afin d&rsquo;obtenir les organismes n\u00e9cessaires \u00e0 la r\u00e9alisation de l&rsquo;exp\u00e9rience<\/li>\n<li>Soins et gestion de l&rsquo;\u00e9levage d&rsquo;escargots<\/li>\n<li>Suivi des r\u00e9ponses biologiques des escargots (survie, croissance)<\/li>\n<li>Extraction et quantification des microplastiques dans les f\u00e8ces des escargots<\/li>\n<li>Analyses des donn\u00e9es sous R<\/li>\n<li>Communications orale et \u00e9crite.<\/li>\n<\/ul>\n<p style=\"text-align: justify\">Une bibliographie dense et diversifi\u00e9e doit \u00eatre r\u00e9alis\u00e9e, ainsi que des r\u00e9unions r\u00e9guli\u00e8res et un rapport de stage r\u00e9dig\u00e9 en anglais.<\/p>\n<h3 style=\"text-align: justify\">Comp\u00e9tences souhait\u00e9es<\/h3>\n<p style=\"text-align: justify\">Le candidat s\u00e9lectionn\u00e9 doit ma\u00eetriser les bases de l&rsquo;\u00e9cotoxicologie. Il ou elle doit \u00e9galement \u00eatre proactif, capable d&rsquo;autonomie, \u00eatre responsable, rigoureux, patient, et capable de r\u00e9pondre aux exigences du travail avec des organismes vivants.<\/p>\n","protected":false},"excerpt":{"rendered":"<p>Structure d&rsquo;accueil UMR CNRS UBFC Chrono-Environnement, 16 Route de Gray, 25000 Besan\u00e7on. Contexte Le plastique est utilis\u00e9 chaque jour pour de nombreuses applications, dans des serres, des paillis, des rev\u00eatements, et dans des c\u00e2blages, films, sacs, b\u00e2ches, et conteneurs en plastique [1]. Des \u00e9tudes r\u00e9alis\u00e9es sur des organismes aquatiques ont r\u00e9v\u00e9l\u00e9es que l&rsquo;ingestion de microplastiques [&hellip;]<\/p>\n","protected":false},"author":6,"featured_media":0,"parent":0,"menu_order":0,"comment_status":"closed","ping_status":"closed","template":"","meta":{"_et_pb_use_builder":"","_et_pb_old_content":"","_et_gb_content_width":"","footnotes":""},"yoast_head":"<!-- This site is optimized with the Yoast SEO plugin v22.8 - https:\/\/yoast.com\/wordpress\/plugins\/seo\/ -->\n<title>Microplastiques en milieu terrestre : cons\u00e9quences pour l&#039;escargot terrestre (Cantareus aspersus) - EMME<\/title>\n<meta name=\"robots\" content=\"index, follow, max-snippet:-1, max-image-preview:large, max-video-preview:-1\" \/>\n<link rel=\"canonical\" href=\"https:\/\/www.nature-conservation-ubfc.com\/emme\/fr\/microplastiques-en-milieu-terrestre-consequences-pour-lescargot-terrestre-cantareus-aspersus\/\" \/>\n<meta property=\"og:locale\" content=\"fr_FR\" \/>\n<meta property=\"og:type\" content=\"article\" \/>\n<meta property=\"og:title\" content=\"Microplastiques en milieu terrestre : cons\u00e9quences pour l&#039;escargot terrestre (Cantareus aspersus) - EMME\" \/>\n<meta property=\"og:description\" content=\"Structure d&rsquo;accueil UMR CNRS UBFC Chrono-Environnement, 16 Route de Gray, 25000 Besan\u00e7on. Contexte Le plastique est utilis\u00e9 chaque jour pour de nombreuses applications, dans des serres, des paillis, des rev\u00eatements, et dans des c\u00e2blages, films, sacs, b\u00e2ches, et conteneurs en plastique [1]. Des \u00e9tudes r\u00e9alis\u00e9es sur des organismes aquatiques ont r\u00e9v\u00e9l\u00e9es que l&rsquo;ingestion de microplastiques [&hellip;]\" \/>\n<meta property=\"og:url\" content=\"https:\/\/www.nature-conservation-ubfc.com\/emme\/fr\/microplastiques-en-milieu-terrestre-consequences-pour-lescargot-terrestre-cantareus-aspersus\/\" \/>\n<meta property=\"og:site_name\" content=\"EMME\" \/>\n<meta property=\"article:modified_time\" content=\"2019-05-22T08:15:54+00:00\" \/>\n<meta property=\"og:image\" content=\"https:\/\/www.nature-conservation-ubfc.com\/emme\/wp-content\/uploads\/sites\/4\/2019\/04\/M1_Microplastics.png\" \/>\n<meta name=\"twitter:card\" content=\"summary_large_image\" \/>\n<meta name=\"twitter:label1\" content=\"Dur\u00e9e de lecture estim\u00e9e\" \/>\n\t<meta name=\"twitter:data1\" content=\"3 minutes\" \/>\n<script type=\"application\/ld+json\" class=\"yoast-schema-graph\">{\"@context\":\"https:\/\/schema.org\",\"@graph\":[{\"@type\":\"WebPage\",\"@id\":\"https:\/\/www.nature-conservation-ubfc.com\/emme\/fr\/microplastiques-en-milieu-terrestre-consequences-pour-lescargot-terrestre-cantareus-aspersus\/\",\"url\":\"https:\/\/www.nature-conservation-ubfc.com\/emme\/fr\/microplastiques-en-milieu-terrestre-consequences-pour-lescargot-terrestre-cantareus-aspersus\/\",\"name\":\"Microplastiques en milieu terrestre : cons\u00e9quences pour l'escargot terrestre (Cantareus aspersus) - EMME\",\"isPartOf\":{\"@id\":\"https:\/\/www.nature-conservation-ubfc.com\/emme\/#website\"},\"primaryImageOfPage\":{\"@id\":\"https:\/\/www.nature-conservation-ubfc.com\/emme\/fr\/microplastiques-en-milieu-terrestre-consequences-pour-lescargot-terrestre-cantareus-aspersus\/#primaryimage\"},\"image\":{\"@id\":\"https:\/\/www.nature-conservation-ubfc.com\/emme\/fr\/microplastiques-en-milieu-terrestre-consequences-pour-lescargot-terrestre-cantareus-aspersus\/#primaryimage\"},\"thumbnailUrl\":\"https:\/\/www.nature-conservation-ubfc.com\/emme\/wp-content\/uploads\/sites\/4\/2019\/04\/M1_Microplastics.png\",\"datePublished\":\"2019-04-01T08:47:49+00:00\",\"dateModified\":\"2019-05-22T08:15:54+00:00\",\"breadcrumb\":{\"@id\":\"https:\/\/www.nature-conservation-ubfc.com\/emme\/fr\/microplastiques-en-milieu-terrestre-consequences-pour-lescargot-terrestre-cantareus-aspersus\/#breadcrumb\"},\"inLanguage\":\"fr-FR\",\"potentialAction\":[{\"@type\":\"ReadAction\",\"target\":[\"https:\/\/www.nature-conservation-ubfc.com\/emme\/fr\/microplastiques-en-milieu-terrestre-consequences-pour-lescargot-terrestre-cantareus-aspersus\/\"]}]},{\"@type\":\"ImageObject\",\"inLanguage\":\"fr-FR\",\"@id\":\"https:\/\/www.nature-conservation-ubfc.com\/emme\/fr\/microplastiques-en-milieu-terrestre-consequences-pour-lescargot-terrestre-cantareus-aspersus\/#primaryimage\",\"url\":\"https:\/\/www.nature-conservation-ubfc.com\/emme\/wp-content\/uploads\/sites\/4\/2019\/04\/M1_Microplastics.png\",\"contentUrl\":\"https:\/\/www.nature-conservation-ubfc.com\/emme\/wp-content\/uploads\/sites\/4\/2019\/04\/M1_Microplastics.png\"},{\"@type\":\"BreadcrumbList\",\"@id\":\"https:\/\/www.nature-conservation-ubfc.com\/emme\/fr\/microplastiques-en-milieu-terrestre-consequences-pour-lescargot-terrestre-cantareus-aspersus\/#breadcrumb\",\"itemListElement\":[{\"@type\":\"ListItem\",\"position\":1,\"name\":\"Accueil\",\"item\":\"https:\/\/www.nature-conservation-ubfc.com\/emme\/fr\/\"},{\"@type\":\"ListItem\",\"position\":2,\"name\":\"Microplastiques en milieu terrestre : cons\u00e9quences pour l&rsquo;escargot terrestre (Cantareus aspersus)\"}]},{\"@type\":\"WebSite\",\"@id\":\"https:\/\/www.nature-conservation-ubfc.com\/emme\/#website\",\"url\":\"https:\/\/www.nature-conservation-ubfc.com\/emme\/\",\"name\":\"EMME\",\"description\":\"\",\"potentialAction\":[{\"@type\":\"SearchAction\",\"target\":{\"@type\":\"EntryPoint\",\"urlTemplate\":\"https:\/\/www.nature-conservation-ubfc.com\/emme\/?s={search_term_string}\"},\"query-input\":\"required name=search_term_string\"}],\"inLanguage\":\"fr-FR\"}]}<\/script>\n<!-- \/ Yoast SEO plugin. -->","yoast_head_json":{"title":"Microplastiques en milieu terrestre : cons\u00e9quences pour l'escargot terrestre (Cantareus aspersus) - EMME","robots":{"index":"index","follow":"follow","max-snippet":"max-snippet:-1","max-image-preview":"max-image-preview:large","max-video-preview":"max-video-preview:-1"},"canonical":"https:\/\/www.nature-conservation-ubfc.com\/emme\/fr\/microplastiques-en-milieu-terrestre-consequences-pour-lescargot-terrestre-cantareus-aspersus\/","og_locale":"fr_FR","og_type":"article","og_title":"Microplastiques en milieu terrestre : cons\u00e9quences pour l'escargot terrestre (Cantareus aspersus) - EMME","og_description":"Structure d&rsquo;accueil UMR CNRS UBFC Chrono-Environnement, 16 Route de Gray, 25000 Besan\u00e7on. Contexte Le plastique est utilis\u00e9 chaque jour pour de nombreuses applications, dans des serres, des paillis, des rev\u00eatements, et dans des c\u00e2blages, films, sacs, b\u00e2ches, et conteneurs en plastique [1]. Des \u00e9tudes r\u00e9alis\u00e9es sur des organismes aquatiques ont r\u00e9v\u00e9l\u00e9es que l&rsquo;ingestion de microplastiques [&hellip;]","og_url":"https:\/\/www.nature-conservation-ubfc.com\/emme\/fr\/microplastiques-en-milieu-terrestre-consequences-pour-lescargot-terrestre-cantareus-aspersus\/","og_site_name":"EMME","article_modified_time":"2019-05-22T08:15:54+00:00","og_image":[{"url":"https:\/\/www.nature-conservation-ubfc.com\/emme\/wp-content\/uploads\/sites\/4\/2019\/04\/M1_Microplastics.png"}],"twitter_card":"summary_large_image","twitter_misc":{"Dur\u00e9e de lecture estim\u00e9e":"3 minutes"},"schema":{"@context":"https:\/\/schema.org","@graph":[{"@type":"WebPage","@id":"https:\/\/www.nature-conservation-ubfc.com\/emme\/fr\/microplastiques-en-milieu-terrestre-consequences-pour-lescargot-terrestre-cantareus-aspersus\/","url":"https:\/\/www.nature-conservation-ubfc.com\/emme\/fr\/microplastiques-en-milieu-terrestre-consequences-pour-lescargot-terrestre-cantareus-aspersus\/","name":"Microplastiques en milieu terrestre : cons\u00e9quences pour l'escargot terrestre (Cantareus aspersus) - EMME","isPartOf":{"@id":"https:\/\/www.nature-conservation-ubfc.com\/emme\/#website"},"primaryImageOfPage":{"@id":"https:\/\/www.nature-conservation-ubfc.com\/emme\/fr\/microplastiques-en-milieu-terrestre-consequences-pour-lescargot-terrestre-cantareus-aspersus\/#primaryimage"},"image":{"@id":"https:\/\/www.nature-conservation-ubfc.com\/emme\/fr\/microplastiques-en-milieu-terrestre-consequences-pour-lescargot-terrestre-cantareus-aspersus\/#primaryimage"},"thumbnailUrl":"https:\/\/www.nature-conservation-ubfc.com\/emme\/wp-content\/uploads\/sites\/4\/2019\/04\/M1_Microplastics.png","datePublished":"2019-04-01T08:47:49+00:00","dateModified":"2019-05-22T08:15:54+00:00","breadcrumb":{"@id":"https:\/\/www.nature-conservation-ubfc.com\/emme\/fr\/microplastiques-en-milieu-terrestre-consequences-pour-lescargot-terrestre-cantareus-aspersus\/#breadcrumb"},"inLanguage":"fr-FR","potentialAction":[{"@type":"ReadAction","target":["https:\/\/www.nature-conservation-ubfc.com\/emme\/fr\/microplastiques-en-milieu-terrestre-consequences-pour-lescargot-terrestre-cantareus-aspersus\/"]}]},{"@type":"ImageObject","inLanguage":"fr-FR","@id":"https:\/\/www.nature-conservation-ubfc.com\/emme\/fr\/microplastiques-en-milieu-terrestre-consequences-pour-lescargot-terrestre-cantareus-aspersus\/#primaryimage","url":"https:\/\/www.nature-conservation-ubfc.com\/emme\/wp-content\/uploads\/sites\/4\/2019\/04\/M1_Microplastics.png","contentUrl":"https:\/\/www.nature-conservation-ubfc.com\/emme\/wp-content\/uploads\/sites\/4\/2019\/04\/M1_Microplastics.png"},{"@type":"BreadcrumbList","@id":"https:\/\/www.nature-conservation-ubfc.com\/emme\/fr\/microplastiques-en-milieu-terrestre-consequences-pour-lescargot-terrestre-cantareus-aspersus\/#breadcrumb","itemListElement":[{"@type":"ListItem","position":1,"name":"Accueil","item":"https:\/\/www.nature-conservation-ubfc.com\/emme\/fr\/"},{"@type":"ListItem","position":2,"name":"Microplastiques en milieu terrestre : cons\u00e9quences pour l&rsquo;escargot terrestre (Cantareus aspersus)"}]},{"@type":"WebSite","@id":"https:\/\/www.nature-conservation-ubfc.com\/emme\/#website","url":"https:\/\/www.nature-conservation-ubfc.com\/emme\/","name":"EMME","description":"","potentialAction":[{"@type":"SearchAction","target":{"@type":"EntryPoint","urlTemplate":"https:\/\/www.nature-conservation-ubfc.com\/emme\/?s={search_term_string}"},"query-input":"required name=search_term_string"}],"inLanguage":"fr-FR"}]}},"_links":{"self":[{"href":"https:\/\/www.nature-conservation-ubfc.com\/emme\/wp-json\/wp\/v2\/pages\/1171"}],"collection":[{"href":"https:\/\/www.nature-conservation-ubfc.com\/emme\/wp-json\/wp\/v2\/pages"}],"about":[{"href":"https:\/\/www.nature-conservation-ubfc.com\/emme\/wp-json\/wp\/v2\/types\/page"}],"author":[{"embeddable":true,"href":"https:\/\/www.nature-conservation-ubfc.com\/emme\/wp-json\/wp\/v2\/users\/6"}],"replies":[{"embeddable":true,"href":"https:\/\/www.nature-conservation-ubfc.com\/emme\/wp-json\/wp\/v2\/comments?post=1171"}],"version-history":[{"count":7,"href":"https:\/\/www.nature-conservation-ubfc.com\/emme\/wp-json\/wp\/v2\/pages\/1171\/revisions"}],"predecessor-version":[{"id":1179,"href":"https:\/\/www.nature-conservation-ubfc.com\/emme\/wp-json\/wp\/v2\/pages\/1171\/revisions\/1179"}],"wp:attachment":[{"href":"https:\/\/www.nature-conservation-ubfc.com\/emme\/wp-json\/wp\/v2\/media?parent=1171"}],"curies":[{"name":"wp","href":"https:\/\/api.w.org\/{rel}","templated":true}]}}