{"id":111,"date":"2017-05-31T20:20:44","date_gmt":"2017-05-31T18:20:44","guid":{"rendered":"https:\/\/www.nature-conservation-ubfc.com\/emme\/?page_id=111"},"modified":"2020-10-20T13:30:23","modified_gmt":"2020-10-20T11:30:23","slug":"partenaires","status":"publish","type":"page","link":"https:\/\/www.nature-conservation-ubfc.com\/emme\/fr\/partenaires\/","title":{"rendered":"Partenaires"},"content":{"rendered":"<p>[et_pb_section bb_built=\u00a0\u00bb1&Prime; admin_label=\u00a0\u00bbsection\u00a0\u00bb][et_pb_row admin_label=\u00a0\u00bbrow\u00a0\u00bb background_position=\u00a0\u00bbtop_left\u00a0\u00bb background_repeat=\u00a0\u00bbrepeat\u00a0\u00bb background_size=\u00a0\u00bbinitial\u00a0\u00bb][et_pb_column type=\u00a0\u00bb3_4&Prime;][et_pb_text admin_label=\u00a0\u00bbPartenaires\u00a0\u00bb _builder_version=\u00a0\u00bb3.17.2&Prime; background_layout=\u00a0\u00bblight\u00a0\u00bb text_orientation=\u00a0\u00bbleft\u00a0\u00bb]<\/p>\n<h3 style=\"text-align: justify\">Domaine de la recherche\u00a0:<\/h3>\n<p style=\"text-align: justify\"><a href=\"https:\/\/chrono-environnement.univ-fcomte.fr\/recherche\/le_laboratoire\/\" target=\"_blank\" rel=\"noopener noreferrer\">UMR Chrono-Environnement<\/a>\u00a0: Unit\u00e9 Mixte de Recherche du CNRS, interdisciplinaire (sciences du vivant, sciences de l\u2019univers, sciences de la sant\u00e9, sciences physiques et chimiques, sciences humaines, et math\u00e9matiques) r\u00e9unissant toutes les comp\u00e9tences n\u00e9cessaires pour r\u00e9pondre aux enjeux soulev\u00e9s par l\u2019urgence \u00e0 l\u2019\u00e9chelle plan\u00e9taire de g\u00e9rer de mani\u00e8re durable les ressources et la biodiversit\u00e9, pour un d\u00e9veloppement soutenable des populations humaines.<\/p>\n<p style=\"text-align: justify\"><a href=\"http:\/\/biogeosciences.u-bourgogne.fr\/fr\/\" target=\"_blank\" rel=\"noopener noreferrer\">UMR Biog\u00e9osciences<\/a>\u00a0: Unit\u00e9 Mixte de Recherche du CNRS (Centre National de la Recherche Scientifique) regroupant 5 \u00e9quipes de recherche\u00a0: Biome (\u00e9mergence et maintien de la biodiversit\u00e9), CRC (centre de recherches de climatologie), \u00e9co \u00e9vo (\u00e9cologie \u00e9volutive), Samba (structuration des communaut\u00e9s aquatiques et biomin\u00e9ralisation) et Seds (syst\u00e8mes, environnements et dynamique s\u00e9dimentaires).<\/p>\n<p style=\"text-align: justify\"><a href=\"https:\/\/zaaj.univ-fcomte.fr\/spip.php?article1\" target=\"_blank\" rel=\"noopener noreferrer\">Zone Atelier Arc Jurassien<\/a> : Dispositif de recherche d\u00e9ploy\u00e9 par le CNRS qui a vocation \u00e0 favoriser les recherches interdisciplinaires \u00e0 long terme sur l&rsquo;environnement et les \u00e9cosyst\u00e8mes, en relation avec les questions soci\u00e9tales. La Zone Atelier Arc Jurassien (ZAAJ) regroupe des recherches partenariales impliquant 21 acteurs r\u00e9gionaux (organismes professionnels agricoles, administrations, ONG, etc.) sur les interactions entre environnement, soci\u00e9t\u00e9 et dynamique des syst\u00e8mes socio-\u00e9cologiques de moyenne montagne. Quatre th\u00e8mes de recherche transversaux sont privil\u00e9gi\u00e9s\u00a0: \u00ab\u00a0\u00e9cosyst\u00e8mes et environnement\u00a0\u00bb, \u00ab\u00a0contaminants et sant\u00e9\u00a0\u00bb, \u00ab\u00a0usages d\u2019un espace en mutation\u00a0\u00bb et \u00ab\u00a0observatoires et mod\u00e9lisation\u00a0\u00bb.<\/p>\n<p style=\"text-align: justify\"><a href=\"https:\/\/gdri-ehede.univ-fcomte.fr\/?lang=en\" target=\"_blank\" rel=\"noopener noreferrer\">GDRI &#8211; EHEDE<\/a> : le Groupe De Recherche International \u00ab\u00a0Sant\u00e9 des \u00e9cosyst\u00e8mes et \u00e9cologie des maladies environnementales\u00a0\u00bb (EHEDE) a pour objectif de promouvoir les \u00e9changes et am\u00e9liorer la lisibilit\u00e9 des recherches men\u00e9es en Eurasie associant la sant\u00e9 des \u00e9cosyst\u00e8mes et l\u2019\u00e9cologie des maladies. Le GDRI EHEDE s\u2019appuie sur les concepts de Ecohealth et constitue un r\u00e9seau unique au monde (9 laboratoires membres, 12 laboratoires associ\u00e9s et les infrastructures li\u00e9es de 6 pays). Les recherches men\u00e9es privil\u00e9gient les approches syst\u00e9miques et se focalisent principalement sur les conflits humains \u2013 faune sauvage\u00a0: \u00e9cologie de la transmission de l\u2019\u00e9chinococcose alv\u00e9olaire, conservation du Rhinopith\u00e8que de Biet et des \u00e9l\u00e9phants sauvages d\u2019Asie, etc.<\/p>\n<h3 style=\"text-align: justify\">Milieu associatif\u00a0:<\/h3>\n<p style=\"text-align: justify\"><a href=\"http:\/\/cbnfc-ori.org\/\" target=\"_blank\" rel=\"noopener noreferrer\">Conservatoire Botanique National de Franche-Comt\u00e9 &#8211; Observatoire R\u00e9gional des Invert\u00e9br\u00e9s &#8211; CBNFC-ORI<\/a>\u00a0: Structure ayant en charge 4 missions principales\u00a0: La connaissance de la flore sauvage, des habitats naturels et de l\u2019entomofaune\u00a0; La conservation de la flore et de l\u2019entomofaune rares et\/ou menac\u00e9es\u00a0; L\u2019expertise et appui technique dans ses domaines de comp\u00e9tences\u00a0(botanique, entomologie, la malacologie, la phytosociologie, bryologie); L\u2019information et la sensibilisation du public et des pouvoirs publics.<\/p>\n<p style=\"text-align: justify\"><a href=\"http:\/\/franche-comte.lpo.fr\/\" target=\"_blank\" rel=\"noopener noreferrer\">Ligue de Protection de Oiseaux Franche-Comt\u00e9 \u2013 LPO-FC<\/a>\u00a0: Association \u0153uvrant pour la protection de l\u2019avifaune, la faune sauvage, la nature et l\u2019homme et luttant contre le d\u00e9clin de la biodiversit\u00e9, par la connaissance, la protection, l\u2019\u00e9ducation et la mobilisation.<\/p>\n<p style=\"text-align: justify\"><a href=\"https:\/\/asso-gnufc.com\/\" target=\"_blank\" rel=\"noopener noreferrer\">Groupe Naturaliste Universitaire de Franche-Comt\u00e9 &#8211; GNUFC<\/a>\u00a0: Association ayant pour objectif le partage et le d\u00e9veloppement des connaissances naturalistes (\u00e0 travers sorties de terrains \u00e0 th\u00e8mes, des conf\u00e9rences, des projections, des suivis scientifiques et des rencontres avec des professionnels) de chacun au sein d\u2019un groupe d\u2019\u00e9tudiants et de professeurs ainsi que l\u2019\u00e9change avec les acteurs associatifs et professionnels impliqu\u00e9s dans le domaine de la nature et de l\u2019environnement en g\u00e9n\u00e9ral.<\/p>\n<p style=\"text-align: justify\"><a href=\"https:\/\/cen-franchecomte.org\/\" target=\"_blank\" rel=\"noopener noreferrer\">Conservatoire d\u2019Espaces Naturels de Franche-Comt\u00e9 &#8211; CEN F-C<\/a>\u00a0: association ayant pour mission la pr\u00e9servation du patrimoine naturel de Franche-Comt\u00e9 et intervenant depuis plus de 20 ans, en partenariat avec les acteurs locaux, les collectivit\u00e9s, les associations autour de 5 missions principales : conna\u00eetre, prot\u00e9ger, g\u00e9rer, valoriser et accompagner.<\/p>\n<p style=\"text-align: justify\"><a href=\"http:\/\/www.jne.asso.fr\/\" target=\"_blank\" rel=\"noopener noreferrer\">Jura Nature Environnement &#8211; JNE<\/a> : Association ayant pour objectif de f\u00e9d\u00e9rer le monde associatif li\u00e9 \u00e0 l\u2019environnement sur le territoire du Jura et \u0153uvrant en faveur de la biodiversit\u00e9.<\/p>\n<h3 style=\"text-align: justify\">Organismes publics\u00a0:<\/h3>\n<p style=\"text-align: justify\"><a href=\"http:\/\/www.reserves-naturelles.org\/lac-de-remoray\" target=\"_blank\" rel=\"noopener noreferrer\">R\u00e9serve Naturelle Nationale du Lac de Remoray<\/a>\u00a0: R\u00e9serve naturelle nationale de 430 hectares situ\u00e9e dans le Haut-Doubs pr\u00e9sentant une vari\u00e9t\u00e9 de milieux naturels importante (lac, marais, tourbi\u00e8re, rivi\u00e8re, prairie, for\u00eat, gravi\u00e8re) mais dont l\u2019attrait principal r\u00e9side dans ses zones humides d\u2019altitudes et son avifaune exceptionnelle (231 esp\u00e8ces recens\u00e9es).<\/p>\n<p style=\"text-align: justify\"><a href=\"https:\/\/ofb.gouv.fr\/\">Office Fran\u00e7ais de la Biodiversit\u00e9 \u2013 OFB<\/a> : Etablissement public exer\u00e7ant les missions d\u2019appui \u00e0 la mise en \u0153uvre des politiques publiques dans les domaines de la connaissance, la pr\u00e9servation, la gestion et la restauration de la biodiversit\u00e9 des milieux terrestres, aquatiques et marins.<\/p>\n<p style=\"text-align: justify\"><a href=\"http:\/\/www.oncfs.gouv.fr\/\" target=\"_blank\" rel=\"noopener noreferrer\">Office National de la Chasse et de la Faune Sauvage &#8211; ONCFS<\/a>\u00a0: Organisme public ayant en charge la sauvegarde et la gestion durable de la faune sauvage et de ses habitats.<\/p>\n<p style=\"text-align: justify\"><a href=\"https:\/\/www.bressehauteseille.fr\/\" target=\"_blank\" rel=\"noopener noreferrer\">Communaut\u00e9 de Communes Bresse Haute-Seille<\/a><\/p>\n<h3 style=\"text-align: justify\">Soci\u00e9t\u00e9s priv\u00e9es\u00a0:<\/h3>\n<p style=\"text-align: justify\"><a href=\"http:\/\/cd-eau-environnement.fr\/\" target=\"_blank\" rel=\"noopener noreferrer\">CD Eau Environnement\u00a0<\/a>: Bureau d\u2019\u00e9tudes en Conseil et Diagnostic pour l\u2019Eau et l\u2019Environnement.<\/p>\n<p style=\"text-align: justify\"><a href=\"https:\/\/www.arteliagroup.com\/fr\" target=\"_blank\" rel=\"noopener noreferrer\">ARTELIA<\/a> : Groupe international multidisciplinaire de conseil, d\u2019ing\u00e9nierie et de management de projet qui intervient dans les secteurs du b\u00e2timent, des infrastructures, de l&rsquo;eau, de l&rsquo;industrie et\u00a0de l\u2019environnement.<\/p>\n<p style=\"text-align: justify\"><a href=\"https:\/\/www.biomnigene.fr\/\" target=\"_blank\" rel=\"noopener noreferrer\">Biomnigene<\/a>\u00a0: Soci\u00e9t\u00e9 priv\u00e9e proposant des analyses g\u00e9nomiques de qualit\u00e9 aux entreprises, associations, et autres organismes.<\/p>\n<p>[\/et_pb_text][\/et_pb_column][et_pb_column type=\u00a0\u00bb1_4&Prime;][et_pb_gallery _builder_version=\u00a0\u00bb3.17.2&Prime; gallery_ids=\u00a0\u00bb764,763,1080,1081&Prime; \/][et_pb_gallery _builder_version=\u00a0\u00bb3.17.2&Prime; gallery_ids=\u00a0\u00bb774,772,776,777&Prime; \/][et_pb_gallery _builder_version=\u00a0\u00bb3.17.2&Prime; gallery_ids=\u00a0\u00bb775,781,1431,780&Prime; \/][et_pb_gallery _builder_version=\u00a0\u00bb3.17.2&Prime; gallery_ids=\u00a0\u00bb779,788,785,783&Prime; \/][\/et_pb_column][\/et_pb_row][\/et_pb_section]<\/p>\n","protected":false},"excerpt":{"rendered":"<p>Domaine de la recherche\u00a0: UMR Chrono-Environnement\u00a0: Unit\u00e9 Mixte de Recherche du CNRS, interdisciplinaire (sciences du vivant, sciences de l\u2019univers, sciences de la sant\u00e9, sciences physiques et chimiques, sciences humaines, et math\u00e9matiques) r\u00e9unissant toutes les comp\u00e9tences n\u00e9cessaires pour r\u00e9pondre aux enjeux soulev\u00e9s par l\u2019urgence \u00e0 l\u2019\u00e9chelle plan\u00e9taire de g\u00e9rer de mani\u00e8re durable les ressources et la [&hellip;]<\/p>\n","protected":false},"author":4,"featured_media":0,"parent":0,"menu_order":0,"comment_status":"closed","ping_status":"closed","template":"","meta":{"_et_pb_use_builder":"on","_et_pb_old_content":"<p align=\"left\">Diff\u00e9rents types de partenariat ont \u00e9t\u00e9 d\u00e9velopp\u00e9s pour assurer une large gamme de stages en France et \u00e0 l'\u00e9tranger. Tous les partenaires s'engagent \u00e0 proposer des stages de recherche ou d'application aux \u00e9tudiants du Master BOP.<\/p><p><strong>Au plan local (Dijon et la Bourgogne)<\/strong><\/p><ul><li>UMR Biog\u00e9osciences 5561, \u00c9quipe \u00c9cologie Evolution<\/li><li>UMR 1347 INRA, Agrosup Dijon, uB Agro\u00e9cologie<\/li><li>ONCFS (D\u00e9l\u00e9gation r\u00e9gionale Bourgogne-Franche Comt\u00e9)<\/li><li>Chambre d'agriculture de C\u00f4te d'Or<\/li><li>Parc Naturel R\u00e9gional du Morvan<\/li><li>Institut Fran\u00e7ais de la Vigne et du Vin, unit\u00e9 de Beaune<\/li><\/ul><p align=\"left\"><strong>Au plan national<\/strong><\/p><ul><li>Centre de Recherche de la Tour du Valat (Fondation Tour du Valat)<\/li><li>Centre d'Etudes Biologiques de Chiz\u00e9, CNRS<\/li><li>ONCFS (Direction des Etudes et de la Recherche)<\/li><li>Parc Ornithologique de Pont de Gau<\/li><li>R\u00e9seau des R\u00e9serves Naturelles de France<\/li><li>Association Takh (conservation du cheval de Przewalski)<\/li><li>Centre de Recherche INRA Bordeaux Aquitaine, Unit\u00e9 Mixte de Recherches en Sant\u00e9 V\u00e9g\u00e9tale INRA \u2013 ENITA<\/li><li>Centre INRA de Sophia Antipolis, Unit\u00e9 Exp\u00e9rimentale de Lutte Biologique,<\/li><li>Universit\u00e9 de Poitiers, Laboratoire Ecologie Evolution Symbiose, UMR CNRS 6556<\/li><\/ul><p align=\"left\"><strong>Au plan international<\/strong><\/p><ul><li>Universit\u00e9 des West Indies, Cave Hill campus, La Barbade (Professeur Marc Lavoie)<\/li><li>Universit\u00e9 du Qu\u00e9bec \u00e0 Montr\u00e9al (UQAM) (Professeur Luc-Alain Giraldeau)<\/li><li>Universit\u00e9 de Sheffields (Royaume-Uni), Department of Animal and Plant Sciences, Professeur Mike Siva-Jothy<\/li><li>Universit\u00e9 de Leeds (Royaume Uni), Professeure Alison Dunn<\/li><li>Universit\u00e9 de Neuch\u00e2tel, laboratoire de Recherche Fondamentale et Appliqu\u00e9e en \u00c9cologie chimique, Pr. Ted Turlings<\/li><li>Universit\u00e9 de Neuch\u00e2tel, laboratoire d\u2019Entomologie \u00c9volutive, Dr. Betty Benrey<\/li><li>Convention RAMSAR, Dr. Tobias Salath\u00e9<\/li><li>USDA-ARS-European Biological Control Laboratory, Montpellier, France<\/li><\/ul><h2>laboratoires d'accueil dijonnais<\/h2><p>L'enseignement \u00e0 l'universit\u00e9 de Bourgogne b\u00e9n\u00e9ficie directement de la recherche qui s'y fait. La fili\u00e8re BOP de l\u2019Universit\u00e9 de Bourgogne s\u2019appuie principalement sur plusieurs unit\u00e9s mixtes de recherche (UMR) associ\u00e9es aux grands instituts de recherche nationaux (INRA, CNRS) pr\u00e9sents sur le campus de Dijon :<\/p><p><a href=\"http:\/\/biogeosciences.u-bourgogne.fr\/fr\/\" target=\"_blank\" rel=\"noopener noreferrer\">UMR CNRS Biog\u00e9osciences<\/a> : L\u2019UMR Biog\u00e9osciences regroupe une communaut\u00e9 de chercheurs (chercheurs CNRS, enseignants chercheurs de l\u2019universit\u00e9 de Bourgogne et de l\u2019EPHE, post-doctorants et doctorants) et de personnels techniques d\u2019environ 80 personnes. Le laboratoire est pluridisciplinaire (sciences de la vie & sciences de la terre) et structur\u00e9 en trois \u00e9quipes. Chaque \u00e9quipe est compos\u00e9e de 20-25 personnes qui d\u00e9veloppent des recherches cibl\u00e9es sur la th\u00e9matique de l\u2019\u00e9quipe mais \u00e9galement des recherches en interface avec les deux autres \u00e9quipes : \u00e9quipe ECO\/EVO (\u00e9cologie \u00e9volutive), l'\u00e9quipe FED (forme, \u00e9volution, diversit\u00e9), et l'\u00e9quipe SEDS (syst\u00e8mes, environnements & dynamique s\u00e9dimentaire). Ce d\u00e9coupage assure un continuum de comp\u00e9tences et de questionnements au sein de l\u2019UMR et met en interface les \u00e9quipes ECO\/EVO & FED autour de la th\u00e9matique g\u00e9n\u00e9rale \"biodiversit\u00e9 et m\u00e9canismes de l\u2019\u00e9volution\".<\/p><p><a href=\"http:\/\/www6.dijon.inra.fr\/umragroecologie\/\" target=\"_blank\" rel=\"noopener noreferrer\">UMR agro-\u00e9cologie<\/a><\/p><p>D\u2019autres laboratoires de recherche situ\u00e9s \u00e0 l\u2019ext\u00e9rieur de Dijon, en France et \u00e0 l\u2019\u00e9tranger, sont aussi susceptibles d\u2019accueillir les \u00e9tudiants de la fili\u00e8re BOP en stage (voir la rubrique M2 bop).<\/p>","_et_gb_content_width":"","footnotes":""},"yoast_head":"<!-- This site is optimized with the Yoast SEO plugin v22.8 - https:\/\/yoast.com\/wordpress\/plugins\/seo\/ -->\n<title>Partenaires - EMME<\/title>\n<meta name=\"robots\" content=\"index, follow, max-snippet:-1, max-image-preview:large, max-video-preview:-1\" \/>\n<link rel=\"canonical\" href=\"https:\/\/www.nature-conservation-ubfc.com\/emme\/fr\/partenaires\/\" \/>\n<meta property=\"og:locale\" content=\"fr_FR\" \/>\n<meta property=\"og:type\" content=\"article\" \/>\n<meta property=\"og:title\" content=\"Partenaires - EMME\" \/>\n<meta property=\"og:description\" content=\"Domaine de la recherche\u00a0: UMR Chrono-Environnement\u00a0: Unit\u00e9 Mixte de Recherche du CNRS, interdisciplinaire (sciences du vivant, sciences de l\u2019univers, sciences de la sant\u00e9, sciences physiques et chimiques, sciences humaines, et math\u00e9matiques) r\u00e9unissant toutes les comp\u00e9tences n\u00e9cessaires pour r\u00e9pondre aux enjeux soulev\u00e9s par l\u2019urgence \u00e0 l\u2019\u00e9chelle plan\u00e9taire de g\u00e9rer de mani\u00e8re durable les ressources et la [&hellip;]\" \/>\n<meta property=\"og:url\" content=\"https:\/\/www.nature-conservation-ubfc.com\/emme\/fr\/partenaires\/\" \/>\n<meta property=\"og:site_name\" content=\"EMME\" \/>\n<meta property=\"article:modified_time\" content=\"2020-10-20T11:30:23+00:00\" \/>\n<meta name=\"twitter:card\" content=\"summary_large_image\" \/>\n<meta name=\"twitter:label1\" content=\"Dur\u00e9e de lecture estim\u00e9e\" \/>\n\t<meta name=\"twitter:data1\" content=\"5 minutes\" \/>\n<script type=\"application\/ld+json\" class=\"yoast-schema-graph\">{\"@context\":\"https:\/\/schema.org\",\"@graph\":[{\"@type\":\"WebPage\",\"@id\":\"https:\/\/www.nature-conservation-ubfc.com\/emme\/fr\/partenaires\/\",\"url\":\"https:\/\/www.nature-conservation-ubfc.com\/emme\/fr\/partenaires\/\",\"name\":\"Partenaires - EMME\",\"isPartOf\":{\"@id\":\"https:\/\/www.nature-conservation-ubfc.com\/emme\/#website\"},\"datePublished\":\"2017-05-31T18:20:44+00:00\",\"dateModified\":\"2020-10-20T11:30:23+00:00\",\"breadcrumb\":{\"@id\":\"https:\/\/www.nature-conservation-ubfc.com\/emme\/fr\/partenaires\/#breadcrumb\"},\"inLanguage\":\"fr-FR\",\"potentialAction\":[{\"@type\":\"ReadAction\",\"target\":[\"https:\/\/www.nature-conservation-ubfc.com\/emme\/fr\/partenaires\/\"]}]},{\"@type\":\"BreadcrumbList\",\"@id\":\"https:\/\/www.nature-conservation-ubfc.com\/emme\/fr\/partenaires\/#breadcrumb\",\"itemListElement\":[{\"@type\":\"ListItem\",\"position\":1,\"name\":\"Accueil\",\"item\":\"https:\/\/www.nature-conservation-ubfc.com\/emme\/fr\/\"},{\"@type\":\"ListItem\",\"position\":2,\"name\":\"Partenaires\"}]},{\"@type\":\"WebSite\",\"@id\":\"https:\/\/www.nature-conservation-ubfc.com\/emme\/#website\",\"url\":\"https:\/\/www.nature-conservation-ubfc.com\/emme\/\",\"name\":\"EMME\",\"description\":\"\",\"potentialAction\":[{\"@type\":\"SearchAction\",\"target\":{\"@type\":\"EntryPoint\",\"urlTemplate\":\"https:\/\/www.nature-conservation-ubfc.com\/emme\/?s={search_term_string}\"},\"query-input\":\"required name=search_term_string\"}],\"inLanguage\":\"fr-FR\"}]}<\/script>\n<!-- \/ Yoast SEO plugin. -->","yoast_head_json":{"title":"Partenaires - EMME","robots":{"index":"index","follow":"follow","max-snippet":"max-snippet:-1","max-image-preview":"max-image-preview:large","max-video-preview":"max-video-preview:-1"},"canonical":"https:\/\/www.nature-conservation-ubfc.com\/emme\/fr\/partenaires\/","og_locale":"fr_FR","og_type":"article","og_title":"Partenaires - EMME","og_description":"Domaine de la recherche\u00a0: UMR Chrono-Environnement\u00a0: Unit\u00e9 Mixte de Recherche du CNRS, interdisciplinaire (sciences du vivant, sciences de l\u2019univers, sciences de la sant\u00e9, sciences physiques et chimiques, sciences humaines, et math\u00e9matiques) r\u00e9unissant toutes les comp\u00e9tences n\u00e9cessaires pour r\u00e9pondre aux enjeux soulev\u00e9s par l\u2019urgence \u00e0 l\u2019\u00e9chelle plan\u00e9taire de g\u00e9rer de mani\u00e8re durable les ressources et la [&hellip;]","og_url":"https:\/\/www.nature-conservation-ubfc.com\/emme\/fr\/partenaires\/","og_site_name":"EMME","article_modified_time":"2020-10-20T11:30:23+00:00","twitter_card":"summary_large_image","twitter_misc":{"Dur\u00e9e de lecture estim\u00e9e":"5 minutes"},"schema":{"@context":"https:\/\/schema.org","@graph":[{"@type":"WebPage","@id":"https:\/\/www.nature-conservation-ubfc.com\/emme\/fr\/partenaires\/","url":"https:\/\/www.nature-conservation-ubfc.com\/emme\/fr\/partenaires\/","name":"Partenaires - EMME","isPartOf":{"@id":"https:\/\/www.nature-conservation-ubfc.com\/emme\/#website"},"datePublished":"2017-05-31T18:20:44+00:00","dateModified":"2020-10-20T11:30:23+00:00","breadcrumb":{"@id":"https:\/\/www.nature-conservation-ubfc.com\/emme\/fr\/partenaires\/#breadcrumb"},"inLanguage":"fr-FR","potentialAction":[{"@type":"ReadAction","target":["https:\/\/www.nature-conservation-ubfc.com\/emme\/fr\/partenaires\/"]}]},{"@type":"BreadcrumbList","@id":"https:\/\/www.nature-conservation-ubfc.com\/emme\/fr\/partenaires\/#breadcrumb","itemListElement":[{"@type":"ListItem","position":1,"name":"Accueil","item":"https:\/\/www.nature-conservation-ubfc.com\/emme\/fr\/"},{"@type":"ListItem","position":2,"name":"Partenaires"}]},{"@type":"WebSite","@id":"https:\/\/www.nature-conservation-ubfc.com\/emme\/#website","url":"https:\/\/www.nature-conservation-ubfc.com\/emme\/","name":"EMME","description":"","potentialAction":[{"@type":"SearchAction","target":{"@type":"EntryPoint","urlTemplate":"https:\/\/www.nature-conservation-ubfc.com\/emme\/?s={search_term_string}"},"query-input":"required name=search_term_string"}],"inLanguage":"fr-FR"}]}},"_links":{"self":[{"href":"https:\/\/www.nature-conservation-ubfc.com\/emme\/wp-json\/wp\/v2\/pages\/111"}],"collection":[{"href":"https:\/\/www.nature-conservation-ubfc.com\/emme\/wp-json\/wp\/v2\/pages"}],"about":[{"href":"https:\/\/www.nature-conservation-ubfc.com\/emme\/wp-json\/wp\/v2\/types\/page"}],"author":[{"embeddable":true,"href":"https:\/\/www.nature-conservation-ubfc.com\/emme\/wp-json\/wp\/v2\/users\/4"}],"replies":[{"embeddable":true,"href":"https:\/\/www.nature-conservation-ubfc.com\/emme\/wp-json\/wp\/v2\/comments?post=111"}],"version-history":[{"count":11,"href":"https:\/\/www.nature-conservation-ubfc.com\/emme\/wp-json\/wp\/v2\/pages\/111\/revisions"}],"predecessor-version":[{"id":1418,"href":"https:\/\/www.nature-conservation-ubfc.com\/emme\/wp-json\/wp\/v2\/pages\/111\/revisions\/1418"}],"wp:attachment":[{"href":"https:\/\/www.nature-conservation-ubfc.com\/emme\/wp-json\/wp\/v2\/media?parent=111"}],"curies":[{"name":"wp","href":"https:\/\/api.w.org\/{rel}","templated":true}]}}