{"id":107,"date":"2017-05-31T20:20:09","date_gmt":"2017-05-31T18:20:09","guid":{"rendered":"https:\/\/www.nature-conservation-ubfc.com\/emme\/?page_id=107"},"modified":"2025-03-27T14:31:54","modified_gmt":"2025-03-27T13:31:54","slug":"presentation","status":"publish","type":"page","link":"https:\/\/www.nature-conservation-ubfc.com\/emme\/fr\/presentation\/","title":{"rendered":"Pr\u00e9sentation"},"content":{"rendered":"<p>[et_pb_section bb_built=\u00a0\u00bb1&Prime; admin_label=\u00a0\u00bbsection\u00a0\u00bb inner_width=\u00a0\u00bb90%\u00a0\u00bb inner_max_width=\u00a0\u00bb1200px\u00a0\u00bb background_color_gradient_stops=\u00a0\u00bb#2b87da 0%|#29c4a9 100%\u00a0\u00bb _builder_version=\u00a0\u00bb4.25.1&Prime;][et_pb_row admin_label=\u00a0\u00bbrow\u00a0\u00bb background_position=\u00a0\u00bbtop_left\u00a0\u00bb background_repeat=\u00a0\u00bbrepeat\u00a0\u00bb background_size=\u00a0\u00bbinitial\u00a0\u00bb _builder_version=\u00a0\u00bb4.25.1&Prime; width=\u00a0\u00bb90%\u00a0\u00bb max_width=\u00a0\u00bb1200px\u00a0\u00bb background_color_gradient_stops=\u00a0\u00bb#2b87da 0%|#29c4a9 100%\u00a0\u00bb][et_pb_column type=\u00a0\u00bb4_4&Prime; custom_padding__hover=\u00a0\u00bb|||\u00a0\u00bb custom_padding=\u00a0\u00bb|||\u00a0\u00bb background_color_gradient_stops=\u00a0\u00bb#2b87da 0%|#29c4a9 100%\u00a0\u00bb][et_pb_text admin_label=\u00a0\u00bb \u00a0\u00bb _builder_version=\u00a0\u00bb4.25.1&Prime; background_layout=\u00a0\u00bblight\u00a0\u00bb text_orientation=\u00a0\u00bbleft\u00a0\u00bb background_color_gradient_stops=\u00a0\u00bb#2b87da 0%|#29c4a9 100%\u00a0\u00bb]<\/p>\n<h2>Bienvenue sur le site web du <strong>Master International Ecology, Monitoring and Management of Ecosystems (EMME) !<\/strong><\/h2>\n<p>Soutenu par le Programme Investissements d\u2019Avenir, ce dipl\u00f4me propose depuis 2017 un ensemble original d\u2019enseignements th\u00e9oriques et pratiques en \u00e9cologie, biologie de la conservation et en gestion des \u00e9cosyst\u00e8mes. Il accueille des \u00e9tudiants fran\u00e7ais et \u00e9trangers, et les enseignements y sont dispens\u00e9s \u00e0 plus de 80% en langue anglaise. Il est port\u00e9 par l&rsquo;Universit\u00e9 Marie &amp; Louis Pasteur (consortium d&rsquo;\u00e9tablissements qui inclut l&rsquo;ancienne Universit\u00e9 de Franche-Comt\u00e9).<\/p>\n<p>Le Master EMME vise \u00e0 former les futurs leaders scientifiques en \u00e9cologie, ainsi que les futurs gestionnaires et charg\u00e9s de mission \u0153uvrant \u00e0 la conservation et la gestion de la biodiversit\u00e9 et des \u00e9cosyst\u00e8mes.<\/p>\n<p>A compter de la rentr\u00e9e 2024, le Master structurera ses enseignements et ses \u00e9valuations autour de la <strong>validation des<a href=\"https:\/\/www.nature-conservation-ubfc.com\/emme\/fr\/competences-visees-et-programme\/\"> 3 grandes comp\u00e9tences<\/a><\/strong> ci-dessous, qui correspondent aux attentes du monde professionnel vis\u00e9 par la formation (bureaux d\u2019\u00e9tude, collectivit\u00e9s, secteur associatif, agences gouvernementales, recherche\u2026).<\/p>\n<ul>\n<li><span style=\"color: #3366ff\">Int\u00e9grer les connaissances fondamentales en \u00e9cologie et conservation<\/span><\/li>\n<li><span style=\"color: #3366ff\">Piloter un projet en \u00e9cologie et conservation jusqu&rsquo;\u00e0 la communication des r\u00e9sultats<\/span><\/li>\n<li><span style=\"color: #3366ff\">Acqu\u00e9rir et analyser des donn\u00e9es relatives \u00e0 la biodiversit\u00e9 et au fonctionnement des \u00e9cosyst\u00e8mes<\/span><\/li>\n<\/ul>\n<p>La formation de Master se d\u00e9roule en deux ans. Les enseignements sont con\u00e7us sur le principe que la conservation de la biodiversit\u00e9 doit \u00eatre bas\u00e9e sur une approche syst\u00e9mique, liant des connaissances \u00e0 diff\u00e9rents niveaux d\u2019organisation biologique et \u00e0 diff\u00e9rentes \u00e9chelles spatiales et temporelles, m\u00ealant les disciplines cl\u00e9s de l\u2019\u00e9cologie avec les d\u00e9veloppements technologiques r\u00e9cents dans les domaines de l\u2019\u00e9cologie num\u00e9rique, de l\u2019\u00e9cologie mol\u00e9culaire, du monitoring et de la gestion des populations et des \u00e9cosyst\u00e8mes.<\/p>\n<p>Le contenu des enseignements s\u2019adosse \u00e0 l\u2019expertise scientifique des enseignants dans les domaines de l\u2019\u00e9cologie fonctionnelle (structure et fonctionnement des \u00e9cosyst\u00e8mes, \u00e9cologie des populations et des communaut\u00e9s), de la pal\u00e9o\u00e9cologie (\u00e9volution \u00e0 long terme des \u00e9cosyst\u00e8mes), de l\u2019\u00e9cotoxicologie (transferts et effets des polluants), de l\u2019\u00e9pid\u00e9miologie (transmission de pathog\u00e8nes zoonotiques), de la biologie de la conservation (menaces sur les esp\u00e8ces animales et v\u00e9g\u00e9tales), de l\u2019\u00e9cologie num\u00e9rique et de la conception des protocoles de recherche. Le programme de Master est par ailleurs enrichi par l\u2019apport de professionnels du domaine de la conservation et de gestionnaires, avec pour but de placer les enseignements dans le contexte plus large de la gestion de projet et des proc\u00e9dures de prise de d\u00e9cision. Des professionnels participent \u00e0 l\u2019am\u00e9lioration continue des enseignements.<\/p>\n<p>Une attention particuli\u00e8re est port\u00e9e aux mises en situation professionnelles tout au long du parcours, par le biais des stages de longue dur\u00e9e (2-3 mois en M1 et 4-6 mois en M2), des projets tuteur\u00e9s r\u00e9partis sur les trois premiers semestres, et des travaux pratiques et dirig\u00e9s.<\/p>\n<p>Les sessions de terrain permettent aux \u00e9tudiants de mettre en pratique les m\u00e9thodes et les id\u00e9es qui leur sont pr\u00e9sent\u00e9es. Chaque ann\u00e9e, ils participent \u00e0 au moins une session de terrain d\u2019une semaine en continu, et \u00e0 plusieurs \u00e9coles de terrain, leur permettant de tester des hypoth\u00e8ses concernant l\u2019impact potentiel des perturbations anthropiques sur des populations ou communaut\u00e9s animales ou v\u00e9g\u00e9tales, notamment dans le contexte des diff\u00e9rentes activit\u00e9s qui existent dans le Massif Jurassien connu pour ses paysages remarquables, ses \u00e9cosyst\u00e8mes typiques (tourbi\u00e8res, pr\u00e9s-bois\u2026) et ses esp\u00e8ces patrimoniales (lynx\u2026)<\/p>\n<p>\u00a0<\/p>\n<h2 style=\"text-align: justify\">Comit\u00e9 de pilotage<\/h2>\n<ul>\n<li><a href=\"https:\/\/chrono-environnement.univ-fcomte.fr\/spip.php?page=perso&amp;nom=AZUARA&amp;prenom=Julien\">Julien Azuara<\/a>, <a href=\"mailto:julien.azuara@univ-fcomte.fr\">julien.azuara@univ-fcomte.fr<\/a>, plant ecology, paleoecology<\/li>\n<li>Marie Brocard, <a href=\"mailto:marie.brocard@univ-fcomte.fr\">marie.brocard@univ-fcomte.fr<\/a>, teaching assistant<\/li>\n<li><a href=\"https:\/\/chrono-environnement.univ-fcomte.fr\/spip.php?page=perso&amp;nom=COEURDASSIER&amp;prenom=Micha%C3%ABl\" target=\"_blank\" rel=\"noopener noreferrer\">Micha\u00ebl Coeurdassier<\/a>, <a href=\"mailto:michael.coeurdassier@univ-fcomte.fr\">michael.coeurdassier@univ-fcomte.fr<\/a>, animal ecology, ecotoxicology<\/li>\n<li>Rafael De Camargo, <a href=\"mailto:rafael.de-camargo@ubfc.fr\">rafael.de-camargo@ubfc.fr<\/a>, macroecology, biogeography<\/li>\n<li><a href=\"https:\/\/chrono-environnement.univ-fcomte.fr\/spip.php?page=perso&amp;nom=GIMBERT&amp;prenom=Fr%C3%A9d%C3%A9ric\" target=\"_blank\" rel=\"noopener noreferrer\">Fr\u00e9d\u00e9ric Gimbert<\/a>, <a href=\"mailto:frederic.gimbert@univ-fcomte.fr\">frederic.gimbert@univ-fcomte.fr<\/a>, ecotoxicology<\/li>\n<li><a href=\"https:\/\/chrono-environnement.univ-fcomte.fr\/spip.php?page=perso&amp;nom=MASCLAUX&amp;prenom=H%C3%A9l%C3%A8ne\" target=\"_blank\" rel=\"noopener noreferrer\">H\u00e9l\u00e8ne Masclaux<\/a>, <a href=\"mailto:helene.masclaux@univ-fcomte.fr\">helene.masclaux@univ-fcomte.fr<\/a>, aquatic ecology<\/li>\n<li>Jelena Pantel, <a href=\"mailto:jelena.pantel@univ-fcomte.fr\">jelena.pantel@univ-fcomte.fr<\/a>, community ecology<\/li>\n<li><a href=\"https:\/\/chrono-environnement.univ-fcomte.fr\/spip.php?page=perso&amp;nom=RAOUL&amp;prenom=Francis\" target=\"_blank\" rel=\"noopener noreferrer\">Francis Raoul<\/a>, <a href=\"mailto:francis.raoul@univ-fcomte.fr\">francis.raoul@univ-fcomte.fr<\/a>, eco-epidemiology, food web ecology<\/li>\n<li><a href=\"https:\/\/chrono-environnement.univ-fcomte.fr\/spip.php?page=perso&amp;nom=SCHEIFLER&amp;prenom=Renaud\" target=\"_blank\" rel=\"noopener noreferrer\">Renaud Scheifler<\/a>, <a href=\"mailto:renaud.scheifler@univ-fcomte.fr\">renaud.scheifler@univ-fcomte.fr<\/a>, animal ecology, ecotoxicology, stress ecology<\/li>\n<li><a href=\"http:\/\/cd-eau-environnement.fr\/\">Micka\u00ebl Sage<\/a>, <a href=\"mailto:mickael.sage@univ-fcomte.fr\">mickael.sage@univ-fcomte.fr<\/a>, animal ecology, geoinformatics<\/li>\n<li><a href=\"https:\/\/www.idref.fr\/107955350\">William Apollinari<\/a>, <a href=\"mailto:william.apollinari@educagri.fr\">william.apollinari@educagri.fr<\/a>, environmental law and economy<\/li>\n<\/ul>\n<p>[\/et_pb_text][\/et_pb_column][\/et_pb_row][\/et_pb_section]<\/p>\n","protected":false},"excerpt":{"rendered":"<p>Bienvenue sur le site web du Master International Ecology, Monitoring and Management of Ecosystems (EMME) !Soutenu par le Programme Investissements d\u2019Avenir, ce dipl\u00f4me propose depuis 2017 un ensemble original d\u2019enseignements th\u00e9oriques et pratiques en \u00e9cologie, biologie de la conservation et en gestion des \u00e9cosyst\u00e8mes. Il accueille des \u00e9tudiants fran\u00e7ais et \u00e9trangers, et les enseignements y [&hellip;]<\/p>\n","protected":false},"author":4,"featured_media":0,"parent":0,"menu_order":0,"comment_status":"closed","ping_status":"closed","template":"","meta":{"_et_pb_use_builder":"on","_et_pb_old_content":"","_et_gb_content_width":"","footnotes":""},"yoast_head":"<!-- This site is optimized with the Yoast SEO plugin v22.8 - https:\/\/yoast.com\/wordpress\/plugins\/seo\/ -->\n<title>Pr\u00e9sentation - EMME<\/title>\n<meta name=\"robots\" content=\"index, follow, max-snippet:-1, max-image-preview:large, max-video-preview:-1\" \/>\n<link rel=\"canonical\" href=\"https:\/\/www.nature-conservation-ubfc.com\/emme\/fr\/presentation\/\" \/>\n<meta property=\"og:locale\" content=\"fr_FR\" \/>\n<meta property=\"og:type\" content=\"article\" \/>\n<meta property=\"og:title\" content=\"Pr\u00e9sentation - EMME\" \/>\n<meta property=\"og:description\" content=\"Bienvenue sur le site web du Master International Ecology, Monitoring and Management of Ecosystems (EMME) !Soutenu par le Programme Investissements d\u2019Avenir, ce dipl\u00f4me propose depuis 2017 un ensemble original d\u2019enseignements th\u00e9oriques et pratiques en \u00e9cologie, biologie de la conservation et en gestion des \u00e9cosyst\u00e8mes. Il accueille des \u00e9tudiants fran\u00e7ais et \u00e9trangers, et les enseignements y [&hellip;]\" \/>\n<meta property=\"og:url\" content=\"https:\/\/www.nature-conservation-ubfc.com\/emme\/fr\/presentation\/\" \/>\n<meta property=\"og:site_name\" content=\"EMME\" \/>\n<meta property=\"article:modified_time\" content=\"2025-03-27T13:31:54+00:00\" \/>\n<meta name=\"twitter:card\" content=\"summary_large_image\" \/>\n<meta name=\"twitter:label1\" content=\"Dur\u00e9e de lecture estim\u00e9e\" \/>\n\t<meta name=\"twitter:data1\" content=\"3 minutes\" \/>\n<script type=\"application\/ld+json\" class=\"yoast-schema-graph\">{\"@context\":\"https:\/\/schema.org\",\"@graph\":[{\"@type\":\"WebPage\",\"@id\":\"https:\/\/www.nature-conservation-ubfc.com\/emme\/fr\/presentation\/\",\"url\":\"https:\/\/www.nature-conservation-ubfc.com\/emme\/fr\/presentation\/\",\"name\":\"Pr\u00e9sentation - EMME\",\"isPartOf\":{\"@id\":\"https:\/\/www.nature-conservation-ubfc.com\/emme\/#website\"},\"datePublished\":\"2017-05-31T18:20:09+00:00\",\"dateModified\":\"2025-03-27T13:31:54+00:00\",\"breadcrumb\":{\"@id\":\"https:\/\/www.nature-conservation-ubfc.com\/emme\/fr\/presentation\/#breadcrumb\"},\"inLanguage\":\"fr-FR\",\"potentialAction\":[{\"@type\":\"ReadAction\",\"target\":[\"https:\/\/www.nature-conservation-ubfc.com\/emme\/fr\/presentation\/\"]}]},{\"@type\":\"BreadcrumbList\",\"@id\":\"https:\/\/www.nature-conservation-ubfc.com\/emme\/fr\/presentation\/#breadcrumb\",\"itemListElement\":[{\"@type\":\"ListItem\",\"position\":1,\"name\":\"Accueil\",\"item\":\"https:\/\/www.nature-conservation-ubfc.com\/emme\/fr\/\"},{\"@type\":\"ListItem\",\"position\":2,\"name\":\"Pr\u00e9sentation\"}]},{\"@type\":\"WebSite\",\"@id\":\"https:\/\/www.nature-conservation-ubfc.com\/emme\/#website\",\"url\":\"https:\/\/www.nature-conservation-ubfc.com\/emme\/\",\"name\":\"EMME\",\"description\":\"\",\"potentialAction\":[{\"@type\":\"SearchAction\",\"target\":{\"@type\":\"EntryPoint\",\"urlTemplate\":\"https:\/\/www.nature-conservation-ubfc.com\/emme\/?s={search_term_string}\"},\"query-input\":\"required name=search_term_string\"}],\"inLanguage\":\"fr-FR\"}]}<\/script>\n<!-- \/ Yoast SEO plugin. -->","yoast_head_json":{"title":"Pr\u00e9sentation - EMME","robots":{"index":"index","follow":"follow","max-snippet":"max-snippet:-1","max-image-preview":"max-image-preview:large","max-video-preview":"max-video-preview:-1"},"canonical":"https:\/\/www.nature-conservation-ubfc.com\/emme\/fr\/presentation\/","og_locale":"fr_FR","og_type":"article","og_title":"Pr\u00e9sentation - EMME","og_description":"Bienvenue sur le site web du Master International Ecology, Monitoring and Management of Ecosystems (EMME) !Soutenu par le Programme Investissements d\u2019Avenir, ce dipl\u00f4me propose depuis 2017 un ensemble original d\u2019enseignements th\u00e9oriques et pratiques en \u00e9cologie, biologie de la conservation et en gestion des \u00e9cosyst\u00e8mes. Il accueille des \u00e9tudiants fran\u00e7ais et \u00e9trangers, et les enseignements y [&hellip;]","og_url":"https:\/\/www.nature-conservation-ubfc.com\/emme\/fr\/presentation\/","og_site_name":"EMME","article_modified_time":"2025-03-27T13:31:54+00:00","twitter_card":"summary_large_image","twitter_misc":{"Dur\u00e9e de lecture estim\u00e9e":"3 minutes"},"schema":{"@context":"https:\/\/schema.org","@graph":[{"@type":"WebPage","@id":"https:\/\/www.nature-conservation-ubfc.com\/emme\/fr\/presentation\/","url":"https:\/\/www.nature-conservation-ubfc.com\/emme\/fr\/presentation\/","name":"Pr\u00e9sentation - EMME","isPartOf":{"@id":"https:\/\/www.nature-conservation-ubfc.com\/emme\/#website"},"datePublished":"2017-05-31T18:20:09+00:00","dateModified":"2025-03-27T13:31:54+00:00","breadcrumb":{"@id":"https:\/\/www.nature-conservation-ubfc.com\/emme\/fr\/presentation\/#breadcrumb"},"inLanguage":"fr-FR","potentialAction":[{"@type":"ReadAction","target":["https:\/\/www.nature-conservation-ubfc.com\/emme\/fr\/presentation\/"]}]},{"@type":"BreadcrumbList","@id":"https:\/\/www.nature-conservation-ubfc.com\/emme\/fr\/presentation\/#breadcrumb","itemListElement":[{"@type":"ListItem","position":1,"name":"Accueil","item":"https:\/\/www.nature-conservation-ubfc.com\/emme\/fr\/"},{"@type":"ListItem","position":2,"name":"Pr\u00e9sentation"}]},{"@type":"WebSite","@id":"https:\/\/www.nature-conservation-ubfc.com\/emme\/#website","url":"https:\/\/www.nature-conservation-ubfc.com\/emme\/","name":"EMME","description":"","potentialAction":[{"@type":"SearchAction","target":{"@type":"EntryPoint","urlTemplate":"https:\/\/www.nature-conservation-ubfc.com\/emme\/?s={search_term_string}"},"query-input":"required name=search_term_string"}],"inLanguage":"fr-FR"}]}},"_links":{"self":[{"href":"https:\/\/www.nature-conservation-ubfc.com\/emme\/wp-json\/wp\/v2\/pages\/107"}],"collection":[{"href":"https:\/\/www.nature-conservation-ubfc.com\/emme\/wp-json\/wp\/v2\/pages"}],"about":[{"href":"https:\/\/www.nature-conservation-ubfc.com\/emme\/wp-json\/wp\/v2\/types\/page"}],"author":[{"embeddable":true,"href":"https:\/\/www.nature-conservation-ubfc.com\/emme\/wp-json\/wp\/v2\/users\/4"}],"replies":[{"embeddable":true,"href":"https:\/\/www.nature-conservation-ubfc.com\/emme\/wp-json\/wp\/v2\/comments?post=107"}],"version-history":[{"count":29,"href":"https:\/\/www.nature-conservation-ubfc.com\/emme\/wp-json\/wp\/v2\/pages\/107\/revisions"}],"predecessor-version":[{"id":2283,"href":"https:\/\/www.nature-conservation-ubfc.com\/emme\/wp-json\/wp\/v2\/pages\/107\/revisions\/2283"}],"wp:attachment":[{"href":"https:\/\/www.nature-conservation-ubfc.com\/emme\/wp-json\/wp\/v2\/media?parent=107"}],"curies":[{"name":"wp","href":"https:\/\/api.w.org\/{rel}","templated":true}]}}