{"id":1053,"date":"2019-03-14T12:23:06","date_gmt":"2019-03-14T11:23:06","guid":{"rendered":"https:\/\/www.nature-conservation-ubfc.com\/emme\/?page_id=1053"},"modified":"2023-01-20T16:39:03","modified_gmt":"2023-01-20T15:39:03","slug":"stages-de-m1","status":"publish","type":"page","link":"https:\/\/www.nature-conservation-ubfc.com\/emme\/fr\/stages-de-m1\/","title":{"rendered":"Stages de M1"},"content":{"rendered":"<h3>Liste des sujets de stages de M1 2021-2022 :<\/h3>\n<ul>\n<li>Analyse d\u2019une potentielle saisonnalit\u00e9 dans la distribution du parasite <em>Echinococcus multilocularis<\/em> en zone de haute end\u00e9mie de l\u2019\u00e9chinococcose alv\u00e9olaire. UMR 6249 du CNRS &#8211; Laboratoire Chrono-Environnement, Besan\u00e7on.<\/li>\n<li>Impact des perturbations sur le bassin versant sur l&rsquo;origine et le transfert du carbone consomm\u00e9 dans des lacs de la for\u00eat bor\u00e9ale canadienne. UMR 6249 du CNRS &#8211; Laboratoire Chrono-Environnement, Besan\u00e7on.<\/li>\n<li>Comment les concentrations de POP peuvent affecter les populations de chauves-souris\u00a0? Indices de pressions sur les assemblages d&rsquo;insectes proies \u00e0 Arquian, France. UMR 6249 du CNRS &#8211; Laboratoire Chrono-Environnement, Besan\u00e7on.<\/li>\n<li>Analyse de la richesse floristique des prairies permanentes dans le cadre du projet des Paiements pour Services Environnementaux. Chambre Interd\u00e9partementale d&rsquo;Agriculture Doubs-Territoire de Belfort, France.<\/li>\n<li>Biomasse microbienne, activit\u00e9 respiratoire et enzymatique des sols situ\u00e9s dans la zone de l&rsquo;ancienne fonderie de plomb Metaleurop Nord. UMR 6249 du CNRS &#8211; Laboratoire Chrono-Environnement, Besan\u00e7on.<\/li>\n<li>L&rsquo;\u00e9cologie et la conservation de <em>Dicranum spurium<\/em> (1801) dans les landes s\u00e8ches europ\u00e9ennes de la r\u00e9gion Hauts-de-France. Conservatoire d\u2019Espaces Naturels (CEN) des Hauts-de-France, Merlieux-et-Fouquerolles, France.<\/li>\n<li>\u00c9valuation des effets individuels et combin\u00e9s des microplastiques et du mercure sur <em>Chironomus riparius<\/em>. UMR 6249 du CNRS &#8211; Laboratoire Chrono-Environnement, Besan\u00e7on.<\/li>\n<li>Passer des param\u00e8tres h\u00e9matologiques analys\u00e9s au niveau de la population au bilan de sant\u00e9 individualis\u00e9 : intervalles de r\u00e9f\u00e9rence et profils sanguins chez les petits mammif\u00e8res. UMR 6249 CNRS \u2013 Chrono-Environnement Laboratory, Besan\u00e7on, France.<\/li>\n<li>Diagnostic pal\u00e9olimnologique du lac de Bonlieu (Jura). UMR 6249 du CNRS &#8211; Laboratoire Chrono-Environnement, Besan\u00e7on.<\/li>\n<li>Programme R\u00e9gional d\u2019Action en faveur des Mares et \u00e9tude du r\u00e9seau en milieu agricole Ardennais. Association le ReNArd, Poix-Terron, France.<\/li>\n<\/ul>\n<p>&nbsp;<\/p>\n<h3>Liste des sujets de stages de M1 2020-2021 :<\/h3>\n<ul>\n<li>Analyse de la distance \u00e9cologique entre les pr\u00e9dictions de biotopes du mod\u00e8le informatique du programme CarHab et les donn\u00e9es observ\u00e9es pour la pr\u00e9paration de la campagne d\u2019\u00e9chantillonnage 2021. Conservatoire Botanique National de Franche-Comt\u00e9 (CBN FC), Besan\u00e7on, France.<\/li>\n<li>D\u00e9placements et direction du crapaud vert d&rsquo;Europe dans les paysages agricoles en p\u00e9riode de reproduction. Institut Pluridisciplinaire Hubert Curien (IPHC), Strasbourg, France.<\/li>\n<li>Dynamiques des populations d\u2019oiseaux hivernants sur le lac de Remoray depuis 33 ans. R\u00e9serve naturelle nationale (RNN), Labergement-Ste-Marie, France.<\/li>\n<li>Analyse statistique des donn\u00e9es d&rsquo;enqu\u00eate d&rsquo;une r\u00e9introduction de <em>Saxifraga hirculus<\/em> dans le Jura fran\u00e7ais. Conservatoire Botanique National de Franche-Comt\u00e9 (CBN FC), Besan\u00e7on, France.<\/li>\n<li>Etude de l&rsquo;habitat terrestre du Crapaud vert d&rsquo;Europe (<em>Bufotes viridis<\/em>) : utilisation de la radiot\u00e9l\u00e9m\u00e9trie pour d\u00e9terminer le domaine vital de cette esp\u00e8ce. Institut Pluridisciplinaire Hubert Curien (IPHC), Strasbourg, France.<\/li>\n<li>\u00c9valuation de l&rsquo;\u00e9cotoxicit\u00e9 des eaux r\u00e9ceptrices de drainage minier acide \u00e0 l&rsquo;aide de larves de chironomes\u00a0: essais de rem\u00e9diation. UMR 6249 du CNRS &#8211; Laboratoire Chrono-Environnement, Besan\u00e7on.<\/li>\n<li>\u00c9valuation de la mobilit\u00e9 des \u00e9l\u00e9ments traces le long du guano de chauve-souris et analyses des concentrations d&rsquo;\u00e9l\u00e9ments traces et de POP dans le guano de chauve-souris au fil du temps. UMR 6249 du CNRS &#8211; Laboratoire Chrono-Environnement, Besan\u00e7on.<\/li>\n<li>Etude d&rsquo;impact des am\u00e9nagements paysagers artificiels et des mesures compensatoires sur la diversit\u00e9 des invert\u00e9br\u00e9s terrestres dans le Parc de Malagnou (Gen\u00e8ve). Museum d&rsquo;Histoire Naturelle de la ville de Gen\u00e8ve (MHN), Gen\u00e8ve, Suisse.<\/li>\n<li>Analyse des donn\u00e9es du suivi du peuplement des oiseaux forestiers nicheurs par la m\u00e9thode des IPA dans la R\u00e9serve naturelle nationale du Ravin de Valbois. RNN du Ravin de Valbois, Cl\u00e9ron, France.<\/li>\n<li>Marges de peur\u00a0: utiliser des pratiques de gestion pour am\u00e9liorer le contr\u00f4le biologique par la pr\u00e9dation des campagnols communs dans les terres cultiv\u00e9es. UMR 6249 du CNRS &#8211; Laboratoire Chrono-Environnement, Besan\u00e7on.<\/li>\n<li>Caract\u00e9risation de la Mousson d&rsquo;Asie au C\u00e9nozo\u00efque par analyse isotopique des \u00e9maux dentaires des grands mammif\u00e8res de l&rsquo;Oligo-Mioc\u00e8ne. UMR 5554 ISEM, Montpellier, France.<\/li>\n<\/ul>\n<h3><\/h3>\n<h3>Liste des sujets de stages de M1 2019-2020 :<\/h3>\n<ul>\n<li>\u00c9cotoxicit\u00e9 des m\u00e9langes de contaminants pour les invert\u00e9br\u00e9s du sol : examen, \u00e9tude de cas et participation \u00e0 l&rsquo;\u00e9valuation des risques. UMR 6249 du CNRS &#8211; Laboratoire Chrono-Environnement, Besan\u00e7on.<\/li>\n<li>\u00c9valuation de l&rsquo;efficacit\u00e9 de la lutte biologique contre le taupin MEDINBIO par strat\u00e9gie d&rsquo;attraction et de destruction. MEDINBIO, Belgique.<\/li>\n<li>Etude de l&rsquo;\u00e9volution des populations d&rsquo;Orobanche pourpr\u00e9e en fonction des diff\u00e9rentes mesures de gestion, dans le cadre de mesures compensatoires relatives \u00e0 la construction d&rsquo;infrastructures de transport terrestre. Systra, France.<\/li>\n<li>Comportement de la loutre \u00e0 poil lisse (<em>Lutrogale perspicillata<\/em>) au site de tani\u00e8re dans l&rsquo;\u00e9cosyst\u00e8me de mangrove de Goa, Inde selon les p\u00e9riodes de la journ\u00e9e. Wild Otter Research, Goa, Inde.<\/li>\n<li>Comparaison de la propagation du son dans les \u00e9cosyst\u00e8mes tropicaux pour des applications \u00e9cologiques Universit\u00e9 Aix Marseille\/IMBE, France.<\/li>\n<li>Proposition et application d&rsquo;une m\u00e9thode d&rsquo;identification des salamandres ponctu\u00e9es terrestres par un logiciel d&rsquo;analyse photographique pour estimer les param\u00e8tres de la population par la m\u00e9thode Capture-Mark-Recapture. LPO Franche-Comt\u00e9, Besan\u00e7on, France.<\/li>\n<li>Strat\u00e9gie d\u2019occupation spatio-temporelle de nids artificiels par une colonie d\u2019hirondelles de fen\u00eatre \u00e0 Besan\u00e7on (25). LPO Franche-Comt\u00e9, Besan\u00e7on, France.<\/li>\n<li>Effets de la variation temporelle des modes de broutage sur le recrutement et la croissance des for\u00eats bor\u00e9ales su\u00e9doises. Swedish University of Agricultural Sciences, Su\u00e8de.<\/li>\n<li>Climat, synchronie et tordeuse des bourgeons de l&rsquo;\u00e9pinette. Atlantic Forestry Centre, Canada.<\/li>\n<li>\u00c9tude par t\u00e9l\u00e9d\u00e9tection de l&rsquo;utilisation saisonni\u00e8re du domaine vital de <em>Papio cynocephalus<\/em> dans les for\u00eats miombo \u00e0 l&rsquo;aide de l&rsquo;indice de v\u00e9g\u00e9tation par diff\u00e9rence normalis\u00e9e (NDVI). UMR 6249 du CNRS &#8211; Laboratoire Chrono-Environnement, Besan\u00e7on.<\/li>\n<li>Enqu\u00eate et suivi des poissons commerciaux des r\u00e9cifs coralliens de la c\u00f4te nord-ouest de l&rsquo;\u00eele de Mah\u00e9 &#8211; Seychelles. Global Vision International (GVI), Mah\u00e9, Seychelles.<\/li>\n<li>\u00c9valuation de l&rsquo;habitat hivernal de l&rsquo;orignal : emplacement et caract\u00e9ristiques. Deep Karelia, Finlande.<\/li>\n<li>D\u00e9veloppement et validation d\u2019un protocole d\u2019inventaire de micromammif\u00e8res semiaquatiques prot\u00e9g\u00e9s : Campagnol amphibie (<em>Arvicola sapidus<\/em>), Crossope de Miller (<em>Neomys anomalus<\/em>) et Crossope aquatique (<em>Neomys fodiens<\/em>). Faune INNOV&rsquo; R&amp;D, France.<\/li>\n<li>\u00c9tude des populations de H\u00e9risson d\u2019Europe (<em>Erinaceus europaeus<\/em>) et de leur r\u00e9partition spatiale et temporelle sur les d\u00e9partements du Doubs (25) et du Territoire de Belfort (90). FNE Doubs, France.<\/li>\n<li>D\u00e9termination des param\u00e8tres \u00e9cologiques et environnementaux d&rsquo;un hydrosyst\u00e8me influen\u00e7ant la pr\u00e9sence du castor d&rsquo;Eurasie &#8211; analyse d&rsquo;un hydrosyst\u00e8me favorable \u00e0 l&rsquo;esp\u00e8ce en Bourgogne Franche-Comt\u00e9. La F\u00e9d\u00e9ration Jura Nature Environnement, Lons-Le-Saunier, France.<\/li>\n<li>Le comportement de la loutre \u00e0 poil lisse (<em>Lutrogale perspicillata<\/em>) pr\u00e8s du holt selon la variable environnementale. Wild Otter Research, Goa, Inde.<\/li>\n<li>Examen syst\u00e9matique du r\u00e9gime alimentaire du campagnol rouss\u00e2tre et du campagnol siffleur. Inland Norway University of Applied Sciences, Elverum, Norv\u00e8ge.<\/li>\n<\/ul>\n<h3><\/h3>\n<h3>Liste des sujets de stages de M1 2018-2019 :<\/h3>\n<ul style=\"list-style-type: disc\">\n<li style=\"text-align: justify\">Evaluation des fonctions des zones humides et des impacts induits par le projet avec mise en place de la d\u00e9marche Eviter R\u00e9duire Compenser (ERC) dans le cadre de la cr\u00e9ation d\u2019une ZAC.\u00a0Bureau d\u2019\u00e9tudes Biotope, Paris.<\/li>\n<li style=\"text-align: justify\">\u00c9tude statistique des suivis de renforcement de populations de <em>Saxifraga hirculus L.<\/em> dans le Jura fran\u00e7ais.\u00a0Conservatoire botanique national de Franche-Comt\u00e9, Besan\u00e7on.<\/li>\n<li style=\"text-align: justify\">Comportement, bien-\u00eatre et maladie des mammif\u00e8res urbains \u00e0 Brighton. Universit\u00e9 de Brighton, Royaume-Uni.<\/li>\n<li style=\"text-align: justify\">Analyse des flux migratoires post nuptiaux d\u2019oiseaux sur un site d\u2019implantation d\u2019\u00e9oliennes. CD Eau Environnement, Maizi\u00e8res.<\/li>\n<li style=\"text-align: justify\">Etude de populations des reptiles et amphibiens dans l\u2019agglom\u00e9ration de Montb\u00e9liard.\u00a0Soci\u00e9t\u00e9 d\u2019Histoire Naturelle du Pays de Montb\u00e9liard, Seloncourt.<\/li>\n<li style=\"text-align: justify\">Reconstitution quantitative des temp\u00e9ratures estivales de l&rsquo;Holoc\u00e8ne dans la r\u00e9gion de Kapissilit (Sud-Ouest Groenland) \u00e0 partir d&rsquo;assemblages de chironomes dans les archives s\u00e9dimentaires du lac \u00ab\u00a0Little Kapi\u00a0\u00bb. UMR 6249 du CNRS &#8211; Laboratoire Chrono-Environnement, Besan\u00e7on.<\/li>\n<li style=\"text-align: justify\">Effets sub-l\u00e9thaux de pesticides : changement m\u00e9taboliques chez <em>Daphnia magna<\/em> expos\u00e9e \u00e0 des facteurs de stress multiples. Department System-Ecotoxicology, Helmholtz Centre for Environmental Research \u2013 UFZ, Leipzig.<\/li>\n<li style=\"text-align: justify\">R\u00f4le des pollinisateurs dans la persistance du bleuet: analyse de donn\u00e9es issues d\u2019exp\u00e9rimentations en plein champ.\u00a0Centre d\u2019\u00c9tudes Biologiques de Chiz\u00e9 (CEBC), Villiers-en-Bois.<\/li>\n<li style=\"text-align: justify\">Exposition des juv\u00e9niles de Milan royal aux substances chimiques et cons\u00e9quences sur leur \u00e9tat de sant\u00e9. UMR 6249 du CNRS &#8211; Laboratoire Chrono-Environnement, Besan\u00e7on.<\/li>\n<li style=\"text-align: justify\">Microplastiques en milieu terrestre : cons\u00e9quences pour l&rsquo;escargot terrestre (<em>Cantareus aspersus<\/em>). UMR 6249 du CNRS &#8211; Laboratoire Chrono-Environnement, Besan\u00e7on.<\/li>\n<li style=\"text-align: justify\">R\u00e9alisation de deux inventaires floristiques dans le but de suivre les variations de pression des ongul\u00e9s sur la flore foresti\u00e8re.\u00a0Parc naturel r\u00e9gional des ballons des Vosges, Munster.<\/li>\n<li style=\"text-align: justify\">Etude des populations de h\u00e9rissons (<em>Erinaceus europaeus<\/em>) et de leur r\u00e9partition spatiale autour de Besan\u00e7on (25) et de Belfort (90), par le biais d\u2019une d\u00e9marche de recensement participatif.France Nature Environnement 25-90, Besan\u00e7on.<\/li>\n<li style=\"text-align: justify\">Impacts du broutage par les Sambar (<em>Rusa unicolor<\/em>) introduits dans les for\u00eats de fr\u00eane des montagnes des hauts plateaux de Victoria, Australie. National University of Australia, Canberra.<\/li>\n<li style=\"text-align: justify\">Etude g\u00e9ochimique d&rsquo;une s\u00e9quence de tourbe dans le Morvan: tra\u00e7age d&rsquo;anciennes activit\u00e9s mini\u00e8res de l&rsquo;\u00e2ge du fer \u00e0 l&rsquo;an 1000. UMR 6249 du CNRS &#8211; Laboratoire Chrono-Environnement, Besan\u00e7on.<\/li>\n<\/ul>\n<p>&nbsp;<\/p>\n<h3 style=\"text-align: justify\">Liste des sujets de stages de M1 2017-2018 :<\/h3>\n<ul style=\"list-style-type: disc\">\n<li style=\"text-align: justify\">Evaluation de la continuit\u00e9 \u00e9cologique entre les mares. FRAPNA LOIRE, Chambeon.<\/li>\n<li style=\"text-align: justify\">Analyse des enregistrements bioacoustiques de la zone d&rsquo;exclusion de Tchernobyl. University of Salford, Salford.<\/li>\n<li style=\"text-align: justify\">Impact des activit\u00e9s humaines pass\u00e9es et r\u00e9centes sur les \u00e9cosyst\u00e8mes des Vosges du Nord. UMR 6249 du CNRS &#8211; Laboratoire Chrono-Environnement, Besan\u00e7on.<\/li>\n<li style=\"text-align: justify\">Etude de faibles concentrations de chlord\u00e9cone chez <i>Hydra attenuata<\/i>. Universit\u00e9 d&rsquo;Aix-Marseille, Marseille.<\/li>\n<li style=\"text-align: justify\">Etude d\u2019impact de la circulation routi\u00e8re vis-\u00e0-vis des populations d\u2019amphibien du Sud de la route de Grosbuissons en For\u00eat de Chaux. DOLE ENVIRONNEMENT, Dole.<\/li>\n<li style=\"text-align: justify\">Evaluation du Risque Environnemental (ERE) de sols pollu\u00e9s par des \u00e9l\u00e9ments m\u00e9talliques (ETM) et des hydrocarbures aromatiques polycycliques (HAP). <span style=\"float: none;background-color: transparent;color: #666666;cursor: text;font-family: 'Open Sans',Arial,sans-serif;font-size: 14px;font-style: normal;font-variant: normal;font-weight: 500;letter-spacing: normal;text-align: left;text-decoration: none;text-indent: 0px\">UMR 6249 du CNRS &#8211; Laboratoire Chrono-Environnement, Besan\u00e7on<\/span>.<\/li>\n<li style=\"text-align: justify\">Participation \u00e0 l\u2019\u00e9laboration d\u2019un indice macroinvert\u00e9br\u00e9s lacustres littoraux pour l\u2019\u00e9valuation de l\u2019\u00e9tat \u00e9cologique des lacs dans le contexte de la Directive Cadre Europ\u00e9enne (DCE) : cas particulier des retenues \u00e0 fort marnage. <span style=\"float: none;background-color: transparent;color: #666666;cursor: text;font-family: 'Open Sans',Arial,sans-serif;font-size: 14px;font-style: normal;font-variant: normal;font-weight: 500;letter-spacing: normal;text-align: left;text-decoration: none;text-indent: 0px\">UMR 6249 du CNRS &#8211; Laboratoire Chrono-Environnement, Besan\u00e7on<\/span>.<\/li>\n<li style=\"text-align: justify\">\u00c9volution temporelle des populations d\u2019Anatid\u00e9s et de Foulques hivernant sur la R\u00e9serve Naturelle Nationale de Ch\u00e9rine de 1986 \u00e0 2016. UMR 7372 du CNRS &#8211; Centre d&rsquo;Etudes Biologiques de Chiz\u00e9.<\/li>\n<li style=\"text-align: justify\">Impact d&rsquo;une ancienne mine d&rsquo;Uranium sur la biologie de la m\u00e9sange.\u00a0CNRS D\u00e9l\u00e9gation R\u00e9gionale Centre Est,\u00a0Laboratoire Chrono-Environnement, Besan\u00e7on<span style=\"float: none;background-color: transparent;color: #666666;cursor: text;font-family: 'Open Sans',Arial,sans-serif;font-size: 14px;font-style: normal;font-variant: normal;font-weight: 500;letter-spacing: normal;text-align: left;text-decoration: none;text-indent: 0px\">.<\/span><\/li>\n<li style=\"text-align: justify\">Effet de diminutions des intrants, des produits phytosanitaires et irrigation en arboriculture (nucicole) dans le cadre du Contrat de Rivi\u00e8re Sud-Gr\u00e9sivaudan.\u00a0Station d&rsquo;exp\u00e9rimentation Nucicole Rh\u00f4ne-Alpes, Chatte.<\/li>\n<li style=\"text-align: justify\">Effets des \u00e9l\u00e9ments du paysage sur les communaut\u00e9s de vers de terre. INRA, Versailles.<\/li>\n<li style=\"text-align: justify\">Evaluation r\u00e9trospective du d\u00e9clin global des chiropt\u00e8res en Europe depuis le XXe si\u00e8cle.\u00a0UMR 6249 du CNRS &#8211; Laboratoire Chrono-Environnement, Besan\u00e7on<span style=\"float: none;background-color: transparent;color: #666666;cursor: text;font-family: 'Open Sans',Arial,sans-serif;font-size: 14px;font-style: normal;font-variant: normal;font-weight: 500;letter-spacing: normal;text-align: left;text-decoration: none;text-indent: 0px\">.<\/span><\/li>\n<li style=\"text-align: justify\">R\u00f4le du r\u00e9seau trophique sur la survie de bact\u00e9ries pathog\u00e8nes dans les zones humides : importance des communaut\u00e9s phyto- et zooplanctonique.\u00a0<span style=\"float: none;background-color: transparent;color: #666666;cursor: text;font-family: 'Open Sans',Arial,sans-serif;font-size: 14px;font-style: normal;font-variant: normal;font-weight: 500;letter-spacing: normal;text-align: left;text-decoration: none;text-indent: 0px\">UMR 6249 du CNRS &#8211; Laboratoire Chrono-Environnement, Besan\u00e7on<\/span>.<\/li>\n<li style=\"text-align: justify\">Effet des Produits R\u00e9siduaires Organiques et des l\u00e9gumineuses sur les communaut\u00e9s de vers de terre.\u00a0<span style=\"float: none;background-color: transparent;color: #666666;cursor: text;font-family: 'Open Sans',Arial,sans-serif;font-size: 14px;font-style: normal;font-variant: normal;font-weight: 500;letter-spacing: normal;text-align: left;text-decoration: none;text-indent: 0px\">INRA, Versailles.<\/span><\/li>\n<li style=\"text-align: justify\">Mise en place d\u2019un suivi sur le blaireau (<em>Meles meles<\/em>) dans le cadre du d\u00e9ploiement d\u2019une m\u00e9thode de vaccination par app\u00e2ts \u00e0 une \u00e9chelle op\u00e9rationnelle en C\u00f4te d\u2019Or.\u00a0Groupement de d\u00e9fense sanitaire de C\u00f4te d&rsquo;Or, Breteni\u00e8re.<\/li>\n<\/ul>\n<p>&nbsp;<\/p>\n","protected":false},"excerpt":{"rendered":"<p>Liste des sujets de stages de M1 2021-2022 : Analyse d\u2019une potentielle saisonnalit\u00e9 dans la distribution du parasite Echinococcus multilocularis en zone de haute end\u00e9mie de l\u2019\u00e9chinococcose alv\u00e9olaire. UMR 6249 du CNRS &#8211; Laboratoire Chrono-Environnement, Besan\u00e7on. Impact des perturbations sur le bassin versant sur l&rsquo;origine et le transfert du carbone consomm\u00e9 dans des lacs de [&hellip;]<\/p>\n","protected":false},"author":6,"featured_media":0,"parent":0,"menu_order":0,"comment_status":"closed","ping_status":"closed","template":"","meta":{"_et_pb_use_builder":"","_et_pb_old_content":"","_et_gb_content_width":"","footnotes":""},"yoast_head":"<!-- This site is optimized with the Yoast SEO plugin v22.8 - https:\/\/yoast.com\/wordpress\/plugins\/seo\/ -->\n<title>Stages de M1 - EMME<\/title>\n<meta name=\"robots\" content=\"index, follow, max-snippet:-1, max-image-preview:large, max-video-preview:-1\" \/>\n<link rel=\"canonical\" href=\"https:\/\/www.nature-conservation-ubfc.com\/emme\/fr\/stages-de-m1\/\" \/>\n<meta property=\"og:locale\" content=\"fr_FR\" \/>\n<meta property=\"og:type\" content=\"article\" \/>\n<meta property=\"og:title\" content=\"Stages de M1 - EMME\" \/>\n<meta property=\"og:description\" content=\"Liste des sujets de stages de M1 2021-2022 : Analyse d\u2019une potentielle saisonnalit\u00e9 dans la distribution du parasite Echinococcus multilocularis en zone de haute end\u00e9mie de l\u2019\u00e9chinococcose alv\u00e9olaire. UMR 6249 du CNRS &#8211; Laboratoire Chrono-Environnement, Besan\u00e7on. Impact des perturbations sur le bassin versant sur l&rsquo;origine et le transfert du carbone consomm\u00e9 dans des lacs de [&hellip;]\" \/>\n<meta property=\"og:url\" content=\"https:\/\/www.nature-conservation-ubfc.com\/emme\/fr\/stages-de-m1\/\" \/>\n<meta property=\"og:site_name\" content=\"EMME\" \/>\n<meta property=\"article:modified_time\" content=\"2023-01-20T15:39:03+00:00\" \/>\n<meta name=\"twitter:card\" content=\"summary_large_image\" \/>\n<meta name=\"twitter:label1\" content=\"Dur\u00e9e de lecture estim\u00e9e\" \/>\n\t<meta name=\"twitter:data1\" content=\"9 minutes\" \/>\n<script type=\"application\/ld+json\" class=\"yoast-schema-graph\">{\"@context\":\"https:\/\/schema.org\",\"@graph\":[{\"@type\":\"WebPage\",\"@id\":\"https:\/\/www.nature-conservation-ubfc.com\/emme\/fr\/stages-de-m1\/\",\"url\":\"https:\/\/www.nature-conservation-ubfc.com\/emme\/fr\/stages-de-m1\/\",\"name\":\"Stages de M1 - EMME\",\"isPartOf\":{\"@id\":\"https:\/\/www.nature-conservation-ubfc.com\/emme\/#website\"},\"datePublished\":\"2019-03-14T11:23:06+00:00\",\"dateModified\":\"2023-01-20T15:39:03+00:00\",\"breadcrumb\":{\"@id\":\"https:\/\/www.nature-conservation-ubfc.com\/emme\/fr\/stages-de-m1\/#breadcrumb\"},\"inLanguage\":\"fr-FR\",\"potentialAction\":[{\"@type\":\"ReadAction\",\"target\":[\"https:\/\/www.nature-conservation-ubfc.com\/emme\/fr\/stages-de-m1\/\"]}]},{\"@type\":\"BreadcrumbList\",\"@id\":\"https:\/\/www.nature-conservation-ubfc.com\/emme\/fr\/stages-de-m1\/#breadcrumb\",\"itemListElement\":[{\"@type\":\"ListItem\",\"position\":1,\"name\":\"Accueil\",\"item\":\"https:\/\/www.nature-conservation-ubfc.com\/emme\/fr\/\"},{\"@type\":\"ListItem\",\"position\":2,\"name\":\"Stages de M1\"}]},{\"@type\":\"WebSite\",\"@id\":\"https:\/\/www.nature-conservation-ubfc.com\/emme\/#website\",\"url\":\"https:\/\/www.nature-conservation-ubfc.com\/emme\/\",\"name\":\"EMME\",\"description\":\"\",\"potentialAction\":[{\"@type\":\"SearchAction\",\"target\":{\"@type\":\"EntryPoint\",\"urlTemplate\":\"https:\/\/www.nature-conservation-ubfc.com\/emme\/?s={search_term_string}\"},\"query-input\":\"required name=search_term_string\"}],\"inLanguage\":\"fr-FR\"}]}<\/script>\n<!-- \/ Yoast SEO plugin. -->","yoast_head_json":{"title":"Stages de M1 - EMME","robots":{"index":"index","follow":"follow","max-snippet":"max-snippet:-1","max-image-preview":"max-image-preview:large","max-video-preview":"max-video-preview:-1"},"canonical":"https:\/\/www.nature-conservation-ubfc.com\/emme\/fr\/stages-de-m1\/","og_locale":"fr_FR","og_type":"article","og_title":"Stages de M1 - EMME","og_description":"Liste des sujets de stages de M1 2021-2022 : Analyse d\u2019une potentielle saisonnalit\u00e9 dans la distribution du parasite Echinococcus multilocularis en zone de haute end\u00e9mie de l\u2019\u00e9chinococcose alv\u00e9olaire. UMR 6249 du CNRS &#8211; Laboratoire Chrono-Environnement, Besan\u00e7on. Impact des perturbations sur le bassin versant sur l&rsquo;origine et le transfert du carbone consomm\u00e9 dans des lacs de [&hellip;]","og_url":"https:\/\/www.nature-conservation-ubfc.com\/emme\/fr\/stages-de-m1\/","og_site_name":"EMME","article_modified_time":"2023-01-20T15:39:03+00:00","twitter_card":"summary_large_image","twitter_misc":{"Dur\u00e9e de lecture estim\u00e9e":"9 minutes"},"schema":{"@context":"https:\/\/schema.org","@graph":[{"@type":"WebPage","@id":"https:\/\/www.nature-conservation-ubfc.com\/emme\/fr\/stages-de-m1\/","url":"https:\/\/www.nature-conservation-ubfc.com\/emme\/fr\/stages-de-m1\/","name":"Stages de M1 - EMME","isPartOf":{"@id":"https:\/\/www.nature-conservation-ubfc.com\/emme\/#website"},"datePublished":"2019-03-14T11:23:06+00:00","dateModified":"2023-01-20T15:39:03+00:00","breadcrumb":{"@id":"https:\/\/www.nature-conservation-ubfc.com\/emme\/fr\/stages-de-m1\/#breadcrumb"},"inLanguage":"fr-FR","potentialAction":[{"@type":"ReadAction","target":["https:\/\/www.nature-conservation-ubfc.com\/emme\/fr\/stages-de-m1\/"]}]},{"@type":"BreadcrumbList","@id":"https:\/\/www.nature-conservation-ubfc.com\/emme\/fr\/stages-de-m1\/#breadcrumb","itemListElement":[{"@type":"ListItem","position":1,"name":"Accueil","item":"https:\/\/www.nature-conservation-ubfc.com\/emme\/fr\/"},{"@type":"ListItem","position":2,"name":"Stages de M1"}]},{"@type":"WebSite","@id":"https:\/\/www.nature-conservation-ubfc.com\/emme\/#website","url":"https:\/\/www.nature-conservation-ubfc.com\/emme\/","name":"EMME","description":"","potentialAction":[{"@type":"SearchAction","target":{"@type":"EntryPoint","urlTemplate":"https:\/\/www.nature-conservation-ubfc.com\/emme\/?s={search_term_string}"},"query-input":"required name=search_term_string"}],"inLanguage":"fr-FR"}]}},"_links":{"self":[{"href":"https:\/\/www.nature-conservation-ubfc.com\/emme\/wp-json\/wp\/v2\/pages\/1053"}],"collection":[{"href":"https:\/\/www.nature-conservation-ubfc.com\/emme\/wp-json\/wp\/v2\/pages"}],"about":[{"href":"https:\/\/www.nature-conservation-ubfc.com\/emme\/wp-json\/wp\/v2\/types\/page"}],"author":[{"embeddable":true,"href":"https:\/\/www.nature-conservation-ubfc.com\/emme\/wp-json\/wp\/v2\/users\/6"}],"replies":[{"embeddable":true,"href":"https:\/\/www.nature-conservation-ubfc.com\/emme\/wp-json\/wp\/v2\/comments?post=1053"}],"version-history":[{"count":20,"href":"https:\/\/www.nature-conservation-ubfc.com\/emme\/wp-json\/wp\/v2\/pages\/1053\/revisions"}],"predecessor-version":[{"id":2090,"href":"https:\/\/www.nature-conservation-ubfc.com\/emme\/wp-json\/wp\/v2\/pages\/1053\/revisions\/2090"}],"wp:attachment":[{"href":"https:\/\/www.nature-conservation-ubfc.com\/emme\/wp-json\/wp\/v2\/media?parent=1053"}],"curies":[{"name":"wp","href":"https:\/\/api.w.org\/{rel}","templated":true}]}}