{"id":105,"date":"2017-05-31T20:19:57","date_gmt":"2017-05-31T18:19:57","guid":{"rendered":"https:\/\/www.nature-conservation-ubfc.com\/emme\/?page_id=105"},"modified":"2026-02-04T08:39:08","modified_gmt":"2026-02-04T07:39:08","slug":"accueil","status":"publish","type":"page","link":"https:\/\/www.nature-conservation-ubfc.com\/emme\/fr\/","title":{"rendered":"Actualit\u00e9s"},"content":{"rendered":"<p>[et_pb_section bb_built=\u00a0\u00bb1&Prime; admin_label=\u00a0\u00bbsection\u00a0\u00bb _builder_version=\u00a0\u00bb4.25.1&Prime; inner_width=\u00a0\u00bb90%\u00a0\u00bb inner_max_width=\u00a0\u00bb1200px\u00a0\u00bb background_color_gradient_stops=\u00a0\u00bb#2b87da 0%|#29c4a9 100%\u00a0\u00bb next_background_color=\u00a0\u00bb#000000&Prime;][et_pb_row admin_label=\u00a0\u00bbrow\u00a0\u00bb background_position=\u00a0\u00bbtop_left\u00a0\u00bb background_repeat=\u00a0\u00bbrepeat\u00a0\u00bb background_size=\u00a0\u00bbinitial\u00a0\u00bb _builder_version=\u00a0\u00bb4.25.1&Prime; width=\u00a0\u00bb90%\u00a0\u00bb max_width=\u00a0\u00bb1200px\u00a0\u00bb background_color_gradient_stops=\u00a0\u00bb#2b87da 0%|#29c4a9 100%\u00a0\u00bb][et_pb_column type=\u00a0\u00bb4_4&Prime; custom_padding__hover=\u00a0\u00bb|||\u00a0\u00bb custom_padding=\u00a0\u00bb|||\u00a0\u00bb background_color_gradient_stops=\u00a0\u00bb#2b87da 0%|#29c4a9 100%\u00a0\u00bb][et_pb_text background_layout=\u00a0\u00bblight\u00a0\u00bb text_orientation=\u00a0\u00bbleft\u00a0\u00bb background_position=\u00a0\u00bbtop_left\u00a0\u00bb background_repeat=\u00a0\u00bbrepeat\u00a0\u00bb background_size=\u00a0\u00bbinitial\u00a0\u00bb _builder_version=\u00a0\u00bb4.25.1&Prime; background_color_gradient_stops=\u00a0\u00bb#2b87da 0%|#29c4a9 100%\u00a0\u00bb]<\/p>\n<p>D\u00e9couvrez les derni\u00e8res nouvelles et mises \u00e0 jour concernant le Master Ecology, Monitoring and Management of Ecosystems (EMME). Vous pouvez en savoir plus sur le programme EMME gr\u00e2ce \u00e0 cette plaquette de pr\u00e9sentation du Master (<em>en cours de mise \u00e0 jour<\/em>) qui pr\u00e9sente le contenu, les r\u00e9sultats d&rsquo;apprentissage, les m\u00e9thodes d&rsquo;enseignement, la mobilit\u00e9 internationale, les proc\u00e9dures de candidature, etc., et <a href=\"https:\/\/www.nature-conservation-ubfc.com\/emme\/fr\/contact\/\">contactez-nous<\/a> si vous avez d&rsquo;autres questions.<\/p>\n<p>[\/et_pb_text][\/et_pb_column][\/et_pb_row][et_pb_row background_position=\u00a0\u00bbtop_left\u00a0\u00bb background_repeat=\u00a0\u00bbrepeat\u00a0\u00bb background_size=\u00a0\u00bbinitial\u00a0\u00bb _builder_version=\u00a0\u00bb4.25.1&Prime; width=\u00a0\u00bb90%\u00a0\u00bb max_width=\u00a0\u00bb1200px\u00a0\u00bb background_color_gradient_stops=\u00a0\u00bb#2b87da 0%|#29c4a9 100%\u00a0\u00bb][et_pb_column type=\u00a0\u00bb4_4&Prime; custom_padding__hover=\u00a0\u00bb|||\u00a0\u00bb custom_padding=\u00a0\u00bb|||\u00a0\u00bb background_color_gradient_stops=\u00a0\u00bb#2b87da 0%|#29c4a9 100%\u00a0\u00bb][et_pb_blog show_content=\u00a0\u00bboff\u00a0\u00bb offset_number=\u00a0\u00bb0&Prime; show_thumbnail=\u00a0\u00bbon\u00a0\u00bb show_more=\u00a0\u00bbon\u00a0\u00bb show_author=\u00a0\u00bboff\u00a0\u00bb show_date=\u00a0\u00bboff\u00a0\u00bb show_categories=\u00a0\u00bboff\u00a0\u00bb show_comments=\u00a0\u00bboff\u00a0\u00bb show_pagination=\u00a0\u00bbon\u00a0\u00bb fullwidth=\u00a0\u00bboff\u00a0\u00bb use_dropshadow=\u00a0\u00bboff\u00a0\u00bb use_overlay=\u00a0\u00bbon\u00a0\u00bb background_layout=\u00a0\u00bblight\u00a0\u00bb border_style=\u00a0\u00bbsolid\u00a0\u00bb _builder_version=\u00a0\u00bb3.0.49&Prime; box_shadow_style=\u00a0\u00bbnone\u00a0\u00bb background_color_gradient_stops=\u00a0\u00bb#2b87da 0%|#29c4a9 100%\u00a0\u00bb \/][et_pb_gallery _builder_version=\u00a0\u00bb4.11.4&Prime; gallery_ids=\u00a0\u00bb680,694,692,691,690,689,693,636,635,634,633,715,716,717,718,719,720,721&Prime; gallery_orderby=\u00a0\u00bbrand\u00a0\u00bb background_color_gradient_stops=\u00a0\u00bb#2b87da 0%|#29c4a9 100%\u00a0\u00bb \/][\/et_pb_column][\/et_pb_row][\/et_pb_section][et_pb_section bb_built=\u00a0\u00bb1&Prime; admin_label=\u00a0\u00bbsection\u00a0\u00bb _builder_version=\u00a0\u00bb4.25.1&Prime; inner_width=\u00a0\u00bb90%\u00a0\u00bb inner_max_width=\u00a0\u00bb1200px\u00a0\u00bb background_color_gradient_stops=\u00a0\u00bb#2b87da 0%|#29c4a9 100%\u00a0\u00bb prev_background_color=\u00a0\u00bb#000000&Prime;][et_pb_row admin_label=\u00a0\u00bbrow\u00a0\u00bb background_position=\u00a0\u00bbtop_left\u00a0\u00bb background_repeat=\u00a0\u00bbrepeat\u00a0\u00bb background_size=\u00a0\u00bbinitial\u00a0\u00bb _builder_version=\u00a0\u00bb4.25.1&Prime; width=\u00a0\u00bb90%\u00a0\u00bb max_width=\u00a0\u00bb1200px\u00a0\u00bb background_color_gradient_stops=\u00a0\u00bb#2b87da 0%|#29c4a9 100%\u00a0\u00bb][et_pb_column type=\u00a0\u00bb4_4&Prime; custom_padding__hover=\u00a0\u00bb|||\u00a0\u00bb custom_padding=\u00a0\u00bb|||\u00a0\u00bb background_color_gradient_stops=\u00a0\u00bb#2b87da 0%|#29c4a9 100%\u00a0\u00bb][et_pb_text background_layout=\u00a0\u00bblight\u00a0\u00bb text_orientation=\u00a0\u00bbleft\u00a0\u00bb background_position=\u00a0\u00bbtop_left\u00a0\u00bb background_repeat=\u00a0\u00bbrepeat\u00a0\u00bb background_size=\u00a0\u00bbinitial\u00a0\u00bb _builder_version=\u00a0\u00bb4.25.1&Prime; background_color_gradient_stops=\u00a0\u00bb#2b87da 0%|#29c4a9 100%\u00a0\u00bb]<\/p>\n<p>D\u00e9couvrez les derni\u00e8res nouvelles et mises \u00e0 jour concernant le Master en biologie de la conservation, sp\u00e9cialis\u00e9 en Ecology, Monitoring and Management of Ecosystems (EMME). Vous pouvez en savoir plus sur le programme EMME gr\u00e2ce \u00e0 cette plaquette de pr\u00e9sentation du Master (<em>en cours de mise \u00e0 jour<\/em>) qui pr\u00e9sente le contenu, les r\u00e9sultats d&rsquo;apprentissage, les m\u00e9thodes d&rsquo;enseignement, la mobilit\u00e9 internationale, les proc\u00e9dures de candidature, etc., et <a href=\"https:\/\/www.nature-conservation-ubfc.com\/emme\/fr\/contact\/\">contactez-nous<\/a> si vous avez d&rsquo;autres questions.<\/p>\n<p>[\/et_pb_text][\/et_pb_column][\/et_pb_row][et_pb_row background_position=\u00a0\u00bbtop_left\u00a0\u00bb background_repeat=\u00a0\u00bbrepeat\u00a0\u00bb background_size=\u00a0\u00bbinitial\u00a0\u00bb _builder_version=\u00a0\u00bb4.25.1&Prime; width=\u00a0\u00bb90%\u00a0\u00bb max_width=\u00a0\u00bb1200px\u00a0\u00bb background_color_gradient_stops=\u00a0\u00bb#2b87da 0%|#29c4a9 100%\u00a0\u00bb][et_pb_column type=\u00a0\u00bb4_4&Prime; custom_padding__hover=\u00a0\u00bb|||\u00a0\u00bb custom_padding=\u00a0\u00bb|||\u00a0\u00bb background_color_gradient_stops=\u00a0\u00bb#2b87da 0%|#29c4a9 100%\u00a0\u00bb][et_pb_blog show_content=\u00a0\u00bboff\u00a0\u00bb offset_number=\u00a0\u00bb0&Prime; show_thumbnail=\u00a0\u00bbon\u00a0\u00bb show_more=\u00a0\u00bbon\u00a0\u00bb show_author=\u00a0\u00bboff\u00a0\u00bb show_date=\u00a0\u00bboff\u00a0\u00bb show_categories=\u00a0\u00bboff\u00a0\u00bb show_comments=\u00a0\u00bboff\u00a0\u00bb show_pagination=\u00a0\u00bbon\u00a0\u00bb fullwidth=\u00a0\u00bboff\u00a0\u00bb use_dropshadow=\u00a0\u00bboff\u00a0\u00bb use_overlay=\u00a0\u00bbon\u00a0\u00bb background_layout=\u00a0\u00bblight\u00a0\u00bb border_style=\u00a0\u00bbsolid\u00a0\u00bb _builder_version=\u00a0\u00bb3.0.49&Prime; box_shadow_style=\u00a0\u00bbnone\u00a0\u00bb background_color_gradient_stops=\u00a0\u00bb#2b87da 0%|#29c4a9 100%\u00a0\u00bb \/][et_pb_gallery _builder_version=\u00a0\u00bb4.11.4&Prime; gallery_ids=\u00a0\u00bb680,694,692,691,690,689,693,636,635,634,633,715,716,717,718,719,720,721&Prime; gallery_orderby=\u00a0\u00bbrand\u00a0\u00bb background_color_gradient_stops=\u00a0\u00bb#2b87da 0%|#29c4a9 100%\u00a0\u00bb \/][\/et_pb_column][\/et_pb_row][\/et_pb_section]<\/p>\n","protected":false},"excerpt":{"rendered":"<p>D\u00e9couvrez les derni\u00e8res nouvelles et mises \u00e0 jour concernant le Master Ecology, Monitoring and Management of Ecosystems (EMME). Vous pouvez en savoir plus sur le programme EMME gr\u00e2ce \u00e0 cette plaquette de pr\u00e9sentation du Master (en cours de mise \u00e0 jour) qui pr\u00e9sente le contenu, les r\u00e9sultats d&rsquo;apprentissage, les m\u00e9thodes d&rsquo;enseignement, la mobilit\u00e9 internationale, les [&hellip;]<\/p>\n","protected":false},"author":4,"featured_media":0,"parent":0,"menu_order":0,"comment_status":"closed","ping_status":"closed","template":"","meta":{"_et_pb_use_builder":"on","_et_pb_old_content":"","_et_gb_content_width":"","footnotes":""},"yoast_head":"<!-- This site is optimized with the Yoast SEO plugin v22.8 - https:\/\/yoast.com\/wordpress\/plugins\/seo\/ -->\n<title>Actualit\u00e9s - EMME<\/title>\n<meta name=\"robots\" content=\"index, follow, max-snippet:-1, max-image-preview:large, max-video-preview:-1\" \/>\n<link rel=\"canonical\" href=\"https:\/\/www.nature-conservation-ubfc.com\/emme\/fr\/\" \/>\n<meta property=\"og:locale\" content=\"fr_FR\" \/>\n<meta property=\"og:type\" content=\"article\" \/>\n<meta property=\"og:title\" content=\"Actualit\u00e9s - EMME\" \/>\n<meta property=\"og:description\" content=\"D\u00e9couvrez les derni\u00e8res nouvelles et mises \u00e0 jour concernant le Master Ecology, Monitoring and Management of Ecosystems (EMME). Vous pouvez en savoir plus sur le programme EMME gr\u00e2ce \u00e0 cette plaquette de pr\u00e9sentation du Master (en cours de mise \u00e0 jour) qui pr\u00e9sente le contenu, les r\u00e9sultats d&#039;apprentissage, les m\u00e9thodes d&#039;enseignement, la mobilit\u00e9 internationale, les [&hellip;]\" \/>\n<meta property=\"og:url\" content=\"https:\/\/www.nature-conservation-ubfc.com\/emme\/fr\/\" \/>\n<meta property=\"og:site_name\" content=\"EMME\" \/>\n<meta property=\"article:modified_time\" content=\"2026-02-04T07:39:08+00:00\" \/>\n<meta name=\"twitter:card\" content=\"summary_large_image\" \/>\n<meta name=\"twitter:label1\" content=\"Dur\u00e9e de lecture estim\u00e9e\" \/>\n\t<meta name=\"twitter:data1\" content=\"11 minutes\" \/>\n<script type=\"application\/ld+json\" class=\"yoast-schema-graph\">{\"@context\":\"https:\/\/schema.org\",\"@graph\":[{\"@type\":\"WebPage\",\"@id\":\"https:\/\/www.nature-conservation-ubfc.com\/emme\/fr\/\",\"url\":\"https:\/\/www.nature-conservation-ubfc.com\/emme\/fr\/\",\"name\":\"Actualit\u00e9s - EMME\",\"isPartOf\":{\"@id\":\"https:\/\/www.nature-conservation-ubfc.com\/emme\/#website\"},\"datePublished\":\"2017-05-31T18:19:57+00:00\",\"dateModified\":\"2026-02-04T07:39:08+00:00\",\"breadcrumb\":{\"@id\":\"https:\/\/www.nature-conservation-ubfc.com\/emme\/fr\/#breadcrumb\"},\"inLanguage\":\"fr-FR\",\"potentialAction\":[{\"@type\":\"ReadAction\",\"target\":[\"https:\/\/www.nature-conservation-ubfc.com\/emme\/fr\/\"]}]},{\"@type\":\"BreadcrumbList\",\"@id\":\"https:\/\/www.nature-conservation-ubfc.com\/emme\/fr\/#breadcrumb\",\"itemListElement\":[{\"@type\":\"ListItem\",\"position\":1,\"name\":\"Accueil\",\"item\":\"https:\/\/www.nature-conservation-ubfc.com\/emme\/fr\/\"},{\"@type\":\"ListItem\",\"position\":2,\"name\":\"Actualit\u00e9s\"}]},{\"@type\":\"WebSite\",\"@id\":\"https:\/\/www.nature-conservation-ubfc.com\/emme\/#website\",\"url\":\"https:\/\/www.nature-conservation-ubfc.com\/emme\/\",\"name\":\"EMME\",\"description\":\"\",\"potentialAction\":[{\"@type\":\"SearchAction\",\"target\":{\"@type\":\"EntryPoint\",\"urlTemplate\":\"https:\/\/www.nature-conservation-ubfc.com\/emme\/?s={search_term_string}\"},\"query-input\":\"required name=search_term_string\"}],\"inLanguage\":\"fr-FR\"}]}<\/script>\n<!-- \/ Yoast SEO plugin. -->","yoast_head_json":{"title":"Actualit\u00e9s - EMME","robots":{"index":"index","follow":"follow","max-snippet":"max-snippet:-1","max-image-preview":"max-image-preview:large","max-video-preview":"max-video-preview:-1"},"canonical":"https:\/\/www.nature-conservation-ubfc.com\/emme\/fr\/","og_locale":"fr_FR","og_type":"article","og_title":"Actualit\u00e9s - EMME","og_description":"D\u00e9couvrez les derni\u00e8res nouvelles et mises \u00e0 jour concernant le Master Ecology, Monitoring and Management of Ecosystems (EMME). Vous pouvez en savoir plus sur le programme EMME gr\u00e2ce \u00e0 cette plaquette de pr\u00e9sentation du Master (en cours de mise \u00e0 jour) qui pr\u00e9sente le contenu, les r\u00e9sultats d'apprentissage, les m\u00e9thodes d'enseignement, la mobilit\u00e9 internationale, les [&hellip;]","og_url":"https:\/\/www.nature-conservation-ubfc.com\/emme\/fr\/","og_site_name":"EMME","article_modified_time":"2026-02-04T07:39:08+00:00","twitter_card":"summary_large_image","twitter_misc":{"Dur\u00e9e de lecture estim\u00e9e":"11 minutes"},"schema":{"@context":"https:\/\/schema.org","@graph":[{"@type":"WebPage","@id":"https:\/\/www.nature-conservation-ubfc.com\/emme\/fr\/","url":"https:\/\/www.nature-conservation-ubfc.com\/emme\/fr\/","name":"Actualit\u00e9s - EMME","isPartOf":{"@id":"https:\/\/www.nature-conservation-ubfc.com\/emme\/#website"},"datePublished":"2017-05-31T18:19:57+00:00","dateModified":"2026-02-04T07:39:08+00:00","breadcrumb":{"@id":"https:\/\/www.nature-conservation-ubfc.com\/emme\/fr\/#breadcrumb"},"inLanguage":"fr-FR","potentialAction":[{"@type":"ReadAction","target":["https:\/\/www.nature-conservation-ubfc.com\/emme\/fr\/"]}]},{"@type":"BreadcrumbList","@id":"https:\/\/www.nature-conservation-ubfc.com\/emme\/fr\/#breadcrumb","itemListElement":[{"@type":"ListItem","position":1,"name":"Accueil","item":"https:\/\/www.nature-conservation-ubfc.com\/emme\/fr\/"},{"@type":"ListItem","position":2,"name":"Actualit\u00e9s"}]},{"@type":"WebSite","@id":"https:\/\/www.nature-conservation-ubfc.com\/emme\/#website","url":"https:\/\/www.nature-conservation-ubfc.com\/emme\/","name":"EMME","description":"","potentialAction":[{"@type":"SearchAction","target":{"@type":"EntryPoint","urlTemplate":"https:\/\/www.nature-conservation-ubfc.com\/emme\/?s={search_term_string}"},"query-input":"required name=search_term_string"}],"inLanguage":"fr-FR"}]}},"_links":{"self":[{"href":"https:\/\/www.nature-conservation-ubfc.com\/emme\/wp-json\/wp\/v2\/pages\/105"}],"collection":[{"href":"https:\/\/www.nature-conservation-ubfc.com\/emme\/wp-json\/wp\/v2\/pages"}],"about":[{"href":"https:\/\/www.nature-conservation-ubfc.com\/emme\/wp-json\/wp\/v2\/types\/page"}],"author":[{"embeddable":true,"href":"https:\/\/www.nature-conservation-ubfc.com\/emme\/wp-json\/wp\/v2\/users\/4"}],"replies":[{"embeddable":true,"href":"https:\/\/www.nature-conservation-ubfc.com\/emme\/wp-json\/wp\/v2\/comments?post=105"}],"version-history":[{"count":18,"href":"https:\/\/www.nature-conservation-ubfc.com\/emme\/wp-json\/wp\/v2\/pages\/105\/revisions"}],"predecessor-version":[{"id":2314,"href":"https:\/\/www.nature-conservation-ubfc.com\/emme\/wp-json\/wp\/v2\/pages\/105\/revisions\/2314"}],"wp:attachment":[{"href":"https:\/\/www.nature-conservation-ubfc.com\/emme\/wp-json\/wp\/v2\/media?parent=105"}],"curies":[{"name":"wp","href":"https:\/\/api.w.org\/{rel}","templated":true}]}}