{"id":416,"date":"2017-10-16T14:08:00","date_gmt":"2017-10-16T12:08:00","guid":{"rendered":"https:\/\/www.nature-conservation-ubfc.com\/dycob\/?page_id=416"},"modified":"2017-11-14T11:51:20","modified_gmt":"2017-11-14T10:51:20","slug":"stages-m2","status":"publish","type":"page","link":"https:\/\/www.nature-conservation-ubfc.com\/dycob\/stages-m2\/","title":{"rendered":"Stages M2"},"content":{"rendered":"<p>[et_pb_section bb_built=\u00a0\u00bb1&Prime; admin_label=\u00a0\u00bbsection\u00a0\u00bb][et_pb_row admin_label=\u00a0\u00bbrow\u00a0\u00bb background_position=\u00a0\u00bbtop_left\u00a0\u00bb background_repeat=\u00a0\u00bbrepeat\u00a0\u00bb background_size=\u00a0\u00bbinitial\u00a0\u00bb][et_pb_column type=\u00a0\u00bb4_4&Prime;][et_pb_text admin_label=\u00a0\u00bbTexte\u00a0\u00bb _builder_version=\u00a0\u00bb3.0.50&Prime; background_layout=\u00a0\u00bblight\u00a0\u00bb text_orientation=\u00a0\u00bbleft\u00a0\u00bb border_style=\u00a0\u00bbsolid\u00a0\u00bb]<\/p>\n<h4>Stage de M2 2017-2018<\/h4>\n<ul>\n<li>D\u00e9tecter les risques d\u2019extinction locale par l\u2019analyse du budget \u00e9nerg\u00e9tique chez les abeilles sauvages &#8211; Michael Henry, Jean-Luc Brunet, C\u00e9dric Alaux &#8211; INRA Avignon <a href=\"https:\/\/www.nature-conservation-ubfc.com\/dycob\/wp-content\/uploads\/sites\/3\/2017\/10\/M2_2018_henry.pdf\">[d\u00e9tails]<\/a><\/li>\n<li>R\u00f4les des effets latents des produits phytosanitaires sur le d\u00e9clin des populations d\u2019oiseaux en paysage agricole &#8211; J\u00e9rome Moreau, Station biologique de Chiz\u00e9 <a href=\"https:\/\/www.nature-conservation-ubfc.com\/dycob\/wp-content\/uploads\/sites\/3\/2017\/10\/M2_2018_moreau.pdf\">[d\u00e9tails]<\/a><\/li>\n<li>Test d\u2019une nouvelle strat\u00e9gie de lutte contre la Flavescence dor\u00e9e : \u00e9tude sur le terrain et par mod\u00e9lisation &#8211; Marie-Charlotte Anstett, Biog\u00e9osciences, Dijon<a href=\"https:\/\/www.nature-conservation-ubfc.com\/dycob\/wp-content\/uploads\/sites\/3\/2017\/10\/M2_2018_anstett.pdf\"> [d\u00e9tails]<\/a><\/li>\n<li>Physiological indicators of population extinctions in wild lizards &#8211; Andr\u00e9as Dupou\u00e9, Moulis, Ari\u00e8ge <a href=\"https:\/\/www.nature-conservation-ubfc.com\/dycob\/wp-content\/uploads\/sites\/3\/2017\/10\/M2_2018_dupoue.pdf\">[d\u00e9tails]<\/a><\/li>\n<li>Effet local et r\u00e9gional de l\u2019agriculture biologique sur la diversit\u00e9 de la flore adventices et des pollinisateurs &#8211; Sabrina Gaba, Inra, Dijon <a href=\"https:\/\/www.nature-conservation-ubfc.com\/dycob\/wp-content\/uploads\/sites\/3\/2017\/10\/M2_2018_gaba.pdf\">[d\u00e9tails]<\/a><\/li>\n<li>Variabilit\u00e9 g\u00e9n\u00e9tique et plasticit\u00e9 ph\u00e9notypique de l\u2019appareil vasculaire chez les semis de peuplier noir (<em>Populus nigra<\/em> L.) dans un contexte de changement climatique &#8211; Marc Villar, Marl\u00e8ne Lefebvre, R\u00e9gis Fichot &#8211; Orl\u00e9ans<a href=\"https:\/\/www.nature-conservation-ubfc.com\/dycob\/wp-content\/uploads\/sites\/3\/2017\/10\/M2_2018_villar.pdf\"> [d\u00e9tails]<\/a><\/li>\n<li>Influence des esp\u00e8ces adventices sur la production agricole &#8211; Beranger Bourgeois et Sabrina Gaba, Inra Dijon <a href=\"https:\/\/www.nature-conservation-ubfc.com\/dycob\/wp-content\/uploads\/sites\/3\/2017\/11\/M2_2018_bourgeois.pdf\">[d\u00e9tails]<\/a><\/li>\n<li>Transfert trans-g\u00e9n\u00e9rationnel d\u2019immunit\u00e9 quelle cons\u00e9quence sur les traits d\u2019histoire de vie de la descendance ? Yannick Moret et Charly Jehan, universit\u00e9 de Bourgogne<a href=\"https:\/\/www.nature-conservation-ubfc.com\/dycob\/wp-content\/uploads\/sites\/3\/2017\/11\/M2_2018_moret.pdf\"> [d\u00e9tails]<\/a><\/li>\n<li>Impact des pratiques de renouvellement du cheptel sur l\u2019\u00e9tat sanitaire des colonies d\u2019abeilles &#8211; Anne Dalmon, Avignon <a href=\"https:\/\/www.nature-conservation-ubfc.com\/dycob\/wp-content\/uploads\/sites\/3\/2017\/11\/M2_2018_dalmon.pdf\">[d\u00e9tails]<\/a><\/li>\n<li>Evolution du g\u00e9nome mitochondrial chez les Strigiformes &#8211; J\u00e9r\u00f4me Fuchs, MNHN, Paris <a href=\"https:\/\/www.nature-conservation-ubfc.com\/dycob\/wp-content\/uploads\/sites\/3\/2017\/11\/M2_2018_fuchs.pdf\">[d\u00e9tails]<\/a><\/li>\n<li>Comparaison des interactions auxiliaire\/ravageur et ravageur\/plante pour l\u2019\u00e9tude de l\u2019efficacit\u00e9 de certaines esp\u00e8ces de trichogrammes sur les syst\u00e8mes soja et chou en m\u00e9socosme &#8211; Thomas Lepilleur, Bioline, Valbonne <a href=\"https:\/\/www.nature-conservation-ubfc.com\/dycob\/wp-content\/uploads\/sites\/3\/2017\/11\/M2_2018_lepilleur.pdf\">[d\u00e9tails]<\/a><\/li>\n<li>Impacts de la plasticit\u00e9 immunitaire sur les traits d\u2019histoire de vie des isopodes terrestres &#8211; Christine Braquart-Varnier, Poitiers <a href=\"https:\/\/www.nature-conservation-ubfc.com\/dycob\/wp-content\/uploads\/sites\/3\/2017\/11\/M2_2018_braquart.pdf\">[d\u00e9tails]<\/a><\/li>\n<li>Evaluation de l\u2019\u00e9tat de conservation des \u00e9co-complexes alluviaux de l\u2019Ile de la Petite Camargue Alsacienne (Ile de Kembs) &#8211; L\u00e9a Merckling &amp; Bastien Pascal, R\u00e9serve naturelle de la Petite Camargue Alsacienne <a href=\"https:\/\/www.nature-conservation-ubfc.com\/dycob\/wp-content\/uploads\/sites\/3\/2017\/11\/M2_2018_merckling.pdf\">[d\u00e9tails]<\/a><\/li>\n<li>Am\u00e9lioration du biocontr\u00f4le : \u00e9tude des variations comportementales interindividuelles chez une esp\u00e8ce de trichogramme &#8211; Sil\u00e8ne Lartigue, Thibaut Malausa, J\u00e9r\u00f4me Moreau &#8211; Sophia-Antipolis, Nice <a href=\"https:\/\/www.nature-conservation-ubfc.com\/dycob\/wp-content\/uploads\/sites\/3\/2017\/11\/M2_2018_lartigue.pdf\">[d\u00e9tails]<\/a><\/li>\n<li>\u00c9tude de population de Maculinea arion &#8211; Adrien Chorein, Conservatoire d\u2019espaces naturels Centre, Val de Loire <a href=\"https:\/\/www.nature-conservation-ubfc.com\/dycob\/wp-content\/uploads\/sites\/3\/2017\/11\/M2_2018_chorein.pdf\">[d\u00e9tails]<\/a><\/li>\n<\/ul>\n<p>[\/et_pb_text][\/et_pb_column][\/et_pb_row][\/et_pb_section]<\/p>\n","protected":false},"excerpt":{"rendered":"<p>Stage de M2 2017-2018 D\u00e9tecter les risques d\u2019extinction locale par l\u2019analyse du budget \u00e9nerg\u00e9tique chez les abeilles sauvages &#8211; Michael Henry, Jean-Luc Brunet, C\u00e9dric Alaux &#8211; INRA Avignon [d\u00e9tails] R\u00f4les des effets latents des produits phytosanitaires sur le d\u00e9clin des populations d\u2019oiseaux en paysage agricole &#8211; J\u00e9rome Moreau, Station biologique de Chiz\u00e9 [d\u00e9tails] Test d\u2019une [&hellip;]<\/p>\n","protected":false},"author":1,"featured_media":0,"parent":0,"menu_order":0,"comment_status":"closed","ping_status":"closed","template":"","meta":{"_et_pb_use_builder":"on","_et_pb_old_content":"","_et_gb_content_width":"","footnotes":""},"yoast_head":"<!-- This site is optimized with the Yoast SEO plugin v22.8 - https:\/\/yoast.com\/wordpress\/plugins\/seo\/ -->\n<title>Stages M2 - DYCOB<\/title>\n<meta name=\"robots\" content=\"index, follow, max-snippet:-1, max-image-preview:large, max-video-preview:-1\" \/>\n<link rel=\"canonical\" href=\"https:\/\/www.nature-conservation-ubfc.com\/dycob\/stages-m2\/\" \/>\n<meta property=\"og:locale\" content=\"fr_FR\" \/>\n<meta property=\"og:type\" content=\"article\" \/>\n<meta property=\"og:title\" content=\"Stages M2 - DYCOB\" \/>\n<meta property=\"og:description\" content=\"Stage de M2 2017-2018 D\u00e9tecter les risques d\u2019extinction locale par l\u2019analyse du budget \u00e9nerg\u00e9tique chez les abeilles sauvages - Michael Henry, Jean-Luc Brunet, C\u00e9dric Alaux - INRA Avignon [d\u00e9tails] R\u00f4les des effets latents des produits phytosanitaires sur le d\u00e9clin des populations d\u2019oiseaux en paysage agricole - J\u00e9rome Moreau, Station biologique de Chiz\u00e9 [d\u00e9tails] Test d\u2019une [&hellip;]\" \/>\n<meta property=\"og:url\" content=\"https:\/\/www.nature-conservation-ubfc.com\/dycob\/stages-m2\/\" \/>\n<meta property=\"og:site_name\" content=\"DYCOB\" \/>\n<meta property=\"article:modified_time\" content=\"2017-11-14T10:51:20+00:00\" \/>\n<meta name=\"twitter:card\" content=\"summary_large_image\" \/>\n<meta name=\"twitter:label1\" content=\"Dur\u00e9e de lecture estim\u00e9e\" \/>\n\t<meta name=\"twitter:data1\" content=\"2 minutes\" \/>\n<script type=\"application\/ld+json\" class=\"yoast-schema-graph\">{\"@context\":\"https:\/\/schema.org\",\"@graph\":[{\"@type\":\"WebPage\",\"@id\":\"https:\/\/www.nature-conservation-ubfc.com\/dycob\/stages-m2\/\",\"url\":\"https:\/\/www.nature-conservation-ubfc.com\/dycob\/stages-m2\/\",\"name\":\"Stages M2 - DYCOB\",\"isPartOf\":{\"@id\":\"https:\/\/www.nature-conservation-ubfc.com\/dycob\/#website\"},\"datePublished\":\"2017-10-16T12:08:00+00:00\",\"dateModified\":\"2017-11-14T10:51:20+00:00\",\"breadcrumb\":{\"@id\":\"https:\/\/www.nature-conservation-ubfc.com\/dycob\/stages-m2\/#breadcrumb\"},\"inLanguage\":\"fr-FR\",\"potentialAction\":[{\"@type\":\"ReadAction\",\"target\":[\"https:\/\/www.nature-conservation-ubfc.com\/dycob\/stages-m2\/\"]}]},{\"@type\":\"BreadcrumbList\",\"@id\":\"https:\/\/www.nature-conservation-ubfc.com\/dycob\/stages-m2\/#breadcrumb\",\"itemListElement\":[{\"@type\":\"ListItem\",\"position\":1,\"name\":\"Accueil\",\"item\":\"https:\/\/www.nature-conservation-ubfc.com\/dycob\/\"},{\"@type\":\"ListItem\",\"position\":2,\"name\":\"Stages M2\"}]},{\"@type\":\"WebSite\",\"@id\":\"https:\/\/www.nature-conservation-ubfc.com\/dycob\/#website\",\"url\":\"https:\/\/www.nature-conservation-ubfc.com\/dycob\/\",\"name\":\"DYCOB\",\"description\":\"\",\"potentialAction\":[{\"@type\":\"SearchAction\",\"target\":{\"@type\":\"EntryPoint\",\"urlTemplate\":\"https:\/\/www.nature-conservation-ubfc.com\/dycob\/?s={search_term_string}\"},\"query-input\":\"required name=search_term_string\"}],\"inLanguage\":\"fr-FR\"}]}<\/script>\n<!-- \/ Yoast SEO plugin. -->","yoast_head_json":{"title":"Stages M2 - DYCOB","robots":{"index":"index","follow":"follow","max-snippet":"max-snippet:-1","max-image-preview":"max-image-preview:large","max-video-preview":"max-video-preview:-1"},"canonical":"https:\/\/www.nature-conservation-ubfc.com\/dycob\/stages-m2\/","og_locale":"fr_FR","og_type":"article","og_title":"Stages M2 - DYCOB","og_description":"Stage de M2 2017-2018 D\u00e9tecter les risques d\u2019extinction locale par l\u2019analyse du budget \u00e9nerg\u00e9tique chez les abeilles sauvages - Michael Henry, Jean-Luc Brunet, C\u00e9dric Alaux - INRA Avignon [d\u00e9tails] R\u00f4les des effets latents des produits phytosanitaires sur le d\u00e9clin des populations d\u2019oiseaux en paysage agricole - J\u00e9rome Moreau, Station biologique de Chiz\u00e9 [d\u00e9tails] Test d\u2019une [&hellip;]","og_url":"https:\/\/www.nature-conservation-ubfc.com\/dycob\/stages-m2\/","og_site_name":"DYCOB","article_modified_time":"2017-11-14T10:51:20+00:00","twitter_card":"summary_large_image","twitter_misc":{"Dur\u00e9e de lecture estim\u00e9e":"2 minutes"},"schema":{"@context":"https:\/\/schema.org","@graph":[{"@type":"WebPage","@id":"https:\/\/www.nature-conservation-ubfc.com\/dycob\/stages-m2\/","url":"https:\/\/www.nature-conservation-ubfc.com\/dycob\/stages-m2\/","name":"Stages M2 - DYCOB","isPartOf":{"@id":"https:\/\/www.nature-conservation-ubfc.com\/dycob\/#website"},"datePublished":"2017-10-16T12:08:00+00:00","dateModified":"2017-11-14T10:51:20+00:00","breadcrumb":{"@id":"https:\/\/www.nature-conservation-ubfc.com\/dycob\/stages-m2\/#breadcrumb"},"inLanguage":"fr-FR","potentialAction":[{"@type":"ReadAction","target":["https:\/\/www.nature-conservation-ubfc.com\/dycob\/stages-m2\/"]}]},{"@type":"BreadcrumbList","@id":"https:\/\/www.nature-conservation-ubfc.com\/dycob\/stages-m2\/#breadcrumb","itemListElement":[{"@type":"ListItem","position":1,"name":"Accueil","item":"https:\/\/www.nature-conservation-ubfc.com\/dycob\/"},{"@type":"ListItem","position":2,"name":"Stages M2"}]},{"@type":"WebSite","@id":"https:\/\/www.nature-conservation-ubfc.com\/dycob\/#website","url":"https:\/\/www.nature-conservation-ubfc.com\/dycob\/","name":"DYCOB","description":"","potentialAction":[{"@type":"SearchAction","target":{"@type":"EntryPoint","urlTemplate":"https:\/\/www.nature-conservation-ubfc.com\/dycob\/?s={search_term_string}"},"query-input":"required name=search_term_string"}],"inLanguage":"fr-FR"}]}},"_links":{"self":[{"href":"https:\/\/www.nature-conservation-ubfc.com\/dycob\/wp-json\/wp\/v2\/pages\/416"}],"collection":[{"href":"https:\/\/www.nature-conservation-ubfc.com\/dycob\/wp-json\/wp\/v2\/pages"}],"about":[{"href":"https:\/\/www.nature-conservation-ubfc.com\/dycob\/wp-json\/wp\/v2\/types\/page"}],"author":[{"embeddable":true,"href":"https:\/\/www.nature-conservation-ubfc.com\/dycob\/wp-json\/wp\/v2\/users\/1"}],"replies":[{"embeddable":true,"href":"https:\/\/www.nature-conservation-ubfc.com\/dycob\/wp-json\/wp\/v2\/comments?post=416"}],"version-history":[{"count":8,"href":"https:\/\/www.nature-conservation-ubfc.com\/dycob\/wp-json\/wp\/v2\/pages\/416\/revisions"}],"predecessor-version":[{"id":459,"href":"https:\/\/www.nature-conservation-ubfc.com\/dycob\/wp-json\/wp\/v2\/pages\/416\/revisions\/459"}],"wp:attachment":[{"href":"https:\/\/www.nature-conservation-ubfc.com\/dycob\/wp-json\/wp\/v2\/media?parent=416"}],"curies":[{"name":"wp","href":"https:\/\/api.w.org\/{rel}","templated":true}]}}