{"id":335,"date":"2017-06-23T15:46:49","date_gmt":"2017-06-23T13:46:49","guid":{"rendered":"https:\/\/www.nature-conservation-ubfc.com\/dycob\/?page_id=335"},"modified":"2019-05-14T14:35:21","modified_gmt":"2019-05-14T12:35:21","slug":"inscription","status":"publish","type":"page","link":"https:\/\/www.nature-conservation-ubfc.com\/dycob\/inscription\/","title":{"rendered":"Inscription"},"content":{"rendered":"<p>[et_pb_section bb_built=\u00a0\u00bb1&Prime; admin_label=\u00a0\u00bbsection\u00a0\u00bb][et_pb_row admin_label=\u00a0\u00bbrow\u00a0\u00bb background_position=\u00a0\u00bbtop_left\u00a0\u00bb background_repeat=\u00a0\u00bbrepeat\u00a0\u00bb background_size=\u00a0\u00bbinitial\u00a0\u00bb][et_pb_column type=\u00a0\u00bb4_4&Prime;][et_pb_text _builder_version=\u00a0\u00bb3.17.2&Prime; background_layout=\u00a0\u00bblight\u00a0\u00bb text_orientation=\u00a0\u00bbleft\u00a0\u00bb]<\/p>\n<p><strong>M1<\/strong><\/p>\n<p>Disponibilit\u00e9 du dossier et d\u00e9but des candidatures depuis 24 avril 2019 : <a href=\"https:\/\/www.nature-conservation-ubfc.com\/dycob\/wp-content\/uploads\/sites\/3\/2019\/05\/dossier_M1_2019_2020.pdf\">t\u00e9l\u00e9charger le dossier.<\/a><\/p>\n<p>Dates limites de retour du dossier (cachet de la poste faisant foi) : 27 mai 2019<\/p>\n<p>Capacit\u00e9 d&rsquo;accueil : 16.<\/p>\n<p><strong>M2<\/strong><\/p>\n<p>Disponibilit\u00e9 du dossier et d\u00e9but des candidatures depuis 24 avril 2019: <a href=\"http:\/\/ufr-svte.u-bourgogne.fr\/images\/stories\/pdf\/Inscriptions\/Dossier_acces_M2_DYNAMIQUE_ET_CONSERVATION_DE_LA_BIODIVERSITE_2018_2019.pdf\">t\u00e9l\u00e9charger le dossier.<\/a><\/p>\n<p>Date de cl\u00f4ture le 31 mai 2019 (cachet de la poste faisant foi) avec d\u00e9lai de r\u00e9ception des dossiers le 03 juin 2019.<\/p>\n<p>[\/et_pb_text][\/et_pb_column][\/et_pb_row][\/et_pb_section]<\/p>\n","protected":false},"excerpt":{"rendered":"<p>M1 Disponibilit\u00e9 du dossier et d\u00e9but des candidatures depuis 24 avril 2019 : t\u00e9l\u00e9charger le dossier. Dates limites de retour du dossier (cachet de la poste faisant foi) : 27 mai 2019 Capacit\u00e9 d&rsquo;accueil : 16. M2 Disponibilit\u00e9 du dossier et d\u00e9but des candidatures depuis 24 avril 2019: t\u00e9l\u00e9charger le dossier. Date de cl\u00f4ture le [&hellip;]<\/p>\n","protected":false},"author":5,"featured_media":0,"parent":0,"menu_order":0,"comment_status":"closed","ping_status":"closed","template":"","meta":{"_et_pb_use_builder":"on","_et_pb_old_content":"","_et_gb_content_width":"","footnotes":""},"yoast_head":"<!-- This site is optimized with the Yoast SEO plugin v22.8 - https:\/\/yoast.com\/wordpress\/plugins\/seo\/ -->\n<title>Inscription - DYCOB<\/title>\n<meta name=\"robots\" content=\"index, follow, max-snippet:-1, max-image-preview:large, max-video-preview:-1\" \/>\n<link rel=\"canonical\" href=\"https:\/\/www.nature-conservation-ubfc.com\/dycob\/inscription\/\" \/>\n<meta property=\"og:locale\" content=\"fr_FR\" \/>\n<meta property=\"og:type\" content=\"article\" \/>\n<meta property=\"og:title\" content=\"Inscription - DYCOB\" \/>\n<meta property=\"og:description\" content=\"M1 Disponibilit\u00e9 du dossier et d\u00e9but des candidatures depuis 24 avril 2019 : t\u00e9l\u00e9charger le dossier. Dates limites de retour du dossier (cachet de la poste faisant foi) : 27 mai 2019 Capacit\u00e9 d&#039;accueil : 16. M2 Disponibilit\u00e9 du dossier et d\u00e9but des candidatures depuis 24 avril 2019: t\u00e9l\u00e9charger le dossier. Date de cl\u00f4ture le [&hellip;]\" \/>\n<meta property=\"og:url\" content=\"https:\/\/www.nature-conservation-ubfc.com\/dycob\/inscription\/\" \/>\n<meta property=\"og:site_name\" content=\"DYCOB\" \/>\n<meta property=\"article:modified_time\" content=\"2019-05-14T12:35:21+00:00\" \/>\n<meta name=\"twitter:card\" content=\"summary_large_image\" \/>\n<meta name=\"twitter:label1\" content=\"Dur\u00e9e de lecture estim\u00e9e\" \/>\n\t<meta name=\"twitter:data1\" content=\"1 minute\" \/>\n<script type=\"application\/ld+json\" class=\"yoast-schema-graph\">{\"@context\":\"https:\/\/schema.org\",\"@graph\":[{\"@type\":\"WebPage\",\"@id\":\"https:\/\/www.nature-conservation-ubfc.com\/dycob\/inscription\/\",\"url\":\"https:\/\/www.nature-conservation-ubfc.com\/dycob\/inscription\/\",\"name\":\"Inscription - DYCOB\",\"isPartOf\":{\"@id\":\"https:\/\/www.nature-conservation-ubfc.com\/dycob\/#website\"},\"datePublished\":\"2017-06-23T13:46:49+00:00\",\"dateModified\":\"2019-05-14T12:35:21+00:00\",\"breadcrumb\":{\"@id\":\"https:\/\/www.nature-conservation-ubfc.com\/dycob\/inscription\/#breadcrumb\"},\"inLanguage\":\"fr-FR\",\"potentialAction\":[{\"@type\":\"ReadAction\",\"target\":[\"https:\/\/www.nature-conservation-ubfc.com\/dycob\/inscription\/\"]}]},{\"@type\":\"BreadcrumbList\",\"@id\":\"https:\/\/www.nature-conservation-ubfc.com\/dycob\/inscription\/#breadcrumb\",\"itemListElement\":[{\"@type\":\"ListItem\",\"position\":1,\"name\":\"Accueil\",\"item\":\"https:\/\/www.nature-conservation-ubfc.com\/dycob\/\"},{\"@type\":\"ListItem\",\"position\":2,\"name\":\"Inscription\"}]},{\"@type\":\"WebSite\",\"@id\":\"https:\/\/www.nature-conservation-ubfc.com\/dycob\/#website\",\"url\":\"https:\/\/www.nature-conservation-ubfc.com\/dycob\/\",\"name\":\"DYCOB\",\"description\":\"\",\"potentialAction\":[{\"@type\":\"SearchAction\",\"target\":{\"@type\":\"EntryPoint\",\"urlTemplate\":\"https:\/\/www.nature-conservation-ubfc.com\/dycob\/?s={search_term_string}\"},\"query-input\":\"required name=search_term_string\"}],\"inLanguage\":\"fr-FR\"}]}<\/script>\n<!-- \/ Yoast SEO plugin. -->","yoast_head_json":{"title":"Inscription - DYCOB","robots":{"index":"index","follow":"follow","max-snippet":"max-snippet:-1","max-image-preview":"max-image-preview:large","max-video-preview":"max-video-preview:-1"},"canonical":"https:\/\/www.nature-conservation-ubfc.com\/dycob\/inscription\/","og_locale":"fr_FR","og_type":"article","og_title":"Inscription - DYCOB","og_description":"M1 Disponibilit\u00e9 du dossier et d\u00e9but des candidatures depuis 24 avril 2019 : t\u00e9l\u00e9charger le dossier. Dates limites de retour du dossier (cachet de la poste faisant foi) : 27 mai 2019 Capacit\u00e9 d'accueil : 16. M2 Disponibilit\u00e9 du dossier et d\u00e9but des candidatures depuis 24 avril 2019: t\u00e9l\u00e9charger le dossier. Date de cl\u00f4ture le [&hellip;]","og_url":"https:\/\/www.nature-conservation-ubfc.com\/dycob\/inscription\/","og_site_name":"DYCOB","article_modified_time":"2019-05-14T12:35:21+00:00","twitter_card":"summary_large_image","twitter_misc":{"Dur\u00e9e de lecture estim\u00e9e":"1 minute"},"schema":{"@context":"https:\/\/schema.org","@graph":[{"@type":"WebPage","@id":"https:\/\/www.nature-conservation-ubfc.com\/dycob\/inscription\/","url":"https:\/\/www.nature-conservation-ubfc.com\/dycob\/inscription\/","name":"Inscription - DYCOB","isPartOf":{"@id":"https:\/\/www.nature-conservation-ubfc.com\/dycob\/#website"},"datePublished":"2017-06-23T13:46:49+00:00","dateModified":"2019-05-14T12:35:21+00:00","breadcrumb":{"@id":"https:\/\/www.nature-conservation-ubfc.com\/dycob\/inscription\/#breadcrumb"},"inLanguage":"fr-FR","potentialAction":[{"@type":"ReadAction","target":["https:\/\/www.nature-conservation-ubfc.com\/dycob\/inscription\/"]}]},{"@type":"BreadcrumbList","@id":"https:\/\/www.nature-conservation-ubfc.com\/dycob\/inscription\/#breadcrumb","itemListElement":[{"@type":"ListItem","position":1,"name":"Accueil","item":"https:\/\/www.nature-conservation-ubfc.com\/dycob\/"},{"@type":"ListItem","position":2,"name":"Inscription"}]},{"@type":"WebSite","@id":"https:\/\/www.nature-conservation-ubfc.com\/dycob\/#website","url":"https:\/\/www.nature-conservation-ubfc.com\/dycob\/","name":"DYCOB","description":"","potentialAction":[{"@type":"SearchAction","target":{"@type":"EntryPoint","urlTemplate":"https:\/\/www.nature-conservation-ubfc.com\/dycob\/?s={search_term_string}"},"query-input":"required name=search_term_string"}],"inLanguage":"fr-FR"}]}},"_links":{"self":[{"href":"https:\/\/www.nature-conservation-ubfc.com\/dycob\/wp-json\/wp\/v2\/pages\/335"}],"collection":[{"href":"https:\/\/www.nature-conservation-ubfc.com\/dycob\/wp-json\/wp\/v2\/pages"}],"about":[{"href":"https:\/\/www.nature-conservation-ubfc.com\/dycob\/wp-json\/wp\/v2\/types\/page"}],"author":[{"embeddable":true,"href":"https:\/\/www.nature-conservation-ubfc.com\/dycob\/wp-json\/wp\/v2\/users\/5"}],"replies":[{"embeddable":true,"href":"https:\/\/www.nature-conservation-ubfc.com\/dycob\/wp-json\/wp\/v2\/comments?post=335"}],"version-history":[{"count":11,"href":"https:\/\/www.nature-conservation-ubfc.com\/dycob\/wp-json\/wp\/v2\/pages\/335\/revisions"}],"predecessor-version":[{"id":705,"href":"https:\/\/www.nature-conservation-ubfc.com\/dycob\/wp-json\/wp\/v2\/pages\/335\/revisions\/705"}],"wp:attachment":[{"href":"https:\/\/www.nature-conservation-ubfc.com\/dycob\/wp-json\/wp\/v2\/media?parent=335"}],"curies":[{"name":"wp","href":"https:\/\/api.w.org\/{rel}","templated":true}]}}