{"id":333,"date":"2017-06-23T15:46:41","date_gmt":"2017-06-23T13:46:41","guid":{"rendered":"https:\/\/www.nature-conservation-ubfc.com\/dycob\/?page_id=333"},"modified":"2017-10-03T14:34:24","modified_gmt":"2017-10-03T12:34:24","slug":"m2","status":"publish","type":"page","link":"https:\/\/www.nature-conservation-ubfc.com\/dycob\/emploi-du-temps\/m2\/","title":{"rendered":"M2"},"content":{"rendered":"<p>[et_pb_section bb_built=\u00a0\u00bb1&Prime; admin_label=\u00a0\u00bbsection\u00a0\u00bb][et_pb_row admin_label=\u00a0\u00bbrow\u00a0\u00bb background_position=\u00a0\u00bbtop_left\u00a0\u00bb background_repeat=\u00a0\u00bbrepeat\u00a0\u00bb background_size=\u00a0\u00bbinitial\u00a0\u00bb][et_pb_column type=\u00a0\u00bb4_4&Prime;][et_pb_text admin_label=\u00a0\u00bbTexte\u00a0\u00bb _builder_version=\u00a0\u00bb3.0.50&Prime; background_layout=\u00a0\u00bblight\u00a0\u00bb text_orientation=\u00a0\u00bbleft\u00a0\u00bb border_style=\u00a0\u00bbsolid\u00a0\u00bb]<\/p>\n<p style=\"text-align: center\"><a href='https:\/\/cloud-ccub.u-bourgogne.fr\/index.php\/s\/zASFWfQ20Y1Ma3Y\/download' class='small-button smallsilver'>T\u00e9l\u00e9charger l&#8217;emploi du temps<\/a><\/p>\n<p>L&#8217;emploi du temps \u00e0 jour est<a href=\"https:\/\/cloud-ccub.u-bourgogne.fr\/index.php\/s\/zASFWfQ20Y1Ma3Y\/download\"> t\u00e9l\u00e9chargeable \u00e0 cette adresse<\/a>. L\u2019emploi du temps est donn\u00e9 \u00e0 l\u2019avance seulement \u00e0 titre indicatif. Il peut \u00eatre modifi\u00e9 \u00e0 tout moment en fonction des contraintes qui s\u2019exercent sur les enseignants, des contraintes climatiques affectant les sorties sur le terrain ou d\u2019autres impond\u00e9rables. Il est donc tr\u00e8s important de consulter r\u00e9guli\u00e8rement l\u2019emploi du temps en ligne pour \u00eatre averti en temps r\u00e9el des changements op\u00e9r\u00e9s.<\/p>\n<p><strong>Dates \u00e0 retenir<\/strong><\/p>\n<p>Rentr\u00e9e et d\u00e9but du premier semestre : 18 septembre 2017<br \/>\nFin des cours du 1er semestre : 19 janvier 2018<br \/>\nSession d\u2019examens du premier semestre : du 22 au 26 janvier 2018<br \/>\nDate de d\u00e9but de la p\u00e9riode de stage : 1er f\u00e9vrier 2018<br \/>\nDate limite de remise du rapport de stage :<br \/>\n\u2013 session ordinaire : 11 juin 2018 \u00e0 midi<br \/>\n\u2013 session d\u00e9cal\u00e9e : 3 septembre 2018 \u00e0 midi<br \/>\nDate de soutenance orale des rapports de stage :<br \/>\n\u2013 session ordinaire : entre le 21 et le 27 juin 2018 (\u00e0 pr\u00e9ciser)<br \/>\n\u2013 session d\u00e9cal\u00e9e : le 17 septembre 2018<br \/>\nSeconde session d\u2019examens (en cas d\u2019\u00e9chec \u00e0 la premi\u00e8re session) : du 5 au 11 juillet 2018<\/p>\n<p>[\/et_pb_text][\/et_pb_column][\/et_pb_row][\/et_pb_section]<\/p>\n","protected":false},"excerpt":{"rendered":"<p><a href='https:\/\/cloud-ccub.u-bourgogne.fr\/index.php\/s\/zASFWfQ20Y1Ma3Y\/download' class='small-button smallsilver'>T\u00e9l\u00e9charger l&#8217;emploi du temps<\/a> L&#8217;emploi du temps \u00e0 jour est t\u00e9l\u00e9chargeable \u00e0 cette adresse. L\u2019emploi du temps est donn\u00e9 \u00e0 l\u2019avance seulement \u00e0 titre indicatif. Il peut \u00eatre modifi\u00e9 \u00e0 tout moment en fonction des contraintes qui s\u2019exercent sur les enseignants, des contraintes climatiques affectant les sorties sur le terrain ou [&hellip;]<\/p>\n","protected":false},"author":5,"featured_media":0,"parent":329,"menu_order":0,"comment_status":"closed","ping_status":"closed","template":"","meta":{"_et_pb_use_builder":"on","_et_pb_old_content":"","_et_gb_content_width":"","footnotes":""},"yoast_head":"<!-- This site is optimized with the Yoast SEO plugin v22.8 - https:\/\/yoast.com\/wordpress\/plugins\/seo\/ -->\n<title>M2 - DYCOB<\/title>\n<meta name=\"robots\" content=\"index, follow, max-snippet:-1, max-image-preview:large, max-video-preview:-1\" \/>\n<link rel=\"canonical\" href=\"https:\/\/www.nature-conservation-ubfc.com\/dycob\/emploi-du-temps\/m2\/\" \/>\n<meta property=\"og:locale\" content=\"fr_FR\" \/>\n<meta property=\"og:type\" content=\"article\" \/>\n<meta property=\"og:title\" content=\"M2 - DYCOB\" \/>\n<meta property=\"og:description\" content=\"L&#039;emploi du temps \u00e0 jour est t\u00e9l\u00e9chargeable \u00e0 cette adresse. L\u2019emploi du temps est donn\u00e9 \u00e0 l\u2019avance seulement \u00e0 titre indicatif. Il peut \u00eatre modifi\u00e9 \u00e0 tout moment en fonction des contraintes qui s\u2019exercent sur les enseignants, des contraintes climatiques affectant les sorties sur le terrain ou [&hellip;]\" \/>\n<meta property=\"og:url\" content=\"https:\/\/www.nature-conservation-ubfc.com\/dycob\/emploi-du-temps\/m2\/\" \/>\n<meta property=\"og:site_name\" content=\"DYCOB\" \/>\n<meta property=\"article:modified_time\" content=\"2017-10-03T12:34:24+00:00\" \/>\n<meta name=\"twitter:card\" content=\"summary_large_image\" \/>\n<meta name=\"twitter:label1\" content=\"Dur\u00e9e de lecture estim\u00e9e\" \/>\n\t<meta name=\"twitter:data1\" content=\"1 minute\" \/>\n<script type=\"application\/ld+json\" class=\"yoast-schema-graph\">{\"@context\":\"https:\/\/schema.org\",\"@graph\":[{\"@type\":\"WebPage\",\"@id\":\"https:\/\/www.nature-conservation-ubfc.com\/dycob\/emploi-du-temps\/m2\/\",\"url\":\"https:\/\/www.nature-conservation-ubfc.com\/dycob\/emploi-du-temps\/m2\/\",\"name\":\"M2 - DYCOB\",\"isPartOf\":{\"@id\":\"https:\/\/www.nature-conservation-ubfc.com\/dycob\/#website\"},\"datePublished\":\"2017-06-23T13:46:41+00:00\",\"dateModified\":\"2017-10-03T12:34:24+00:00\",\"breadcrumb\":{\"@id\":\"https:\/\/www.nature-conservation-ubfc.com\/dycob\/emploi-du-temps\/m2\/#breadcrumb\"},\"inLanguage\":\"fr-FR\",\"potentialAction\":[{\"@type\":\"ReadAction\",\"target\":[\"https:\/\/www.nature-conservation-ubfc.com\/dycob\/emploi-du-temps\/m2\/\"]}]},{\"@type\":\"BreadcrumbList\",\"@id\":\"https:\/\/www.nature-conservation-ubfc.com\/dycob\/emploi-du-temps\/m2\/#breadcrumb\",\"itemListElement\":[{\"@type\":\"ListItem\",\"position\":1,\"name\":\"Accueil\",\"item\":\"https:\/\/www.nature-conservation-ubfc.com\/dycob\/\"},{\"@type\":\"ListItem\",\"position\":2,\"name\":\"Emploi du temps\",\"item\":\"https:\/\/www.nature-conservation-ubfc.com\/dycob\/emploi-du-temps\/\"},{\"@type\":\"ListItem\",\"position\":3,\"name\":\"M2\"}]},{\"@type\":\"WebSite\",\"@id\":\"https:\/\/www.nature-conservation-ubfc.com\/dycob\/#website\",\"url\":\"https:\/\/www.nature-conservation-ubfc.com\/dycob\/\",\"name\":\"DYCOB\",\"description\":\"\",\"potentialAction\":[{\"@type\":\"SearchAction\",\"target\":{\"@type\":\"EntryPoint\",\"urlTemplate\":\"https:\/\/www.nature-conservation-ubfc.com\/dycob\/?s={search_term_string}\"},\"query-input\":\"required name=search_term_string\"}],\"inLanguage\":\"fr-FR\"}]}<\/script>\n<!-- \/ Yoast SEO plugin. -->","yoast_head_json":{"title":"M2 - DYCOB","robots":{"index":"index","follow":"follow","max-snippet":"max-snippet:-1","max-image-preview":"max-image-preview:large","max-video-preview":"max-video-preview:-1"},"canonical":"https:\/\/www.nature-conservation-ubfc.com\/dycob\/emploi-du-temps\/m2\/","og_locale":"fr_FR","og_type":"article","og_title":"M2 - DYCOB","og_description":"L'emploi du temps \u00e0 jour est t\u00e9l\u00e9chargeable \u00e0 cette adresse. L\u2019emploi du temps est donn\u00e9 \u00e0 l\u2019avance seulement \u00e0 titre indicatif. Il peut \u00eatre modifi\u00e9 \u00e0 tout moment en fonction des contraintes qui s\u2019exercent sur les enseignants, des contraintes climatiques affectant les sorties sur le terrain ou [&hellip;]","og_url":"https:\/\/www.nature-conservation-ubfc.com\/dycob\/emploi-du-temps\/m2\/","og_site_name":"DYCOB","article_modified_time":"2017-10-03T12:34:24+00:00","twitter_card":"summary_large_image","twitter_misc":{"Dur\u00e9e de lecture estim\u00e9e":"1 minute"},"schema":{"@context":"https:\/\/schema.org","@graph":[{"@type":"WebPage","@id":"https:\/\/www.nature-conservation-ubfc.com\/dycob\/emploi-du-temps\/m2\/","url":"https:\/\/www.nature-conservation-ubfc.com\/dycob\/emploi-du-temps\/m2\/","name":"M2 - DYCOB","isPartOf":{"@id":"https:\/\/www.nature-conservation-ubfc.com\/dycob\/#website"},"datePublished":"2017-06-23T13:46:41+00:00","dateModified":"2017-10-03T12:34:24+00:00","breadcrumb":{"@id":"https:\/\/www.nature-conservation-ubfc.com\/dycob\/emploi-du-temps\/m2\/#breadcrumb"},"inLanguage":"fr-FR","potentialAction":[{"@type":"ReadAction","target":["https:\/\/www.nature-conservation-ubfc.com\/dycob\/emploi-du-temps\/m2\/"]}]},{"@type":"BreadcrumbList","@id":"https:\/\/www.nature-conservation-ubfc.com\/dycob\/emploi-du-temps\/m2\/#breadcrumb","itemListElement":[{"@type":"ListItem","position":1,"name":"Accueil","item":"https:\/\/www.nature-conservation-ubfc.com\/dycob\/"},{"@type":"ListItem","position":2,"name":"Emploi du temps","item":"https:\/\/www.nature-conservation-ubfc.com\/dycob\/emploi-du-temps\/"},{"@type":"ListItem","position":3,"name":"M2"}]},{"@type":"WebSite","@id":"https:\/\/www.nature-conservation-ubfc.com\/dycob\/#website","url":"https:\/\/www.nature-conservation-ubfc.com\/dycob\/","name":"DYCOB","description":"","potentialAction":[{"@type":"SearchAction","target":{"@type":"EntryPoint","urlTemplate":"https:\/\/www.nature-conservation-ubfc.com\/dycob\/?s={search_term_string}"},"query-input":"required name=search_term_string"}],"inLanguage":"fr-FR"}]}},"_links":{"self":[{"href":"https:\/\/www.nature-conservation-ubfc.com\/dycob\/wp-json\/wp\/v2\/pages\/333"}],"collection":[{"href":"https:\/\/www.nature-conservation-ubfc.com\/dycob\/wp-json\/wp\/v2\/pages"}],"about":[{"href":"https:\/\/www.nature-conservation-ubfc.com\/dycob\/wp-json\/wp\/v2\/types\/page"}],"author":[{"embeddable":true,"href":"https:\/\/www.nature-conservation-ubfc.com\/dycob\/wp-json\/wp\/v2\/users\/5"}],"replies":[{"embeddable":true,"href":"https:\/\/www.nature-conservation-ubfc.com\/dycob\/wp-json\/wp\/v2\/comments?post=333"}],"version-history":[{"count":5,"href":"https:\/\/www.nature-conservation-ubfc.com\/dycob\/wp-json\/wp\/v2\/pages\/333\/revisions"}],"predecessor-version":[{"id":398,"href":"https:\/\/www.nature-conservation-ubfc.com\/dycob\/wp-json\/wp\/v2\/pages\/333\/revisions\/398"}],"up":[{"embeddable":true,"href":"https:\/\/www.nature-conservation-ubfc.com\/dycob\/wp-json\/wp\/v2\/pages\/329"}],"wp:attachment":[{"href":"https:\/\/www.nature-conservation-ubfc.com\/dycob\/wp-json\/wp\/v2\/media?parent=333"}],"curies":[{"name":"wp","href":"https:\/\/api.w.org\/{rel}","templated":true}]}}