{"id":331,"date":"2017-06-23T15:46:29","date_gmt":"2017-06-23T13:46:29","guid":{"rendered":"https:\/\/www.nature-conservation-ubfc.com\/dycob\/?page_id=331"},"modified":"2018-01-09T18:07:55","modified_gmt":"2018-01-09T17:07:55","slug":"m1","status":"publish","type":"page","link":"https:\/\/www.nature-conservation-ubfc.com\/dycob\/emploi-du-temps\/m1\/","title":{"rendered":"M1"},"content":{"rendered":"<p>[et_pb_section bb_built=\u00a0\u00bb1&Prime; admin_label=\u00a0\u00bbsection\u00a0\u00bb][et_pb_row admin_label=\u00a0\u00bbrow\u00a0\u00bb background_position=\u00a0\u00bbtop_left\u00a0\u00bb background_repeat=\u00a0\u00bbrepeat\u00a0\u00bb background_size=\u00a0\u00bbinitial\u00a0\u00bb][et_pb_column type=\u00a0\u00bb4_4&Prime;][et_pb_text admin_label=\u00a0\u00bbTexte\u00a0\u00bb _builder_version=\u00a0\u00bb3.0.50&Prime; background_layout=\u00a0\u00bblight\u00a0\u00bb text_orientation=\u00a0\u00bbleft\u00a0\u00bb border_style=\u00a0\u00bbsolid\u00a0\u00bb]<\/p>\n<p>L\u2019emploi du temps \u00e0 jour est consultable directemet sur\u00a0<a href=\"https:\/\/ent.u-bourgogne.fr\">l&rsquo;ENT environnement num\u00e9rique de travail de l&rsquo;universit\u00e9 (avec votre compte de connexion).<\/a> Il est donn\u00e9 \u00e0 l\u2019avance seulement \u00e0 titre indicatif. Il peut \u00eatre modifi\u00e9 \u00e0 tout moment en fonction des contraintes qui s\u2019exercent sur les enseignants, des contraintes climatiques affectant les sorties sur le terrain ou d\u2019autres impond\u00e9rables. Il est donc tr\u00e8s important de consulter r\u00e9guli\u00e8rement l\u2019emploi du temps en ligne pour \u00eatre averti en temps r\u00e9el des changements op\u00e9r\u00e9s.<\/p>\n<p><strong>Dates \u00e0 retenir<\/strong><\/p>\n<p>Rentr\u00e9e et d\u00e9but du premier semestre : 4 septembre 2017<br \/>\nFin des cours du 1er semestre : 23 d\u00e9cembre 2017<br \/>\nSession d\u2019examens du premier semestre : du 8 au 12 janvier 2018<br \/>\nReprise des cours et d\u00e9but du second semestre : 15 janvier 2018<br \/>\nSession d\u2019examens du second semestre : du 5 au 6 mars 2018<br \/>\nFen\u00eatre de temps lib\u00e9r\u00e9e pour r\u00e9aliser le stage de deux mois: du 12 mars au 10 juin 2018<br \/>\nSeconde session d\u2019examens : du 4 au 6 juillet 2018<\/p>\n<p>[\/et_pb_text][\/et_pb_column][\/et_pb_row][\/et_pb_section]<\/p>\n","protected":false},"excerpt":{"rendered":"<p>L\u2019emploi du temps \u00e0 jour est consultable directemet sur\u00a0l&rsquo;ENT environnement num\u00e9rique de travail de l&rsquo;universit\u00e9 (avec votre compte de connexion). Il est donn\u00e9 \u00e0 l\u2019avance seulement \u00e0 titre indicatif. Il peut \u00eatre modifi\u00e9 \u00e0 tout moment en fonction des contraintes qui s\u2019exercent sur les enseignants, des contraintes climatiques affectant les sorties sur le terrain ou [&hellip;]<\/p>\n","protected":false},"author":5,"featured_media":0,"parent":329,"menu_order":0,"comment_status":"closed","ping_status":"closed","template":"","meta":{"_et_pb_use_builder":"on","_et_pb_old_content":"","_et_gb_content_width":"","footnotes":""},"yoast_head":"<!-- This site is optimized with the Yoast SEO plugin v22.8 - https:\/\/yoast.com\/wordpress\/plugins\/seo\/ -->\n<title>M1 - DYCOB<\/title>\n<meta name=\"robots\" content=\"index, follow, max-snippet:-1, max-image-preview:large, max-video-preview:-1\" \/>\n<link rel=\"canonical\" href=\"https:\/\/www.nature-conservation-ubfc.com\/dycob\/emploi-du-temps\/m1\/\" \/>\n<meta property=\"og:locale\" content=\"fr_FR\" \/>\n<meta property=\"og:type\" content=\"article\" \/>\n<meta property=\"og:title\" content=\"M1 - DYCOB\" \/>\n<meta property=\"og:description\" content=\"L\u2019emploi du temps \u00e0 jour est consultable directemet sur\u00a0l&#039;ENT environnement num\u00e9rique de travail de l&#039;universit\u00e9 (avec votre compte de connexion). Il est donn\u00e9 \u00e0 l\u2019avance seulement \u00e0 titre indicatif. Il peut \u00eatre modifi\u00e9 \u00e0 tout moment en fonction des contraintes qui s\u2019exercent sur les enseignants, des contraintes climatiques affectant les sorties sur le terrain ou [&hellip;]\" \/>\n<meta property=\"og:url\" content=\"https:\/\/www.nature-conservation-ubfc.com\/dycob\/emploi-du-temps\/m1\/\" \/>\n<meta property=\"og:site_name\" content=\"DYCOB\" \/>\n<meta property=\"article:modified_time\" content=\"2018-01-09T17:07:55+00:00\" \/>\n<meta name=\"twitter:card\" content=\"summary_large_image\" \/>\n<meta name=\"twitter:label1\" content=\"Dur\u00e9e de lecture estim\u00e9e\" \/>\n\t<meta name=\"twitter:data1\" content=\"1 minute\" \/>\n<script type=\"application\/ld+json\" class=\"yoast-schema-graph\">{\"@context\":\"https:\/\/schema.org\",\"@graph\":[{\"@type\":\"WebPage\",\"@id\":\"https:\/\/www.nature-conservation-ubfc.com\/dycob\/emploi-du-temps\/m1\/\",\"url\":\"https:\/\/www.nature-conservation-ubfc.com\/dycob\/emploi-du-temps\/m1\/\",\"name\":\"M1 - DYCOB\",\"isPartOf\":{\"@id\":\"https:\/\/www.nature-conservation-ubfc.com\/dycob\/#website\"},\"datePublished\":\"2017-06-23T13:46:29+00:00\",\"dateModified\":\"2018-01-09T17:07:55+00:00\",\"breadcrumb\":{\"@id\":\"https:\/\/www.nature-conservation-ubfc.com\/dycob\/emploi-du-temps\/m1\/#breadcrumb\"},\"inLanguage\":\"fr-FR\",\"potentialAction\":[{\"@type\":\"ReadAction\",\"target\":[\"https:\/\/www.nature-conservation-ubfc.com\/dycob\/emploi-du-temps\/m1\/\"]}]},{\"@type\":\"BreadcrumbList\",\"@id\":\"https:\/\/www.nature-conservation-ubfc.com\/dycob\/emploi-du-temps\/m1\/#breadcrumb\",\"itemListElement\":[{\"@type\":\"ListItem\",\"position\":1,\"name\":\"Accueil\",\"item\":\"https:\/\/www.nature-conservation-ubfc.com\/dycob\/\"},{\"@type\":\"ListItem\",\"position\":2,\"name\":\"Emploi du temps\",\"item\":\"https:\/\/www.nature-conservation-ubfc.com\/dycob\/emploi-du-temps\/\"},{\"@type\":\"ListItem\",\"position\":3,\"name\":\"M1\"}]},{\"@type\":\"WebSite\",\"@id\":\"https:\/\/www.nature-conservation-ubfc.com\/dycob\/#website\",\"url\":\"https:\/\/www.nature-conservation-ubfc.com\/dycob\/\",\"name\":\"DYCOB\",\"description\":\"\",\"potentialAction\":[{\"@type\":\"SearchAction\",\"target\":{\"@type\":\"EntryPoint\",\"urlTemplate\":\"https:\/\/www.nature-conservation-ubfc.com\/dycob\/?s={search_term_string}\"},\"query-input\":\"required name=search_term_string\"}],\"inLanguage\":\"fr-FR\"}]}<\/script>\n<!-- \/ Yoast SEO plugin. -->","yoast_head_json":{"title":"M1 - DYCOB","robots":{"index":"index","follow":"follow","max-snippet":"max-snippet:-1","max-image-preview":"max-image-preview:large","max-video-preview":"max-video-preview:-1"},"canonical":"https:\/\/www.nature-conservation-ubfc.com\/dycob\/emploi-du-temps\/m1\/","og_locale":"fr_FR","og_type":"article","og_title":"M1 - DYCOB","og_description":"L\u2019emploi du temps \u00e0 jour est consultable directemet sur\u00a0l'ENT environnement num\u00e9rique de travail de l'universit\u00e9 (avec votre compte de connexion). Il est donn\u00e9 \u00e0 l\u2019avance seulement \u00e0 titre indicatif. Il peut \u00eatre modifi\u00e9 \u00e0 tout moment en fonction des contraintes qui s\u2019exercent sur les enseignants, des contraintes climatiques affectant les sorties sur le terrain ou [&hellip;]","og_url":"https:\/\/www.nature-conservation-ubfc.com\/dycob\/emploi-du-temps\/m1\/","og_site_name":"DYCOB","article_modified_time":"2018-01-09T17:07:55+00:00","twitter_card":"summary_large_image","twitter_misc":{"Dur\u00e9e de lecture estim\u00e9e":"1 minute"},"schema":{"@context":"https:\/\/schema.org","@graph":[{"@type":"WebPage","@id":"https:\/\/www.nature-conservation-ubfc.com\/dycob\/emploi-du-temps\/m1\/","url":"https:\/\/www.nature-conservation-ubfc.com\/dycob\/emploi-du-temps\/m1\/","name":"M1 - DYCOB","isPartOf":{"@id":"https:\/\/www.nature-conservation-ubfc.com\/dycob\/#website"},"datePublished":"2017-06-23T13:46:29+00:00","dateModified":"2018-01-09T17:07:55+00:00","breadcrumb":{"@id":"https:\/\/www.nature-conservation-ubfc.com\/dycob\/emploi-du-temps\/m1\/#breadcrumb"},"inLanguage":"fr-FR","potentialAction":[{"@type":"ReadAction","target":["https:\/\/www.nature-conservation-ubfc.com\/dycob\/emploi-du-temps\/m1\/"]}]},{"@type":"BreadcrumbList","@id":"https:\/\/www.nature-conservation-ubfc.com\/dycob\/emploi-du-temps\/m1\/#breadcrumb","itemListElement":[{"@type":"ListItem","position":1,"name":"Accueil","item":"https:\/\/www.nature-conservation-ubfc.com\/dycob\/"},{"@type":"ListItem","position":2,"name":"Emploi du temps","item":"https:\/\/www.nature-conservation-ubfc.com\/dycob\/emploi-du-temps\/"},{"@type":"ListItem","position":3,"name":"M1"}]},{"@type":"WebSite","@id":"https:\/\/www.nature-conservation-ubfc.com\/dycob\/#website","url":"https:\/\/www.nature-conservation-ubfc.com\/dycob\/","name":"DYCOB","description":"","potentialAction":[{"@type":"SearchAction","target":{"@type":"EntryPoint","urlTemplate":"https:\/\/www.nature-conservation-ubfc.com\/dycob\/?s={search_term_string}"},"query-input":"required name=search_term_string"}],"inLanguage":"fr-FR"}]}},"_links":{"self":[{"href":"https:\/\/www.nature-conservation-ubfc.com\/dycob\/wp-json\/wp\/v2\/pages\/331"}],"collection":[{"href":"https:\/\/www.nature-conservation-ubfc.com\/dycob\/wp-json\/wp\/v2\/pages"}],"about":[{"href":"https:\/\/www.nature-conservation-ubfc.com\/dycob\/wp-json\/wp\/v2\/types\/page"}],"author":[{"embeddable":true,"href":"https:\/\/www.nature-conservation-ubfc.com\/dycob\/wp-json\/wp\/v2\/users\/5"}],"replies":[{"embeddable":true,"href":"https:\/\/www.nature-conservation-ubfc.com\/dycob\/wp-json\/wp\/v2\/comments?post=331"}],"version-history":[{"count":8,"href":"https:\/\/www.nature-conservation-ubfc.com\/dycob\/wp-json\/wp\/v2\/pages\/331\/revisions"}],"predecessor-version":[{"id":391,"href":"https:\/\/www.nature-conservation-ubfc.com\/dycob\/wp-json\/wp\/v2\/pages\/331\/revisions\/391"}],"up":[{"embeddable":true,"href":"https:\/\/www.nature-conservation-ubfc.com\/dycob\/wp-json\/wp\/v2\/pages\/329"}],"wp:attachment":[{"href":"https:\/\/www.nature-conservation-ubfc.com\/dycob\/wp-json\/wp\/v2\/media?parent=331"}],"curies":[{"name":"wp","href":"https:\/\/api.w.org\/{rel}","templated":true}]}}