{"id":128,"date":"2017-05-31T18:27:46","date_gmt":"2017-05-31T16:27:46","guid":{"rendered":"https:\/\/www.nature-conservation-ubfc.com\/dycob\/?page_id=128"},"modified":"2018-04-07T10:10:45","modified_gmt":"2018-04-07T08:10:45","slug":"milieu-associatif","status":"publish","type":"page","link":"https:\/\/www.nature-conservation-ubfc.com\/dycob\/milieu-associatif\/","title":{"rendered":"Milieu associatif"},"content":{"rendered":"<p>[et_pb_section bb_built=\u00a0\u00bb1&Prime; admin_label=\u00a0\u00bbsection\u00a0\u00bb][et_pb_row admin_label=\u00a0\u00bbrow\u00a0\u00bb background_position=\u00a0\u00bbtop_left\u00a0\u00bb background_repeat=\u00a0\u00bbrepeat\u00a0\u00bb background_size=\u00a0\u00bbinitial\u00a0\u00bb][et_pb_column type=\u00a0\u00bb4_4&Prime;][et_pb_text admin_label=\u00a0\u00bbTexte\u00a0\u00bb _builder_version=\u00a0\u00bb3.0.50&Prime; background_layout=\u00a0\u00bblight\u00a0\u00bb text_orientation=\u00a0\u00bbleft\u00a0\u00bb border_style=\u00a0\u00bbsolid\u00a0\u00bb]<\/p>\n<p><img loading=\"lazy\" decoding=\"async\" class=\"size-full wp-image-550 alignleft\" src=\"https:\/\/www.nature-conservation-ubfc.com\/dycob\/wp-content\/uploads\/sites\/3\/2018\/04\/gnub.jpg\" alt=\"\" width=\"265\" height=\"190\" \/>Le <a href=\"https:\/\/www.asso-gnub.fr\/\">GnuB (Groupe naturaliste universitaire de Bourgogne)<\/a> est une association \u00e9tudiante ayant pour volont\u00e9 de promouvoir le partage des connaissances naturalistes ainsi que de sensibiliser \u00e0 la protection de l&rsquo;environnement par divers actions. Parmi celles-ci, on peut participer \u00e0 des conf\u00e9rences mise en place par des passionn\u00e9s, des enseignants-chercheurs qui permettent aux \u00e9tudiants de se faire un r\u00e9seau et d&rsquo;am\u00e9liorer leurs connaissances sur les actions concr\u00e8tes mises en place sur le terrain. Le GnuB offre aussi aux adh\u00e9rents l&rsquo;opportunit\u00e9 de mettre en pratique la th\u00e9orie en participant \u00e0 des projets scientifiques. Il est alors possible de r\u00e9aliser des suivis de diff\u00e9rentes esp\u00e8ces (grand-duc, cincle plongeur, salamandres etc) en allant sur le terrain mais \u00e9galement en participant \u00e0 l&rsquo;am\u00e9lioration des protocoles et des donn\u00e9es r\u00e9colt\u00e9es. Toutes les actions du GnuB sont propos\u00e9es par les adh\u00e9rents (\u00e9tudiants, salari\u00e9s ou retrait\u00e9s) pour les adh\u00e9rents, ce qui favorise \u00e9norm\u00e9ment le partage des connaissances. Cela permet aussi d&rsquo;acqu\u00e9rir des comp\u00e9tences dans la mise en place de suivis scientifiques (d\u00e9marches administratives, recherches de financement, relation avec des partenaires etc).<\/p>\n<p><img loading=\"lazy\" decoding=\"async\" class=\"alignnone  wp-image-552\" src=\"https:\/\/www.nature-conservation-ubfc.com\/dycob\/wp-content\/uploads\/sites\/3\/2018\/04\/Sans-nom-1-1-1024x613.jpg\" alt=\"\" width=\"809\" height=\"484\" srcset=\"https:\/\/www.nature-conservation-ubfc.com\/dycob\/wp-content\/uploads\/sites\/3\/2018\/04\/Sans-nom-1-1-1024x613.jpg 1024w, https:\/\/www.nature-conservation-ubfc.com\/dycob\/wp-content\/uploads\/sites\/3\/2018\/04\/Sans-nom-1-1-300x180.jpg 300w, https:\/\/www.nature-conservation-ubfc.com\/dycob\/wp-content\/uploads\/sites\/3\/2018\/04\/Sans-nom-1-1-768x460.jpg 768w, https:\/\/www.nature-conservation-ubfc.com\/dycob\/wp-content\/uploads\/sites\/3\/2018\/04\/Sans-nom-1-1-1080x647.jpg 1080w, https:\/\/www.nature-conservation-ubfc.com\/dycob\/wp-content\/uploads\/sites\/3\/2018\/04\/Sans-nom-1-1.jpg 1222w\" sizes=\"(max-width: 809px) 100vw, 809px\" \/><\/p>\n<p>[\/et_pb_text][et_pb_blog admin_label=\u00a0\u00bbBlog\u00a0\u00bb _builder_version=\u00a0\u00bb3.0.50&Prime; include_categories=\u00a0\u00bb14&Prime; show_content=\u00a0\u00bboff\u00a0\u00bb offset_number=\u00a0\u00bb0&Prime; show_thumbnail=\u00a0\u00bbon\u00a0\u00bb show_more=\u00a0\u00bbon\u00a0\u00bb show_author=\u00a0\u00bboff\u00a0\u00bb show_date=\u00a0\u00bboff\u00a0\u00bb show_categories=\u00a0\u00bboff\u00a0\u00bb show_comments=\u00a0\u00bboff\u00a0\u00bb show_pagination=\u00a0\u00bbon\u00a0\u00bb fullwidth=\u00a0\u00bboff\u00a0\u00bb use_dropshadow=\u00a0\u00bboff\u00a0\u00bb use_overlay=\u00a0\u00bbon\u00a0\u00bb background_layout=\u00a0\u00bblight\u00a0\u00bb border_style=\u00a0\u00bbsolid\u00a0\u00bb \/][\/et_pb_column][\/et_pb_row][\/et_pb_section]<\/p>\n","protected":false},"excerpt":{"rendered":"<p>Le GnuB (Groupe naturaliste universitaire de Bourgogne) est une association \u00e9tudiante ayant pour volont\u00e9 de promouvoir le partage des connaissances naturalistes ainsi que de sensibiliser \u00e0 la protection de l&rsquo;environnement par divers actions. Parmi celles-ci, on peut participer \u00e0 des conf\u00e9rences mise en place par des passionn\u00e9s, des enseignants-chercheurs qui permettent aux \u00e9tudiants de se [&hellip;]<\/p>\n","protected":false},"author":5,"featured_media":0,"parent":0,"menu_order":0,"comment_status":"closed","ping_status":"closed","template":"","meta":{"_et_pb_use_builder":"on","_et_pb_old_content":"","_et_gb_content_width":"","footnotes":""},"yoast_head":"<!-- This site is optimized with the Yoast SEO plugin v22.8 - https:\/\/yoast.com\/wordpress\/plugins\/seo\/ -->\n<title>Milieu associatif - DYCOB<\/title>\n<meta name=\"robots\" content=\"index, follow, max-snippet:-1, max-image-preview:large, max-video-preview:-1\" \/>\n<link rel=\"canonical\" href=\"https:\/\/www.nature-conservation-ubfc.com\/dycob\/milieu-associatif\/\" \/>\n<meta property=\"og:locale\" content=\"fr_FR\" \/>\n<meta property=\"og:type\" content=\"article\" \/>\n<meta property=\"og:title\" content=\"Milieu associatif - DYCOB\" \/>\n<meta property=\"og:description\" content=\"Le GnuB (Groupe naturaliste universitaire de Bourgogne) est une association \u00e9tudiante ayant pour volont\u00e9 de promouvoir le partage des connaissances naturalistes ainsi que de sensibiliser \u00e0 la protection de l&#039;environnement par divers actions. Parmi celles-ci, on peut participer \u00e0 des conf\u00e9rences mise en place par des passionn\u00e9s, des enseignants-chercheurs qui permettent aux \u00e9tudiants de se [&hellip;]\" \/>\n<meta property=\"og:url\" content=\"https:\/\/www.nature-conservation-ubfc.com\/dycob\/milieu-associatif\/\" \/>\n<meta property=\"og:site_name\" content=\"DYCOB\" \/>\n<meta property=\"article:modified_time\" content=\"2018-04-07T08:10:45+00:00\" \/>\n<meta property=\"og:image\" content=\"https:\/\/www.nature-conservation-ubfc.com\/dycob\/wp-content\/uploads\/sites\/3\/2018\/04\/gnub.jpg\" \/>\n<meta name=\"twitter:card\" content=\"summary_large_image\" \/>\n<meta name=\"twitter:label1\" content=\"Dur\u00e9e de lecture estim\u00e9e\" \/>\n\t<meta name=\"twitter:data1\" content=\"1 minute\" \/>\n<script type=\"application\/ld+json\" class=\"yoast-schema-graph\">{\"@context\":\"https:\/\/schema.org\",\"@graph\":[{\"@type\":\"WebPage\",\"@id\":\"https:\/\/www.nature-conservation-ubfc.com\/dycob\/milieu-associatif\/\",\"url\":\"https:\/\/www.nature-conservation-ubfc.com\/dycob\/milieu-associatif\/\",\"name\":\"Milieu associatif - DYCOB\",\"isPartOf\":{\"@id\":\"https:\/\/www.nature-conservation-ubfc.com\/dycob\/#website\"},\"primaryImageOfPage\":{\"@id\":\"https:\/\/www.nature-conservation-ubfc.com\/dycob\/milieu-associatif\/#primaryimage\"},\"image\":{\"@id\":\"https:\/\/www.nature-conservation-ubfc.com\/dycob\/milieu-associatif\/#primaryimage\"},\"thumbnailUrl\":\"https:\/\/www.nature-conservation-ubfc.com\/dycob\/wp-content\/uploads\/sites\/3\/2018\/04\/gnub.jpg\",\"datePublished\":\"2017-05-31T16:27:46+00:00\",\"dateModified\":\"2018-04-07T08:10:45+00:00\",\"breadcrumb\":{\"@id\":\"https:\/\/www.nature-conservation-ubfc.com\/dycob\/milieu-associatif\/#breadcrumb\"},\"inLanguage\":\"fr-FR\",\"potentialAction\":[{\"@type\":\"ReadAction\",\"target\":[\"https:\/\/www.nature-conservation-ubfc.com\/dycob\/milieu-associatif\/\"]}]},{\"@type\":\"ImageObject\",\"inLanguage\":\"fr-FR\",\"@id\":\"https:\/\/www.nature-conservation-ubfc.com\/dycob\/milieu-associatif\/#primaryimage\",\"url\":\"https:\/\/www.nature-conservation-ubfc.com\/dycob\/wp-content\/uploads\/sites\/3\/2018\/04\/gnub.jpg\",\"contentUrl\":\"https:\/\/www.nature-conservation-ubfc.com\/dycob\/wp-content\/uploads\/sites\/3\/2018\/04\/gnub.jpg\",\"width\":265,\"height\":190},{\"@type\":\"BreadcrumbList\",\"@id\":\"https:\/\/www.nature-conservation-ubfc.com\/dycob\/milieu-associatif\/#breadcrumb\",\"itemListElement\":[{\"@type\":\"ListItem\",\"position\":1,\"name\":\"Accueil\",\"item\":\"https:\/\/www.nature-conservation-ubfc.com\/dycob\/\"},{\"@type\":\"ListItem\",\"position\":2,\"name\":\"Milieu associatif\"}]},{\"@type\":\"WebSite\",\"@id\":\"https:\/\/www.nature-conservation-ubfc.com\/dycob\/#website\",\"url\":\"https:\/\/www.nature-conservation-ubfc.com\/dycob\/\",\"name\":\"DYCOB\",\"description\":\"\",\"potentialAction\":[{\"@type\":\"SearchAction\",\"target\":{\"@type\":\"EntryPoint\",\"urlTemplate\":\"https:\/\/www.nature-conservation-ubfc.com\/dycob\/?s={search_term_string}\"},\"query-input\":\"required name=search_term_string\"}],\"inLanguage\":\"fr-FR\"}]}<\/script>\n<!-- \/ Yoast SEO plugin. -->","yoast_head_json":{"title":"Milieu associatif - DYCOB","robots":{"index":"index","follow":"follow","max-snippet":"max-snippet:-1","max-image-preview":"max-image-preview:large","max-video-preview":"max-video-preview:-1"},"canonical":"https:\/\/www.nature-conservation-ubfc.com\/dycob\/milieu-associatif\/","og_locale":"fr_FR","og_type":"article","og_title":"Milieu associatif - DYCOB","og_description":"Le GnuB (Groupe naturaliste universitaire de Bourgogne) est une association \u00e9tudiante ayant pour volont\u00e9 de promouvoir le partage des connaissances naturalistes ainsi que de sensibiliser \u00e0 la protection de l'environnement par divers actions. Parmi celles-ci, on peut participer \u00e0 des conf\u00e9rences mise en place par des passionn\u00e9s, des enseignants-chercheurs qui permettent aux \u00e9tudiants de se [&hellip;]","og_url":"https:\/\/www.nature-conservation-ubfc.com\/dycob\/milieu-associatif\/","og_site_name":"DYCOB","article_modified_time":"2018-04-07T08:10:45+00:00","og_image":[{"url":"https:\/\/www.nature-conservation-ubfc.com\/dycob\/wp-content\/uploads\/sites\/3\/2018\/04\/gnub.jpg"}],"twitter_card":"summary_large_image","twitter_misc":{"Dur\u00e9e de lecture estim\u00e9e":"1 minute"},"schema":{"@context":"https:\/\/schema.org","@graph":[{"@type":"WebPage","@id":"https:\/\/www.nature-conservation-ubfc.com\/dycob\/milieu-associatif\/","url":"https:\/\/www.nature-conservation-ubfc.com\/dycob\/milieu-associatif\/","name":"Milieu associatif - DYCOB","isPartOf":{"@id":"https:\/\/www.nature-conservation-ubfc.com\/dycob\/#website"},"primaryImageOfPage":{"@id":"https:\/\/www.nature-conservation-ubfc.com\/dycob\/milieu-associatif\/#primaryimage"},"image":{"@id":"https:\/\/www.nature-conservation-ubfc.com\/dycob\/milieu-associatif\/#primaryimage"},"thumbnailUrl":"https:\/\/www.nature-conservation-ubfc.com\/dycob\/wp-content\/uploads\/sites\/3\/2018\/04\/gnub.jpg","datePublished":"2017-05-31T16:27:46+00:00","dateModified":"2018-04-07T08:10:45+00:00","breadcrumb":{"@id":"https:\/\/www.nature-conservation-ubfc.com\/dycob\/milieu-associatif\/#breadcrumb"},"inLanguage":"fr-FR","potentialAction":[{"@type":"ReadAction","target":["https:\/\/www.nature-conservation-ubfc.com\/dycob\/milieu-associatif\/"]}]},{"@type":"ImageObject","inLanguage":"fr-FR","@id":"https:\/\/www.nature-conservation-ubfc.com\/dycob\/milieu-associatif\/#primaryimage","url":"https:\/\/www.nature-conservation-ubfc.com\/dycob\/wp-content\/uploads\/sites\/3\/2018\/04\/gnub.jpg","contentUrl":"https:\/\/www.nature-conservation-ubfc.com\/dycob\/wp-content\/uploads\/sites\/3\/2018\/04\/gnub.jpg","width":265,"height":190},{"@type":"BreadcrumbList","@id":"https:\/\/www.nature-conservation-ubfc.com\/dycob\/milieu-associatif\/#breadcrumb","itemListElement":[{"@type":"ListItem","position":1,"name":"Accueil","item":"https:\/\/www.nature-conservation-ubfc.com\/dycob\/"},{"@type":"ListItem","position":2,"name":"Milieu associatif"}]},{"@type":"WebSite","@id":"https:\/\/www.nature-conservation-ubfc.com\/dycob\/#website","url":"https:\/\/www.nature-conservation-ubfc.com\/dycob\/","name":"DYCOB","description":"","potentialAction":[{"@type":"SearchAction","target":{"@type":"EntryPoint","urlTemplate":"https:\/\/www.nature-conservation-ubfc.com\/dycob\/?s={search_term_string}"},"query-input":"required name=search_term_string"}],"inLanguage":"fr-FR"}]}},"_links":{"self":[{"href":"https:\/\/www.nature-conservation-ubfc.com\/dycob\/wp-json\/wp\/v2\/pages\/128"}],"collection":[{"href":"https:\/\/www.nature-conservation-ubfc.com\/dycob\/wp-json\/wp\/v2\/pages"}],"about":[{"href":"https:\/\/www.nature-conservation-ubfc.com\/dycob\/wp-json\/wp\/v2\/types\/page"}],"author":[{"embeddable":true,"href":"https:\/\/www.nature-conservation-ubfc.com\/dycob\/wp-json\/wp\/v2\/users\/5"}],"replies":[{"embeddable":true,"href":"https:\/\/www.nature-conservation-ubfc.com\/dycob\/wp-json\/wp\/v2\/comments?post=128"}],"version-history":[{"count":7,"href":"https:\/\/www.nature-conservation-ubfc.com\/dycob\/wp-json\/wp\/v2\/pages\/128\/revisions"}],"predecessor-version":[{"id":554,"href":"https:\/\/www.nature-conservation-ubfc.com\/dycob\/wp-json\/wp\/v2\/pages\/128\/revisions\/554"}],"wp:attachment":[{"href":"https:\/\/www.nature-conservation-ubfc.com\/dycob\/wp-json\/wp\/v2\/media?parent=128"}],"curies":[{"name":"wp","href":"https:\/\/api.w.org\/{rel}","templated":true}]}}