{"id":108,"date":"2017-05-31T18:23:46","date_gmt":"2017-05-31T16:23:46","guid":{"rendered":"https:\/\/www.nature-conservation-ubfc.com\/dycob\/?page_id=108"},"modified":"2017-11-04T11:54:09","modified_gmt":"2017-11-04T10:54:09","slug":"accueil","status":"publish","type":"page","link":"https:\/\/www.nature-conservation-ubfc.com\/dycob\/","title":{"rendered":"Accueil"},"content":{"rendered":"<p>[et_pb_section bb_built=\u00a0\u00bb1&Prime; admin_label=\u00a0\u00bbsection\u00a0\u00bb][et_pb_row admin_label=\u00a0\u00bbrow\u00a0\u00bb background_position=\u00a0\u00bbtop_left\u00a0\u00bb background_repeat=\u00a0\u00bbrepeat\u00a0\u00bb background_size=\u00a0\u00bbinitial\u00a0\u00bb][et_pb_column type=\u00a0\u00bb4_4&Prime;][et_pb_text admin_label=\u00a0\u00bbTexte\u00a0\u00bb background_layout=\u00a0\u00bblight\u00a0\u00bb text_orientation=\u00a0\u00bbleft\u00a0\u00bb border_style=\u00a0\u00bbsolid\u00a0\u00bb background_position=\u00a0\u00bbtop_left\u00a0\u00bb background_repeat=\u00a0\u00bbrepeat\u00a0\u00bb background_size=\u00a0\u00bbinitial\u00a0\u00bb _builder_version=\u00a0\u00bb3.0.50&Prime;]<\/p>\n<p>Bienvenue sur le site web du <strong>Master Biologie, Ecologie et Evolution, parcours Dynamique et Conservation de la Biodiversit\u00e9 (DyCoB) de l&rsquo;Universit\u00e9 de Bourgogne-Franche Comt\u00e9, France. <\/strong>Ce nouveau dipl\u00f4me propose un ensemble d&rsquo;enseignements th\u00e9oriques et pratiques d\u00e9di\u00e9s aux \u00e9tudiants soucieux d\u2019acqu\u00e9rir une formation solide dans les domaines de la gestion de la biodiversit\u00e9 et de la biologie de la conservation. Vous trouverez sur ce site tout un ensemble d&rsquo;informations sur le contenu des enseignements, les conditions d&rsquo;acc\u00e8s, l&rsquo;organisation et le d\u00e9roulement des enseignements, les stages de terrain, les diff\u00e9rents \u00e9v\u00e8nementiels propos\u00e9s aux \u00e9tudiants, <em>etc<\/em>. Mis r\u00e9guli\u00e8rement \u00e0 jour, il vous permettra de suivre en continu l&rsquo;actualit\u00e9 de notre formation de master.<\/p>\n<p>[\/et_pb_text][\/et_pb_column][\/et_pb_row][et_pb_row admin_label=\u00a0\u00bbLigne\u00a0\u00bb background_position=\u00a0\u00bbtop_left\u00a0\u00bb background_repeat=\u00a0\u00bbrepeat\u00a0\u00bb background_size=\u00a0\u00bbinitial\u00a0\u00bb][et_pb_column type=\u00a0\u00bb4_4&Prime;][et_pb_blog admin_label=\u00a0\u00bbBlog\u00a0\u00bb show_content=\u00a0\u00bboff\u00a0\u00bb offset_number=\u00a0\u00bb0&Prime; show_thumbnail=\u00a0\u00bbon\u00a0\u00bb show_more=\u00a0\u00bbon\u00a0\u00bb show_author=\u00a0\u00bboff\u00a0\u00bb show_date=\u00a0\u00bboff\u00a0\u00bb show_categories=\u00a0\u00bboff\u00a0\u00bb show_comments=\u00a0\u00bboff\u00a0\u00bb show_pagination=\u00a0\u00bbon\u00a0\u00bb fullwidth=\u00a0\u00bboff\u00a0\u00bb use_dropshadow=\u00a0\u00bboff\u00a0\u00bb use_overlay=\u00a0\u00bbon\u00a0\u00bb background_layout=\u00a0\u00bblight\u00a0\u00bb border_style=\u00a0\u00bbsolid\u00a0\u00bb _builder_version=\u00a0\u00bb3.0.49&Prime; posts_number=\u00a0\u00bb12&Prime; \/][\/et_pb_column][\/et_pb_row][\/et_pb_section]<\/p>\n","protected":false},"excerpt":{"rendered":"<p>Bienvenue sur le site web du Master Biologie, Ecologie et Evolution, parcours Dynamique et Conservation de la Biodiversit\u00e9 (DyCoB) de l&rsquo;Universit\u00e9 de Bourgogne-Franche Comt\u00e9, France. Ce nouveau dipl\u00f4me propose un ensemble d&rsquo;enseignements th\u00e9oriques et pratiques d\u00e9di\u00e9s aux \u00e9tudiants soucieux d\u2019acqu\u00e9rir une formation solide dans les domaines de la gestion de la biodiversit\u00e9 et de la [&hellip;]<\/p>\n","protected":false},"author":5,"featured_media":0,"parent":0,"menu_order":0,"comment_status":"closed","ping_status":"closed","template":"","meta":{"_et_pb_use_builder":"on","_et_pb_old_content":"","_et_gb_content_width":"","footnotes":""},"yoast_head":"<!-- This site is optimized with the Yoast SEO plugin v22.8 - https:\/\/yoast.com\/wordpress\/plugins\/seo\/ -->\n<title>Accueil - DYCOB<\/title>\n<meta name=\"robots\" content=\"index, follow, max-snippet:-1, max-image-preview:large, max-video-preview:-1\" \/>\n<link rel=\"canonical\" href=\"https:\/\/www.nature-conservation-ubfc.com\/dycob\/\" \/>\n<meta property=\"og:locale\" content=\"fr_FR\" \/>\n<meta property=\"og:type\" content=\"article\" \/>\n<meta property=\"og:title\" content=\"Accueil - DYCOB\" \/>\n<meta property=\"og:description\" content=\"Bienvenue sur le site web du Master Biologie, Ecologie et Evolution, parcours Dynamique et Conservation de la Biodiversit\u00e9 (DyCoB) de l&#039;Universit\u00e9 de Bourgogne-Franche Comt\u00e9, France. Ce nouveau dipl\u00f4me propose un ensemble d&#039;enseignements th\u00e9oriques et pratiques d\u00e9di\u00e9s aux \u00e9tudiants soucieux d\u2019acqu\u00e9rir une formation solide dans les domaines de la gestion de la biodiversit\u00e9 et de la [&hellip;]\" \/>\n<meta property=\"og:url\" content=\"https:\/\/www.nature-conservation-ubfc.com\/dycob\/\" \/>\n<meta property=\"og:site_name\" content=\"DYCOB\" \/>\n<meta property=\"article:modified_time\" content=\"2017-11-04T10:54:09+00:00\" \/>\n<meta name=\"twitter:card\" content=\"summary_large_image\" \/>\n<meta name=\"twitter:label1\" content=\"Dur\u00e9e de lecture estim\u00e9e\" \/>\n\t<meta name=\"twitter:data1\" content=\"1 minute\" \/>\n<script type=\"application\/ld+json\" class=\"yoast-schema-graph\">{\"@context\":\"https:\/\/schema.org\",\"@graph\":[{\"@type\":\"WebPage\",\"@id\":\"https:\/\/www.nature-conservation-ubfc.com\/dycob\/\",\"url\":\"https:\/\/www.nature-conservation-ubfc.com\/dycob\/\",\"name\":\"Accueil - DYCOB\",\"isPartOf\":{\"@id\":\"https:\/\/www.nature-conservation-ubfc.com\/dycob\/#website\"},\"datePublished\":\"2017-05-31T16:23:46+00:00\",\"dateModified\":\"2017-11-04T10:54:09+00:00\",\"breadcrumb\":{\"@id\":\"https:\/\/www.nature-conservation-ubfc.com\/dycob\/#breadcrumb\"},\"inLanguage\":\"fr-FR\",\"potentialAction\":[{\"@type\":\"ReadAction\",\"target\":[\"https:\/\/www.nature-conservation-ubfc.com\/dycob\/\"]}]},{\"@type\":\"BreadcrumbList\",\"@id\":\"https:\/\/www.nature-conservation-ubfc.com\/dycob\/#breadcrumb\",\"itemListElement\":[{\"@type\":\"ListItem\",\"position\":1,\"name\":\"Accueil\",\"item\":\"https:\/\/www.nature-conservation-ubfc.com\/dycob\/\"},{\"@type\":\"ListItem\",\"position\":2,\"name\":\"Accueil\"}]},{\"@type\":\"WebSite\",\"@id\":\"https:\/\/www.nature-conservation-ubfc.com\/dycob\/#website\",\"url\":\"https:\/\/www.nature-conservation-ubfc.com\/dycob\/\",\"name\":\"DYCOB\",\"description\":\"\",\"potentialAction\":[{\"@type\":\"SearchAction\",\"target\":{\"@type\":\"EntryPoint\",\"urlTemplate\":\"https:\/\/www.nature-conservation-ubfc.com\/dycob\/?s={search_term_string}\"},\"query-input\":\"required name=search_term_string\"}],\"inLanguage\":\"fr-FR\"}]}<\/script>\n<!-- \/ Yoast SEO plugin. -->","yoast_head_json":{"title":"Accueil - DYCOB","robots":{"index":"index","follow":"follow","max-snippet":"max-snippet:-1","max-image-preview":"max-image-preview:large","max-video-preview":"max-video-preview:-1"},"canonical":"https:\/\/www.nature-conservation-ubfc.com\/dycob\/","og_locale":"fr_FR","og_type":"article","og_title":"Accueil - DYCOB","og_description":"Bienvenue sur le site web du Master Biologie, Ecologie et Evolution, parcours Dynamique et Conservation de la Biodiversit\u00e9 (DyCoB) de l'Universit\u00e9 de Bourgogne-Franche Comt\u00e9, France. Ce nouveau dipl\u00f4me propose un ensemble d'enseignements th\u00e9oriques et pratiques d\u00e9di\u00e9s aux \u00e9tudiants soucieux d\u2019acqu\u00e9rir une formation solide dans les domaines de la gestion de la biodiversit\u00e9 et de la [&hellip;]","og_url":"https:\/\/www.nature-conservation-ubfc.com\/dycob\/","og_site_name":"DYCOB","article_modified_time":"2017-11-04T10:54:09+00:00","twitter_card":"summary_large_image","twitter_misc":{"Dur\u00e9e de lecture estim\u00e9e":"1 minute"},"schema":{"@context":"https:\/\/schema.org","@graph":[{"@type":"WebPage","@id":"https:\/\/www.nature-conservation-ubfc.com\/dycob\/","url":"https:\/\/www.nature-conservation-ubfc.com\/dycob\/","name":"Accueil - DYCOB","isPartOf":{"@id":"https:\/\/www.nature-conservation-ubfc.com\/dycob\/#website"},"datePublished":"2017-05-31T16:23:46+00:00","dateModified":"2017-11-04T10:54:09+00:00","breadcrumb":{"@id":"https:\/\/www.nature-conservation-ubfc.com\/dycob\/#breadcrumb"},"inLanguage":"fr-FR","potentialAction":[{"@type":"ReadAction","target":["https:\/\/www.nature-conservation-ubfc.com\/dycob\/"]}]},{"@type":"BreadcrumbList","@id":"https:\/\/www.nature-conservation-ubfc.com\/dycob\/#breadcrumb","itemListElement":[{"@type":"ListItem","position":1,"name":"Accueil","item":"https:\/\/www.nature-conservation-ubfc.com\/dycob\/"},{"@type":"ListItem","position":2,"name":"Accueil"}]},{"@type":"WebSite","@id":"https:\/\/www.nature-conservation-ubfc.com\/dycob\/#website","url":"https:\/\/www.nature-conservation-ubfc.com\/dycob\/","name":"DYCOB","description":"","potentialAction":[{"@type":"SearchAction","target":{"@type":"EntryPoint","urlTemplate":"https:\/\/www.nature-conservation-ubfc.com\/dycob\/?s={search_term_string}"},"query-input":"required name=search_term_string"}],"inLanguage":"fr-FR"}]}},"_links":{"self":[{"href":"https:\/\/www.nature-conservation-ubfc.com\/dycob\/wp-json\/wp\/v2\/pages\/108"}],"collection":[{"href":"https:\/\/www.nature-conservation-ubfc.com\/dycob\/wp-json\/wp\/v2\/pages"}],"about":[{"href":"https:\/\/www.nature-conservation-ubfc.com\/dycob\/wp-json\/wp\/v2\/types\/page"}],"author":[{"embeddable":true,"href":"https:\/\/www.nature-conservation-ubfc.com\/dycob\/wp-json\/wp\/v2\/users\/5"}],"replies":[{"embeddable":true,"href":"https:\/\/www.nature-conservation-ubfc.com\/dycob\/wp-json\/wp\/v2\/comments?post=108"}],"version-history":[{"count":9,"href":"https:\/\/www.nature-conservation-ubfc.com\/dycob\/wp-json\/wp\/v2\/pages\/108\/revisions"}],"predecessor-version":[{"id":451,"href":"https:\/\/www.nature-conservation-ubfc.com\/dycob\/wp-json\/wp\/v2\/pages\/108\/revisions\/451"}],"wp:attachment":[{"href":"https:\/\/www.nature-conservation-ubfc.com\/dycob\/wp-json\/wp\/v2\/media?parent=108"}],"curies":[{"name":"wp","href":"https:\/\/api.w.org\/{rel}","templated":true}]}}