{"id":509,"date":"2017-06-04T14:46:18","date_gmt":"2017-06-04T12:46:18","guid":{"rendered":"https:\/\/www.nature-conservation-ubfc.com\/bewm\/?page_id=509"},"modified":"2023-02-06T22:31:51","modified_gmt":"2023-02-06T21:31:51","slug":"contact-us","status":"publish","type":"page","link":"https:\/\/www.nature-conservation-ubfc.com\/bewm\/en\/contact-us\/","title":{"rendered":"Contact us"},"content":{"rendered":"<p>[et_pb_section fb_built=\u00a0\u00bb1&Prime; admin_label=\u00a0\u00bbsection\u00a0\u00bb _builder_version=\u00a0\u00bb3.22&Prime; global_colors_info=\u00a0\u00bb{}\u00a0\u00bb][et_pb_row _builder_version=\u00a0\u00bb3.25&Prime; background_size=\u00a0\u00bbinitial\u00a0\u00bb background_position=\u00a0\u00bbtop_left\u00a0\u00bb background_repeat=\u00a0\u00bbrepeat\u00a0\u00bb global_colors_info=\u00a0\u00bb{}\u00a0\u00bb][et_pb_column type=\u00a0\u00bb4_4&Prime; _builder_version=\u00a0\u00bb3.25&Prime; custom_padding=\u00a0\u00bb|||\u00a0\u00bb global_colors_info=\u00a0\u00bb{}\u00a0\u00bb custom_padding__hover=\u00a0\u00bb|||\u00a0\u00bb][et_pb_text admin_label=\u00a0\u00bbAdresse\u00a0\u00bb _builder_version=\u00a0\u00bb4.11.4&Prime; background_size=\u00a0\u00bbinitial\u00a0\u00bb background_position=\u00a0\u00bbtop_left\u00a0\u00bb background_repeat=\u00a0\u00bbrepeat\u00a0\u00bb hover_enabled=\u00a0\u00bb0&Prime; global_colors_info=\u00a0\u00bb{}\u00a0\u00bb sticky_enabled=\u00a0\u00bb0&Prime;]<\/p>\n<p><strong>Master BEWM<\/strong><br \/>b\u00e2timent Gabriel, 3e \u00e9tage, aile nord<br \/>universit\u00e9 de Bourgogne<br \/>6 boulevard Gabriel<br \/>21000 Dijon<a class=\"\" href=\"mailto:bewm@nature-conservation-ubfc.com\" target=\"_blank\" rel=\"noopener\"><\/a><\/p>\n<p>[\/et_pb_text][\/et_pb_column][\/et_pb_row][et_pb_row admin_label=\u00a0\u00bbrow\u00a0\u00bb _builder_version=\u00a0\u00bb3.25&Prime; background_size=\u00a0\u00bbinitial\u00a0\u00bb background_position=\u00a0\u00bbtop_left\u00a0\u00bb background_repeat=\u00a0\u00bbrepeat\u00a0\u00bb global_colors_info=\u00a0\u00bb{}\u00a0\u00bb][et_pb_column type=\u00a0\u00bb4_4&Prime; _builder_version=\u00a0\u00bb3.25&Prime; custom_padding=\u00a0\u00bb|||\u00a0\u00bb global_colors_info=\u00a0\u00bb{}\u00a0\u00bb custom_padding__hover=\u00a0\u00bb|||\u00a0\u00bb][et_pb_contact_form email=\u00a0\u00bbbewm@nature-conservation-ubfc.com\u00a0\u00bb custom_message=\u00a0\u00bbNom : %%Nom%%||et_pb_line_break_holder||||et_pb_line_break_holder||Email : %%Email%%||et_pb_line_break_holder||||et_pb_line_break_holder||Sujet : %%Sujet%%||et_pb_line_break_holder||||et_pb_line_break_holder||Message : %%Message%%\u00a0\u00bb success_message=\u00a0\u00bbYour message has been sent !\u00a0\u00bb _builder_version=\u00a0\u00bb3.17.2&Prime; border_radii=\u00a0\u00bbon|0px|0px|0px|0px\u00a0\u00bb global_colors_info=\u00a0\u00bb{}\u00a0\u00bb button_letter_spacing_hover=\u00a0\u00bb0&Prime;][et_pb_contact_field field_id=\u00a0\u00bbNom\u00a0\u00bb field_title=\u00a0\u00bbName\u00a0\u00bb _builder_version=\u00a0\u00bb3.17.2&Prime; form_field_font=\u00a0\u00bb||||\u00a0\u00bb use_border_color=\u00a0\u00bboff\u00a0\u00bb border_style=\u00a0\u00bbsolid\u00a0\u00bb global_colors_info=\u00a0\u00bb{}\u00a0\u00bb][\/et_pb_contact_field][et_pb_contact_field field_id=\u00a0\u00bbEmail\u00a0\u00bb field_title=\u00a0\u00bbe-mail address\u00a0\u00bb field_type=\u00a0\u00bbemail\u00a0\u00bb _builder_version=\u00a0\u00bb3.17.2&Prime; form_field_font=\u00a0\u00bb||||\u00a0\u00bb use_border_color=\u00a0\u00bboff\u00a0\u00bb border_style=\u00a0\u00bbsolid\u00a0\u00bb global_colors_info=\u00a0\u00bb{}\u00a0\u00bb][\/et_pb_contact_field][et_pb_contact_field field_id=\u00a0\u00bbSujet\u00a0\u00bb field_title=\u00a0\u00bbObject\u00a0\u00bb fullwidth_field=\u00a0\u00bbon\u00a0\u00bb _builder_version=\u00a0\u00bb3.17.2&Prime; form_field_font=\u00a0\u00bb||||\u00a0\u00bb use_border_color=\u00a0\u00bboff\u00a0\u00bb border_style=\u00a0\u00bbsolid\u00a0\u00bb global_colors_info=\u00a0\u00bb{}\u00a0\u00bb][\/et_pb_contact_field][et_pb_contact_field field_id=\u00a0\u00bbMessage\u00a0\u00bb field_title=\u00a0\u00bbMessage\u00a0\u00bb field_type=\u00a0\u00bbtext\u00a0\u00bb fullwidth_field=\u00a0\u00bbon\u00a0\u00bb _builder_version=\u00a0\u00bb3.17.2&Prime; global_colors_info=\u00a0\u00bb{}\u00a0\u00bb][\/et_pb_contact_field][et_pb_contact_field field_id=\u00a0\u00bbrgpden\u00a0\u00bb field_title=\u00a0\u00bbprivacy\u00a0\u00bb field_type=\u00a0\u00bbcheckbox\u00a0\u00bb checkbox_options=\u00a0\u00bb%91{%22value%22:%22By checking this box, I accept the privacy policy of this site.%22,%22checked%22:0}%93&Prime; fullwidth_field=\u00a0\u00bbon\u00a0\u00bb _builder_version=\u00a0\u00bb3.17.2&Prime; global_colors_info=\u00a0\u00bb{}\u00a0\u00bb][\/et_pb_contact_field][\/et_pb_contact_form][\/et_pb_column][\/et_pb_row][\/et_pb_section][et_pb_section fb_built=\u00a0\u00bb1&Prime; admin_label=\u00a0\u00bbsection\u00a0\u00bb _builder_version=\u00a0\u00bb3.22&Prime; global_colors_info=\u00a0\u00bb{}\u00a0\u00bb][et_pb_row _builder_version=\u00a0\u00bb3.25&Prime; background_size=\u00a0\u00bbinitial\u00a0\u00bb background_position=\u00a0\u00bbtop_left\u00a0\u00bb background_repeat=\u00a0\u00bbrepeat\u00a0\u00bb global_colors_info=\u00a0\u00bb{}\u00a0\u00bb][et_pb_column type=\u00a0\u00bb4_4&Prime; _builder_version=\u00a0\u00bb3.25&Prime; custom_padding=\u00a0\u00bb|||\u00a0\u00bb global_colors_info=\u00a0\u00bb{}\u00a0\u00bb custom_padding__hover=\u00a0\u00bb|||\u00a0\u00bb][et_pb_map address=\u00a0\u00bb6 Boulevard Gabriel, 21000 Dijon, France\u00a0\u00bb zoom_level=\u00a0\u00bb17&Prime; address_lat=\u00a0\u00bb47.31623987122334&Prime; address_lng=\u00a0\u00bb5.063297133976659&Prime; mouse_wheel=\u00a0\u00bboff\u00a0\u00bb _builder_version=\u00a0\u00bb3.0.91&Prime; global_colors_info=\u00a0\u00bb{}\u00a0\u00bb][et_pb_map_pin title=\u00a0\u00bbMaster BEWM\u00a0\u00bb pin_address=\u00a0\u00bbGabriel, 21000 Dijon, France\u00a0\u00bb pin_address_lat=\u00a0\u00bb47.31649745933947&Prime; pin_address_lng=\u00a0\u00bb5.065952520901419&Prime; _builder_version=\u00a0\u00bb3.0.47&Prime; global_colors_info=\u00a0\u00bb{}\u00a0\u00bb]b\u00e2timent Gabriel, 3e \u00e9tage, aile nord<br \/>\nuniversit\u00e9 de Bourgogne<br \/>\n6 boulevard Gabriel<br \/>\n21000 Dijon[\/et_pb_map_pin][\/et_pb_map][\/et_pb_column][\/et_pb_row][et_pb_row _builder_version=\u00a0\u00bb3.25&Prime; background_size=\u00a0\u00bbinitial\u00a0\u00bb background_position=\u00a0\u00bbtop_left\u00a0\u00bb background_repeat=\u00a0\u00bbrepeat\u00a0\u00bb global_colors_info=\u00a0\u00bb{}\u00a0\u00bb][et_pb_column type=\u00a0\u00bb4_4&Prime; _builder_version=\u00a0\u00bb3.25&Prime; custom_padding=\u00a0\u00bb|||\u00a0\u00bb global_colors_info=\u00a0\u00bb{}\u00a0\u00bb custom_padding__hover=\u00a0\u00bb|||\u00a0\u00bb][et_pb_text _builder_version=\u00a0\u00bb3.27.4&Prime; global_colors_info=\u00a0\u00bb{}\u00a0\u00bb]<\/p>\n<p style=\"text-align: justify\">The Dijon campus can be easily accessed from the highway or from the city center. From the train station, take the tramway line T1 and get off at the stop \u2018Erasme\u2019 (opposite the Gabriel building). The tram frequency is one every 10 minutes, on average. Detailed information can be found on the web site of the <a href=\"http:\/\/www.divia.fr\">Divia company<\/a>. If you get lost once you are inside the Gabriel building, ask for assistance at the lodge on the ground floor of the central aisle. A detailed map of the campus can be downloaded on <a href=\"https:\/\/ado-dijon2017.sciencesconf.org\/data\/pages\/Plan_Campus_Dijon_UBFC_2.pdf\">this page.<\/a><\/p>\n<p>[\/et_pb_text][et_pb_image src=\u00a0\u00bbhttps:\/\/www.nature-conservation-ubfc.com\/bewm\/wp-content\/uploads\/sites\/2\/2017\/05\/campus-dijon.jpeg\u00a0\u00bb align=\u00a0\u00bbcenter\u00a0\u00bb align_tablet=\u00a0\u00bbcenter\u00a0\u00bb align_phone=\u00a0\u00bbcenter\u00a0\u00bb align_last_edited=\u00a0\u00bbon|desktop\u00a0\u00bb _builder_version=\u00a0\u00bb3.23&Prime; animation_style=\u00a0\u00bbslide\u00a0\u00bb animation_direction=\u00a0\u00bbleft\u00a0\u00bb animation_duration=\u00a0\u00bb500ms\u00a0\u00bb animation_intensity_slide=\u00a0\u00bb10%\u00a0\u00bb border_style=\u00a0\u00bbsolid\u00a0\u00bb sticky=\u00a0\u00bboff\u00a0\u00bb always_center_on_mobile=\u00a0\u00bbon\u00a0\u00bb global_colors_info=\u00a0\u00bb{}\u00a0\u00bb][\/et_pb_image][\/et_pb_column][\/et_pb_row][\/et_pb_section]<\/p>\n","protected":false},"excerpt":{"rendered":"<p>Master BEWMb\u00e2timent Gabriel, 3e \u00e9tage, aile norduniversit\u00e9 de Bourgogne6 boulevard Gabriel21000 Dijonb\u00e2timent Gabriel, 3e \u00e9tage, aile nord universit\u00e9 de Bourgogne 6 boulevard Gabriel 21000 DijonThe Dijon campus can be easily accessed from the highway or from the city center. From the train station, take the tramway line T1 and get off at the stop \u2018Erasme\u2019 [&hellip;]<\/p>\n","protected":false},"author":3,"featured_media":0,"parent":0,"menu_order":0,"comment_status":"closed","ping_status":"closed","template":"","meta":{"_et_pb_use_builder":"on","_et_pb_old_content":"","_et_gb_content_width":"","footnotes":""},"yoast_head":"<!-- This site is optimized with the Yoast SEO plugin v22.8 - https:\/\/yoast.com\/wordpress\/plugins\/seo\/ -->\n<title>Contact us - BEWM<\/title>\n<meta name=\"robots\" content=\"index, follow, max-snippet:-1, max-image-preview:large, max-video-preview:-1\" \/>\n<link rel=\"canonical\" href=\"https:\/\/www.nature-conservation-ubfc.com\/bewm\/en\/contact-us\/\" \/>\n<meta property=\"og:locale\" content=\"fr_FR\" \/>\n<meta property=\"og:type\" content=\"article\" \/>\n<meta property=\"og:title\" content=\"Contact us - BEWM\" \/>\n<meta property=\"og:description\" content=\"Master BEWMb\u00e2timent Gabriel, 3e \u00e9tage, aile norduniversit\u00e9 de Bourgogne6 boulevard Gabriel21000 Dijonb\u00e2timent Gabriel, 3e \u00e9tage, aile nord universit\u00e9 de Bourgogne 6 boulevard Gabriel 21000 DijonThe Dijon campus can be easily accessed from the highway or from the city center. From the train station, take the tramway line T1 and get off at the stop \u2018Erasme\u2019 [&hellip;]\" \/>\n<meta property=\"og:url\" content=\"https:\/\/www.nature-conservation-ubfc.com\/bewm\/en\/contact-us\/\" \/>\n<meta property=\"og:site_name\" content=\"BEWM\" \/>\n<meta property=\"article:modified_time\" content=\"2023-02-06T21:31:51+00:00\" \/>\n<meta name=\"twitter:card\" content=\"summary_large_image\" \/>\n<meta name=\"twitter:label1\" content=\"Dur\u00e9e de lecture estim\u00e9e\" \/>\n\t<meta name=\"twitter:data1\" content=\"2 minutes\" \/>\n<script type=\"application\/ld+json\" class=\"yoast-schema-graph\">{\"@context\":\"https:\/\/schema.org\",\"@graph\":[{\"@type\":\"WebPage\",\"@id\":\"https:\/\/www.nature-conservation-ubfc.com\/bewm\/en\/contact-us\/\",\"url\":\"https:\/\/www.nature-conservation-ubfc.com\/bewm\/en\/contact-us\/\",\"name\":\"Contact us - BEWM\",\"isPartOf\":{\"@id\":\"https:\/\/www.nature-conservation-ubfc.com\/bewm\/#website\"},\"datePublished\":\"2017-06-04T12:46:18+00:00\",\"dateModified\":\"2023-02-06T21:31:51+00:00\",\"breadcrumb\":{\"@id\":\"https:\/\/www.nature-conservation-ubfc.com\/bewm\/en\/contact-us\/#breadcrumb\"},\"inLanguage\":\"fr-FR\",\"potentialAction\":[{\"@type\":\"ReadAction\",\"target\":[\"https:\/\/www.nature-conservation-ubfc.com\/bewm\/en\/contact-us\/\"]}]},{\"@type\":\"BreadcrumbList\",\"@id\":\"https:\/\/www.nature-conservation-ubfc.com\/bewm\/en\/contact-us\/#breadcrumb\",\"itemListElement\":[{\"@type\":\"ListItem\",\"position\":1,\"name\":\"Accueil\",\"item\":\"https:\/\/www.nature-conservation-ubfc.com\/bewm\/fr\/\"},{\"@type\":\"ListItem\",\"position\":2,\"name\":\"Contact us\"}]},{\"@type\":\"WebSite\",\"@id\":\"https:\/\/www.nature-conservation-ubfc.com\/bewm\/#website\",\"url\":\"https:\/\/www.nature-conservation-ubfc.com\/bewm\/\",\"name\":\"BEWM\",\"description\":\"\",\"potentialAction\":[{\"@type\":\"SearchAction\",\"target\":{\"@type\":\"EntryPoint\",\"urlTemplate\":\"https:\/\/www.nature-conservation-ubfc.com\/bewm\/?s={search_term_string}\"},\"query-input\":\"required name=search_term_string\"}],\"inLanguage\":\"fr-FR\"}]}<\/script>\n<!-- \/ Yoast SEO plugin. -->","yoast_head_json":{"title":"Contact us - BEWM","robots":{"index":"index","follow":"follow","max-snippet":"max-snippet:-1","max-image-preview":"max-image-preview:large","max-video-preview":"max-video-preview:-1"},"canonical":"https:\/\/www.nature-conservation-ubfc.com\/bewm\/en\/contact-us\/","og_locale":"fr_FR","og_type":"article","og_title":"Contact us - BEWM","og_description":"Master BEWMb\u00e2timent Gabriel, 3e \u00e9tage, aile norduniversit\u00e9 de Bourgogne6 boulevard Gabriel21000 Dijonb\u00e2timent Gabriel, 3e \u00e9tage, aile nord universit\u00e9 de Bourgogne 6 boulevard Gabriel 21000 DijonThe Dijon campus can be easily accessed from the highway or from the city center. From the train station, take the tramway line T1 and get off at the stop \u2018Erasme\u2019 [&hellip;]","og_url":"https:\/\/www.nature-conservation-ubfc.com\/bewm\/en\/contact-us\/","og_site_name":"BEWM","article_modified_time":"2023-02-06T21:31:51+00:00","twitter_card":"summary_large_image","twitter_misc":{"Dur\u00e9e de lecture estim\u00e9e":"2 minutes"},"schema":{"@context":"https:\/\/schema.org","@graph":[{"@type":"WebPage","@id":"https:\/\/www.nature-conservation-ubfc.com\/bewm\/en\/contact-us\/","url":"https:\/\/www.nature-conservation-ubfc.com\/bewm\/en\/contact-us\/","name":"Contact us - BEWM","isPartOf":{"@id":"https:\/\/www.nature-conservation-ubfc.com\/bewm\/#website"},"datePublished":"2017-06-04T12:46:18+00:00","dateModified":"2023-02-06T21:31:51+00:00","breadcrumb":{"@id":"https:\/\/www.nature-conservation-ubfc.com\/bewm\/en\/contact-us\/#breadcrumb"},"inLanguage":"fr-FR","potentialAction":[{"@type":"ReadAction","target":["https:\/\/www.nature-conservation-ubfc.com\/bewm\/en\/contact-us\/"]}]},{"@type":"BreadcrumbList","@id":"https:\/\/www.nature-conservation-ubfc.com\/bewm\/en\/contact-us\/#breadcrumb","itemListElement":[{"@type":"ListItem","position":1,"name":"Accueil","item":"https:\/\/www.nature-conservation-ubfc.com\/bewm\/fr\/"},{"@type":"ListItem","position":2,"name":"Contact us"}]},{"@type":"WebSite","@id":"https:\/\/www.nature-conservation-ubfc.com\/bewm\/#website","url":"https:\/\/www.nature-conservation-ubfc.com\/bewm\/","name":"BEWM","description":"","potentialAction":[{"@type":"SearchAction","target":{"@type":"EntryPoint","urlTemplate":"https:\/\/www.nature-conservation-ubfc.com\/bewm\/?s={search_term_string}"},"query-input":"required name=search_term_string"}],"inLanguage":"fr-FR"}]}},"_links":{"self":[{"href":"https:\/\/www.nature-conservation-ubfc.com\/bewm\/wp-json\/wp\/v2\/pages\/509"}],"collection":[{"href":"https:\/\/www.nature-conservation-ubfc.com\/bewm\/wp-json\/wp\/v2\/pages"}],"about":[{"href":"https:\/\/www.nature-conservation-ubfc.com\/bewm\/wp-json\/wp\/v2\/types\/page"}],"author":[{"embeddable":true,"href":"https:\/\/www.nature-conservation-ubfc.com\/bewm\/wp-json\/wp\/v2\/users\/3"}],"replies":[{"embeddable":true,"href":"https:\/\/www.nature-conservation-ubfc.com\/bewm\/wp-json\/wp\/v2\/comments?post=509"}],"version-history":[{"count":18,"href":"https:\/\/www.nature-conservation-ubfc.com\/bewm\/wp-json\/wp\/v2\/pages\/509\/revisions"}],"predecessor-version":[{"id":1792,"href":"https:\/\/www.nature-conservation-ubfc.com\/bewm\/wp-json\/wp\/v2\/pages\/509\/revisions\/1792"}],"wp:attachment":[{"href":"https:\/\/www.nature-conservation-ubfc.com\/bewm\/wp-json\/wp\/v2\/media?parent=509"}],"curies":[{"name":"wp","href":"https:\/\/api.w.org\/{rel}","templated":true}]}}