{"id":138,"date":"2017-05-29T16:15:36","date_gmt":"2017-05-29T14:15:36","guid":{"rendered":"https:\/\/www.nature-conservation-ubfc.com\/bewm\/?page_id=138"},"modified":"2017-10-26T15:35:19","modified_gmt":"2017-10-26T13:35:19","slug":"liens","status":"publish","type":"page","link":"https:\/\/www.nature-conservation-ubfc.com\/bewm\/fr\/liens\/","title":{"rendered":"Liens"},"content":{"rendered":"<p>[et_pb_section bb_built=\u00a0\u00bb1&Prime; admin_label=\u00a0\u00bbsection\u00a0\u00bb][et_pb_row admin_label=\u00a0\u00bbrow\u00a0\u00bb background_position=\u00a0\u00bbtop_left\u00a0\u00bb background_repeat=\u00a0\u00bbrepeat\u00a0\u00bb background_size=\u00a0\u00bbinitial\u00a0\u00bb][et_pb_column type=\u00a0\u00bb4_4&Prime;][et_pb_text admin_label=\u00a0\u00bbTexte\u00a0\u00bb _builder_version=\u00a0\u00bb3.0.50&Prime; background_layout=\u00a0\u00bblight\u00a0\u00bb text_orientation=\u00a0\u00bbleft\u00a0\u00bb border_style=\u00a0\u00bbsolid\u00a0\u00bb]<\/p>\n<p><a href=\"https:\/\/www.facebook.com\/Master-BEWM-UBFC-Dijon-897968087037973\"><img loading=\"lazy\" decoding=\"async\" class=\"alignnone  wp-image-1020\" src=\"https:\/\/www.nature-conservation-ubfc.com\/bewm\/wp-content\/uploads\/sites\/2\/2017\/10\/fb-art-150x150.png\" alt=\"\" width=\"26\" height=\"26\" srcset=\"https:\/\/www.nature-conservation-ubfc.com\/bewm\/wp-content\/uploads\/sites\/2\/2017\/10\/fb-art-150x150.png 150w, https:\/\/www.nature-conservation-ubfc.com\/bewm\/wp-content\/uploads\/sites\/2\/2017\/10\/fb-art.png 250w\" sizes=\"(max-width: 26px) 100vw, 26px\" \/><\/a>\u00a0 <a href=\"https:\/\/www.facebook.com\/Master-BEWM-UBFC-Dijon-897968087037973\">Facebook page of the master<\/a><\/p>\n<p>[\/et_pb_text][et_pb_text admin_label=\u00a0\u00bbLiens\u00a0\u00bb _builder_version=\u00a0\u00bb3.0.50&Prime; background_layout=\u00a0\u00bblight\u00a0\u00bb text_orientation=\u00a0\u00bbleft\u00a0\u00bb border_style=\u00a0\u00bbsolid\u00a0\u00bb disabled=\u00a0\u00bbon\u00a0\u00bb disabled_on=\u00a0\u00bbon|on|on\u00a0\u00bb]<\/p>\n<h2>Universit\u00e9 de Bourgogne<\/h2>\n<p><a href=\"http:\/\/biogeosciences.u-bourgogne.fr\/fr\/\" target=\"_blank\" rel=\"noopener noreferrer\">UMR CNRS Biog\u00e9osciences<\/a> : le site de l&rsquo;unit\u00e9 mixte de recherche UMR CNRS 5561 Biog\u00e9osciences \u00e0 laquelle est rattach\u00e9e une partie de l&rsquo;\u00e9quipe enseignante de la fili\u00e8re BOP<br \/>\n<a href=\"http:\/\/www6.dijon.inra.fr\/umragroecologie\/\" target=\"_blank\" rel=\"noopener noreferrer\">UMR Agro\u00e9cologie<\/a> a laquelle est rattach\u00e9e une autre partie importante de l&rsquo;\u00e9quipe enseignante de la fili\u00e8re BOP<br \/>\n<a href=\"http:\/\/ufr-svte.u-bourgogne.fr\" target=\"_blank\" rel=\"noopener noreferrer\">UFR des sciences de la vie, de la terre et de l&rsquo;environnement<\/a><br \/>\n<a href=\"http:\/\/ufr-svte.u-bourgogne.fr\/scolarite\/emplois-du-temps.html\" target=\"_blank\" rel=\"noopener noreferrer\">emplois du temps du L1 au M2 sur la page de l&rsquo;UFR<\/a><br \/>\n<a href=\"http:\/\/www.ecoledoctoralee2s.com\" target=\"_blank\" rel=\"noopener noreferrer\">Ecole doctorale E2S<\/a> (inscription en th\u00e8se, services et aides financi\u00e8res aux doctorants, etc.)<br \/>\n<a href=\"http:\/\/search.ebscohost.com\/login.aspx?direct=true&amp;custid=s5524354&amp;db=edspub&amp;type=44&amp;plp=1&amp;lang=fr\" target=\"_blank\" rel=\"noopener noreferrer\">A-to-Z : catalogues des revues scientifiques<\/a> accessibles depuis l&rsquo;universit\u00e9 de Bourgogne<\/p>\n<h2>Organismes de recherche partenaires<\/h2>\n<p><a href=\"http:\/\/www.agrosupdijon.fr\" target=\"_blank\" rel=\"noopener noreferrer\">Agrosup Dijon<\/a><br \/>\n<a href=\"http:\/\/www.cnrs.fr\" target=\"_blank\" rel=\"noopener noreferrer\">CNRS<\/a>, Centre Nationale de la Recherche Scientifique<br \/>\n<a href=\"http:\/\/www.inra.fr\" target=\"_blank\" rel=\"noopener noreferrer\">INRA<\/a>, Institut National de la Recherche Agronomique<\/p>\n<h2>Soci\u00e9t\u00e9s savantes<\/h2>\n<p><a href=\"https:\/\/www.sfecologie.org\" target=\"_blank\" rel=\"noopener noreferrer\">Soci\u00e9t\u00e9 Fran\u00e7aise d&rsquo;Ecologie, SFE<\/a><br \/>\n<a href=\"http:\/\/www.sfeca.fr\" target=\"_blank\" rel=\"noopener noreferrer\">Soci\u00e9t\u00e9 Fran\u00e7aise pour l&rsquo;\u00c9tude du Comportement Animal, SFECA<\/a><br \/>\n<a href=\"http:\/\/www.asab.org\" target=\"_blank\" rel=\"noopener noreferrer\">Association for the Study of Animal Behaviour, ASAB<\/a>. Cette soci\u00e9t\u00e9 savante anglaise est sans doute la plus influente sur le plan international en mati\u00e8re de comportement animal. Elle \u00e9dite la revue de r\u00e9f\u00e9rence \u00ab\u00a0Animal Behaviour\u00a0\u00bb, organise plusieurs colloques par an et offre r\u00e9guli\u00e8rement des bourses \u00e9tudiantes<br \/>\n<a href=\"http:\/\/www.animalbehaviorsociety.org\/web\/index.php\" target=\"_blank\" rel=\"noopener noreferrer\">Animal Behavior Society<\/a>. Cette soci\u00e9t\u00e9 savante am\u00e9ricaine diffuse, entre autre, beaucoup d&rsquo;offres de stage, th\u00e8se, post-doc en comportement animal.<br \/>\nSoci\u00e9t\u00e9 Qu\u00e9becoise pour l&rsquo;Etude Biologique du Comportement, SQEBC<br \/>\nEuropean Society for Evolutionary Biology, ESEB<br \/>\nAssociation Fran\u00e7aise de Limnologie<br \/>\nSoci\u00e9t\u00e9 d\u2019Etudes Ornithologiques de France, SEOF<\/p>\n<h2>Associations \u00e9tudiantes<\/h2>\n<p>Groupe Naturaliste universitaire de Bourgogne<br \/>\nPlume, r\u00e9seau de vulgarisation scientifique<\/p>\n<h2>Vie pratique \u00e0 Dijon<\/h2>\n<p>site de la ville de Dijon<br \/>\nCrous, service de la vie \u00e9tudiante \u00e0 Dijon<\/p>\n<p>[\/et_pb_text][\/et_pb_column][\/et_pb_row][\/et_pb_section]<\/p>\n","protected":false},"excerpt":{"rendered":"<p>\u00a0 Facebook page of the master Universit\u00e9 de Bourgogne UMR CNRS Biog\u00e9osciences : le site de l&rsquo;unit\u00e9 mixte de recherche UMR CNRS 5561 Biog\u00e9osciences \u00e0 laquelle est rattach\u00e9e une partie de l&rsquo;\u00e9quipe enseignante de la fili\u00e8re BOP UMR Agro\u00e9cologie a laquelle est rattach\u00e9e une autre partie importante de l&rsquo;\u00e9quipe enseignante de la fili\u00e8re BOP UFR [&hellip;]<\/p>\n","protected":false},"author":3,"featured_media":0,"parent":0,"menu_order":0,"comment_status":"closed","ping_status":"closed","template":"","meta":{"_et_pb_use_builder":"on","_et_pb_old_content":"<h2>universit\u00e9 de Bourgogne<\/h2><p><a href=\"http:\/\/biogeosciences.u-bourgogne.fr\/fr\/\" target=\"_blank\" rel=\"noopener noreferrer\">UMR CNRS Biog\u00e9osciences<\/a> : le site de l'unit\u00e9 mixte de recherche UMR CNRS 5561 Biog\u00e9osciences \u00e0 laquelle est rattach\u00e9e une partie de l'\u00e9quipe enseignante de la fili\u00e8re BOP<br \/> <a href=\"http:\/\/www6.dijon.inra.fr\/umragroecologie\/\" target=\"_blank\" rel=\"noopener noreferrer\">UMR Agro\u00e9cologie<\/a> a laquelle est rattach\u00e9e une autre partie importante de l'\u00e9quipe enseignante de la fili\u00e8re BOP<br \/> <a href=\"http:\/\/ufr-svte.u-bourgogne.fr\" target=\"_blank\" rel=\"noopener noreferrer\">UFR des sciences de la vie, de la terre et de l'environnement<\/a><br \/> <a href=\"http:\/\/ufr-svte.u-bourgogne.fr\/scolarite\/emplois-du-temps.html\" target=\"_blank\" rel=\"noopener noreferrer\">emplois du temps du L1 au M2 sur la page de l'UFR<\/a><br \/> <a href=\"http:\/\/www.ecoledoctoralee2s.com\" target=\"_blank\" rel=\"noopener noreferrer\">Ecole doctorale E2S<\/a> (inscription en th\u00e8se, services et aides financi\u00e8res aux doctorants, etc.)<br \/> <a href=\"http:\/\/search.ebscohost.com\/login.aspx?direct=true&custid=s5524354&db=edspub&type=44&plp=1&lang=fr\" target=\"_blank\" rel=\"noopener noreferrer\">A-to-Z : catalogues des revues scientifiques<\/a> accessibles depuis l'universit\u00e9 de Bourgogne<\/p><h2>organismes de recherche partenaires<\/h2><p><a href=\"http:\/\/www.agrosupdijon.fr\" target=\"_blank\" rel=\"noopener noreferrer\">Agrosup Dijon<\/a><br \/> <a href=\"http:\/\/www.cnrs.fr\" target=\"_blank\" rel=\"noopener noreferrer\">CNRS<\/a>, Centre Nationale de la Recherche Scientifique<br \/> <a href=\"http:\/\/www.inra.fr\" target=\"_blank\" rel=\"noopener noreferrer\">INRA<\/a>, Institut National de la Recherche Agronomique<\/p><h2>soci\u00e9t\u00e9s savantes<\/h2><p><a href=\"https:\/\/www.sfecologie.org\" target=\"_blank\" rel=\"noopener noreferrer\">Soci\u00e9t\u00e9 Fran\u00e7aise d'Ecologie, SFE<\/a><br \/> <a href=\"http:\/\/www.sfeca.fr\" target=\"_blank\" rel=\"noopener noreferrer\">Soci\u00e9t\u00e9 Fran\u00e7aise pour l'\u00c9tude du Comportement Animal, SFECA<\/a><br \/> <a href=\"http:\/\/www.asab.org\" target=\"_blank\" rel=\"noopener noreferrer\">Association for the Study of Animal Behaviour, ASAB<\/a>. Cette soci\u00e9t\u00e9 savante anglaise est sans doute la plus influente sur le plan international en mati\u00e8re de comportement animal. Elle \u00e9dite la revue de r\u00e9f\u00e9rence \"Animal Behaviour\", organise plusieurs colloques par an et offre r\u00e9guli\u00e8rement des bourses \u00e9tudiantes<br \/> <a href=\"http:\/\/www.animalbehaviorsociety.org\/web\/index.php\" target=\"_blank\" rel=\"noopener noreferrer\">Animal Behavior Society<\/a>. Cette soci\u00e9t\u00e9 savante am\u00e9ricaine diffuse, entre autre, beaucoup d'offres de stage, th\u00e8se, post-doc en comportement animal.<br \/> Soci\u00e9t\u00e9 Qu\u00e9becoise pour l'Etude Biologique du Comportement, SQEBC<br \/> European Society for Evolutionary Biology, ESEB<br \/> Association Fran\u00e7aise de Limnologie<br \/> Soci\u00e9t\u00e9 d\u2019Etudes Ornithologiques de France, SEOF<\/p><h2>associations \u00e9tudiantes<\/h2><p>Groupe Naturaliste universitaire de Bourgogne<br \/> Plume, r\u00e9seau de vulgarisation scientifique<\/p><h2>vie pratique \u00e0 Dijon<\/h2><p>site de la ville de Dijon<br \/> Crous, service de la vie \u00e9tudiante \u00e0 Dijon<\/p>","_et_gb_content_width":"","footnotes":""},"yoast_head":"<!-- This site is optimized with the Yoast SEO plugin v22.8 - https:\/\/yoast.com\/wordpress\/plugins\/seo\/ -->\n<title>Liens - BEWM<\/title>\n<meta name=\"robots\" content=\"index, follow, max-snippet:-1, max-image-preview:large, max-video-preview:-1\" \/>\n<link rel=\"canonical\" href=\"https:\/\/www.nature-conservation-ubfc.com\/bewm\/fr\/liens\/\" \/>\n<meta property=\"og:locale\" content=\"fr_FR\" \/>\n<meta property=\"og:type\" content=\"article\" \/>\n<meta property=\"og:title\" content=\"Liens - BEWM\" \/>\n<meta property=\"og:description\" content=\"\u00a0 Facebook page of the master Universit\u00e9 de Bourgogne UMR CNRS Biog\u00e9osciences : le site de l&#039;unit\u00e9 mixte de recherche UMR CNRS 5561 Biog\u00e9osciences \u00e0 laquelle est rattach\u00e9e une partie de l&#039;\u00e9quipe enseignante de la fili\u00e8re BOP UMR Agro\u00e9cologie a laquelle est rattach\u00e9e une autre partie importante de l&#039;\u00e9quipe enseignante de la fili\u00e8re BOP UFR [&hellip;]\" \/>\n<meta property=\"og:url\" content=\"https:\/\/www.nature-conservation-ubfc.com\/bewm\/fr\/liens\/\" \/>\n<meta property=\"og:site_name\" content=\"BEWM\" \/>\n<meta property=\"article:modified_time\" content=\"2017-10-26T13:35:19+00:00\" \/>\n<meta property=\"og:image\" content=\"https:\/\/www.nature-conservation-ubfc.com\/bewm\/wp-content\/uploads\/sites\/2\/2017\/10\/fb-art-150x150.png\" \/>\n<meta name=\"twitter:card\" content=\"summary_large_image\" \/>\n<meta name=\"twitter:label1\" content=\"Dur\u00e9e de lecture estim\u00e9e\" \/>\n\t<meta name=\"twitter:data1\" content=\"2 minutes\" \/>\n<script type=\"application\/ld+json\" class=\"yoast-schema-graph\">{\"@context\":\"https:\/\/schema.org\",\"@graph\":[{\"@type\":\"WebPage\",\"@id\":\"https:\/\/www.nature-conservation-ubfc.com\/bewm\/fr\/liens\/\",\"url\":\"https:\/\/www.nature-conservation-ubfc.com\/bewm\/fr\/liens\/\",\"name\":\"Liens - BEWM\",\"isPartOf\":{\"@id\":\"https:\/\/www.nature-conservation-ubfc.com\/bewm\/#website\"},\"primaryImageOfPage\":{\"@id\":\"https:\/\/www.nature-conservation-ubfc.com\/bewm\/fr\/liens\/#primaryimage\"},\"image\":{\"@id\":\"https:\/\/www.nature-conservation-ubfc.com\/bewm\/fr\/liens\/#primaryimage\"},\"thumbnailUrl\":\"https:\/\/www.nature-conservation-ubfc.com\/bewm\/wp-content\/uploads\/sites\/2\/2017\/10\/fb-art-150x150.png\",\"datePublished\":\"2017-05-29T14:15:36+00:00\",\"dateModified\":\"2017-10-26T13:35:19+00:00\",\"breadcrumb\":{\"@id\":\"https:\/\/www.nature-conservation-ubfc.com\/bewm\/fr\/liens\/#breadcrumb\"},\"inLanguage\":\"fr-FR\",\"potentialAction\":[{\"@type\":\"ReadAction\",\"target\":[\"https:\/\/www.nature-conservation-ubfc.com\/bewm\/fr\/liens\/\"]}]},{\"@type\":\"ImageObject\",\"inLanguage\":\"fr-FR\",\"@id\":\"https:\/\/www.nature-conservation-ubfc.com\/bewm\/fr\/liens\/#primaryimage\",\"url\":\"https:\/\/www.nature-conservation-ubfc.com\/bewm\/wp-content\/uploads\/sites\/2\/2017\/10\/fb-art.png\",\"contentUrl\":\"https:\/\/www.nature-conservation-ubfc.com\/bewm\/wp-content\/uploads\/sites\/2\/2017\/10\/fb-art.png\",\"width\":250,\"height\":250},{\"@type\":\"BreadcrumbList\",\"@id\":\"https:\/\/www.nature-conservation-ubfc.com\/bewm\/fr\/liens\/#breadcrumb\",\"itemListElement\":[{\"@type\":\"ListItem\",\"position\":1,\"name\":\"Accueil\",\"item\":\"https:\/\/www.nature-conservation-ubfc.com\/bewm\/fr\/\"},{\"@type\":\"ListItem\",\"position\":2,\"name\":\"Liens\"}]},{\"@type\":\"WebSite\",\"@id\":\"https:\/\/www.nature-conservation-ubfc.com\/bewm\/#website\",\"url\":\"https:\/\/www.nature-conservation-ubfc.com\/bewm\/\",\"name\":\"BEWM\",\"description\":\"\",\"potentialAction\":[{\"@type\":\"SearchAction\",\"target\":{\"@type\":\"EntryPoint\",\"urlTemplate\":\"https:\/\/www.nature-conservation-ubfc.com\/bewm\/?s={search_term_string}\"},\"query-input\":\"required name=search_term_string\"}],\"inLanguage\":\"fr-FR\"}]}<\/script>\n<!-- \/ Yoast SEO plugin. -->","yoast_head_json":{"title":"Liens - BEWM","robots":{"index":"index","follow":"follow","max-snippet":"max-snippet:-1","max-image-preview":"max-image-preview:large","max-video-preview":"max-video-preview:-1"},"canonical":"https:\/\/www.nature-conservation-ubfc.com\/bewm\/fr\/liens\/","og_locale":"fr_FR","og_type":"article","og_title":"Liens - BEWM","og_description":"\u00a0 Facebook page of the master Universit\u00e9 de Bourgogne UMR CNRS Biog\u00e9osciences : le site de l'unit\u00e9 mixte de recherche UMR CNRS 5561 Biog\u00e9osciences \u00e0 laquelle est rattach\u00e9e une partie de l'\u00e9quipe enseignante de la fili\u00e8re BOP UMR Agro\u00e9cologie a laquelle est rattach\u00e9e une autre partie importante de l'\u00e9quipe enseignante de la fili\u00e8re BOP UFR [&hellip;]","og_url":"https:\/\/www.nature-conservation-ubfc.com\/bewm\/fr\/liens\/","og_site_name":"BEWM","article_modified_time":"2017-10-26T13:35:19+00:00","og_image":[{"url":"https:\/\/www.nature-conservation-ubfc.com\/bewm\/wp-content\/uploads\/sites\/2\/2017\/10\/fb-art-150x150.png"}],"twitter_card":"summary_large_image","twitter_misc":{"Dur\u00e9e de lecture estim\u00e9e":"2 minutes"},"schema":{"@context":"https:\/\/schema.org","@graph":[{"@type":"WebPage","@id":"https:\/\/www.nature-conservation-ubfc.com\/bewm\/fr\/liens\/","url":"https:\/\/www.nature-conservation-ubfc.com\/bewm\/fr\/liens\/","name":"Liens - BEWM","isPartOf":{"@id":"https:\/\/www.nature-conservation-ubfc.com\/bewm\/#website"},"primaryImageOfPage":{"@id":"https:\/\/www.nature-conservation-ubfc.com\/bewm\/fr\/liens\/#primaryimage"},"image":{"@id":"https:\/\/www.nature-conservation-ubfc.com\/bewm\/fr\/liens\/#primaryimage"},"thumbnailUrl":"https:\/\/www.nature-conservation-ubfc.com\/bewm\/wp-content\/uploads\/sites\/2\/2017\/10\/fb-art-150x150.png","datePublished":"2017-05-29T14:15:36+00:00","dateModified":"2017-10-26T13:35:19+00:00","breadcrumb":{"@id":"https:\/\/www.nature-conservation-ubfc.com\/bewm\/fr\/liens\/#breadcrumb"},"inLanguage":"fr-FR","potentialAction":[{"@type":"ReadAction","target":["https:\/\/www.nature-conservation-ubfc.com\/bewm\/fr\/liens\/"]}]},{"@type":"ImageObject","inLanguage":"fr-FR","@id":"https:\/\/www.nature-conservation-ubfc.com\/bewm\/fr\/liens\/#primaryimage","url":"https:\/\/www.nature-conservation-ubfc.com\/bewm\/wp-content\/uploads\/sites\/2\/2017\/10\/fb-art.png","contentUrl":"https:\/\/www.nature-conservation-ubfc.com\/bewm\/wp-content\/uploads\/sites\/2\/2017\/10\/fb-art.png","width":250,"height":250},{"@type":"BreadcrumbList","@id":"https:\/\/www.nature-conservation-ubfc.com\/bewm\/fr\/liens\/#breadcrumb","itemListElement":[{"@type":"ListItem","position":1,"name":"Accueil","item":"https:\/\/www.nature-conservation-ubfc.com\/bewm\/fr\/"},{"@type":"ListItem","position":2,"name":"Liens"}]},{"@type":"WebSite","@id":"https:\/\/www.nature-conservation-ubfc.com\/bewm\/#website","url":"https:\/\/www.nature-conservation-ubfc.com\/bewm\/","name":"BEWM","description":"","potentialAction":[{"@type":"SearchAction","target":{"@type":"EntryPoint","urlTemplate":"https:\/\/www.nature-conservation-ubfc.com\/bewm\/?s={search_term_string}"},"query-input":"required name=search_term_string"}],"inLanguage":"fr-FR"}]}},"_links":{"self":[{"href":"https:\/\/www.nature-conservation-ubfc.com\/bewm\/wp-json\/wp\/v2\/pages\/138"}],"collection":[{"href":"https:\/\/www.nature-conservation-ubfc.com\/bewm\/wp-json\/wp\/v2\/pages"}],"about":[{"href":"https:\/\/www.nature-conservation-ubfc.com\/bewm\/wp-json\/wp\/v2\/types\/page"}],"author":[{"embeddable":true,"href":"https:\/\/www.nature-conservation-ubfc.com\/bewm\/wp-json\/wp\/v2\/users\/3"}],"replies":[{"embeddable":true,"href":"https:\/\/www.nature-conservation-ubfc.com\/bewm\/wp-json\/wp\/v2\/comments?post=138"}],"version-history":[{"count":11,"href":"https:\/\/www.nature-conservation-ubfc.com\/bewm\/wp-json\/wp\/v2\/pages\/138\/revisions"}],"predecessor-version":[{"id":1022,"href":"https:\/\/www.nature-conservation-ubfc.com\/bewm\/wp-json\/wp\/v2\/pages\/138\/revisions\/1022"}],"wp:attachment":[{"href":"https:\/\/www.nature-conservation-ubfc.com\/bewm\/wp-json\/wp\/v2\/media?parent=138"}],"curies":[{"name":"wp","href":"https:\/\/api.w.org\/{rel}","templated":true}]}}