{"id":134,"date":"2017-05-29T16:15:16","date_gmt":"2017-05-29T14:15:16","guid":{"rendered":"https:\/\/www.nature-conservation-ubfc.com\/bewm\/?page_id=134"},"modified":"2019-10-02T16:58:36","modified_gmt":"2019-10-02T14:58:36","slug":"contact","status":"publish","type":"page","link":"https:\/\/www.nature-conservation-ubfc.com\/bewm\/fr\/contact\/","title":{"rendered":"Contact"},"content":{"rendered":"<p>[et_pb_section bb_built=\u00a0\u00bb1&Prime; admin_label=\u00a0\u00bbsection\u00a0\u00bb _builder_version=\u00a0\u00bb3.0.47&Prime; next_background_color=\u00a0\u00bb#000000&Prime;][et_pb_row _builder_version=\u00a0\u00bb3.0.47&Prime; background_size=\u00a0\u00bbinitial\u00a0\u00bb background_position=\u00a0\u00bbtop_left\u00a0\u00bb background_repeat=\u00a0\u00bbrepeat\u00a0\u00bb][et_pb_column type=\u00a0\u00bb4_4&Prime;][et_pb_text admin_label=\u00a0\u00bbAdresse\u00a0\u00bb _builder_version=\u00a0\u00bb3.17.2&Prime; background_size=\u00a0\u00bbinitial\u00a0\u00bb background_position=\u00a0\u00bbtop_left\u00a0\u00bb background_repeat=\u00a0\u00bbrepeat\u00a0\u00bb border_style=\u00a0\u00bbsolid\u00a0\u00bb]<\/p>\n<p><strong>Master BEWM<\/strong><br \/>\nb\u00e2timent Gabriel, 3e \u00e9tage, aile nord<br \/>\nuniversit\u00e9 de Bourgogne<br \/>\n6 boulevard Gabriel<br \/>\n21000 Dijon<\/p>\n<p><strong>Directeur des enseignements du master<\/strong><br \/>\nProfesseur Frank C\u00e9zilly<br \/>\n<a class=\"\" href=\"mailto:bewm@nature-conservation-ubfc.com\" target=\"_blank\" rel=\"noopener\">bewm@nature-conservation-ubfc.com<\/a><\/p>\n<p>[\/et_pb_text][\/et_pb_column][\/et_pb_row][et_pb_row admin_label=\u00a0\u00bbrow\u00a0\u00bb _builder_version=\u00a0\u00bb3.17.2&Prime; background_size=\u00a0\u00bbinitial\u00a0\u00bb background_position=\u00a0\u00bbtop_left\u00a0\u00bb background_repeat=\u00a0\u00bbrepeat\u00a0\u00bb][et_pb_column type=\u00a0\u00bb4_4&Prime;][et_pb_contact_form email=\u00a0\u00bbbewm@nature-conservation-ubfc.com\u00a0\u00bb custom_message=\u00a0\u00bbNom : %%Nom%%||et_pb_line_break_holder||||et_pb_line_break_holder||Email : %%Email%%||et_pb_line_break_holder||||et_pb_line_break_holder||Sujet : %%Sujet%%||et_pb_line_break_holder||||et_pb_line_break_holder||Message : %%Message%%\u00a0\u00bb success_message=\u00a0\u00bbVotre message a bien \u00e9t\u00e9 envoy\u00e9 !\u00a0\u00bb _builder_version=\u00a0\u00bb3.17.2&Prime; border_radii=\u00a0\u00bbon|0px|0px|0px|0px\u00a0\u00bb button_letter_spacing_hover=\u00a0\u00bb0&Prime; module_id=\u00a0\u00bbet_pb_contact_form_0&Prime;][et_pb_contact_field field_id=\u00a0\u00bbNom\u00a0\u00bb field_title=\u00a0\u00bbNom\u00a0\u00bb _builder_version=\u00a0\u00bb3.17.2&Prime; form_field_font=\u00a0\u00bb||||\u00a0\u00bb use_border_color=\u00a0\u00bboff\u00a0\u00bb border_style=\u00a0\u00bbsolid\u00a0\u00bb \/][et_pb_contact_field field_id=\u00a0\u00bbEmail\u00a0\u00bb field_title=\u00a0\u00bbAdresse e-mail\u00a0\u00bb field_type=\u00a0\u00bbemail\u00a0\u00bb _builder_version=\u00a0\u00bb3.17.2&Prime; \/][et_pb_contact_field field_id=\u00a0\u00bbSujet\u00a0\u00bb field_title=\u00a0\u00bbSujet\u00a0\u00bb fullwidth_field=\u00a0\u00bbon\u00a0\u00bb _builder_version=\u00a0\u00bb3.17.2&Prime; form_field_font=\u00a0\u00bb||||\u00a0\u00bb use_border_color=\u00a0\u00bboff\u00a0\u00bb border_style=\u00a0\u00bbsolid\u00a0\u00bb \/][et_pb_contact_field field_id=\u00a0\u00bbMessage\u00a0\u00bb field_title=\u00a0\u00bbMessage\u00a0\u00bb field_type=\u00a0\u00bbtext\u00a0\u00bb fullwidth_field=\u00a0\u00bbon\u00a0\u00bb _builder_version=\u00a0\u00bb3.17.2&Prime; \/][et_pb_contact_field field_id=\u00a0\u00bbrgpd\u00a0\u00bb field_title=\u00a0\u00bbConfidentialit\u00e9\u00a0\u00bb field_type=\u00a0\u00bbcheckbox\u00a0\u00bb checkbox_options=\u00a0\u00bb%91{%22value%22:%22En cochant cette case, j\u2019accepte la politique de confidentialit\u00e9 de ce site.%22,%22checked%22:0}%93&Prime; _builder_version=\u00a0\u00bb3.17.2&Prime; border_radii=\u00a0\u00bbon||||\u00a0\u00bb checkbox_checked=\u00a0\u00bboff\u00a0\u00bb radio_options=\u00a0\u00bb%91{%22value%22:%22Confidentialit\u00e9%22,%22checked%22:0}%93&Prime; select_options=\u00a0\u00bb%91{%22value%22:%22Confidentialit\u00e9%22,%22checked%22:0}%93&Prime; min_length=\u00a0\u00bb0&Prime; max_length=\u00a0\u00bb0&Prime; allowed_symbols=\u00a0\u00bball\u00a0\u00bb required_mark=\u00a0\u00bbon\u00a0\u00bb conditional_logic=\u00a0\u00bboff\u00a0\u00bb conditional_logic_relation=\u00a0\u00bboff\u00a0\u00bb conditional_logic_rules=\u00a0\u00bb%91{%22field%22:%22nom%22,%22condition%22:%22is%22,%22value%22:%22%22}%93&Prime; link_option_url_new_window=\u00a0\u00bboff\u00a0\u00bb use_background_color_gradient=\u00a0\u00bboff\u00a0\u00bb background_color_gradient_start=\u00a0\u00bb#2b87da\u00a0\u00bb background_color_gradient_end=\u00a0\u00bb#29c4a9&Prime; background_color_gradient_type=\u00a0\u00bblinear\u00a0\u00bb background_color_gradient_direction=\u00a0\u00bb180deg\u00a0\u00bb background_color_gradient_direction_radial=\u00a0\u00bbcenter\u00a0\u00bb background_color_gradient_start_position=\u00a0\u00bb0%\u00a0\u00bb background_color_gradient_end_position=\u00a0\u00bb100%\u00a0\u00bb background_color_gradient_overlays_image=\u00a0\u00bboff\u00a0\u00bb parallax=\u00a0\u00bboff\u00a0\u00bb parallax_method=\u00a0\u00bbon\u00a0\u00bb background_size=\u00a0\u00bbcover\u00a0\u00bb background_position=\u00a0\u00bbcenter\u00a0\u00bb background_repeat=\u00a0\u00bbno-repeat\u00a0\u00bb background_blend=\u00a0\u00bbnormal\u00a0\u00bb allow_player_pause=\u00a0\u00bboff\u00a0\u00bb background_video_pause_outside_viewport=\u00a0\u00bbon\u00a0\u00bb fullwidth_field=\u00a0\u00bbon\u00a0\u00bb form_field_text_shadow_style=\u00a0\u00bbnone\u00a0\u00bb box_shadow_style=\u00a0\u00bbnone\u00a0\u00bb hover_transition_duration=\u00a0\u00bb300ms\u00a0\u00bb hover_transition_delay=\u00a0\u00bb0ms\u00a0\u00bb hover_transition_speed_curve=\u00a0\u00bbease\u00a0\u00bb \/][\/et_pb_contact_form][\/et_pb_column][\/et_pb_row][\/et_pb_section][et_pb_section bb_built=\u00a0\u00bb1&Prime; admin_label=\u00a0\u00bbsection\u00a0\u00bb _builder_version=\u00a0\u00bb3.0.50&Prime; prev_background_color=\u00a0\u00bb#000000&Prime;][et_pb_row _builder_version=\u00a0\u00bb3.0.47&Prime; background_size=\u00a0\u00bbinitial\u00a0\u00bb background_position=\u00a0\u00bbtop_left\u00a0\u00bb background_repeat=\u00a0\u00bbrepeat\u00a0\u00bb][et_pb_column type=\u00a0\u00bb4_4&Prime;][et_pb_map address=\u00a0\u00bb6 Boulevard Gabriel, 21000 Dijon, France\u00a0\u00bb address_lat=\u00a0\u00bb47.31657556517213&Prime; address_lng=\u00a0\u00bb5.065931063229283&Prime; mouse_wheel=\u00a0\u00bboff\u00a0\u00bb _builder_version=\u00a0\u00bb3.17.2&Prime;][et_pb_map_pin title=\u00a0\u00bbMaster BEWM\u00a0\u00bb pin_address=\u00a0\u00bbGabriel, 21000 Dijon, France\u00a0\u00bb pin_address_lat=\u00a0\u00bb47.31649745933947&Prime; pin_address_lng=\u00a0\u00bb5.065952520901419&Prime; _builder_version=\u00a0\u00bb3.0.47&Prime;]b\u00e2timent Gabriel, 3e \u00e9tage, aile nord<br \/>\nuniversit\u00e9 de Bourgogne<br \/>\n6 boulevard Gabriel<br \/>\n21000 Dijon<br \/>\n[\/et_pb_map_pin][\/et_pb_map][\/et_pb_column][\/et_pb_row][et_pb_row _builder_version=\u00a0\u00bb3.0.47&Prime; background_size=\u00a0\u00bbinitial\u00a0\u00bb background_position=\u00a0\u00bbtop_left\u00a0\u00bb background_repeat=\u00a0\u00bbrepeat\u00a0\u00bb][et_pb_column type=\u00a0\u00bb4_4&Prime;][et_pb_text _builder_version=\u00a0\u00bb3.17.2&Prime; border_style=\u00a0\u00bbsolid\u00a0\u00bb]<\/p>\n<p style=\"text-align: justify\">Le campus est facile d&rsquo;acc\u00e8s depuis l&rsquo;autoroute ou depuis le centre ville. Depuis la gare prendre la ligne de tramway T1 et descendre \u00e0 l&rsquo;arr\u00eat <em>&lsquo;Erasme&rsquo;<\/em> (en face du b\u00e2timent Gabriel). Un tramway toutes les 10 minutes en moyenne. <a href=\"http:\/\/www.divia.fr\">Trajets et horaires sur le site de la Divia<\/a>. Si vous \u00eates perdu, demandez \u00e0 la loge au rez-de-chauss\u00e9e de l&rsquo;aile centrale du b\u00e2timent Gabriel. Le plan complet du campus peut aussi \u00eatre <a href=\"https:\/\/ado-dijon2017.sciencesconf.org\/data\/pages\/Plan_Campus_Dijon_UBFC_2.pdf\">t\u00e9l\u00e9charg\u00e9 sur cette page<\/a>.<\/p>\n<p>[\/et_pb_text][et_pb_image src=\u00a0\u00bbhttps:\/\/www.nature-conservation-ubfc.com\/bewm\/wp-content\/uploads\/sites\/2\/2017\/05\/campus-dijon.jpeg\u00a0\u00bb align=\u00a0\u00bbcenter\u00a0\u00bb _builder_version=\u00a0\u00bb3.17.2&Prime; animation_style=\u00a0\u00bbslide\u00a0\u00bb animation_direction=\u00a0\u00bbleft\u00a0\u00bb animation_duration=\u00a0\u00bb500ms\u00a0\u00bb animation_intensity_slide=\u00a0\u00bb10%\u00a0\u00bb border_style=\u00a0\u00bbsolid\u00a0\u00bb sticky=\u00a0\u00bboff\u00a0\u00bb \/][\/et_pb_column][\/et_pb_row][\/et_pb_section]<\/p>\n","protected":false},"excerpt":{"rendered":"<p>Master BEWM b\u00e2timent Gabriel, 3e \u00e9tage, aile nord universit\u00e9 de Bourgogne 6 boulevard Gabriel 21000 Dijon Directeur des enseignements du master Professeur Frank C\u00e9zilly bewm@nature-conservation-ubfc.com b\u00e2timent Gabriel, 3e \u00e9tage, aile nord universit\u00e9 de Bourgogne 6 boulevard Gabriel 21000 Dijon Le campus est facile d&rsquo;acc\u00e8s depuis l&rsquo;autoroute ou depuis le centre ville. Depuis la gare prendre [&hellip;]<\/p>\n","protected":false},"author":3,"featured_media":0,"parent":0,"menu_order":0,"comment_status":"closed","ping_status":"closed","template":"","meta":{"_et_pb_use_builder":"on","_et_pb_old_content":"","_et_gb_content_width":"","footnotes":""},"yoast_head":"<!-- This site is optimized with the Yoast SEO plugin v22.8 - https:\/\/yoast.com\/wordpress\/plugins\/seo\/ -->\n<title>Contact - BEWM<\/title>\n<meta name=\"robots\" content=\"index, follow, max-snippet:-1, max-image-preview:large, max-video-preview:-1\" \/>\n<link rel=\"canonical\" href=\"https:\/\/www.nature-conservation-ubfc.com\/bewm\/fr\/contact\/\" \/>\n<meta property=\"og:locale\" content=\"fr_FR\" \/>\n<meta property=\"og:type\" content=\"article\" \/>\n<meta property=\"og:title\" content=\"Contact - BEWM\" \/>\n<meta property=\"og:description\" content=\"Master BEWM b\u00e2timent Gabriel, 3e \u00e9tage, aile nord universit\u00e9 de Bourgogne 6 boulevard Gabriel 21000 Dijon Directeur des enseignements du master Professeur Frank C\u00e9zilly bewm@nature-conservation-ubfc.com b\u00e2timent Gabriel, 3e \u00e9tage, aile nord universit\u00e9 de Bourgogne 6 boulevard Gabriel 21000 Dijon Le campus est facile d&#039;acc\u00e8s depuis l&#039;autoroute ou depuis le centre ville. Depuis la gare prendre [&hellip;]\" \/>\n<meta property=\"og:url\" content=\"https:\/\/www.nature-conservation-ubfc.com\/bewm\/fr\/contact\/\" \/>\n<meta property=\"og:site_name\" content=\"BEWM\" \/>\n<meta property=\"article:modified_time\" content=\"2019-10-02T14:58:36+00:00\" \/>\n<meta name=\"twitter:card\" content=\"summary_large_image\" \/>\n<meta name=\"twitter:label1\" content=\"Dur\u00e9e de lecture estim\u00e9e\" \/>\n\t<meta name=\"twitter:data1\" content=\"4 minutes\" \/>\n<script type=\"application\/ld+json\" class=\"yoast-schema-graph\">{\"@context\":\"https:\/\/schema.org\",\"@graph\":[{\"@type\":\"WebPage\",\"@id\":\"https:\/\/www.nature-conservation-ubfc.com\/bewm\/fr\/contact\/\",\"url\":\"https:\/\/www.nature-conservation-ubfc.com\/bewm\/fr\/contact\/\",\"name\":\"Contact - BEWM\",\"isPartOf\":{\"@id\":\"https:\/\/www.nature-conservation-ubfc.com\/bewm\/#website\"},\"datePublished\":\"2017-05-29T14:15:16+00:00\",\"dateModified\":\"2019-10-02T14:58:36+00:00\",\"breadcrumb\":{\"@id\":\"https:\/\/www.nature-conservation-ubfc.com\/bewm\/fr\/contact\/#breadcrumb\"},\"inLanguage\":\"fr-FR\",\"potentialAction\":[{\"@type\":\"ReadAction\",\"target\":[\"https:\/\/www.nature-conservation-ubfc.com\/bewm\/fr\/contact\/\"]}]},{\"@type\":\"BreadcrumbList\",\"@id\":\"https:\/\/www.nature-conservation-ubfc.com\/bewm\/fr\/contact\/#breadcrumb\",\"itemListElement\":[{\"@type\":\"ListItem\",\"position\":1,\"name\":\"Accueil\",\"item\":\"https:\/\/www.nature-conservation-ubfc.com\/bewm\/fr\/\"},{\"@type\":\"ListItem\",\"position\":2,\"name\":\"Contact\"}]},{\"@type\":\"WebSite\",\"@id\":\"https:\/\/www.nature-conservation-ubfc.com\/bewm\/#website\",\"url\":\"https:\/\/www.nature-conservation-ubfc.com\/bewm\/\",\"name\":\"BEWM\",\"description\":\"\",\"potentialAction\":[{\"@type\":\"SearchAction\",\"target\":{\"@type\":\"EntryPoint\",\"urlTemplate\":\"https:\/\/www.nature-conservation-ubfc.com\/bewm\/?s={search_term_string}\"},\"query-input\":\"required name=search_term_string\"}],\"inLanguage\":\"fr-FR\"}]}<\/script>\n<!-- \/ Yoast SEO plugin. -->","yoast_head_json":{"title":"Contact - BEWM","robots":{"index":"index","follow":"follow","max-snippet":"max-snippet:-1","max-image-preview":"max-image-preview:large","max-video-preview":"max-video-preview:-1"},"canonical":"https:\/\/www.nature-conservation-ubfc.com\/bewm\/fr\/contact\/","og_locale":"fr_FR","og_type":"article","og_title":"Contact - BEWM","og_description":"Master BEWM b\u00e2timent Gabriel, 3e \u00e9tage, aile nord universit\u00e9 de Bourgogne 6 boulevard Gabriel 21000 Dijon Directeur des enseignements du master Professeur Frank C\u00e9zilly bewm@nature-conservation-ubfc.com b\u00e2timent Gabriel, 3e \u00e9tage, aile nord universit\u00e9 de Bourgogne 6 boulevard Gabriel 21000 Dijon Le campus est facile d'acc\u00e8s depuis l'autoroute ou depuis le centre ville. Depuis la gare prendre [&hellip;]","og_url":"https:\/\/www.nature-conservation-ubfc.com\/bewm\/fr\/contact\/","og_site_name":"BEWM","article_modified_time":"2019-10-02T14:58:36+00:00","twitter_card":"summary_large_image","twitter_misc":{"Dur\u00e9e de lecture estim\u00e9e":"4 minutes"},"schema":{"@context":"https:\/\/schema.org","@graph":[{"@type":"WebPage","@id":"https:\/\/www.nature-conservation-ubfc.com\/bewm\/fr\/contact\/","url":"https:\/\/www.nature-conservation-ubfc.com\/bewm\/fr\/contact\/","name":"Contact - BEWM","isPartOf":{"@id":"https:\/\/www.nature-conservation-ubfc.com\/bewm\/#website"},"datePublished":"2017-05-29T14:15:16+00:00","dateModified":"2019-10-02T14:58:36+00:00","breadcrumb":{"@id":"https:\/\/www.nature-conservation-ubfc.com\/bewm\/fr\/contact\/#breadcrumb"},"inLanguage":"fr-FR","potentialAction":[{"@type":"ReadAction","target":["https:\/\/www.nature-conservation-ubfc.com\/bewm\/fr\/contact\/"]}]},{"@type":"BreadcrumbList","@id":"https:\/\/www.nature-conservation-ubfc.com\/bewm\/fr\/contact\/#breadcrumb","itemListElement":[{"@type":"ListItem","position":1,"name":"Accueil","item":"https:\/\/www.nature-conservation-ubfc.com\/bewm\/fr\/"},{"@type":"ListItem","position":2,"name":"Contact"}]},{"@type":"WebSite","@id":"https:\/\/www.nature-conservation-ubfc.com\/bewm\/#website","url":"https:\/\/www.nature-conservation-ubfc.com\/bewm\/","name":"BEWM","description":"","potentialAction":[{"@type":"SearchAction","target":{"@type":"EntryPoint","urlTemplate":"https:\/\/www.nature-conservation-ubfc.com\/bewm\/?s={search_term_string}"},"query-input":"required name=search_term_string"}],"inLanguage":"fr-FR"}]}},"_links":{"self":[{"href":"https:\/\/www.nature-conservation-ubfc.com\/bewm\/wp-json\/wp\/v2\/pages\/134"}],"collection":[{"href":"https:\/\/www.nature-conservation-ubfc.com\/bewm\/wp-json\/wp\/v2\/pages"}],"about":[{"href":"https:\/\/www.nature-conservation-ubfc.com\/bewm\/wp-json\/wp\/v2\/types\/page"}],"author":[{"embeddable":true,"href":"https:\/\/www.nature-conservation-ubfc.com\/bewm\/wp-json\/wp\/v2\/users\/3"}],"replies":[{"embeddable":true,"href":"https:\/\/www.nature-conservation-ubfc.com\/bewm\/wp-json\/wp\/v2\/comments?post=134"}],"version-history":[{"count":25,"href":"https:\/\/www.nature-conservation-ubfc.com\/bewm\/wp-json\/wp\/v2\/pages\/134\/revisions"}],"predecessor-version":[{"id":1594,"href":"https:\/\/www.nature-conservation-ubfc.com\/bewm\/wp-json\/wp\/v2\/pages\/134\/revisions\/1594"}],"wp:attachment":[{"href":"https:\/\/www.nature-conservation-ubfc.com\/bewm\/wp-json\/wp\/v2\/media?parent=134"}],"curies":[{"name":"wp","href":"https:\/\/api.w.org\/{rel}","templated":true}]}}