{"id":1328,"date":"2018-10-30T16:33:30","date_gmt":"2018-10-30T15:33:30","guid":{"rendered":"https:\/\/www.nature-conservation-ubfc.com\/bewm\/?page_id=1328"},"modified":"2018-10-30T16:33:30","modified_gmt":"2018-10-30T15:33:30","slug":"privacy-policy","status":"publish","type":"page","link":"https:\/\/www.nature-conservation-ubfc.com\/bewm\/en\/privacy-policy\/","title":{"rendered":"Privacy policy"},"content":{"rendered":"<p>[et_pb_section bb_built=\u00a0\u00bb1&Prime;][et_pb_row][et_pb_column type=\u00a0\u00bb4_4&Prime;][et_pb_text _builder_version=\u00a0\u00bb3.17.2&Prime;]<\/p>\n<p><b>Qui sommes-nous ?<\/b><br \/>\nL\u2019adresse de notre site Web est : https:\/\/www.nature-conservation-ubfc.com<\/p>\n<p><b>Utilisation des donn\u00e9es personnelles collect\u00e9es<\/b><\/p>\n<p><b>Formulaire de contact<\/b><br \/>\nLorsque vous utilisez notre formulaire de contact, nous collectons et traitons des donn\u00e9es \u00e0 caract\u00e8re personnel vous concernant telles que : nom \u2013 adresse email \u2013 sujet &#8211;<span class=\"Apple-converted-space\">&nbsp; <\/span>message.<br \/>\nCes donn\u00e9es nous permettent simplement de vous identifier au mieux pour faciliter la prise de contact ult\u00e9rieure.<br \/>\nAucune de ces informations ne sera utilis\u00e9e \u00e0 des fins commerciales publicitaires.<\/p>\n<p><b>Cookies<\/b><br \/>\nUn \u00abcookie\u00bb est un fichier texte d\u00e9pos\u00e9 sur votre ordinateur lors de la visite de notre plateforme.<br \/>\nUn bandeau d\u2019informations \u00e0 votre premi\u00e8re arriv\u00e9e sur le site vous informe de l\u2019utilisation de ces cookies, et une des conditions n\u00e9cessaires \u00e0 la navigation sur notre site est de les accepter, sans quoi nous ne pouvons vous garantir une visite optimale.<br \/>\nCeux utilis\u00e9s sur ce site servent \u00e0 faire des analyses, mesurer notre audience, conna\u00eetre le nombre de pages vues, le nombre de visites, conna\u00eetre le parcours des utilisateurs, savoir comment ils sont arriv\u00e9s sur le site, etc.<br \/>\nIls nous permettent de tirer des statistiques (anonymes) et de retravailler notre site afin d\u2019en am\u00e9liorer les contenus, la pertinence, et la navigation en fonction de notre audience et de notre public cible.<\/p>\n<p><b>Statistiques et mesures d\u2019audience<\/b><br \/>\nLes cookies que nous utilisons (mentionn\u00e9s dans le paragraphe pr\u00e9c\u00e9dent) sont li\u00e9s \u00e0 un service tiers : Google Analytics.<br \/>\nGoogle Analytics est un service d\u2019analyse Web fourni par Google Inc. (\u00abGoogle\u00bb). Google utilise les donn\u00e9es collect\u00e9es pour suivre et examiner l\u2019utilisation de ce site, pr\u00e9parer des rapports sur ses activit\u00e9s et les partager avec d\u2019autres services Google.<br \/>\nGoogle peut utiliser les Donn\u00e9es collect\u00e9es pour contextualiser et personnaliser les publicit\u00e9s de son propre r\u00e9seau publicitaire.<\/p>\n<p><b>Donn\u00e9es personnelles collect\u00e9es: cookies et donn\u00e9es d\u2019utilisation.<\/b><\/p>\n<p><b>Utilisation et transmission de vos donn\u00e9es personnelles<\/b><\/p>\n<p><b>Les droits que vous avez sur vos donn\u00e9es<\/b><br \/>\nVous pouvez demander la suppression de ces donn\u00e9es personnelles de nos bases en envoyant un courriel \u00e0 la personne en charge de la protection des donn\u00e9es mentionn\u00e9e dans les informations de contact ci-dessous.<\/p>\n<p><b>Utilisation de vos donn\u00e9es personnelles<\/b><br \/>\nEn r\u00e8gle g\u00e9n\u00e9rale, nous utilisons les donn\u00e9es personnelles en notre possession afin d\u2019am\u00e9liorer nos services et votre navigation sur notre site. Cela nous permet aussi d\u2019\u00e9tablir des statistiques quant \u00e0 notre activit\u00e9, mesurer les performances de<\/p>\n<p>[\/et_pb_text][\/et_pb_column][\/et_pb_row][\/et_pb_section]<\/p>\n","protected":false},"excerpt":{"rendered":"<p><div class=\"et_pb_row et_pb_row_0 et_pb_row_empty\">\n\t\t\t\t\n\t\t\t\t\n\t\t\t\t\n\t\t\t\t\n\t\t\t\t\n\t\t\t<\/div> Qui sommes-nous ? L\u2019adresse de notre site Web est : https:\/\/www.nature-conservation-ubfc.com Utilisation des donn\u00e9es personnelles collect\u00e9es Formulaire de contact Lorsque vous utilisez notre formulaire de contact, nous collectons et traitons des donn\u00e9es \u00e0 caract\u00e8re personnel vous concernant telles que : nom \u2013 adresse email \u2013 sujet &#8211;&nbsp; message. Ces donn\u00e9es nous permettent simplement de [&hellip;]<\/p>\n","protected":false},"author":1,"featured_media":0,"parent":0,"menu_order":0,"comment_status":"closed","ping_status":"closed","template":"","meta":{"_et_pb_use_builder":"on","_et_pb_old_content":"","_et_gb_content_width":"","footnotes":""},"yoast_head":"<!-- This site is optimized with the Yoast SEO plugin v22.8 - https:\/\/yoast.com\/wordpress\/plugins\/seo\/ -->\n<title>Privacy policy - BEWM<\/title>\n<meta name=\"robots\" content=\"index, follow, max-snippet:-1, max-image-preview:large, max-video-preview:-1\" \/>\n<link rel=\"canonical\" href=\"https:\/\/www.nature-conservation-ubfc.com\/bewm\/en\/privacy-policy\/\" \/>\n<meta property=\"og:locale\" content=\"fr_FR\" \/>\n<meta property=\"og:type\" content=\"article\" \/>\n<meta property=\"og:title\" content=\"Privacy policy - BEWM\" \/>\n<meta property=\"og:description\" content=\"Qui sommes-nous ? L\u2019adresse de notre site Web est : https:\/\/www.nature-conservation-ubfc.com Utilisation des donn\u00e9es personnelles collect\u00e9es Formulaire de contact Lorsque vous utilisez notre formulaire de contact, nous collectons et traitons des donn\u00e9es \u00e0 caract\u00e8re personnel vous concernant telles que : nom \u2013 adresse email \u2013 sujet -&nbsp; message. Ces donn\u00e9es nous permettent simplement de [&hellip;]\" \/>\n<meta property=\"og:url\" content=\"https:\/\/www.nature-conservation-ubfc.com\/bewm\/en\/privacy-policy\/\" \/>\n<meta property=\"og:site_name\" content=\"BEWM\" \/>\n<meta name=\"twitter:card\" content=\"summary_large_image\" \/>\n<meta name=\"twitter:label1\" content=\"Dur\u00e9e de lecture estim\u00e9e\" \/>\n\t<meta name=\"twitter:data1\" content=\"2 minutes\" \/>\n<script type=\"application\/ld+json\" class=\"yoast-schema-graph\">{\"@context\":\"https:\/\/schema.org\",\"@graph\":[{\"@type\":\"WebPage\",\"@id\":\"https:\/\/www.nature-conservation-ubfc.com\/bewm\/en\/privacy-policy\/\",\"url\":\"https:\/\/www.nature-conservation-ubfc.com\/bewm\/en\/privacy-policy\/\",\"name\":\"Privacy policy - BEWM\",\"isPartOf\":{\"@id\":\"https:\/\/www.nature-conservation-ubfc.com\/bewm\/#website\"},\"datePublished\":\"2018-10-30T15:33:30+00:00\",\"dateModified\":\"2018-10-30T15:33:30+00:00\",\"breadcrumb\":{\"@id\":\"https:\/\/www.nature-conservation-ubfc.com\/bewm\/en\/privacy-policy\/#breadcrumb\"},\"inLanguage\":\"fr-FR\",\"potentialAction\":[{\"@type\":\"ReadAction\",\"target\":[\"https:\/\/www.nature-conservation-ubfc.com\/bewm\/en\/privacy-policy\/\"]}]},{\"@type\":\"BreadcrumbList\",\"@id\":\"https:\/\/www.nature-conservation-ubfc.com\/bewm\/en\/privacy-policy\/#breadcrumb\",\"itemListElement\":[{\"@type\":\"ListItem\",\"position\":1,\"name\":\"Accueil\",\"item\":\"https:\/\/www.nature-conservation-ubfc.com\/bewm\/fr\/\"},{\"@type\":\"ListItem\",\"position\":2,\"name\":\"Privacy policy\"}]},{\"@type\":\"WebSite\",\"@id\":\"https:\/\/www.nature-conservation-ubfc.com\/bewm\/#website\",\"url\":\"https:\/\/www.nature-conservation-ubfc.com\/bewm\/\",\"name\":\"BEWM\",\"description\":\"\",\"potentialAction\":[{\"@type\":\"SearchAction\",\"target\":{\"@type\":\"EntryPoint\",\"urlTemplate\":\"https:\/\/www.nature-conservation-ubfc.com\/bewm\/?s={search_term_string}\"},\"query-input\":\"required name=search_term_string\"}],\"inLanguage\":\"fr-FR\"}]}<\/script>\n<!-- \/ Yoast SEO plugin. -->","yoast_head_json":{"title":"Privacy policy - BEWM","robots":{"index":"index","follow":"follow","max-snippet":"max-snippet:-1","max-image-preview":"max-image-preview:large","max-video-preview":"max-video-preview:-1"},"canonical":"https:\/\/www.nature-conservation-ubfc.com\/bewm\/en\/privacy-policy\/","og_locale":"fr_FR","og_type":"article","og_title":"Privacy policy - BEWM","og_description":"Qui sommes-nous ? L\u2019adresse de notre site Web est : https:\/\/www.nature-conservation-ubfc.com Utilisation des donn\u00e9es personnelles collect\u00e9es Formulaire de contact Lorsque vous utilisez notre formulaire de contact, nous collectons et traitons des donn\u00e9es \u00e0 caract\u00e8re personnel vous concernant telles que : nom \u2013 adresse email \u2013 sujet -&nbsp; message. Ces donn\u00e9es nous permettent simplement de [&hellip;]","og_url":"https:\/\/www.nature-conservation-ubfc.com\/bewm\/en\/privacy-policy\/","og_site_name":"BEWM","twitter_card":"summary_large_image","twitter_misc":{"Dur\u00e9e de lecture estim\u00e9e":"2 minutes"},"schema":{"@context":"https:\/\/schema.org","@graph":[{"@type":"WebPage","@id":"https:\/\/www.nature-conservation-ubfc.com\/bewm\/en\/privacy-policy\/","url":"https:\/\/www.nature-conservation-ubfc.com\/bewm\/en\/privacy-policy\/","name":"Privacy policy - BEWM","isPartOf":{"@id":"https:\/\/www.nature-conservation-ubfc.com\/bewm\/#website"},"datePublished":"2018-10-30T15:33:30+00:00","dateModified":"2018-10-30T15:33:30+00:00","breadcrumb":{"@id":"https:\/\/www.nature-conservation-ubfc.com\/bewm\/en\/privacy-policy\/#breadcrumb"},"inLanguage":"fr-FR","potentialAction":[{"@type":"ReadAction","target":["https:\/\/www.nature-conservation-ubfc.com\/bewm\/en\/privacy-policy\/"]}]},{"@type":"BreadcrumbList","@id":"https:\/\/www.nature-conservation-ubfc.com\/bewm\/en\/privacy-policy\/#breadcrumb","itemListElement":[{"@type":"ListItem","position":1,"name":"Accueil","item":"https:\/\/www.nature-conservation-ubfc.com\/bewm\/fr\/"},{"@type":"ListItem","position":2,"name":"Privacy policy"}]},{"@type":"WebSite","@id":"https:\/\/www.nature-conservation-ubfc.com\/bewm\/#website","url":"https:\/\/www.nature-conservation-ubfc.com\/bewm\/","name":"BEWM","description":"","potentialAction":[{"@type":"SearchAction","target":{"@type":"EntryPoint","urlTemplate":"https:\/\/www.nature-conservation-ubfc.com\/bewm\/?s={search_term_string}"},"query-input":"required name=search_term_string"}],"inLanguage":"fr-FR"}]}},"_links":{"self":[{"href":"https:\/\/www.nature-conservation-ubfc.com\/bewm\/wp-json\/wp\/v2\/pages\/1328"}],"collection":[{"href":"https:\/\/www.nature-conservation-ubfc.com\/bewm\/wp-json\/wp\/v2\/pages"}],"about":[{"href":"https:\/\/www.nature-conservation-ubfc.com\/bewm\/wp-json\/wp\/v2\/types\/page"}],"author":[{"embeddable":true,"href":"https:\/\/www.nature-conservation-ubfc.com\/bewm\/wp-json\/wp\/v2\/users\/1"}],"replies":[{"embeddable":true,"href":"https:\/\/www.nature-conservation-ubfc.com\/bewm\/wp-json\/wp\/v2\/comments?post=1328"}],"version-history":[{"count":1,"href":"https:\/\/www.nature-conservation-ubfc.com\/bewm\/wp-json\/wp\/v2\/pages\/1328\/revisions"}],"predecessor-version":[{"id":1329,"href":"https:\/\/www.nature-conservation-ubfc.com\/bewm\/wp-json\/wp\/v2\/pages\/1328\/revisions\/1329"}],"wp:attachment":[{"href":"https:\/\/www.nature-conservation-ubfc.com\/bewm\/wp-json\/wp\/v2\/media?parent=1328"}],"curies":[{"name":"wp","href":"https:\/\/api.w.org\/{rel}","templated":true}]}}