{"id":132,"date":"2017-05-29T16:15:01","date_gmt":"2017-05-29T14:15:01","guid":{"rendered":"https:\/\/www.nature-conservation-ubfc.com\/bewm\/?page_id=132"},"modified":"2022-01-11T13:02:19","modified_gmt":"2022-01-11T12:02:19","slug":"foire-aux-questions","status":"publish","type":"page","link":"https:\/\/www.nature-conservation-ubfc.com\/bewm\/fr\/foire-aux-questions\/","title":{"rendered":"FAQ"},"content":{"rendered":"<p>[et_pb_section fb_built=\u00a0\u00bb1&Prime; admin_label=\u00a0\u00bbsection\u00a0\u00bb _builder_version=\u00a0\u00bb3.22&Prime; global_colors_info=\u00a0\u00bb{}\u00a0\u00bb][et_pb_row admin_label=\u00a0\u00bbrow\u00a0\u00bb _builder_version=\u00a0\u00bb3.25&Prime; background_size=\u00a0\u00bbinitial\u00a0\u00bb background_position=\u00a0\u00bbtop_left\u00a0\u00bb background_repeat=\u00a0\u00bbrepeat\u00a0\u00bb global_colors_info=\u00a0\u00bb{}\u00a0\u00bb][et_pb_column type=\u00a0\u00bb4_4&Prime; _builder_version=\u00a0\u00bb3.25&Prime; custom_padding=\u00a0\u00bb|||\u00a0\u00bb global_colors_info=\u00a0\u00bb{}\u00a0\u00bb custom_padding__hover=\u00a0\u00bb|||\u00a0\u00bb][et_pb_code admin_label=\u00a0\u00bbCode\u00a0\u00bb global_colors_info=\u00a0\u00bb{}\u00a0\u00bb]\t\t<div class=\"faq-accordion \" id=\"faq-accordion-1\" data-accordion-group data-conf=\"{&quot;single_open&quot;:&quot;true&quot;,&quot;transition_speed&quot;:300}\">\n\t\t\t\t\t\t\t<div data-accordion class=\"faq-main\">\n\t\t\t\t\t<div data-control class=\"faq-title\">\n\t\t\t\t\t\t<h4>Combien co\u00fbte une ann\u00e9e d&rsquo;\u00e9tudes en France ?<\/h4>\n\t\t\t\t\t<\/div>\n\t\t\t\t\t<div data-content>\n\t\t\t\t\t\t\t\t\t\t\t\t<div class=\"faq-content\"><p>Le co\u00fbt moyen mensuel \u00e0 Dijon est estim\u00e9 \u00e0 615\u20ac par le gouvernement. Dijon est une ville de taille moyenne aux infrastructures accessibles. Une chambre au CROUS co\u00fbte entre 150\u20ac et 250\u20ac\/mois.<\/p>\n<p>Pour plus d&rsquo;informations, <a href=\"http:\/\/en.u-bourgogne.fr\/admission\/degree-seeking-students.html\">consultez cette page.<\/a><\/p>\n<\/div>\n\t\t\t\t\t<\/div>\n\t\t\t\t<\/div>\n\t\t\t\t\t\t\t<div data-accordion class=\"faq-main\">\n\t\t\t\t\t<div data-control class=\"faq-title\">\n\t\t\t\t\t\t<h4>Puis-je recevoir une bourse ?<\/h4>\n\t\t\t\t\t<\/div>\n\t\t\t\t\t<div data-content>\n\t\t\t\t\t\t\t\t\t\t\t\t<div class=\"faq-content\"><p>Si vous \u00eates \u00e9tudiant fran\u00e7ais, la seule fa\u00e7on d&rsquo;obtenir une bourse est par le CROUS.<\/p>\n<p>Si vous \u00eates \u00e9tranger, des bourses du Programme Investissement d&rsquo;Avenir sont accord\u00e9es chaque ann\u00e9e aux \u00e9tudiants brillants. Il n&rsquo;y a pas de d\u00e9marche particuli\u00e8re \u00e0 effectuer. Une fois accept\u00e9e dans notre master d\u00e9but juillet, votre candidature (dossier acad\u00e9mique) est pass\u00e9e en revue par l&rsquo;\u00e9quipe enseignante. Une r\u00e9ponse est donn\u00e9e pendant l&rsquo;\u00e9t\u00e9.<\/p>\n<\/div>\n\t\t\t\t\t<\/div>\n\t\t\t\t<\/div>\n\t\t\t\t\t\t\t<div data-accordion class=\"faq-main\">\n\t\t\t\t\t<div data-control class=\"faq-title\">\n\t\t\t\t\t\t<h4>Quels sont les frais d&rsquo;inscription ?<\/h4>\n\t\t\t\t\t<\/div>\n\t\t\t\t\t<div data-content>\n\t\t\t\t\t\t\t\t\t\t\t\t<div class=\"faq-content\"><p>Pour l&rsquo;ann\u00e9e 2022-2023, les frais d&rsquo;inscription s\u2019\u00e9levaient \u00e0 :<\/p>\n<ul>\n<li>243\u20ac pour l&rsquo;universit\u00e9<\/li>\n<li>92\u20ac pour la CVEC (Contribution de Vie Etudiante et de Campus)<\/li>\n<\/ul>\n<p>Soit 335\u20ac au total &#8211; possibilit\u00e9 d&rsquo;\u00eatre exon\u00e9r\u00e9 pour les \u00e9tudiants fran\u00e7ais boursiers.<\/p>\n<p>&nbsp;<\/p>\n<\/div>\n\t\t\t\t\t<\/div>\n\t\t\t\t<\/div>\n\t\t\t\t\t\t\t<div data-accordion class=\"faq-main\">\n\t\t\t\t\t<div data-control class=\"faq-title\">\n\t\t\t\t\t\t<h4>Comment et quand dois-je trouver mon stage ?<\/h4>\n\t\t\t\t\t<\/div>\n\t\t\t\t\t<div data-content>\n\t\t\t\t\t\t\t\t\t\t\t\t<div class=\"faq-content\"><div class=\"faq-title\">\n<p style=\"text-align: justify\">Les stages durent entre 2 mois (en France) et 3 mois (\u00e0 l&rsquo;\u00e9tranger) durant la premi\u00e8re ann\u00e9e de master, et entre 4 mois (en France) et 6 mois (\u00e0 l&rsquo;\u00e9tranger) durant la seconde ann\u00e9e.<\/p>\n<\/div>\n<p style=\"text-align: justify\">Les stages peuvent \u00eatre choisis parmi ceux communiqu\u00e9s par l&rsquo;\u00e9quipe enseignante chaque ann\u00e9e. Vous avez \u00e9galement la possibilit\u00e9 de trouver vous m\u00eame un tuteur et un stage dans n&rsquo;importe quel laboratoire. Il vous faudra remplir un formulaire d\u00e9crivant le projet de recherche, sign\u00e9 par votre encadrant potentiel, pour approbation par le responsable du Master.<\/p>\n<div>\n<div class=\"faq-content\" style=\"text-align: justify\">\n<p>Dans tous les cas, les stages doivent \u00eatre trouv\u00e9s et valid\u00e9s avant mi-janvier pour la premi\u00e8re ann\u00e9e, et avant la fin septembre pour la deuxi\u00e8me ann\u00e9e.<\/p>\n<\/div>\n<p style=\"text-align: justify\">Les stages sont exclusivement r\u00e9serv\u00e9s aux \u00e9tudiants inscrits en master BEWM.<\/p>\n<\/div>\n<\/div>\n\t\t\t\t\t<\/div>\n\t\t\t\t<\/div>\n\t\t\t\t\t\t\t<div data-accordion class=\"faq-main\">\n\t\t\t\t\t<div data-control class=\"faq-title\">\n\t\t\t\t\t\t<h4>Quel parcours acad\u00e9mique dois-je avoir pour postuler ?<\/h4>\n\t\t\t\t\t<\/div>\n\t\t\t\t\t<div data-content>\n\t\t\t\t\t\t\t\t\t\t\t\t<div class=\"faq-content\"><p style=\"text-align: justify\">Le parcours requis pour candidater en premi\u00e8re ann\u00e9e correspond \u00e0 un niveau licence en \u00e9cologie, biologie \u00e9volutive ou biologie des populations en g\u00e9n\u00e9ral.<\/p>\n<p>L&rsquo;entr\u00e9e directe en deuxi\u00e8me ann\u00e9e est possible pour les candidats ayant d\u00e9j\u00e0 valid\u00e9 cinq ans d&rsquo;\u00e9tudes.<\/p>\n<p style=\"text-align: justify\">En d\u00e9tails, les candidats doivent ma\u00eetriser les concepts fondamentaux de la <strong>biologie \u00e9volutive<\/strong>, les concepts basiques d&rsquo;<strong>\u00e9cologie<\/strong>, avoir quelques notions en\u00a0<strong>g\u00e9n\u00e9tique quantitative et des populations<\/strong>, des notions basiques en <strong>comportement animal (\u00e9cologie comportementale)<\/strong> et avoir un bon niveau en <strong>biostatistiques<\/strong> (statistiques descriptives et analytiques).<\/p>\n<\/div>\n\t\t\t\t\t<\/div>\n\t\t\t\t<\/div>\n\t\t\t\t\t\t\t<div data-accordion class=\"faq-main\">\n\t\t\t\t\t<div data-control class=\"faq-title\">\n\t\t\t\t\t\t<h4>Comment candidater au master BEWM ?<\/h4>\n\t\t\t\t\t<\/div>\n\t\t\t\t\t<div data-content>\n\t\t\t\t\t\t\t\t\t\t\t\t<div class=\"faq-content\"><p><strong>Les candidatures pour l\u2019ann\u00e9e acad\u00e9mique 2021-2022 pour les \u00e9tudiants fran\u00e7ais (ou \u00e9tudiants internationaux ayant une licence fran\u00e7aise) seront ouvertes entre le 26 avril et 17 mai 2021 via la plateforme e-candidat.<\/strong><\/p>\n<p><strong>Les candidatures pour les \u00e9tudiants internationaux seront ouvertes du 25 janvier au 21 juin 2021.<\/strong><\/p>\n<p>Assurez-vous d&rsquo;avoir lu les pr\u00e9-requis pour ce dipl\u00f4me :\u00a0ma\u00eetriser les concepts fondamentaux de la\u00a0<strong>biologie \u00e9volutive<\/strong>, les concepts basiques d\u2019<strong>\u00e9cologie<\/strong>, avoir quelques notions en\u00a0<strong>g\u00e9n\u00e9tique quantitative et des populations<\/strong>, des notions basiques en\u00a0<strong>comportement animal (\u00e9cologie comportementale)<\/strong>\u00a0et avoir un bon niveau en\u00a0<strong>biostatistiques<\/strong>\u00a0(statistiques descriptives et analytiques).<\/p>\n<p style=\"text-align: justify\">Pour plus d&rsquo;informations, consultez l&rsquo;onglet \u00ab\u00a0Candidater\u00a0\u00bb.<\/p>\n<\/div>\n\t\t\t\t\t<\/div>\n\t\t\t\t<\/div>\n\t\t\t\t\t\t\t<div data-accordion class=\"faq-main\">\n\t\t\t\t\t<div data-control class=\"faq-title\">\n\t\t\t\t\t\t<h4>Quels sont les d\u00e9bouch\u00e9s du master BEWM ?<\/h4>\n\t\t\t\t\t<\/div>\n\t\t\t\t\t<div data-content>\n\t\t\t\t\t\t\t\t\t\t\t\t<div class=\"faq-content\"><p>Les dipl\u00f4m\u00e9s du master BEWM mettent ensuite leurs comp\u00e9tences \u00e0 profit dans plusieurs domaines :<\/p>\n<ul>\n<li>l&rsquo;enseignement (20%)<\/li>\n<li>la recherche (doctorants, ing\u00e9nieurs d&rsquo;\u00e9tude&#8230;) (33%)<\/li>\n<li>charg\u00e9s d&rsquo;\u00e9tude dans des organisations gouvernementales et ONGs (20%)<\/li>\n<li>autres (26%)<\/li>\n<\/ul>\n<\/div>\n\t\t\t\t\t<\/div>\n\t\t\t\t<\/div>\n\t\t\t\t\t\t\t<div data-accordion class=\"faq-main\">\n\t\t\t\t\t<div data-control class=\"faq-title\">\n\t\t\t\t\t\t<h4>Quel est le niveau d&rsquo;anglais requis pour suivre le master BEWM ?<\/h4>\n\t\t\t\t\t<\/div>\n\t\t\t\t\t<div data-content>\n\t\t\t\t\t\t\t\t\t\t\t\t<div class=\"faq-content\"><p>Notez que 90% des cours sont en anglais durant la premi\u00e8re ann\u00e9e, 100% en deuxi\u00e8me ann\u00e9e.<\/p>\n<p>Si vous \u00eates originaire d&rsquo;un pays anglophone, vous n&rsquo;aurez pas besoin d&rsquo;un dipl\u00f4me attestant de votre niveau d&rsquo;anglais.<\/p>\n<p>Si vous \u00eates originaire d&rsquo;un pays non anglophone mais que vous avez obtenu votre licence dans un pays anglophone (ou si votre licence \u00e9tait enseign\u00e9e en anglais), vous n&rsquo;aurez pas non plus besoin d&rsquo;un dipl\u00f4me.<\/p>\n<p>Si vous n&rsquo;\u00eates dans aucune de ces situations, un dipl\u00f4me serait le bienvenu. N\u00e9anmoins, un dipl\u00f4me payant tel que le TOEIC, le TOEFL ou l&rsquo;IELTS n&rsquo;est pas requis. Nous voulons nous assurer que votre niveau est suffisant pour suivre les cours. Si nous sommes int\u00e9ress\u00e9s par votre candidature, nous vous demanderons de faire remplir \u00e0 votre enseignant d&rsquo;anglais un document attestant de votre niveau.<\/p>\n<\/div>\n\t\t\t\t\t<\/div>\n\t\t\t\t<\/div>\n\t\t\t\t\t\t\t<div data-accordion class=\"faq-main\">\n\t\t\t\t\t<div data-control class=\"faq-title\">\n\t\t\t\t\t\t<h4>J&rsquo;ai obtenu mon dipl\u00f4me de licence dans un pays \u00e9tranger, est-ce que je peux soumettre un dossier de candidature au master BEWM ?<\/h4>\n\t\t\t\t\t<\/div>\n\t\t\t\t\t<div data-content>\n\t\t\t\t\t\t\t\t\t\t\t\t<div class=\"faq-content\"><p style=\"text-align: justify\">Oui, il n&rsquo;existe aucune restriction concernant la nationalit\u00e9 des candidats ou le pays o\u00f9 ils ont obtenu leur dipl\u00f4me de licence. Notez toutefois qu&rsquo;il vous sera demand\u00e9 de prouver que vous avez fait l&rsquo;acquisition des <strong>pr\u00e9requis en \u00e9cologie, \u00e9volution, comportement animal et statistiques<\/strong> durant vos \u00e9tudes de licence.<\/p>\n<\/div>\n\t\t\t\t\t<\/div>\n\t\t\t\t<\/div>\n\t\t\t\t\t<\/div>\n\t[\/et_pb_code][\/et_pb_column][\/et_pb_row][\/et_pb_section]<\/p>\n","protected":false},"excerpt":{"rendered":"<p>[et_pb_section fb_built=\u00a0\u00bb1&Prime; admin_label=\u00a0\u00bbsection\u00a0\u00bb _builder_version=\u00a0\u00bb3.22&Prime; global_colors_info=\u00a0\u00bb{}\u00a0\u00bb][et_pb_row admin_label=\u00a0\u00bbrow\u00a0\u00bb _builder_version=\u00a0\u00bb3.25&Prime; background_size=\u00a0\u00bbinitial\u00a0\u00bb background_position=\u00a0\u00bbtop_left\u00a0\u00bb background_repeat=\u00a0\u00bbrepeat\u00a0\u00bb global_colors_info=\u00a0\u00bb{}\u00a0\u00bb][et_pb_column type=\u00a0\u00bb4_4&Prime; _builder_version=\u00a0\u00bb3.25&Prime; custom_padding=\u00a0\u00bb|||\u00a0\u00bb global_colors_info=\u00a0\u00bb{}\u00a0\u00bb custom_padding__hover=\u00a0\u00bb|||\u00a0\u00bb][et_pb_code admin_label=\u00a0\u00bbCode\u00a0\u00bb global_colors_info=\u00a0\u00bb{}\u00a0\u00bb][\/et_pb_code][\/et_pb_column][\/et_pb_row][\/et_pb_section]<\/p>\n","protected":false},"author":3,"featured_media":0,"parent":0,"menu_order":0,"comment_status":"closed","ping_status":"closed","template":"","meta":{"_et_pb_use_builder":"on","_et_pb_old_content":"[sp_faq]","_et_gb_content_width":"","footnotes":""},"yoast_head":"<!-- This site is optimized with the Yoast SEO plugin v22.8 - https:\/\/yoast.com\/wordpress\/plugins\/seo\/ -->\n<title>FAQ - BEWM<\/title>\n<meta name=\"robots\" content=\"index, follow, max-snippet:-1, max-image-preview:large, max-video-preview:-1\" \/>\n<link rel=\"canonical\" href=\"https:\/\/www.nature-conservation-ubfc.com\/bewm\/fr\/foire-aux-questions\/\" \/>\n<meta property=\"og:locale\" content=\"fr_FR\" \/>\n<meta property=\"og:type\" content=\"article\" \/>\n<meta property=\"og:title\" content=\"FAQ - BEWM\" \/>\n<meta property=\"og:description\" content=\"[et_pb_section fb_built=\u00a0\u00bb1&Prime; admin_label=\u00a0\u00bbsection\u00a0\u00bb _builder_version=\u00a0\u00bb3.22&Prime; global_colors_info=\u00a0\u00bb{}\u00a0\u00bb][et_pb_row admin_label=\u00a0\u00bbrow\u00a0\u00bb _builder_version=\u00a0\u00bb3.25&Prime; background_size=\u00a0\u00bbinitial\u00a0\u00bb background_position=\u00a0\u00bbtop_left\u00a0\u00bb background_repeat=\u00a0\u00bbrepeat\u00a0\u00bb global_colors_info=\u00a0\u00bb{}\u00a0\u00bb][et_pb_column type=\u00a0\u00bb4_4&Prime; _builder_version=\u00a0\u00bb3.25&Prime; custom_padding=\u00a0\u00bb|||\u00a0\u00bb global_colors_info=\u00a0\u00bb{}\u00a0\u00bb custom_padding__hover=\u00a0\u00bb|||\u00a0\u00bb][et_pb_code admin_label=\u00a0\u00bbCode\u00a0\u00bb global_colors_info=\u00a0\u00bb{}\u00a0\u00bb][\/et_pb_code][\/et_pb_column][\/et_pb_row][\/et_pb_section]\" \/>\n<meta property=\"og:url\" content=\"https:\/\/www.nature-conservation-ubfc.com\/bewm\/fr\/foire-aux-questions\/\" \/>\n<meta property=\"og:site_name\" content=\"BEWM\" \/>\n<meta property=\"article:modified_time\" content=\"2022-01-11T12:02:19+00:00\" \/>\n<meta name=\"twitter:card\" content=\"summary_large_image\" \/>\n<script type=\"application\/ld+json\" class=\"yoast-schema-graph\">{\"@context\":\"https:\/\/schema.org\",\"@graph\":[{\"@type\":\"WebPage\",\"@id\":\"https:\/\/www.nature-conservation-ubfc.com\/bewm\/fr\/foire-aux-questions\/\",\"url\":\"https:\/\/www.nature-conservation-ubfc.com\/bewm\/fr\/foire-aux-questions\/\",\"name\":\"FAQ - BEWM\",\"isPartOf\":{\"@id\":\"https:\/\/www.nature-conservation-ubfc.com\/bewm\/#website\"},\"datePublished\":\"2017-05-29T14:15:01+00:00\",\"dateModified\":\"2022-01-11T12:02:19+00:00\",\"breadcrumb\":{\"@id\":\"https:\/\/www.nature-conservation-ubfc.com\/bewm\/fr\/foire-aux-questions\/#breadcrumb\"},\"inLanguage\":\"fr-FR\",\"potentialAction\":[{\"@type\":\"ReadAction\",\"target\":[\"https:\/\/www.nature-conservation-ubfc.com\/bewm\/fr\/foire-aux-questions\/\"]}]},{\"@type\":\"BreadcrumbList\",\"@id\":\"https:\/\/www.nature-conservation-ubfc.com\/bewm\/fr\/foire-aux-questions\/#breadcrumb\",\"itemListElement\":[{\"@type\":\"ListItem\",\"position\":1,\"name\":\"Accueil\",\"item\":\"https:\/\/www.nature-conservation-ubfc.com\/bewm\/fr\/\"},{\"@type\":\"ListItem\",\"position\":2,\"name\":\"FAQ\"}]},{\"@type\":\"WebSite\",\"@id\":\"https:\/\/www.nature-conservation-ubfc.com\/bewm\/#website\",\"url\":\"https:\/\/www.nature-conservation-ubfc.com\/bewm\/\",\"name\":\"BEWM\",\"description\":\"\",\"potentialAction\":[{\"@type\":\"SearchAction\",\"target\":{\"@type\":\"EntryPoint\",\"urlTemplate\":\"https:\/\/www.nature-conservation-ubfc.com\/bewm\/?s={search_term_string}\"},\"query-input\":\"required name=search_term_string\"}],\"inLanguage\":\"fr-FR\"}]}<\/script>\n<!-- \/ Yoast SEO plugin. -->","yoast_head_json":{"title":"FAQ - BEWM","robots":{"index":"index","follow":"follow","max-snippet":"max-snippet:-1","max-image-preview":"max-image-preview:large","max-video-preview":"max-video-preview:-1"},"canonical":"https:\/\/www.nature-conservation-ubfc.com\/bewm\/fr\/foire-aux-questions\/","og_locale":"fr_FR","og_type":"article","og_title":"FAQ - BEWM","og_description":"[et_pb_section fb_built=\u00a0\u00bb1&Prime; admin_label=\u00a0\u00bbsection\u00a0\u00bb _builder_version=\u00a0\u00bb3.22&Prime; global_colors_info=\u00a0\u00bb{}\u00a0\u00bb][et_pb_row admin_label=\u00a0\u00bbrow\u00a0\u00bb _builder_version=\u00a0\u00bb3.25&Prime; background_size=\u00a0\u00bbinitial\u00a0\u00bb background_position=\u00a0\u00bbtop_left\u00a0\u00bb background_repeat=\u00a0\u00bbrepeat\u00a0\u00bb global_colors_info=\u00a0\u00bb{}\u00a0\u00bb][et_pb_column type=\u00a0\u00bb4_4&Prime; _builder_version=\u00a0\u00bb3.25&Prime; custom_padding=\u00a0\u00bb|||\u00a0\u00bb global_colors_info=\u00a0\u00bb{}\u00a0\u00bb custom_padding__hover=\u00a0\u00bb|||\u00a0\u00bb][et_pb_code admin_label=\u00a0\u00bbCode\u00a0\u00bb global_colors_info=\u00a0\u00bb{}\u00a0\u00bb][\/et_pb_code][\/et_pb_column][\/et_pb_row][\/et_pb_section]","og_url":"https:\/\/www.nature-conservation-ubfc.com\/bewm\/fr\/foire-aux-questions\/","og_site_name":"BEWM","article_modified_time":"2022-01-11T12:02:19+00:00","twitter_card":"summary_large_image","schema":{"@context":"https:\/\/schema.org","@graph":[{"@type":"WebPage","@id":"https:\/\/www.nature-conservation-ubfc.com\/bewm\/fr\/foire-aux-questions\/","url":"https:\/\/www.nature-conservation-ubfc.com\/bewm\/fr\/foire-aux-questions\/","name":"FAQ - BEWM","isPartOf":{"@id":"https:\/\/www.nature-conservation-ubfc.com\/bewm\/#website"},"datePublished":"2017-05-29T14:15:01+00:00","dateModified":"2022-01-11T12:02:19+00:00","breadcrumb":{"@id":"https:\/\/www.nature-conservation-ubfc.com\/bewm\/fr\/foire-aux-questions\/#breadcrumb"},"inLanguage":"fr-FR","potentialAction":[{"@type":"ReadAction","target":["https:\/\/www.nature-conservation-ubfc.com\/bewm\/fr\/foire-aux-questions\/"]}]},{"@type":"BreadcrumbList","@id":"https:\/\/www.nature-conservation-ubfc.com\/bewm\/fr\/foire-aux-questions\/#breadcrumb","itemListElement":[{"@type":"ListItem","position":1,"name":"Accueil","item":"https:\/\/www.nature-conservation-ubfc.com\/bewm\/fr\/"},{"@type":"ListItem","position":2,"name":"FAQ"}]},{"@type":"WebSite","@id":"https:\/\/www.nature-conservation-ubfc.com\/bewm\/#website","url":"https:\/\/www.nature-conservation-ubfc.com\/bewm\/","name":"BEWM","description":"","potentialAction":[{"@type":"SearchAction","target":{"@type":"EntryPoint","urlTemplate":"https:\/\/www.nature-conservation-ubfc.com\/bewm\/?s={search_term_string}"},"query-input":"required name=search_term_string"}],"inLanguage":"fr-FR"}]}},"_links":{"self":[{"href":"https:\/\/www.nature-conservation-ubfc.com\/bewm\/wp-json\/wp\/v2\/pages\/132"}],"collection":[{"href":"https:\/\/www.nature-conservation-ubfc.com\/bewm\/wp-json\/wp\/v2\/pages"}],"about":[{"href":"https:\/\/www.nature-conservation-ubfc.com\/bewm\/wp-json\/wp\/v2\/types\/page"}],"author":[{"embeddable":true,"href":"https:\/\/www.nature-conservation-ubfc.com\/bewm\/wp-json\/wp\/v2\/users\/3"}],"replies":[{"embeddable":true,"href":"https:\/\/www.nature-conservation-ubfc.com\/bewm\/wp-json\/wp\/v2\/comments?post=132"}],"version-history":[{"count":6,"href":"https:\/\/www.nature-conservation-ubfc.com\/bewm\/wp-json\/wp\/v2\/pages\/132\/revisions"}],"predecessor-version":[{"id":1754,"href":"https:\/\/www.nature-conservation-ubfc.com\/bewm\/wp-json\/wp\/v2\/pages\/132\/revisions\/1754"}],"wp:attachment":[{"href":"https:\/\/www.nature-conservation-ubfc.com\/bewm\/wp-json\/wp\/v2\/media?parent=132"}],"curies":[{"name":"wp","href":"https:\/\/api.w.org\/{rel}","templated":true}]}}