{"id":124,"date":"2017-05-29T16:14:11","date_gmt":"2017-05-29T14:14:11","guid":{"rendered":"https:\/\/www.nature-conservation-ubfc.com\/bewm\/?page_id=124"},"modified":"2019-10-16T10:18:03","modified_gmt":"2019-10-16T08:18:03","slug":"seminaires","status":"publish","type":"page","link":"https:\/\/www.nature-conservation-ubfc.com\/bewm\/fr\/seminaires\/","title":{"rendered":"S\u00e9minaires"},"content":{"rendered":"<p>[et_pb_section bb_built=\u00a0\u00bb1&Prime; admin_label=\u00a0\u00bbsection\u00a0\u00bb][et_pb_row admin_label=\u00a0\u00bbrow\u00a0\u00bb background_position=\u00a0\u00bbtop_left\u00a0\u00bb background_repeat=\u00a0\u00bbrepeat\u00a0\u00bb background_size=\u00a0\u00bbinitial\u00a0\u00bb _builder_version=\u00a0\u00bb3.0.50&Prime;][et_pb_column type=\u00a0\u00bb4_4&Prime;][et_pb_text admin_label=\u00a0\u00bbS\u00e9minaires\u00a0\u00bb background_layout=\u00a0\u00bblight\u00a0\u00bb text_orientation=\u00a0\u00bbleft\u00a0\u00bb border_style=\u00a0\u00bbsolid\u00a0\u00bb background_position=\u00a0\u00bbtop_left\u00a0\u00bb background_repeat=\u00a0\u00bbrepeat\u00a0\u00bb background_size=\u00a0\u00bbinitial\u00a0\u00bb _builder_version=\u00a0\u00bb3.17.2&Prime; \/][et_pb_text _builder_version=\u00a0\u00bb3.17.2&Prime;]<\/p>\n<h1>Programme de septembre \u00e0 d\u00e9cembre 2019<\/h1>\n<h2><strong>Lieu : amphi Monge &#8211; 3\u00e8me \u00e9tage<\/strong><\/h2>\n<h2><strong>Horaire : les vendredis \u00e0 11h<\/strong><\/h2>\n<p>&nbsp;<\/p>\n<p>&nbsp;<\/p>\n<p>Vendredi 27 septembre 2019<\/p>\n<p><b>Roberto Alonso-Bosch (PhD) <\/b>&#8211;\u00a0Museo de Historia Natural \u201cFelipe Poey\u201d &#8211; Facultad de Biolog\u00eda &#8211; Universidad de La Habana, Cuba<\/p>\n<p><strong>\u00ab Bases for Conservation of the Most Threatened Cuban Toad,\u00a0<em>Peltophryne florentinoi<\/em>\u00a0(Anura: Bufonidae) \u00bb<\/strong><\/p>\n<p><a href='https:\/\/www.researchgate.net\/profile\/Roberto_Alonso_Bosch\/' class='small-button smalllightblue'>Site internet<\/a><a href='https:\/\/www.nature-conservation-ubfc.com\/bewm\/fr\/seminaire-de-roberto-alonso-bosch\/' class='small-button smallblue'>R\u00e9sum\u00e9<\/a><\/p>\n<p>&nbsp;<\/p>\n<p>Lundi 7 octobre 2019<\/p>\n<p><strong>Dr Serge Morand <\/strong>&#8211; CNRS \u2013 CIRAD Paris, France &amp; Kasetsart University, Bangkok, Thailand<\/p>\n<p><strong>\u00ab Landscape Dynamics and the Control of Infectious Diseases:\u00a0<\/strong><strong>The Question of Integrating Health into Coviability\u00a0\u00bb<\/strong><\/p>\n<a href='http:\/\/www.isem.univ-montp2.fr\/fr\/personnel\/equipes\/evolution-des-poissons\/serge-morand.index\/' class='small-button smalllightblue'>Site internet<\/a>\n<p>&nbsp;<\/p>\n<p>Vendredi 11 octobre 2019<\/p>\n<p><strong>Dr\u00a0Josabel Belliure<\/strong> &#8211;\u00a0Universidad de Alcal\u00e1, Madrid, Spain<\/p>\n<p><strong>\u00ab Behavioral and evolutionary approaches for animal conservation in Cuba \u00bb<\/strong><\/p>\n<p><a href='http:\/\/www3.uah.es\/josabel\/' class='small-button smalllightblue'>Site internet<\/a><a href='https:\/\/www.nature-conservation-ubfc.com\/bewm\/fr\/seminaire-de-josabel-belliure\/' class='small-button smallblue'>R\u00e9sum\u00e9<\/a><\/p>\n<p>&nbsp;<\/p>\n<p>Vendredi 18 octobre 2019 \u00e0 <strong>15h<\/strong><\/p>\n<p><strong>Pr Olivier Verneau<\/strong> &#8211; UMR 5110 CNRS \u2013 UPVD CEFREM &#8211; Universit\u00e9 de Perpignan, France<\/p>\n<p><strong>\u00ab Parasite diversity of the two freshwater turtles\u00a0<em>Emys orbicularis<\/em>\u00a0and\u00a0<em>Mauremys leprosa<\/em>\u00a0across European aquatic ecosystems: Origin and evolution \u00bb<\/strong><\/p>\n<p><a href='https:\/\/cefrem.univ-perp.fr\/index.php\/personnel\/27-chercheurs\/124-verneau-olivier' class='small-button smalllightblue'>Site internet<\/a><a href='https:\/\/www.nature-conservation-ubfc.com\/bewm\/fr\/seminaire-dolivier-verneau\/' class='small-button smallblue'>R\u00e9sum\u00e9<\/a><\/p>\n<p>&nbsp;<\/p>\n<p>Vendredi 22 novembre 2019<\/p>\n<p><strong>Dr Adam Vanbergen <\/strong>&#8211; UMR Agro\u00e9cologie &#8211; INRA Dijon, France<\/p>\n<p><strong>\u00ab Pollinator networks: structure, stability and land-use\u00a0\u00bb<\/strong><\/p>\n<p><a href='https:\/\/www6.dijon.inra.fr\/umragroecologie\/Poles-de-Recherches\/Gestion-Durable-des-Adventices\/FICHES-PERSO\/VANBERGEN-ADAM' class='small-button smalllightblue'>Site internet<\/a><a href='https:\/\/www.nature-conservation-ubfc.com\/bewm\/fr\/seminaire-dadam-j-vanbergen\/' class='small-button smallblue'>R\u00e9sum\u00e9<\/a><\/p>\n<p>&nbsp;<\/p>\n<p>Vendredi 29 novembre 2019<\/p>\n<p><strong>Pr Ingo Schlupp<\/strong> &#8211; Department of Biology &#8211; University of Oklahoma, USA<\/p>\n<p><strong>\u00ab Ecology and Evolution of a unisexual fish, the Amazon molly \u00bb<\/strong><\/p>\n<p><a href='http:\/\/www.ou.edu\/cas\/biology\/people\/faculty\/ingo-schlupp' class='small-button smalllightblue'>Site internet<\/a><a href='https:\/\/www.nature-conservation-ubfc.com\/bewm\/fr\/seminaire-dingo-schlupp\/\/' class='small-button smallblue'>R\u00e9sum\u00e9<\/a><\/p>\n<p>[\/et_pb_text][et_pb_blog _builder_version=\u00a0\u00bb3.17.2&Prime; show_author=\u00a0\u00bboff\u00a0\u00bb show_date=\u00a0\u00bboff\u00a0\u00bb show_categories=\u00a0\u00bboff\u00a0\u00bb fullwidth=\u00a0\u00bboff\u00a0\u00bb use_overlay=\u00a0\u00bbon\u00a0\u00bb posts_number=\u00a0\u00bb9&Prime; include_categories=\u00a0\u00bb18&Prime; \/][\/et_pb_column][\/et_pb_row][\/et_pb_section]<\/p>\n","protected":false},"excerpt":{"rendered":"<p>Programme de septembre \u00e0 d\u00e9cembre 2019 Lieu : amphi Monge &#8211; 3\u00e8me \u00e9tage Horaire : les vendredis \u00e0 11h &nbsp; &nbsp; Vendredi 27 septembre 2019 Roberto Alonso-Bosch (PhD) &#8211;\u00a0Museo de Historia Natural \u201cFelipe Poey\u201d &#8211; Facultad de Biolog\u00eda &#8211; Universidad de La Habana, Cuba \u00ab Bases for Conservation of the Most Threatened Cuban Toad,\u00a0Peltophryne florentinoi\u00a0(Anura: [&hellip;]<\/p>\n","protected":false},"author":3,"featured_media":0,"parent":0,"menu_order":0,"comment_status":"closed","ping_status":"closed","template":"","meta":{"_et_pb_use_builder":"on","_et_pb_old_content":"","_et_gb_content_width":"","footnotes":""},"yoast_head":"<!-- This site is optimized with the Yoast SEO plugin v22.8 - https:\/\/yoast.com\/wordpress\/plugins\/seo\/ -->\n<title>S\u00e9minaires - BEWM<\/title>\n<meta name=\"robots\" content=\"index, follow, max-snippet:-1, max-image-preview:large, max-video-preview:-1\" \/>\n<link rel=\"canonical\" href=\"https:\/\/www.nature-conservation-ubfc.com\/bewm\/fr\/seminaires\/\" \/>\n<meta property=\"og:locale\" content=\"fr_FR\" \/>\n<meta property=\"og:type\" content=\"article\" \/>\n<meta property=\"og:title\" content=\"S\u00e9minaires - BEWM\" \/>\n<meta property=\"og:description\" content=\"Programme de septembre \u00e0 d\u00e9cembre 2019 Lieu : amphi Monge - 3\u00e8me \u00e9tage Horaire : les vendredis \u00e0 11h &nbsp; &nbsp; Vendredi 27 septembre 2019 Roberto Alonso-Bosch (PhD) -\u00a0Museo de Historia Natural \u201cFelipe Poey\u201d - Facultad de Biolog\u00eda - Universidad de La Habana, Cuba \u00ab Bases for Conservation of the Most Threatened Cuban Toad,\u00a0Peltophryne florentinoi\u00a0(Anura: [&hellip;]\" \/>\n<meta property=\"og:url\" content=\"https:\/\/www.nature-conservation-ubfc.com\/bewm\/fr\/seminaires\/\" \/>\n<meta property=\"og:site_name\" content=\"BEWM\" \/>\n<meta property=\"article:modified_time\" content=\"2019-10-16T08:18:03+00:00\" \/>\n<meta name=\"twitter:card\" content=\"summary_large_image\" \/>\n<meta name=\"twitter:label1\" content=\"Dur\u00e9e de lecture estim\u00e9e\" \/>\n\t<meta name=\"twitter:data1\" content=\"2 minutes\" \/>\n<script type=\"application\/ld+json\" class=\"yoast-schema-graph\">{\"@context\":\"https:\/\/schema.org\",\"@graph\":[{\"@type\":\"WebPage\",\"@id\":\"https:\/\/www.nature-conservation-ubfc.com\/bewm\/fr\/seminaires\/\",\"url\":\"https:\/\/www.nature-conservation-ubfc.com\/bewm\/fr\/seminaires\/\",\"name\":\"S\u00e9minaires - BEWM\",\"isPartOf\":{\"@id\":\"https:\/\/www.nature-conservation-ubfc.com\/bewm\/#website\"},\"datePublished\":\"2017-05-29T14:14:11+00:00\",\"dateModified\":\"2019-10-16T08:18:03+00:00\",\"breadcrumb\":{\"@id\":\"https:\/\/www.nature-conservation-ubfc.com\/bewm\/fr\/seminaires\/#breadcrumb\"},\"inLanguage\":\"fr-FR\",\"potentialAction\":[{\"@type\":\"ReadAction\",\"target\":[\"https:\/\/www.nature-conservation-ubfc.com\/bewm\/fr\/seminaires\/\"]}]},{\"@type\":\"BreadcrumbList\",\"@id\":\"https:\/\/www.nature-conservation-ubfc.com\/bewm\/fr\/seminaires\/#breadcrumb\",\"itemListElement\":[{\"@type\":\"ListItem\",\"position\":1,\"name\":\"Accueil\",\"item\":\"https:\/\/www.nature-conservation-ubfc.com\/bewm\/fr\/\"},{\"@type\":\"ListItem\",\"position\":2,\"name\":\"S\u00e9minaires\"}]},{\"@type\":\"WebSite\",\"@id\":\"https:\/\/www.nature-conservation-ubfc.com\/bewm\/#website\",\"url\":\"https:\/\/www.nature-conservation-ubfc.com\/bewm\/\",\"name\":\"BEWM\",\"description\":\"\",\"potentialAction\":[{\"@type\":\"SearchAction\",\"target\":{\"@type\":\"EntryPoint\",\"urlTemplate\":\"https:\/\/www.nature-conservation-ubfc.com\/bewm\/?s={search_term_string}\"},\"query-input\":\"required name=search_term_string\"}],\"inLanguage\":\"fr-FR\"}]}<\/script>\n<!-- \/ Yoast SEO plugin. -->","yoast_head_json":{"title":"S\u00e9minaires - BEWM","robots":{"index":"index","follow":"follow","max-snippet":"max-snippet:-1","max-image-preview":"max-image-preview:large","max-video-preview":"max-video-preview:-1"},"canonical":"https:\/\/www.nature-conservation-ubfc.com\/bewm\/fr\/seminaires\/","og_locale":"fr_FR","og_type":"article","og_title":"S\u00e9minaires - BEWM","og_description":"Programme de septembre \u00e0 d\u00e9cembre 2019 Lieu : amphi Monge - 3\u00e8me \u00e9tage Horaire : les vendredis \u00e0 11h &nbsp; &nbsp; Vendredi 27 septembre 2019 Roberto Alonso-Bosch (PhD) -\u00a0Museo de Historia Natural \u201cFelipe Poey\u201d - Facultad de Biolog\u00eda - Universidad de La Habana, Cuba \u00ab Bases for Conservation of the Most Threatened Cuban Toad,\u00a0Peltophryne florentinoi\u00a0(Anura: [&hellip;]","og_url":"https:\/\/www.nature-conservation-ubfc.com\/bewm\/fr\/seminaires\/","og_site_name":"BEWM","article_modified_time":"2019-10-16T08:18:03+00:00","twitter_card":"summary_large_image","twitter_misc":{"Dur\u00e9e de lecture estim\u00e9e":"2 minutes"},"schema":{"@context":"https:\/\/schema.org","@graph":[{"@type":"WebPage","@id":"https:\/\/www.nature-conservation-ubfc.com\/bewm\/fr\/seminaires\/","url":"https:\/\/www.nature-conservation-ubfc.com\/bewm\/fr\/seminaires\/","name":"S\u00e9minaires - BEWM","isPartOf":{"@id":"https:\/\/www.nature-conservation-ubfc.com\/bewm\/#website"},"datePublished":"2017-05-29T14:14:11+00:00","dateModified":"2019-10-16T08:18:03+00:00","breadcrumb":{"@id":"https:\/\/www.nature-conservation-ubfc.com\/bewm\/fr\/seminaires\/#breadcrumb"},"inLanguage":"fr-FR","potentialAction":[{"@type":"ReadAction","target":["https:\/\/www.nature-conservation-ubfc.com\/bewm\/fr\/seminaires\/"]}]},{"@type":"BreadcrumbList","@id":"https:\/\/www.nature-conservation-ubfc.com\/bewm\/fr\/seminaires\/#breadcrumb","itemListElement":[{"@type":"ListItem","position":1,"name":"Accueil","item":"https:\/\/www.nature-conservation-ubfc.com\/bewm\/fr\/"},{"@type":"ListItem","position":2,"name":"S\u00e9minaires"}]},{"@type":"WebSite","@id":"https:\/\/www.nature-conservation-ubfc.com\/bewm\/#website","url":"https:\/\/www.nature-conservation-ubfc.com\/bewm\/","name":"BEWM","description":"","potentialAction":[{"@type":"SearchAction","target":{"@type":"EntryPoint","urlTemplate":"https:\/\/www.nature-conservation-ubfc.com\/bewm\/?s={search_term_string}"},"query-input":"required name=search_term_string"}],"inLanguage":"fr-FR"}]}},"_links":{"self":[{"href":"https:\/\/www.nature-conservation-ubfc.com\/bewm\/wp-json\/wp\/v2\/pages\/124"}],"collection":[{"href":"https:\/\/www.nature-conservation-ubfc.com\/bewm\/wp-json\/wp\/v2\/pages"}],"about":[{"href":"https:\/\/www.nature-conservation-ubfc.com\/bewm\/wp-json\/wp\/v2\/types\/page"}],"author":[{"embeddable":true,"href":"https:\/\/www.nature-conservation-ubfc.com\/bewm\/wp-json\/wp\/v2\/users\/3"}],"replies":[{"embeddable":true,"href":"https:\/\/www.nature-conservation-ubfc.com\/bewm\/wp-json\/wp\/v2\/comments?post=124"}],"version-history":[{"count":45,"href":"https:\/\/www.nature-conservation-ubfc.com\/bewm\/wp-json\/wp\/v2\/pages\/124\/revisions"}],"predecessor-version":[{"id":1651,"href":"https:\/\/www.nature-conservation-ubfc.com\/bewm\/wp-json\/wp\/v2\/pages\/124\/revisions\/1651"}],"wp:attachment":[{"href":"https:\/\/www.nature-conservation-ubfc.com\/bewm\/wp-json\/wp\/v2\/media?parent=124"}],"curies":[{"name":"wp","href":"https:\/\/api.w.org\/{rel}","templated":true}]}}