{"id":112,"date":"2017-05-29T16:12:29","date_gmt":"2017-05-29T14:12:29","guid":{"rendered":"https:\/\/www.nature-conservation-ubfc.com\/bewm\/?page_id=112"},"modified":"2019-02-14T16:50:42","modified_gmt":"2019-02-14T15:50:42","slug":"partenaires","status":"publish","type":"page","link":"https:\/\/www.nature-conservation-ubfc.com\/bewm\/fr\/partenaires\/","title":{"rendered":"Partenaires"},"content":{"rendered":"<p>[et_pb_section bb_built=\u00a0\u00bb1&Prime; admin_label=\u00a0\u00bbsection\u00a0\u00bb][et_pb_row admin_label=\u00a0\u00bbrow\u00a0\u00bb background_position=\u00a0\u00bbtop_left\u00a0\u00bb background_repeat=\u00a0\u00bbrepeat\u00a0\u00bb background_size=\u00a0\u00bbinitial\u00a0\u00bb][et_pb_column type=\u00a0\u00bb4_4&Prime;][et_pb_text admin_label=\u00a0\u00bbPartenaires\u00a0\u00bb _builder_version=\u00a0\u00bb3.17.2&Prime;]<\/p>\n<p>Diff\u00e9rents types de partenariat ont \u00e9t\u00e9 d\u00e9velopp\u00e9s pour assurer une large gamme de stages en France et \u00e0 l\u2019\u00e9tranger.<\/p>\n<p><strong>Au plan local (Dijon et la Bourgogne)<\/strong><\/p>\n<ul>\n<li>UMR CNRS 6282 Biog\u00e9osciences : L\u2019UMR Biog\u00e9osciences est une unit\u00e9 de recherche pluridisciplinaire associant les sciences de la vie et de terre et la climatologie. Elle rassemble notamment en son sein une communaut\u00e9 de chercheurs (chercheurs CNRS, enseignants chercheurs de l\u2019universit\u00e9 de Bourgogne-France Comt\u00e9 et de l\u2019Ecole Pratique des Hautes Etudes, post-doctorants et doctorants) et de personnels techniques autour de la th\u00e9matique g\u00e9n\u00e9rale \u00ab\u00a0biodiversit\u00e9 et m\u00e9canismes de l\u2019\u00e9volution\u00a0\u00bb.<\/li>\n<\/ul>\n<p><strong>Au plan national<\/strong><\/p>\n<ul>\n<li>Institut de Recherche de la Tour du Valat (Fondation Tour du Valat)<\/li>\n<li>ONCFS (Direction des Etudes et de la Recherche)<\/li>\n<li>Parc Ornithologique de Pont de Gau<\/li>\n<li>R\u00e9seau des R\u00e9serves Naturelles de France<\/li>\n<\/ul>\n<p><strong>Nous avons des contacts r\u00e9guliers avec les institutions suivantes gr\u00e2ce aux stages des \u00e9tudiants et \u00e0 des invit\u00e9s de s\u00e9minaires :<\/strong><\/p>\n<ul>\n<li>Universit\u00e9 de Neuch\u00e2tel, Suisse<\/li>\n<li>Universit\u00e9 de Lausanne, Suisse<\/li>\n<li>Convention RAMSAR<\/li>\n<li>Association Caribaea Initiative<\/li>\n<li>Plusieurs universit\u00e9s au Royaume-Uni, Canada, Etats-Unis, Allemagne, Pays-Bas, Espagne&#8230;<\/li>\n<\/ul>\n<p>&nbsp;<\/p>\n<h2><\/h2>\n<p>[\/et_pb_text][\/et_pb_column][\/et_pb_row][\/et_pb_section]<\/p>\n","protected":false},"excerpt":{"rendered":"<p>Diff\u00e9rents types de partenariat ont \u00e9t\u00e9 d\u00e9velopp\u00e9s pour assurer une large gamme de stages en France et \u00e0 l\u2019\u00e9tranger. Au plan local (Dijon et la Bourgogne) UMR CNRS 6282 Biog\u00e9osciences : L\u2019UMR Biog\u00e9osciences est une unit\u00e9 de recherche pluridisciplinaire associant les sciences de la vie et de terre et la climatologie. Elle rassemble notamment en [&hellip;]<\/p>\n","protected":false},"author":3,"featured_media":0,"parent":0,"menu_order":0,"comment_status":"closed","ping_status":"closed","template":"","meta":{"_et_pb_use_builder":"on","_et_pb_old_content":"<p align=\"left\">Diff\u00e9rents types de partenariat ont \u00e9t\u00e9 d\u00e9velopp\u00e9s pour assurer une large gamme de stages en France et \u00e0 l'\u00e9tranger. Tous les partenaires s'engagent \u00e0 proposer des stages de recherche ou d'application aux \u00e9tudiants du Master BOP.<\/p><p><strong>Au plan local (Dijon et la Bourgogne)<\/strong><\/p><ul><li>UMR Biog\u00e9osciences 5561, \u00c9quipe \u00c9cologie Evolution<\/li><li>UMR 1347 INRA, Agrosup Dijon, uB Agro\u00e9cologie<\/li><li>ONCFS (D\u00e9l\u00e9gation r\u00e9gionale Bourgogne-Franche Comt\u00e9)<\/li><li>Chambre d'agriculture de C\u00f4te d'Or<\/li><li>Parc Naturel R\u00e9gional du Morvan<\/li><li>Institut Fran\u00e7ais de la Vigne et du Vin, unit\u00e9 de Beaune<\/li><\/ul><p align=\"left\"><strong>Au plan national<\/strong><\/p><ul><li>Centre de Recherche de la Tour du Valat (Fondation Tour du Valat)<\/li><li>Centre d'Etudes Biologiques de Chiz\u00e9, CNRS<\/li><li>ONCFS (Direction des Etudes et de la Recherche)<\/li><li>Parc Ornithologique de Pont de Gau<\/li><li>R\u00e9seau des R\u00e9serves Naturelles de France<\/li><li>Association Takh (conservation du cheval de Przewalski)<\/li><li>Centre de Recherche INRA Bordeaux Aquitaine, Unit\u00e9 Mixte de Recherches en Sant\u00e9 V\u00e9g\u00e9tale INRA \u2013 ENITA<\/li><li>Centre INRA de Sophia Antipolis, Unit\u00e9 Exp\u00e9rimentale de Lutte Biologique,<\/li><li>Universit\u00e9 de Poitiers, Laboratoire Ecologie Evolution Symbiose, UMR CNRS 6556<\/li><\/ul><p align=\"left\"><strong>Au plan international<\/strong><\/p><ul><li>Universit\u00e9 des West Indies, Cave Hill campus, La Barbade (Professeur Marc Lavoie)<\/li><li>Universit\u00e9 du Qu\u00e9bec \u00e0 Montr\u00e9al (UQAM) (Professeur Luc-Alain Giraldeau)<\/li><li>Universit\u00e9 de Sheffields (Royaume-Uni), Department of Animal and Plant Sciences, Professeur Mike Siva-Jothy<\/li><li>Universit\u00e9 de Leeds (Royaume Uni), Professeure Alison Dunn<\/li><li>Universit\u00e9 de Neuch\u00e2tel, laboratoire de Recherche Fondamentale et Appliqu\u00e9e en \u00c9cologie chimique, Pr. Ted Turlings<\/li><li>Universit\u00e9 de Neuch\u00e2tel, laboratoire d\u2019Entomologie \u00c9volutive, Dr. Betty Benrey<\/li><li>Convention RAMSAR, Dr. Tobias Salath\u00e9<\/li><li>USDA-ARS-European Biological Control Laboratory, Montpellier, France<\/li><\/ul><p>\u00a0<\/p><h2>laboratoires d'accueil dijonnais<\/h2><p>L'enseignement \u00e0 l'universit\u00e9 de Bourgogne b\u00e9n\u00e9ficie directement de la recherche qui s'y fait. La fili\u00e8re BOP de l\u2019Universit\u00e9 de Bourgogne s\u2019appuie principalement sur plusieurs unit\u00e9s mixtes de recherche (UMR) associ\u00e9es aux grands instituts de recherche nationaux (INRA, CNRS) pr\u00e9sents sur le campus de Dijon :<\/p><p><a href=\"http:\/\/biogeosciences.u-bourgogne.fr\/fr\/\" target=\"_blank\" rel=\"noopener noreferrer\">UMR CNRS Biog\u00e9osciences<\/a> : L\u2019UMR Biog\u00e9osciences regroupe une communaut\u00e9 de chercheurs (chercheurs CNRS, enseignants chercheurs de l\u2019universit\u00e9 de Bourgogne et de l\u2019EPHE, post-doctorants et doctorants) et de personnels techniques d\u2019environ 80 personnes. Le laboratoire est pluridisciplinaire (sciences de la vie & sciences de la terre) et structur\u00e9 en trois \u00e9quipes. Chaque \u00e9quipe est compos\u00e9e de 20-25 personnes qui d\u00e9veloppent des recherches cibl\u00e9es sur la th\u00e9matique de l\u2019\u00e9quipe mais \u00e9galement des recherches en interface avec les deux autres \u00e9quipes : \u00e9quipe ECO\/EVO (\u00e9cologie \u00e9volutive), l'\u00e9quipe FED (forme, \u00e9volution, diversit\u00e9), et l'\u00e9quipe SEDS (syst\u00e8mes, environnements & dynamique s\u00e9dimentaire). Ce d\u00e9coupage assure un continuum de comp\u00e9tences et de questionnements au sein de l\u2019UMR et met en interface les \u00e9quipes ECO\/EVO & FED autour de la th\u00e9matique g\u00e9n\u00e9rale \"biodiversit\u00e9 et m\u00e9canismes de l\u2019\u00e9volution\".<\/p><p><a href=\"http:\/\/www6.dijon.inra.fr\/umragroecologie\/\" target=\"_blank\" rel=\"noopener noreferrer\">UMR agro-\u00e9cologie<\/a><\/p><p>D\u2019autres laboratoires de recherche situ\u00e9s \u00e0 l\u2019ext\u00e9rieur de Dijon, en France et \u00e0 l\u2019\u00e9tranger, sont aussi susceptibles d\u2019accueillir les \u00e9tudiants de la fili\u00e8re BOP en stage (voir la rubrique M2 bop).<\/p>","_et_gb_content_width":"","footnotes":""},"yoast_head":"<!-- This site is optimized with the Yoast SEO plugin v22.8 - https:\/\/yoast.com\/wordpress\/plugins\/seo\/ -->\n<title>Partenaires - BEWM<\/title>\n<meta name=\"robots\" content=\"index, follow, max-snippet:-1, max-image-preview:large, max-video-preview:-1\" \/>\n<link rel=\"canonical\" href=\"https:\/\/www.nature-conservation-ubfc.com\/bewm\/fr\/partenaires\/\" \/>\n<meta property=\"og:locale\" content=\"fr_FR\" \/>\n<meta property=\"og:type\" content=\"article\" \/>\n<meta property=\"og:title\" content=\"Partenaires - BEWM\" \/>\n<meta property=\"og:description\" content=\"Diff\u00e9rents types de partenariat ont \u00e9t\u00e9 d\u00e9velopp\u00e9s pour assurer une large gamme de stages en France et \u00e0 l\u2019\u00e9tranger. Au plan local (Dijon et la Bourgogne) UMR CNRS 6282 Biog\u00e9osciences : L\u2019UMR Biog\u00e9osciences est une unit\u00e9 de recherche pluridisciplinaire associant les sciences de la vie et de terre et la climatologie. Elle rassemble notamment en [&hellip;]\" \/>\n<meta property=\"og:url\" content=\"https:\/\/www.nature-conservation-ubfc.com\/bewm\/fr\/partenaires\/\" \/>\n<meta property=\"og:site_name\" content=\"BEWM\" \/>\n<meta property=\"article:modified_time\" content=\"2019-02-14T15:50:42+00:00\" \/>\n<meta name=\"twitter:card\" content=\"summary_large_image\" \/>\n<meta name=\"twitter:label1\" content=\"Dur\u00e9e de lecture estim\u00e9e\" \/>\n\t<meta name=\"twitter:data1\" content=\"1 minute\" \/>\n<script type=\"application\/ld+json\" class=\"yoast-schema-graph\">{\"@context\":\"https:\/\/schema.org\",\"@graph\":[{\"@type\":\"WebPage\",\"@id\":\"https:\/\/www.nature-conservation-ubfc.com\/bewm\/fr\/partenaires\/\",\"url\":\"https:\/\/www.nature-conservation-ubfc.com\/bewm\/fr\/partenaires\/\",\"name\":\"Partenaires - BEWM\",\"isPartOf\":{\"@id\":\"https:\/\/www.nature-conservation-ubfc.com\/bewm\/#website\"},\"datePublished\":\"2017-05-29T14:12:29+00:00\",\"dateModified\":\"2019-02-14T15:50:42+00:00\",\"breadcrumb\":{\"@id\":\"https:\/\/www.nature-conservation-ubfc.com\/bewm\/fr\/partenaires\/#breadcrumb\"},\"inLanguage\":\"fr-FR\",\"potentialAction\":[{\"@type\":\"ReadAction\",\"target\":[\"https:\/\/www.nature-conservation-ubfc.com\/bewm\/fr\/partenaires\/\"]}]},{\"@type\":\"BreadcrumbList\",\"@id\":\"https:\/\/www.nature-conservation-ubfc.com\/bewm\/fr\/partenaires\/#breadcrumb\",\"itemListElement\":[{\"@type\":\"ListItem\",\"position\":1,\"name\":\"Accueil\",\"item\":\"https:\/\/www.nature-conservation-ubfc.com\/bewm\/fr\/\"},{\"@type\":\"ListItem\",\"position\":2,\"name\":\"Partenaires\"}]},{\"@type\":\"WebSite\",\"@id\":\"https:\/\/www.nature-conservation-ubfc.com\/bewm\/#website\",\"url\":\"https:\/\/www.nature-conservation-ubfc.com\/bewm\/\",\"name\":\"BEWM\",\"description\":\"\",\"potentialAction\":[{\"@type\":\"SearchAction\",\"target\":{\"@type\":\"EntryPoint\",\"urlTemplate\":\"https:\/\/www.nature-conservation-ubfc.com\/bewm\/?s={search_term_string}\"},\"query-input\":\"required name=search_term_string\"}],\"inLanguage\":\"fr-FR\"}]}<\/script>\n<!-- \/ Yoast SEO plugin. -->","yoast_head_json":{"title":"Partenaires - BEWM","robots":{"index":"index","follow":"follow","max-snippet":"max-snippet:-1","max-image-preview":"max-image-preview:large","max-video-preview":"max-video-preview:-1"},"canonical":"https:\/\/www.nature-conservation-ubfc.com\/bewm\/fr\/partenaires\/","og_locale":"fr_FR","og_type":"article","og_title":"Partenaires - BEWM","og_description":"Diff\u00e9rents types de partenariat ont \u00e9t\u00e9 d\u00e9velopp\u00e9s pour assurer une large gamme de stages en France et \u00e0 l\u2019\u00e9tranger. Au plan local (Dijon et la Bourgogne) UMR CNRS 6282 Biog\u00e9osciences : L\u2019UMR Biog\u00e9osciences est une unit\u00e9 de recherche pluridisciplinaire associant les sciences de la vie et de terre et la climatologie. Elle rassemble notamment en [&hellip;]","og_url":"https:\/\/www.nature-conservation-ubfc.com\/bewm\/fr\/partenaires\/","og_site_name":"BEWM","article_modified_time":"2019-02-14T15:50:42+00:00","twitter_card":"summary_large_image","twitter_misc":{"Dur\u00e9e de lecture estim\u00e9e":"1 minute"},"schema":{"@context":"https:\/\/schema.org","@graph":[{"@type":"WebPage","@id":"https:\/\/www.nature-conservation-ubfc.com\/bewm\/fr\/partenaires\/","url":"https:\/\/www.nature-conservation-ubfc.com\/bewm\/fr\/partenaires\/","name":"Partenaires - BEWM","isPartOf":{"@id":"https:\/\/www.nature-conservation-ubfc.com\/bewm\/#website"},"datePublished":"2017-05-29T14:12:29+00:00","dateModified":"2019-02-14T15:50:42+00:00","breadcrumb":{"@id":"https:\/\/www.nature-conservation-ubfc.com\/bewm\/fr\/partenaires\/#breadcrumb"},"inLanguage":"fr-FR","potentialAction":[{"@type":"ReadAction","target":["https:\/\/www.nature-conservation-ubfc.com\/bewm\/fr\/partenaires\/"]}]},{"@type":"BreadcrumbList","@id":"https:\/\/www.nature-conservation-ubfc.com\/bewm\/fr\/partenaires\/#breadcrumb","itemListElement":[{"@type":"ListItem","position":1,"name":"Accueil","item":"https:\/\/www.nature-conservation-ubfc.com\/bewm\/fr\/"},{"@type":"ListItem","position":2,"name":"Partenaires"}]},{"@type":"WebSite","@id":"https:\/\/www.nature-conservation-ubfc.com\/bewm\/#website","url":"https:\/\/www.nature-conservation-ubfc.com\/bewm\/","name":"BEWM","description":"","potentialAction":[{"@type":"SearchAction","target":{"@type":"EntryPoint","urlTemplate":"https:\/\/www.nature-conservation-ubfc.com\/bewm\/?s={search_term_string}"},"query-input":"required name=search_term_string"}],"inLanguage":"fr-FR"}]}},"_links":{"self":[{"href":"https:\/\/www.nature-conservation-ubfc.com\/bewm\/wp-json\/wp\/v2\/pages\/112"}],"collection":[{"href":"https:\/\/www.nature-conservation-ubfc.com\/bewm\/wp-json\/wp\/v2\/pages"}],"about":[{"href":"https:\/\/www.nature-conservation-ubfc.com\/bewm\/wp-json\/wp\/v2\/types\/page"}],"author":[{"embeddable":true,"href":"https:\/\/www.nature-conservation-ubfc.com\/bewm\/wp-json\/wp\/v2\/users\/3"}],"replies":[{"embeddable":true,"href":"https:\/\/www.nature-conservation-ubfc.com\/bewm\/wp-json\/wp\/v2\/comments?post=112"}],"version-history":[{"count":12,"href":"https:\/\/www.nature-conservation-ubfc.com\/bewm\/wp-json\/wp\/v2\/pages\/112\/revisions"}],"predecessor-version":[{"id":1522,"href":"https:\/\/www.nature-conservation-ubfc.com\/bewm\/wp-json\/wp\/v2\/pages\/112\/revisions\/1522"}],"wp:attachment":[{"href":"https:\/\/www.nature-conservation-ubfc.com\/bewm\/wp-json\/wp\/v2\/media?parent=112"}],"curies":[{"name":"wp","href":"https:\/\/api.w.org\/{rel}","templated":true}]}}