{"id":108,"date":"2017-05-29T16:12:01","date_gmt":"2017-05-29T14:12:01","guid":{"rendered":"https:\/\/www.nature-conservation-ubfc.com\/bewm\/?page_id=108"},"modified":"2019-10-09T10:25:06","modified_gmt":"2019-10-09T08:25:06","slug":"presentation","status":"publish","type":"page","link":"https:\/\/www.nature-conservation-ubfc.com\/bewm\/fr\/presentation\/","title":{"rendered":"Pr\u00e9sentation"},"content":{"rendered":"<p>[et_pb_section bb_built=\u00a0\u00bb1&Prime; admin_label=\u00a0\u00bbsection\u00a0\u00bb][et_pb_row admin_label=\u00a0\u00bbrow\u00a0\u00bb background_position=\u00a0\u00bbtop_left\u00a0\u00bb background_repeat=\u00a0\u00bbrepeat\u00a0\u00bb background_size=\u00a0\u00bbinitial\u00a0\u00bb][et_pb_column type=\u00a0\u00bb4_4&Prime;][et_pb_text admin_label=\u00a0\u00bbPr\u00e9sentation\u00a0\u00bb _builder_version=\u00a0\u00bb3.17.2&Prime;]<\/p>\n<p style=\"text-align: justify\">Le Master Biologie de la Conservation, parcours Ecologie Comportementale et Gestion de la Faune Sauvage vise \u00e0 conf\u00e9rer une ma\u00eetrise conceptuelle et critique de l&rsquo;\u00e9tude du comportement animal et de l&rsquo;\u00e9cologie \u00e9volutive, dans le cadre de la biologie de la conservation et de la gestion de la faune sauvage. La moiti\u00e9 de la deuxi\u00e8me ann\u00e9e est consacr\u00e9e \u00e0 la recherche et la r\u00e9daction d&rsquo;un m\u00e9moire d&rsquo;environ 12 000 mots.<\/p>\n<p>[\/et_pb_text][\/et_pb_column][\/et_pb_row][et_pb_row background_position=\u00a0\u00bbtop_left\u00a0\u00bb background_repeat=\u00a0\u00bbrepeat\u00a0\u00bb background_size=\u00a0\u00bbinitial\u00a0\u00bb][et_pb_column type=\u00a0\u00bb1_2&Prime;][et_pb_image _builder_version=\u00a0\u00bb3.0.50&Prime; src=\u00a0\u00bbhttps:\/\/www.nature-conservation-ubfc.com\/bewm\/wp-content\/uploads\/sites\/2\/2017\/05\/8-Copyright-F.-C\u00e9zilly.jpg\u00a0\u00bb show_in_lightbox=\u00a0\u00bboff\u00a0\u00bb url_new_window=\u00a0\u00bboff\u00a0\u00bb use_overlay=\u00a0\u00bboff\u00a0\u00bb sticky=\u00a0\u00bboff\u00a0\u00bb align=\u00a0\u00bbcenter\u00a0\u00bb always_center_on_mobile=\u00a0\u00bbon\u00a0\u00bb border_style=\u00a0\u00bbsolid\u00a0\u00bb force_fullwidth=\u00a0\u00bboff\u00a0\u00bb animation=\u00a0\u00bboff\u00a0\u00bb animation_style=\u00a0\u00bbnone\u00a0\u00bb animation_duration=\u00a0\u00bb1000ms\u00a0\u00bb animation_intensity_slide=\u00a0\u00bb50%\u00a0\u00bb show_bottom_space=\u00a0\u00bbon\u00a0\u00bb \/][\/et_pb_column][et_pb_column type=\u00a0\u00bb1_2&Prime;][et_pb_image _builder_version=\u00a0\u00bb3.0.50&Prime; src=\u00a0\u00bbhttps:\/\/www.nature-conservation-ubfc.com\/bewm\/wp-content\/uploads\/sites\/2\/2017\/05\/4-Copyright-F.-C\u00e9zilly.jpg\u00a0\u00bb show_in_lightbox=\u00a0\u00bboff\u00a0\u00bb url_new_window=\u00a0\u00bboff\u00a0\u00bb use_overlay=\u00a0\u00bboff\u00a0\u00bb sticky=\u00a0\u00bboff\u00a0\u00bb align=\u00a0\u00bbcenter\u00a0\u00bb always_center_on_mobile=\u00a0\u00bbon\u00a0\u00bb border_style=\u00a0\u00bbsolid\u00a0\u00bb force_fullwidth=\u00a0\u00bboff\u00a0\u00bb animation=\u00a0\u00bboff\u00a0\u00bb animation_style=\u00a0\u00bbnone\u00a0\u00bb animation_duration=\u00a0\u00bb1000ms\u00a0\u00bb animation_intensity_slide=\u00a0\u00bb50%\u00a0\u00bb show_bottom_space=\u00a0\u00bbon\u00a0\u00bb \/][\/et_pb_column][\/et_pb_row][et_pb_row background_position=\u00a0\u00bbtop_left\u00a0\u00bb background_repeat=\u00a0\u00bbrepeat\u00a0\u00bb background_size=\u00a0\u00bbinitial\u00a0\u00bb][et_pb_column type=\u00a0\u00bb4_4&Prime;][et_pb_text _builder_version=\u00a0\u00bb3.17.2&Prime;]<\/p>\n<p style=\"text-align: justify\"><strong>La formation de master se d\u00e9roule en deux ans :<\/strong><\/p>\n<p style=\"text-align: justify\">Au cours de la premi\u00e8re ann\u00e9e, les enseignements sont con\u00e7us sur le principe que la conservation de la biodiversit\u00e9 doit \u00eatre bas\u00e9e sur une approche liant des connaissances \u00e0 diff\u00e9rents niveaux, m\u00ealant les disciplines cl\u00e9s de l&rsquo;\u00e9cologie et de l&rsquo;\u00e9volution avec les d\u00e9veloppements technologiques r\u00e9cents dans les domaines de la biom\u00e9trie, de l&rsquo;\u00e9cologie mol\u00e9culaire et des outils de gestion. Le contenu des enseignements s&rsquo;adosse \u00e0 notre expertise scientifique dans les domaines de l&rsquo;\u00e9cologie comportementale, de la biologie \u00e9volutive, de la biologie de la conservation, de l&rsquo;\u00e9cologie quantitative et de la conception des protocoles de recherche. Le programme de master est par ailleurs enrichi par l&rsquo;apport de professionnels du domaine de la conservation et de gestionnaires, avec pour but de placer les enseignements dans le contexte plus large de la gestion de projet et des proc\u00e9dures de prise de d\u00e9cision.<\/p>\n<p style=\"text-align: justify\">Les objectifs sp\u00e9cifiques de la formation sont de d\u00e9velopper vos capacit\u00e9s \u00e0 :<\/p>\n<ul style=\"text-align: justify\">\n<li style=\"list-style-type: none\">\n<ul>\n<li>R\u00e9fl\u00e9chir de fa\u00e7on critique sur les concepts et les fondements th\u00e9oriques de l&rsquo;\u00e9cologie comportementale, de la biologie de la conservation et de la gestion de la faune sauvage sous l&rsquo;angle d&rsquo;une perspective interdisciplinaire \u00e0 un niveau scientifique avanc\u00e9<\/li>\n<li>Etre capable d&rsquo;\u00e9valuer de fa\u00e7on critique la capacit\u00e9 des organismes \u00e0 r\u00e9agir, faire face \u00e0 et s&rsquo;ajuster au changement environnemental se produisant \u00e0 diff\u00e9rentes \u00e9chelles spatiales et temporelles<\/li>\n<li>Appr\u00e9cier les opportunit\u00e9s offertes par les nouveaux d\u00e9veloppements technologiques pour l&rsquo;avenir de la recherche sur le comportement animal et la gestion de la faune sauvage<\/li>\n<li>Combiner th\u00e9orie, hypoth\u00e8ses, m\u00e9thodes, donn\u00e9es et travail de terrain pour identifier et d\u00e9velopper des questionnements scientifiques et des m\u00e9thodologies innovantes<\/li>\n<\/ul>\n<\/li>\n<\/ul>\n<p style=\"text-align: justify\">Les enseignements sont organis\u00e9s en cours magistraux, s\u00e9minaires, travaux dirig\u00e9s et travaux pratiques en laboratoire qui permettent une exploration approfondie des concepts essentiels. La philosophie d&rsquo;enseignement est de stimuler les discussions et le d\u00e9bat entre les \u00e9tudiants et l&rsquo;\u00e9quipe enseignante et d&rsquo;explorer la th\u00e9orie, les m\u00e9thodes et la pratique dans un espace acad\u00e9mique qui encourage un dialogue critique.<\/p>\n<p style=\"text-align: justify\">Les sessions de terrain permettent aux \u00e9tudiants de mettre en pratique les m\u00e9thodes et les id\u00e9es qui leur sont pr\u00e9sent\u00e9es en classe. Chaque ann\u00e9e, vous participerez \u00e0 au moins une session de terrain d&rsquo;une semaine en continu, et \u00e0 plusieurs sessions de terrain d&rsquo;une journ\u00e9e. La session de terrain se d\u00e9roulant \u00e0 la Tour du Valat permet l&rsquo;analyse d&rsquo;un mod\u00e8le pour la gestion de la faune en Camargue, bas\u00e9 sur de nombreuses recherches sur les populations animales, dans le contexte des diff\u00e9rentes activit\u00e9s qui existent \u00e0 l&rsquo;int\u00e9rieur du Parc Naturel R\u00e9gional de Camargue. Les autres sessions de terrain portent sur l&rsquo;analyse quantitative du comportement animal, sur les syst\u00e8mes d&rsquo;observation et de suivi des populations et sur la conservation ex-situ.<\/p>\n<p style=\"text-align: justify\">Au cours de la seconde ann\u00e9e, vous travaillerez sur votre projet de m\u00e9moire de fin d&rsquo;\u00e9tudes au sein d&rsquo;une \u00e9quipe de recherche, avec le soutien d&rsquo;un superviseur sp\u00e9cialiste du domaine de recherche que vous aurez choisi.<\/p>\n<p style=\"text-align: justify\">Au cours de la premi\u00e8re ann\u00e9e, vous passerez les examens et contr\u00f4les de connaissances associ\u00e9s au Master Biologie de la Conservation, parcours Ecologie Comportementale et Gestion de la Faune. Vous devez r\u00e9ussir les examens de premi\u00e8re ann\u00e9e (c&rsquo;est \u00e0 dire valider 60 cr\u00e9dits ECTS) pour pouvoir passer en seconde ann\u00e9e.<\/p>\n<p style=\"text-align: justify\">La moiti\u00e9 de la seconde ann\u00e9e est consacr\u00e9e \u00e0 la recherche et \u00e0 la r\u00e9daction d&rsquo;un m\u00e9moire d&rsquo;environ 12 000 mots. Le sujet de recherche sera d\u00e9fini \u00e0 la fin de la premi\u00e8re ann\u00e9e et, une fois approuv\u00e9, un superviseur vous sera allou\u00e9. Le m\u00e9moire compte pour la moiti\u00e9 de la notation en deuxi\u00e8me ann\u00e9e.<\/p>\n<h2 style=\"text-align: justify\">Devenir des \u00e9tudiants<\/h2>\n<p style=\"text-align: justify\">Le but de la formation est d&rsquo;instruire les futurs leaders scientifiques en comportement animal et en biologie de la conservation, ainsi que les futurs gestionnaires et charg\u00e9s de mission \u0153uvrant \u00e0 la conservation et la gestion de la biodiversit\u00e9 et de la faune sauvage. Dans cette perspective, les enseignements combinent l&rsquo;\u00e9cologie comportementale et la biologie de la conservation en tant que deux disciplines majeures avec d&rsquo;autres sujets pertinents \u2013 \u00e9thique et d\u00e9ontologie, \u00e9pist\u00e9mologie, socio-\u00e9conomie de la conservation, structure et gestion des organisations environnementalistes, au-del\u00e0 des savoirs acad\u00e9miques sur la biodiversit\u00e9.<br \/>\nLe Bureau des Anciens du master assure que les \u00e9tudiants restent en contact \u00e0 l&rsquo;issue de l&rsquo;obtention du dipl\u00f4me et organise des \u00e9v\u00e9nements \u00e0 leur intention.<\/p>\n<h2 style=\"text-align: justify\">Modifications des enseignements<\/h2>\n<p style=\"text-align: justify\">L&rsquo;Universit\u00e9 s&rsquo;efforcera d&rsquo;assurer les enseignements en accord avec la description qui en est faite sur la page descriptive. Toutefois, il peut arriver qu&rsquo;il soit d\u00e9sirable ou n\u00e9cessaire pour l&rsquo;Universit\u00e9 d&rsquo;apporter des modifications dans le d\u00e9tail de l&rsquo;offre p\u00e9dagogique, soit avant ou apr\u00e8s l&rsquo;inscription des \u00e9tudiants. Pour plus d&rsquo;information, consulter r\u00e9guli\u00e8rement notre page sur la mise \u00e0 jour des enseignements.<\/p>\n<h2 style=\"text-align: justify\">Equipe p\u00e9dagogique : principaux intervenants<\/h2>\n<ul style=\"text-align: justify\">\n<li style=\"list-style-type: none\">\n<ul>\n<li style=\"list-style-type: none\">\n<ul>\n<li><strong>Frank C\u00e9zilly<\/strong>, Professeur, <a href=\"mailto:frank.cezilly@u-bourgogne.fr\">mail<\/a>, t\u00e9l: 03 80 39 90 29. Disciplines enseign\u00e9es: biologie \u00e9volutive, \u00e9cologie \u00e9volutive, \u00e9cologie comportementale, \u00e9cologie quantitative, biostatistiques. <strong>Responsable du master<\/strong><\/li>\n<li><strong>J\u00e9rome Moreau<\/strong>, MCf, <a href=\"mailto:jerome.moreau@u-bourgogne.fr\">mail<\/a>, disciplines enseign\u00e9es: \u00e9cologie, biologie des populations, \u00e9cologie comportementale, \u00e9co-physiologie, biostatistiques.<\/li>\n<li><strong>Yannick Moret<\/strong>, DR CNRS, <a href=\"mailto:yannick.moret@u-bourgogne.fr\">mail<\/a>, disciplines enseign\u00e9es : immuno-\u00e9cologie.<\/li>\n<li><strong>Marie-Jeanne Perrot-Minnot<\/strong>, MCf, <a href=\"mailto:mjperrot@u-bourgogne.fr\">mail<\/a>, disciplines enseign\u00e9es : \u00e9cologie \u00e9volutive, \u00e9cologie comportementale, \u00e9cologie des interactions durables, project management, biom\u00e9trie.<\/li>\n<li><strong>Thierry Rigaud<\/strong>, DR CNRS,\u00a0 <a href=\"mailto:thierry.rigaud@u-bourgogne.fr\">mail<\/a>, discipline enseign\u00e9e : interactions durables.<\/li>\n<li><strong>Yanis Bouchenak-Khelladi<\/strong>, <a href=\"mailto:Habib-Yanis.Bouchenak-Khelladi@u-bourgogne.fr\">mail<\/a>, disciplines enseign\u00e9es : g\u00e9n\u00e9tique des populations,\u00a0\u00e9cologie \u00e9volutive.<\/li>\n<li><strong>David Beaune<\/strong>, PhD, <a href=\"mailto:David.Beaune@u-bourgogne.fr\">mail<\/a>, discipline enseign\u00e9e : project management.<\/li>\n<li><strong>Raquel Moncl\u00fas<\/strong>, PhD,\u00a0<a href=\"mailto:Raquel.Monclus-Burgoa@u-bourgogne.fr\">mail<\/a>, disciplines enseign\u00e9es : biostatistiques, biom\u00e9trie, \u00e9cologie comportementale, project management.<\/li>\n<li><strong>Gabrielle Ringot<\/strong>, PhD, <a href=\"mailto:Gabrielle.Ringot@u-bourgogne.fr\">mail<\/a>, discipline enseign\u00e9e : \u00e9cologie quantitative.<\/li>\n<li><strong>Marie-Charlotte Anstett<\/strong>, Charg\u00e9e de recherches CNRS, <a href=\"mailto:Marie-Charlotte.Anstett@u-bourgogne.fr\">mail<\/a><\/li>\n<li><strong>Gabriele Sorci<\/strong>, DR CNRS,\u00a0<a href=\"mailto:gabriele.sorci@u-bourgogne.fr\">mail<\/a><\/li>\n<li><strong>Ali\u00e9nor Jeandidier<\/strong>, PRAG, <a href=\"mailto:Alienor.Jeandidier@u-bourgogne.fr\">mail<\/a>, discipline enseign\u00e9e : anglais<\/li>\n<\/ul>\n<\/li>\n<\/ul>\n<\/li>\n<\/ul>\n<p style=\"text-align: justify\">A cette liste s&rsquo;ajoutent plusieurs chercheurs, enseignants vacataires ou en contrat doctoral, ainsi que des intervenants ext\u00e9rieurs issus du monde professionnel.<\/p>\n<p>[\/et_pb_text][\/et_pb_column][\/et_pb_row][\/et_pb_section]<\/p>\n","protected":false},"excerpt":{"rendered":"<p>Le Master Biologie de la Conservation, parcours Ecologie Comportementale et Gestion de la Faune Sauvage vise \u00e0 conf\u00e9rer une ma\u00eetrise conceptuelle et critique de l&rsquo;\u00e9tude du comportement animal et de l&rsquo;\u00e9cologie \u00e9volutive, dans le cadre de la biologie de la conservation et de la gestion de la faune sauvage. La moiti\u00e9 de la deuxi\u00e8me ann\u00e9e [&hellip;]<\/p>\n","protected":false},"author":3,"featured_media":0,"parent":0,"menu_order":0,"comment_status":"closed","ping_status":"closed","template":"","meta":{"_et_pb_use_builder":"on","_et_pb_old_content":"<h2>Pr\u00e9sentation g\u00e9n\u00e9rale<\/h2><p>Le Master Biologie de la Conservation, parcours Ecologie Comportementale et Gestion de la Faune Sauvage vise \u00e0 conf\u00e9rer une ma\u00eetrise conceptuelle et critique de l'\u00e9tude du comportement animal et de l'\u00e9cologie \u00e9volutive, dans le cadre de la biologie de la conservation et de la gestion de la faune sauvage. La moiti\u00e9 de la deuxi\u00e8me ann\u00e9e est consacr\u00e9e \u00e0 la recherche et la r\u00e9daction d'un m\u00e9moire d'environ 12 000 mots.<br \/> La formation de master se d\u00e9roule en deux ans. Au cours de la premi\u00e8re ann\u00e9e, les enseignements sont con\u00e7us sur le principe que la conservation de la biodiversit\u00e9 doit \u00eatre bas\u00e9e sur une approche liant des connaissances \u00e0 diff\u00e9rents niveaux, m\u00ealant les disciplines cl\u00e9s de l'\u00e9cologie et de l'\u00e9volution avec les d\u00e9veloppements technologiques r\u00e9cents dans les domaines de la biom\u00e9trie, de l'\u00e9cologie mol\u00e9culaire and des outils de gestion. Le contenu des enseignements s'adosse \u00e0 notre expertise scientifique dans les domaines de l'\u00e9cologie comportementale, de la biologie \u00e9volutive, de la biologie de la conservation, de l'\u00e9cologie quantitative et de la conception des protocoles de recherche. The programme de master est par ailleurs enrichi par l'apport de professionnels du domaine de la conservation et de gestionnaires, avec pour but de placer les enseignements dans le contexte plus large de la gestion de projet et des proc\u00e9dures de prise de d\u00e9cision.<br \/> Les objectifs sp\u00e9cifiques de la formation sont de d\u00e9velopper vos capacit\u00e9s \u00e0 :<br \/> R\u00e9fl\u00e9chir de fa\u00e7on critique sur les concepts et les fondements th\u00e9oriques de l'\u00e9cologie comportementale, de la biologie de la conservation et de la gestion de la faune sauvage sous l'angle d'une perspective interdisciplinaire \u00e0 un niveau scientifique avanc\u00e9<br \/> Etre capable d'\u00e9valuer de fa\u00e7on critique la capacit\u00e9 des organismes \u00e0 r\u00e9agir, faire face \u00e0 et s'ajuster au changement environnemental se produisant \u00e0 diff\u00e9rentes \u00e9chelles spatiales et temporelles<br \/> Appr\u00e9cier les opportunit\u00e9s offertes par les nouveaux d\u00e9veloppements technologiques pour l'avenir de la recherche sur le comportement animal et la gestion de la faune sauvage<br \/> Combiner th\u00e9orie, hypoth\u00e8ses, m\u00e9thodes, donn\u00e9es et travail de terrain pour identifier et d\u00e9velopper des questionnements scientifiques et des m\u00e9thodologies innovantes<br \/> Les enseignements sont organis\u00e9s en cours magistraux, s\u00e9minaires, travaux dirig\u00e9s et travaux pratiques en laboratoire qui permettent une exploration approfondie des concepts essentiels. La philosophie d'enseignement est de stimuler les discussions et le d\u00e9bat entre les \u00e9tudiants et l'\u00e9quipe enseignante et d'explorer la th\u00e9orie, les m\u00e9thodes et la pratique dans un espace acad\u00e9mique qui encourage un dialogue critique.<br \/> Les sessions de terrain permettent aux \u00e9tudiants de mettre en pratique les m\u00e9thodes et les id\u00e9es qui leur sont pr\u00e9sent\u00e9es en classe. Chaque ann\u00e9e, vous participerez \u00e0 au moins une session de terrain d'une semaine en continu, et \u00e0 plusieurs sessions de terrain d'une journ\u00e9e. La session de terrain se d\u00e9roulant \u00e0 la Tour du Valat permet l'analyse d'un mod\u00e8le pour la gestion de la faune en Camargue, bas\u00e9 sur de nombreuses recherches sur les populations animales, dans le contexte des diff\u00e9rentes activit\u00e9s qui existent \u00e0 l'int\u00e9rieur du Parc Naturel R\u00e9gional de Camargue. Les autres sessions de terrain portent sur l'analyse quantitative du comportement animal, sur les syst\u00e8mes d'observation et de suivi des populations et sur la conservation ex-situ.<br \/> Au cours de la seconde ann\u00e9e, vous travaillerez sur votre projet de m\u00e9moire de fin d'\u00e9tudes au sein d'une \u00e9quipe de recherche, avec le soutien d'un superviseur sp\u00e9cialiste du domaine de recherche que vous aurez choisi.<br \/> Au cours de la premi\u00e8re ann\u00e9e, vous passerez les examens et contr\u00f4les de connaissances associ\u00e9s au Master Biologie de la Conservation, parcours Ecologie Comportementale et Gestion de la Faune. Vous devez r\u00e9ussir les examens de premi\u00e8re ann\u00e9e (c'est \u00e0 dire valider 60 cr\u00e9dits ECTS) pour pouvoir passer en seconde ann\u00e9e.<br \/> La moiti\u00e9 de la seconde ann\u00e9e est consacr\u00e9e \u00e0 la recherche et \u00e0 la r\u00e9daction d'un m\u00e9moire d'environ 12 000 mots. Le sujet de recherche sera d\u00e9fini \u00e0 la fin de la premi\u00e8re ann\u00e9e et, une fois approuv\u00e9, un superviseur vous sera allou\u00e9. Le m\u00e9moire compte pour la moiti\u00e9 de la notation en deuxi\u00e8me ann\u00e9e.<\/p><h2>Devenir des \u00e9tudiants<\/h2><p>Le but de la formation est d'instruire les futurs leaders scientifiques en comportement animal et en biologie de la conservation, ainsi que les futurs gestionnaires et charg\u00e9s de mission \u0153uvrant \u00e0 la conservation et la gestion de la biodiversit\u00e9 et de la faune sauvage. Dans cette perspective, les enseignements combinent l'\u00e9cologie comportementale et la biologie de la conservation en tant que deux disciplines majeures avec d'autres sujets pertinents \u2013 \u00e9thique et d\u00e9ontologie, \u00e9pist\u00e9mologie, socio-\u00e9conomie de la conservation, structure et gestion des organisations environnementalistes, au-del\u00e0 des savoirs acad\u00e9miques sur la biodiversit\u00e9.<br \/> Le Bureau des Anciens du master assure que les \u00e9tudiants restent en contact \u00e0 l'issue de l'obtention du dipl\u00f4me et organise des \u00e9v\u00e8nements \u00e0 leur intention.<\/p><h2>Modifications des enseignements<\/h2><p>L'Universit\u00e9 s'efforcera d'assurer les enseignements en accord avec la description qui en est faite sur la page descriptive. Toutefois, il peut arriver qu'il soit d\u00e9sirable ou n\u00e9cessaire pour l'Universit\u00e9 d'apporter des modifications dans le d\u00e9tail de l'offre p\u00e9dagogique, soit avant ou apr\u00e8s l'inscription des \u00e9tudiants. Pour plus d'information, consulter r\u00e9guli\u00e8rement notre page sur la mise \u00e0 jour des enseignements.<\/p>","_et_gb_content_width":"","footnotes":""},"yoast_head":"<!-- This site is optimized with the Yoast SEO plugin v22.8 - https:\/\/yoast.com\/wordpress\/plugins\/seo\/ -->\n<title>Pr\u00e9sentation - BEWM<\/title>\n<meta name=\"robots\" content=\"index, follow, max-snippet:-1, max-image-preview:large, max-video-preview:-1\" \/>\n<link rel=\"canonical\" href=\"https:\/\/www.nature-conservation-ubfc.com\/bewm\/fr\/presentation\/\" \/>\n<meta property=\"og:locale\" content=\"fr_FR\" \/>\n<meta property=\"og:type\" content=\"article\" \/>\n<meta property=\"og:title\" content=\"Pr\u00e9sentation - BEWM\" \/>\n<meta property=\"og:description\" content=\"Le Master Biologie de la Conservation, parcours Ecologie Comportementale et Gestion de la Faune Sauvage vise \u00e0 conf\u00e9rer une ma\u00eetrise conceptuelle et critique de l&#039;\u00e9tude du comportement animal et de l&#039;\u00e9cologie \u00e9volutive, dans le cadre de la biologie de la conservation et de la gestion de la faune sauvage. La moiti\u00e9 de la deuxi\u00e8me ann\u00e9e [&hellip;]\" \/>\n<meta property=\"og:url\" content=\"https:\/\/www.nature-conservation-ubfc.com\/bewm\/fr\/presentation\/\" \/>\n<meta property=\"og:site_name\" content=\"BEWM\" \/>\n<meta property=\"article:modified_time\" content=\"2019-10-09T08:25:06+00:00\" \/>\n<meta name=\"twitter:card\" content=\"summary_large_image\" \/>\n<meta name=\"twitter:label1\" content=\"Dur\u00e9e de lecture estim\u00e9e\" \/>\n\t<meta name=\"twitter:data1\" content=\"7 minutes\" \/>\n<script type=\"application\/ld+json\" class=\"yoast-schema-graph\">{\"@context\":\"https:\/\/schema.org\",\"@graph\":[{\"@type\":\"WebPage\",\"@id\":\"https:\/\/www.nature-conservation-ubfc.com\/bewm\/fr\/presentation\/\",\"url\":\"https:\/\/www.nature-conservation-ubfc.com\/bewm\/fr\/presentation\/\",\"name\":\"Pr\u00e9sentation - BEWM\",\"isPartOf\":{\"@id\":\"https:\/\/www.nature-conservation-ubfc.com\/bewm\/#website\"},\"datePublished\":\"2017-05-29T14:12:01+00:00\",\"dateModified\":\"2019-10-09T08:25:06+00:00\",\"breadcrumb\":{\"@id\":\"https:\/\/www.nature-conservation-ubfc.com\/bewm\/fr\/presentation\/#breadcrumb\"},\"inLanguage\":\"fr-FR\",\"potentialAction\":[{\"@type\":\"ReadAction\",\"target\":[\"https:\/\/www.nature-conservation-ubfc.com\/bewm\/fr\/presentation\/\"]}]},{\"@type\":\"BreadcrumbList\",\"@id\":\"https:\/\/www.nature-conservation-ubfc.com\/bewm\/fr\/presentation\/#breadcrumb\",\"itemListElement\":[{\"@type\":\"ListItem\",\"position\":1,\"name\":\"Accueil\",\"item\":\"https:\/\/www.nature-conservation-ubfc.com\/bewm\/fr\/\"},{\"@type\":\"ListItem\",\"position\":2,\"name\":\"Pr\u00e9sentation\"}]},{\"@type\":\"WebSite\",\"@id\":\"https:\/\/www.nature-conservation-ubfc.com\/bewm\/#website\",\"url\":\"https:\/\/www.nature-conservation-ubfc.com\/bewm\/\",\"name\":\"BEWM\",\"description\":\"\",\"potentialAction\":[{\"@type\":\"SearchAction\",\"target\":{\"@type\":\"EntryPoint\",\"urlTemplate\":\"https:\/\/www.nature-conservation-ubfc.com\/bewm\/?s={search_term_string}\"},\"query-input\":\"required name=search_term_string\"}],\"inLanguage\":\"fr-FR\"}]}<\/script>\n<!-- \/ Yoast SEO plugin. -->","yoast_head_json":{"title":"Pr\u00e9sentation - BEWM","robots":{"index":"index","follow":"follow","max-snippet":"max-snippet:-1","max-image-preview":"max-image-preview:large","max-video-preview":"max-video-preview:-1"},"canonical":"https:\/\/www.nature-conservation-ubfc.com\/bewm\/fr\/presentation\/","og_locale":"fr_FR","og_type":"article","og_title":"Pr\u00e9sentation - BEWM","og_description":"Le Master Biologie de la Conservation, parcours Ecologie Comportementale et Gestion de la Faune Sauvage vise \u00e0 conf\u00e9rer une ma\u00eetrise conceptuelle et critique de l'\u00e9tude du comportement animal et de l'\u00e9cologie \u00e9volutive, dans le cadre de la biologie de la conservation et de la gestion de la faune sauvage. La moiti\u00e9 de la deuxi\u00e8me ann\u00e9e [&hellip;]","og_url":"https:\/\/www.nature-conservation-ubfc.com\/bewm\/fr\/presentation\/","og_site_name":"BEWM","article_modified_time":"2019-10-09T08:25:06+00:00","twitter_card":"summary_large_image","twitter_misc":{"Dur\u00e9e de lecture estim\u00e9e":"7 minutes"},"schema":{"@context":"https:\/\/schema.org","@graph":[{"@type":"WebPage","@id":"https:\/\/www.nature-conservation-ubfc.com\/bewm\/fr\/presentation\/","url":"https:\/\/www.nature-conservation-ubfc.com\/bewm\/fr\/presentation\/","name":"Pr\u00e9sentation - BEWM","isPartOf":{"@id":"https:\/\/www.nature-conservation-ubfc.com\/bewm\/#website"},"datePublished":"2017-05-29T14:12:01+00:00","dateModified":"2019-10-09T08:25:06+00:00","breadcrumb":{"@id":"https:\/\/www.nature-conservation-ubfc.com\/bewm\/fr\/presentation\/#breadcrumb"},"inLanguage":"fr-FR","potentialAction":[{"@type":"ReadAction","target":["https:\/\/www.nature-conservation-ubfc.com\/bewm\/fr\/presentation\/"]}]},{"@type":"BreadcrumbList","@id":"https:\/\/www.nature-conservation-ubfc.com\/bewm\/fr\/presentation\/#breadcrumb","itemListElement":[{"@type":"ListItem","position":1,"name":"Accueil","item":"https:\/\/www.nature-conservation-ubfc.com\/bewm\/fr\/"},{"@type":"ListItem","position":2,"name":"Pr\u00e9sentation"}]},{"@type":"WebSite","@id":"https:\/\/www.nature-conservation-ubfc.com\/bewm\/#website","url":"https:\/\/www.nature-conservation-ubfc.com\/bewm\/","name":"BEWM","description":"","potentialAction":[{"@type":"SearchAction","target":{"@type":"EntryPoint","urlTemplate":"https:\/\/www.nature-conservation-ubfc.com\/bewm\/?s={search_term_string}"},"query-input":"required name=search_term_string"}],"inLanguage":"fr-FR"}]}},"_links":{"self":[{"href":"https:\/\/www.nature-conservation-ubfc.com\/bewm\/wp-json\/wp\/v2\/pages\/108"}],"collection":[{"href":"https:\/\/www.nature-conservation-ubfc.com\/bewm\/wp-json\/wp\/v2\/pages"}],"about":[{"href":"https:\/\/www.nature-conservation-ubfc.com\/bewm\/wp-json\/wp\/v2\/types\/page"}],"author":[{"embeddable":true,"href":"https:\/\/www.nature-conservation-ubfc.com\/bewm\/wp-json\/wp\/v2\/users\/3"}],"replies":[{"embeddable":true,"href":"https:\/\/www.nature-conservation-ubfc.com\/bewm\/wp-json\/wp\/v2\/comments?post=108"}],"version-history":[{"count":77,"href":"https:\/\/www.nature-conservation-ubfc.com\/bewm\/wp-json\/wp\/v2\/pages\/108\/revisions"}],"predecessor-version":[{"id":1192,"href":"https:\/\/www.nature-conservation-ubfc.com\/bewm\/wp-json\/wp\/v2\/pages\/108\/revisions\/1192"}],"wp:attachment":[{"href":"https:\/\/www.nature-conservation-ubfc.com\/bewm\/wp-json\/wp\/v2\/media?parent=108"}],"curies":[{"name":"wp","href":"https:\/\/api.w.org\/{rel}","templated":true}]}}